
{"id":2389,"date":"2020-05-21T16:35:40","date_gmt":"2020-05-21T13:35:40","guid":{"rendered":"https:\/\/oasis-apartments.gr\/hotel-regulations\/"},"modified":"2020-06-04T13:45:24","modified_gmt":"2020-06-04T10:45:24","slug":"hotel-regulations","status":"publish","type":"page","link":"https:\/\/oasis-apartments.gr\/pl\/hotel-regulations\/","title":{"rendered":"REGULAMIN HOTELU"},"content":{"rendered":"<p>[vc_row row_type=&#8221;row&#8221; use_row_as_full_screen_section=&#8221;no&#8221; type=&#8221;full_width&#8221; angled_section=&#8221;no&#8221; text_align=&#8221;left&#8221; background_image_as_pattern=&#8221;without_pattern&#8221; css_animation=&#8221;&#8221;][vc_column][vc_empty_space][\/vc_column][\/vc_row][vc_row row_type=&#8221;row&#8221; use_row_as_full_screen_section=&#8221;no&#8221; type=&#8221;full_width&#8221; angled_section=&#8221;no&#8221; text_align=&#8221;left&#8221; background_image_as_pattern=&#8221;without_pattern&#8221; css_animation=&#8221;&#8221;][vc_column][vc_column_text]<\/p>\n<h2 style=\"text-align: center;\">OASIS APARTMENTS<\/h2>\n<p>[\/vc_column_text][vc_separator type=&#8221;small&#8221; position=&#8221;center&#8221; up=&#8221;7&#8243; down=&#8221;38&#8243;][vc_column_text]<\/p>\n<h3 style=\"text-align: center;\">W trosce o spokojny i bezpieczny wypoczynek wszystkich naszych go\u015bci, uprzejmie prosimy o<br \/>\nwsp\u00f3\u0142prac\u0119 i przestrzeganie niniejszego regulaminu.<\/h3>\n<p>[\/vc_column_text][vc_empty_space][\/vc_column][\/vc_row][vc_row row_type=&#8221;row&#8221; use_row_as_full_screen_section=&#8221;no&#8221; type=&#8221;full_width&#8221; angled_section=&#8221;no&#8221; text_align=&#8221;left&#8221; background_image_as_pattern=&#8221;without_pattern&#8221; css_animation=&#8221;&#8221;][vc_column width=&#8221;1\/6&#8243;][\/vc_column][vc_column width=&#8221;2\/3&#8243;][vc_column_text]1. Nasz Pensjonat \u015bwiadczy us\u0142ugi zgodnie ze swoj\u0105 kategori\u0105 i standardem. W przypadku jakichkolwiek zastrze\u017ce\u0144 dotycz\u0105cych jako\u015bci oferowanych us\u0142ug, bardzo prosimy o zg\u0142aszanie ich w recepcji lub bezpo\u015brednio u w\u0142a\u015bciciela obiektu.<\/p>\n<p>&nbsp;<\/p>\n<p>2. Hotel \/ Apartamenty Oasis ma obowi\u0105zek zapewni\u0107 swoim Go\u015bciom:<br \/>\n&#8211; Warunki pe\u0142nego i spokojnego wypoczynku<br \/>\n&#8211; Bezpieczny pobyt, w tym bezpiecze\u0144stwo zachowania tajemnicy informacji o go\u015bciu,<br \/>\n&#8211; Profesjonaln\u0105 obs\u0142ug\u0119 w zakresie wszystkich \u015bwiadczonych us\u0142ug,<br \/>\n&#8211; Sprz\u0105tanie pokoju oraz wykonywanie niezb\u0119dnej naprawy urz\u0105dze\u0144<br \/>\n&#8211; W przypadku wyst\u0105pienia usterek &#8211; sprawn\u0105 obs\u0142ug\u0119 w celu ich usuni\u0119cia, lub te\u017c w przypadku, gdy usterki nie b\u0119d\u0105 mog\u0142y zosta\u0107 usuni\u0119te natychmiast, hotel do\u0142o\u017cy wszelkich stara\u0144, aby \u2013 w miar\u0119 posiadanych mo\u017cliwo\u015bci \u2013 zamieni\u0107 pok\u00f3j lub w inny spos\u00f3b z\u0142agodzi\u0107 go\u015bciom niedogodno\u015bci podczas ich pobytu.<br \/>\n3. Na \u017cyczenie Go\u015bcia Pensjonat Oasis \u015bwiadczy nast\u0119puj\u0105ce us\u0142ugi:<br \/>\n&#8211; Udzielanie wszelkich informacji zwi\u0105zane z pobytem i podr\u00f3\u017c\u0105 na Peloponezie w zakresie mo\u017cliwo\u015bci zwiedzania miejsc archeologicznych, odbywaj\u0105cych sie w trakcie ich pobytu event\u00f3w i wydarze\u0144 o charakterze rekreacyjnym i rozrywkowym oraz informacji dotycz\u0105cych transportu Go\u015bci z lotniska lub w obr\u0119bie ca\u0142ego P\u00f3\u0142wyspu.<br \/>\n&#8211; Przechowywanie baga\u017cu (Pensjonat Oasis zatrzega sobie prawo do odmowy przechowania baga\u017cu w terminach innych ni\u017c daty pobytu go\u015bcia oraz rzeczy,<br \/>\nniemaj\u0105cych cech baga\u017cu osobistego.)<br \/>\n4. Pok\u00f3j w hotelu wynajomowany jest na doby. Je\u017celi wynajmuj\u0105c pok\u00f3j, go\u015b\u0107 nie okre\u015bli\u0142 czasu pobytu w hotelu, przyjmuje si\u0119, \u017ce pok\u00f3j zosta\u0142 wynaj\u0119ty na jedn\u0105 dob\u0119.<\/p>\n<p>&nbsp;<\/p>\n<p>&nbsp;<\/p>\n<p>5. Pobyt w hotelu Oasis mo\u017ce zosta\u0107 przed\u0142u\u017cony na \u017cyczenie go\u015bcia pod warunkiem, \u017ce hotel dysponuje wolnymi pokojami we wskazanym terminie.<\/p>\n<p>&nbsp;<\/p>\n<p>6. W hotelu obowi\u0105zuje zachowanie ciszy w godzinach nocnych 22:00 \u2013 8:00 i 14:00 \u201317:30 w godzinach popo\u0142udniowych.<\/p>\n<p>&nbsp;<\/p>\n<p>7. Go\u015b\u0107 hotelowy nie ma prawa przekazywa\u0107 pokoju innym osobom, nawet je\u015bli nie up\u0142yn\u0105\u0142 okres, za kt\u00f3ry uiszczono nale\u017cn\u0105 za pobyt op\u0142at\u0119.<\/p>\n<p>&nbsp;<\/p>\n<p>8. Osoby niezameldowane w hotelu maj\u0105 prawo przebywa\u0107 w apartamencie lub w ogrodzie hotelowym od godziny 8:00 do godziny 22.00.<br \/>\n9. Hotel mo\u017ce odm\u00f3wi\u0107 przyj\u0119cia go\u015bcia, kt\u00f3ry podczas poprzedniego pobytu naruszy\u0142 regulamin hotelowy, wyrz\u0105dzaj\u0105c szkod\u0119 w mieniu hotelowym lub go\u015bci, pracownik\u00f3w hotelu lub te\u017c w inny spos\u00f3b zak\u0142\u00f3ci\u0142 spokojny pobyt go\u015bci lub funcjonowanie hotelu.<br \/>\n10. Hotel \/ Apartamenty Oasis nie prowadzi parkingu strze\u017conego. Hotel nie ponosi odpowiedzialno\u015bci za uszkodzenia lub utrat\u0119 samochodu lub innego pojazdu nale\u017c\u0105cego do go\u015bcia.<br \/>\n11. Opuszczaj\u0105c pok\u00f3j, za ka\u017cdym razem go\u015b\u0107 powinien sprawdzi\u0107 zamkni\u0119cie drzwi.<\/p>\n<p>&nbsp;<\/p>\n<p>12. Go\u015b\u0107 Pensjonatu Oasis Apartments ponosi odpowiedzialno\u015b\u0107 materialn\u0105 za wszelkiego rodzaju uszkodzenia lub zniszczenia przedmiot\u00f3w wyposa\u017cenia i urz\u0105dze\u0144 technicznych hotelu powsta\u0142e z jego winy lub z winy odwiedzaj\u0105cych go os\u00f3b.<\/p>\n<p>&nbsp;<\/p>\n<p>13. Ze wzgl\u0119du na bezpiecze\u0144stwo przeciwpo\u017carowe surowo zabronione jest u\u017cywanie w pokojach hotelowych grza\u0142ek, \u017celazek elektrycznych i innych urz\u0105dze\u0144, kt\u00f3re nie stanowi\u0105 wyposa\u017cenia pokoju. Opuszczaj\u0105c pok\u00f3j go\u015b\u0107 hotelu Oasis ma obowi\u0105zek zabra\u0107 ze sob\u0105 kart\u0119 uruchamiaj\u0105c\u0105 pr\u0105d w pokoju.<\/p>\n<p>&nbsp;<\/p>\n<p>14. Przedmioty osobistego u\u017cytku pozostawione przez wyje\u017cd\u017caj\u0105cego go\u015bcia w pokoju hotelowym b\u0119d\u0105 odes\u0142ane na adres przez go\u015bcia wskazany i na koszt go\u015bcia. W przypadku nieotrzymania takiej dyspozycji, kierownctwo hotelu przechowa te przedmioty przez 3 miesi\u0105ce.<br \/>\n15. Przestrze\u0144 ogrod\u00f3w jest do dyspozycji go\u015bci hotelu.<br \/>\n16. Korzystanie z placu zabaw dozwolone jest wy\u0142\u0105cznie w godzinach 10-14.00 i 17.30-20.30 i wy\u0142\u0105cznie pod opiek\u0105 rodzic\u00f3w lub opiekun\u00f3w.<\/p>\n<p>&nbsp;<\/p>\n<p>17. Za bezpiecze\u0144stwo dzieci na terenie hotelu odpowiadaj\u0105 ich rodzice i opiekunowie.<\/p>\n<p>&nbsp;<\/p>\n<p>18. W ca\u0142ym hotelu, z wyj\u0105tkiem balkon\u00f3w, patio i przestrzeni ogrodowej, obowi\u0105zuje ca\u0142kowity zakaz palenia wyrob\u00f3w tytoniowych i papieros\u00f3w elektronicznych. Op\u0142ata za nieprzestrzeganie zakazu palania wynosi 50 EUR.<br \/>\n19. Hotel Oasis nie przyjmuje go\u015bci ze zwierz\u0119tami.<\/p>\n<p>&nbsp;<\/p>\n<p>20. Z k\u0105ciku grillowego mog\u0105 korzysta\u0107 jedynie go\u015bcie Hotelu Oasis.<\/p>\n<p>&nbsp;<\/p>\n<p>21. Do dyspozycji go\u015bci Pensjonatu Oasis w recepcji znajduje si\u0119 lap top. Zezwala si\u0119 na jego korzystanie wy\u0142\u0105cznie w obr\u0119bie recepcji.<\/p>\n<p>&nbsp;<\/p>\n<p>22. Zabrania si\u0119 wchodzenia na strych.<\/p>\n<p>&nbsp;<\/p>\n<p><strong>ZARZ\u0104DZANIE REZERWACJAMI I WARUNKI P\u0141ATNO\u015aCI<\/strong><\/p>\n<p>&nbsp;<\/p>\n<p><strong>1. Op\u0142aty<\/strong><br \/>\nCena podana w ofercie jest cen\u0105 dot. pobytu w apartamencie i zawiera wszystkie op\u0142aty, w tym:<br \/>\n&#8211; korzystanie z k\u0105cika grillowego,<br \/>\n&#8211; korzystnie z pralni raz w tygodniu,<br \/>\n&#8211; korzystanie z laptopu na terenie recepcji<br \/>\n&#8211; wifi<br \/>\n&#8211; miejsce parkingowe<br \/>\n&#8211; informacje dot. podr\u00f3\u017cy<br \/>\n&#8211; korzystanie z hotelowych \u0142\u00f3\u017ceczek i krzese\u0142ek dzieci\u0119cych<\/p>\n<p>&nbsp;<\/p>\n<p><strong>2. Warunki p\u0142atno\u015bci<\/strong><br \/>\nP\u0142atno\u015b\u0107 nale\u017cy ui\u015bci\u0107 w dniu przyjazdu got\u00f3wk\u0105 w euro (\u20ac) lub kart\u0105 (Visa, Mastercard).<br \/>\nPotwierdzenie p\u0142atno\u015bci (rachunek lub faktura) zostanie wystawione w dniu wyjazdu.<br \/>\n<strong>3. Check-in\u00a0\/ Check out<\/strong><\/p>\n<p>Zameldowanie w dniu przyjazdu od godz. 15.00 do 23.00<br \/>\nWymeldowanie w dniu wyjazdu do godz. 11.00.<br \/>\nW przypadku przyjazdu do hotelu po godzinie 23.00, uprzejmie prosimy o poinformowanie dyrekcji hotelu w celu organizacji zameldowania Pa\u0144stwa w godzinach nocnych.<br \/>\n<strong>4. Przyjazd<\/strong><br \/>\nFormalno\u015bci zwi\u0105zane z rejestracj\u0105 (wype\u0142nienie formularza oraz przedstawienie dowodu to\u017csamo\u015bci) maj\u0105 miejsce w dniu przyjazdu.<\/p>\n<p>&nbsp;<\/p>\n<p>&nbsp;<\/p>\n<p><strong>5. Wyjazd<\/strong><br \/>\nJe\u017celi chcieliby\u015bcie Pa\u0144stwo pozosta\u0107 w pokoju d\u0142u\u017cej ni\u017c do godz. 12.00 w dniu wyjazdu, uprzejmie prosimy o poinformowanie o tym w\u0142a\u015bciciela hotelu min. 1 dzie\u0144 przed wyjazdem. Pozwolenie na przed\u0142u\u017cenie pobytu otrzymaj\u0105 Pa\u0144stwo w zale\u017cno\u015bci od dost\u0119pno\u015bci apartamentu. Koszt przed\u0142u\u017cenia pobytu do godz. 18.00 wynosi 50% stawki dziennej. Przed\u0142u\u017cenie pobytu i wyjazd p\u00f3\u017aniej ni\u017c o godz. 18.00 zostanie zakwalifikowane jako dodatkowa doba hotelowa i wynosi 100% stawki dziennej.<\/p>\n<p>&nbsp;<\/p>\n<p><strong>6. Warunki anulowania rezerwacji<\/strong><br \/>\nW sytuacji, w kt\u00f3rej zechcieliby\u015bcie Pa\u0144stwo wyjecha\u0107 wcze\u015bniej ni\u017c to by\u0142o pierwotnie ustalone, zmuszeni b\u0119dziemy doliczy\u0107 do Pa\u0144stwa rachunku 50% warto\u015bci kwoty dni niewykorzystanych.<\/p>\n<p>&nbsp;<\/p>\n<p><strong>PRZYDATNE INFORMACJE<\/strong><\/p>\n<p>1. Sprz\u0105tanie w pokojach hotelowych odbywa si\u0119 co drugi dzie\u0144 z wyj\u0105tkiem niedziel. Na pro\u015bb\u0119 go\u015bcia stnieje mo\u017cliwo\u015b\u0107 dodatkowego sprz\u0105tania pokoju. Koszt za<br \/>\ndodatkowe sprz\u0105tanie wynosi 6 EUR. Je\u017celi istnieje konieczno\u015b\u0107 dodatkowgo sprz\u0105tania uprzejmie prosimy o zg\u0142oszenie tego w recepcji najp\u00f3\u017aniej tego samego dnia do godziny 10.00.<\/p>\n<p>&nbsp;<\/p>\n<p>2. Zmiana r\u0119cznik\u00f3w odbywa si\u0119 co dwa, a zmiana po\u015bcieli co 4 dni. Na pro\u015bb\u0119 go\u015bcia istnieje mo\u017cliwo\u015b\u0107 zmiany r\u0119cznik\u00f3w lub\/i po\u015bcieli cz\u0119\u015bciej. Konieczno\u015b\u0107 zmiany r\u0119cznik\u00f3w\/po\u015bcieli w dni, w kt\u00f3rych zmiana nie by\u0142a przewidziana prosimy o zg\u0142aszanie w recepcji najp\u00f3\u017aniej do godz. 10.00 Koszt za dodatkow\u0105 zmian\u0119 wynosi 3 EUR.<br \/>\n3. Ze wzgl\u0119du na ma\u0142\u0105 przepustowo\u015b\u0107 rur kanalizacyjnych prosimy o wrzucanie papieru toaletowego do kosza umiejscowionego w \u0142azience &#8211; nigdy do \u015brodka toalety.<\/p>\n<p>&nbsp;<\/p>\n<p>4. Woda z kranu nie jest wod\u0105 pitn\u0105. Prosimy o zaopatrzenie si\u0119 w wod\u0119 butelkow\u0105 z supermarketu.<\/p>\n<p>&nbsp;<\/p>\n<p>5. Pr\u0105d w pokoju uruchamia karta, kt\u00f3ra zosta\u0142a do\u0142\u0105czona w formie breloku do klucza lub stanowi klucz do pokoju. Uprzejmie prosimy o niepozostawianie karty w pokoju podczas Pa\u0144stwa nieobecno\u015bci. Ponadto, ze wzgl\u0119du na niebezpiecze\u0144stwo po\u017caru, wychodz\u0105c z pokoju, prosz\u0119 pami\u0119ta\u0107 o wy\u0142\u0105czeniu wszystkich elektrycznych urz\u0105dze\u0144.<br \/>\n6. \u015amieci na terenie hotelu wygl\u0105daj\u0105 nieestetycznie i s\u0105 \u017ar\u00f3d\u0142em zarazk\u00f3w, dlatego uprzejmie prosimy o wyrzucanie ich do kontenera, kt\u00f3ry znajduje si\u0119 na ulicy Gianneli Bikaki, 20m poni\u017cej hotelu. Ponadto, na terenieogrod\u00f3w ustawione zosta\u0142y dodatkowe kosze do \u015bmieci. Zabrania si\u0119 pozostawiania \u015bmieci poza koszem. W sytuacji kiedy kosz jest przepe\u0142niony, \u015bmieci nale\u017cy wyrzuci\u0107 do kontenera na ulicy.<br \/>\n7. Sprz\u0119t do sprz\u0105tania (miot\u0142y, szufelki, mop etc.) znajduj\u0105 si\u0119 w piwnicy po prawej stronie pod schodami. Je\u017celi sprz\u0119t nie b\u0119dzie ju\u017c potrzebny, uprzejmie prosimy o odniesienie go w to samo miejsce.<br \/>\n8. Uprzejmie prosimy o op\u0142ukanie n\u00f3g z piasku po powrocie z pla\u017cy. Specjalnie do tego celu i zaraz przy wej\u015bciu na posesj\u0119 hotelu, po prawej stronie w rogu umieszczony zosta\u0142 w\u0105\u017c ogrodowy, a 10m dalej ma\u0142y kran.<\/p>\n<p>&nbsp;<\/p>\n<p>9. Zabrania si\u0119 karmi\u0107 jakiekolwiek zwierz\u0119ta na terenie hotelu (koty, ptaki, etc.)<\/p>\n<p>&nbsp;<\/p>\n<p>10. Z my\u015bl\u0105 o bezpiecze\u0144stwie Go\u015bci, przy wej\u015bciach do hotelu i g\u0142\u00f3wnym wej\u015bciu na teren posesji zamontowane zosta\u0142y kamery. Ze wzgl\u0119du na bezpiecze\u0144stwo przeciwpo\u017carowe kamery w ogrodzie skierowane s\u0105 na k\u0105cik grillowy.<br \/>\n11. Na terenie hotelu i do dyzpozycji go\u015bci jest pralnia dot\u0119pna dla go\u015bci po godzinie 16.00. Do przebywania w pralni maj\u0105 prawo jedynie osoby doros\u0142e. Za korzystanie z pralki cz\u0119\u015bciej ni\u017c raz w tygodniu dolicza si\u0119 op\u0142at\u0119 w wysoko\u015bci 4 EUR za pranie. Go\u015b\u0107 jest zobowi\u0105zany poinformowa\u0107 pracownik\u00f3w hotelu w przypadku ch\u0119ci skorzystania z pralni.<br \/>\n12. Wszystkie okna i drzwi balkonowe zosta\u0142y wyposa\u017cone w siatki przeciwko komarom. Odpowiedzialno\u015b\u0107 za korzystanie z nich ponosz\u0105 Go\u015bcie.<\/p>\n<p>&nbsp;<\/p>\n<p>13. Korzystanie z k\u0105cika grillowego jest bezp\u0142atne. Zezwala si\u0119 na korzystanie ze sprz\u0119tu grillowego pozostawionego przez kierownictwo hotelu w k\u0105ciku grillowym. Zaleca si\u0119 szczeg\u00f3ln\u0105 uwag\u0119 przy grillowaniu ze wzgl\u0119du na zagro\u017cenie po\u017carem. Go\u015bcie s\u0105 zobowi\u0105zani zgasi\u0107 ogie\u0144 przed opuszczeniem ogrodu.<\/p>\n<p>&nbsp;<\/p>\n<p><strong>PRZYDATNE NUMERY TELEFON\u00d3W<\/strong><\/p>\n<p>&nbsp;<\/p>\n<p><strong>NUMERY ALARMOWE<\/strong><br \/>\nPogotowie ratunkowe 166<br \/>\nPogotowie\/zatrucia +30 210 7793777<br \/>\nCentrum powiadamiania ratunkowego<br \/>\n(jednolity europejski numer alarmowy) 112<br \/>\nPolicja 100<br \/>\nStra\u017c po\u017carna 199<br \/>\nPolicja portowa (ratownictwo morskie) 108<br \/>\n<strong>PRZYDATNE NUMERY<\/strong><br \/>\nPolicja turystyczna 171, +30 27520 98728<br \/>\nSzpital w Nafplio +30 2752 361100<br \/>\nLekarze w Tolo:<br \/>\nJoanna Aliakiazoglou +30 27520 58392, +30 6997055064<br \/>\nDimitris Maliotakis +30 27520 59110, +30 6944818072<br \/>\nTaxi (Georgos Moutavelis) +30 6973566, +30 6973204319[\/vc_column_text][\/vc_column][vc_column width=&#8221;1\/6&#8243;][\/vc_column][\/vc_row][vc_row row_type=&#8221;row&#8221; use_row_as_full_screen_section=&#8221;no&#8221; type=&#8221;full_width&#8221; angled_section=&#8221;no&#8221; text_align=&#8221;left&#8221; background_image_as_pattern=&#8221;without_pattern&#8221; css_animation=&#8221;&#8221;][vc_column][vc_empty_space height=&#8221;50px&#8221;][\/vc_column][\/vc_row][vc_row row_type=&#8221;row&#8221; use_row_as_full_screen_section=&#8221;no&#8221; type=&#8221;full_width&#8221; angled_section=&#8221;no&#8221; text_align=&#8221;left&#8221; background_image_as_pattern=&#8221;without_pattern&#8221; css_animation=&#8221;&#8221;][vc_column]<div class=\"call_to_action normal\" style=\"background-color: rgba(167,98,98,0.88);\"><div class=\"container_inner\"><div class=\"two_columns_75_25 clearfix\"><div class=\"text_wrapper column1\"><div class=\"call_to_action_text \" style=\"\"><\/p>\n<h3><span style=\"color: #ffffff;\">POBYT W APARTAMENTACH OASIS W TOLO, ARGOLIDA<\/span><\/h3>\n<p><\/div><\/div><div class=\"button_wrapper column2\"><a itemprop=\"url\" href=\"https:\/\/oasisapatmentstolo.reserve-online.net\/\" class=\"qbutton white \" target=\"_self\" style=\"color: #000000;border-color: #000000;\"data-hover-border-color=#ffffff data-hover-color=#a2a2a2>ZAREZERWUJ<\/a><\/div><\/div><\/div><\/div>[\/vc_column][\/vc_row]<\/p>\n","protected":false},"excerpt":{"rendered":"<p>[vc_row row_type=&#8221;row&#8221; use_row_as_full_screen_section=&#8221;no&#8221; type=&#8221;full_width&#8221; angled_section=&#8221;no&#8221; text_align=&#8221;left&#8221; background_image_as_pattern=&#8221;without_pattern&#8221; css_animation=&#8221;&#8221;][vc_column][vc_empty_space][\/vc_column][\/vc_row][vc_row row_type=&#8221;row&#8221; use_row_as_full_screen_section=&#8221;no&#8221; type=&#8221;full_width&#8221; angled_section=&#8221;no&#8221; text_align=&#8221;left&#8221; background_image_as_pattern=&#8221;without_pattern&#8221; css_animation=&#8221;&#8221;][vc_column][vc_column_text] OASIS APARTMENTS [\/vc_column_text][vc_separator type=&#8221;small&#8221; position=&#8221;center&#8221; up=&#8221;7&#8243; down=&#8221;38&#8243;][vc_column_text] W trosce o spokojny i bezpieczny wypoczynek wszystkich naszych go\u015bci, uprzejmie prosimy o wsp\u00f3\u0142prac\u0119 i przestrzeganie niniejszego regulaminu. [\/vc_column_text][vc_empty_space][\/vc_column][\/vc_row][vc_row row_type=&#8221;row&#8221; use_row_as_full_screen_section=&#8221;no&#8221; type=&#8221;full_width&#8221; angled_section=&#8221;no&#8221;&#8230;<\/p>\n","protected":false},"author":1,"featured_media":0,"parent":0,"menu_order":47,"comment_status":"closed","ping_status":"closed","template":"full_width.php","meta":[],"yoast_head":"<!-- This site is optimized with the Yoast SEO plugin v15.2.1 - https:\/\/yoast.com\/wordpress\/plugins\/seo\/ -->\n<meta name=\"robots\" content=\"index, follow, max-snippet:-1, max-image-preview:large, max-video-preview:-1\" \/>\n<link rel=\"canonical\" href=\"https:\/\/oasis-apartments.gr\/pl\/hotel-regulations\/\" \/>\n<meta property=\"og:locale\" content=\"pl_PL\" \/>\n<meta property=\"og:type\" content=\"article\" \/>\n<meta property=\"og:title\" content=\"REGULAMIN HOTELU - Oasis Apartments | Tolo Argolis\" \/>\n<meta property=\"og:description\" content=\"[vc_row row_type=&#8221;row&#8221; use_row_as_full_screen_section=&#8221;no&#8221; type=&#8221;full_width&#8221; angled_section=&#8221;no&#8221; text_align=&#8221;left&#8221; background_image_as_pattern=&#8221;without_pattern&#8221; css_animation=&#8221;&#8221;][vc_column][vc_empty_space][\/vc_column][\/vc_row][vc_row row_type=&#8221;row&#8221; use_row_as_full_screen_section=&#8221;no&#8221; type=&#8221;full_width&#8221; angled_section=&#8221;no&#8221; text_align=&#8221;left&#8221; background_image_as_pattern=&#8221;without_pattern&#8221; css_animation=&#8221;&#8221;][vc_column][vc_column_text] OASIS APARTMENTS [\/vc_column_text][vc_separator type=&#8221;small&#8221; position=&#8221;center&#8221; up=&#8221;7&#8243; down=&#8221;38&#8243;][vc_column_text] W trosce o spokojny i bezpieczny wypoczynek wszystkich naszych go\u015bci, uprzejmie prosimy o wsp\u00f3\u0142prac\u0119 i przestrzeganie niniejszego regulaminu. [\/vc_column_text][vc_empty_space][\/vc_column][\/vc_row][vc_row row_type=&#8221;row&#8221; use_row_as_full_screen_section=&#8221;no&#8221; type=&#8221;full_width&#8221; angled_section=&#8221;no&#8221;...\" \/>\n<meta property=\"og:url\" content=\"https:\/\/oasis-apartments.gr\/pl\/hotel-regulations\/\" \/>\n<meta property=\"og:site_name\" content=\"Oasis Apartments | Tolo Argolis\" \/>\n<meta property=\"article:modified_time\" content=\"2020-06-04T10:45:24+00:00\" \/>\n<meta name=\"twitter:card\" content=\"summary\" \/>\n<meta name=\"twitter:label1\" content=\"Written by\">\n\t<meta name=\"twitter:data1\" content=\"gkoutsopoulos\">\n\t<meta name=\"twitter:label2\" content=\"Est. reading time\">\n\t<meta name=\"twitter:data2\" content=\"8 minut\">\n<script type=\"application\/ld+json\" class=\"yoast-schema-graph\">{\"@context\":\"https:\/\/schema.org\",\"@graph\":[{\"@type\":\"WebSite\",\"@id\":\"https:\/\/oasis-apartments.gr\/en\/#website\",\"url\":\"https:\/\/oasis-apartments.gr\/en\/\",\"name\":\"Oasis Apartments | Tolo Argolis\",\"description\":\"Seaside resort in Tolo, Nafplion Greece\",\"potentialAction\":[{\"@type\":\"SearchAction\",\"target\":\"https:\/\/oasis-apartments.gr\/en\/?s={search_term_string}\",\"query-input\":\"required name=search_term_string\"}],\"inLanguage\":\"pl-PL\"},{\"@type\":\"WebPage\",\"@id\":\"https:\/\/oasis-apartments.gr\/pl\/hotel-regulations\/#webpage\",\"url\":\"https:\/\/oasis-apartments.gr\/pl\/hotel-regulations\/\",\"name\":\"REGULAMIN HOTELU - Oasis Apartments | Tolo Argolis\",\"isPartOf\":{\"@id\":\"https:\/\/oasis-apartments.gr\/en\/#website\"},\"datePublished\":\"2020-05-21T13:35:40+00:00\",\"dateModified\":\"2020-06-04T10:45:24+00:00\",\"inLanguage\":\"pl-PL\",\"potentialAction\":[{\"@type\":\"ReadAction\",\"target\":[\"https:\/\/oasis-apartments.gr\/pl\/hotel-regulations\/\"]}]}]}<\/script>\n<!-- \/ Yoast SEO plugin. -->","_links":{"self":[{"href":"https:\/\/oasis-apartments.gr\/pl\/wp-json\/wp\/v2\/pages\/2389"}],"collection":[{"href":"https:\/\/oasis-apartments.gr\/pl\/wp-json\/wp\/v2\/pages"}],"about":[{"href":"https:\/\/oasis-apartments.gr\/pl\/wp-json\/wp\/v2\/types\/page"}],"author":[{"embeddable":true,"href":"https:\/\/oasis-apartments.gr\/pl\/wp-json\/wp\/v2\/users\/1"}],"replies":[{"embeddable":true,"href":"https:\/\/oasis-apartments.gr\/pl\/wp-json\/wp\/v2\/comments?post=2389"}],"version-history":[{"count":0,"href":"https:\/\/oasis-apartments.gr\/pl\/wp-json\/wp\/v2\/pages\/2389\/revisions"}],"wp:attachment":[{"href":"https:\/\/oasis-apartments.gr\/pl\/wp-json\/wp\/v2\/media?parent=2389"}],"curies":[{"name":"wp","href":"https:\/\/api.w.org\/{rel}","templated":true}]}}