
{"id":1954,"date":"2016-08-25T13:30:11","date_gmt":"2016-08-25T10:30:11","guid":{"rendered":"http:\/\/oasis-apartments.gr\/double-room-with-patio\/"},"modified":"2023-05-22T17:49:21","modified_gmt":"2023-05-22T14:49:21","slug":"double-room-with-patio","status":"publish","type":"page","link":"https:\/\/oasis-apartments.gr\/pl\/double-room-with-patio\/","title":{"rendered":"ZAKWATEROWANIE"},"content":{"rendered":"<p>[vc_row css_animation=&#8221;&#8221; row_type=&#8221;row&#8221; use_row_as_full_screen_section=&#8221;no&#8221; type=&#8221;full_width&#8221; angled_section=&#8221;no&#8221; text_align=&#8221;left&#8221; background_image_as_pattern=&#8221;without_pattern&#8221;][vc_column][vc_empty_space][vc_column_text]<\/p>\n<h2 style=\"text-align: center;\">POK\u00d3J DWUOOSOBOWY Z WYJ\u015aCIEM NA PODW\u00d3RZE<\/h2>\n<p>[\/vc_column_text][vc_separator type=&#8221;small&#8221; position=&#8221;center&#8221; up=&#8221;7&#8243; down=&#8221;38&#8243;][vc_column_text]<\/p>\n<h4 style=\"text-align: center;\">Zapraszamy do rodzinnych apartament\u00f3w OASIS<\/h4>\n<p>[\/vc_column_text][vc_separator type=&#8221;transparent&#8221; up=&#8221;35&#8243; down=&#8221;19&#8243;][\/vc_column][\/vc_row][vc_row css_animation=&#8221;&#8221; row_type=&#8221;row&#8221; use_row_as_full_screen_section=&#8221;no&#8221; type=&#8221;grid&#8221; angled_section=&#8221;no&#8221; text_align=&#8221;left&#8221; background_image_as_pattern=&#8221;without_pattern&#8221; background_color=&#8221;#ffffff&#8221; padding_bottom=&#8221;30&#8243;][vc_column width=&#8221;1\/2&#8243;][vc_separator type=&#8221;transparent&#8221; up=&#8221;60&#8243; down=&#8221;0&#8243;][vc_accordion style=&#8221;accordion&#8221;][vc_accordion_tab title=&#8221;OPIS POKOJU DWUOSOBOWEGO&#8221;][vc_column_text]Pok\u00f3j dwuosobowy znajduje si\u0119 na parterze, posiada widok na ogr\u00f3d i ma\u0142e patio. Atmosfera w pokoju jest cicha i relaksuj\u0105ca. Sypialnia ma 15 m2. Pok\u00f3j jest komfortowo wyposa\u017cony w podw\u00f3jne \u0142\u00f3\u017cko, szaf\u0119, stolik z krzes\u0142ami, telewizor, aneks kuchenny (lod\u00f3wka, kuchenka elektryczna, ekspres do kawy, toster, czajnik elektryczny, przybory kuchenne, sztu\u0107ce, talerze, szafka), klimatyzacj\u0119, sejf i niedawno(2015) odnowion\u0105 \u0142azienk\u0119 z prysznicem. Tu\u017c za szklanymi drzwiami znajduj\u0105 si\u0119 meble ogrodowe &#8211; st\u00f3\u0142 z krzes\u0142ami &#8211; dzi\u0119ki czemu go\u015bcie mog\u0105 cieszy\u0107 si\u0119 porann\u0105 kaw\u0105 na \u015bwie\u017cym powietrzu. Na zewn\u0105trz znajduje si\u0119 r\u00f3wnie\u017c przestronny ogr\u00f3d z drzewami cytrynowymi i pomara\u0144czowymi, w kt\u00f3rym zorganizowali\u015bmy specjaln\u0105 stref\u0119 na grilla i plac zabaw. Istnieje mo\u017cliwo\u015b\u0107 wstawienia 1 \u0142\u00f3\u017ceczka dzieci\u0119cego. Zapewniamy zasi\u0119g Wi-Fi wsz\u0119dzie w naszym hotelu i ogrodzie. Dla wszystkich naszych go\u015bci przygotowali\u015bmy szereg przewodnik\u00f3w turystycznych i ksi\u0105\u017cek na temat Argolidy i Peloponezu, z informacjami o ciekawych rzeczach do zrobienia i miejscach wartych odwiedzenia.[\/vc_column_text][\/vc_accordion_tab][vc_accordion_tab title=&#8221;OG\u00d3LNY OPIS POKOI&#8221;][vc_column_text]Apartamenty OASIS znajduj\u0105 si\u0119 zaledwie 200 metr\u00f3w od pla\u017cy Tolo, w centrum miejscowo\u015bci. Dzi\u0119ki swojemu po\u0142o\u017ceniu &#8211; lekko pod g\u00f3r\u0119 &#8211; go\u015bcie mog\u0105 cieszy\u0107 si\u0119 relaksuj\u0105c\u0105 atmosfer\u0105 i wspania\u0142ym widokiem z balkon\u00f3w. Hotel Oasis otoczony jest pi\u0119knym ogrodem z drzewami pomara\u0144czowymi i cytrynowymi z ty\u0142u oraz egzotyczn\u0105 ro\u015blinnosci\u0105 z przodu. Ja\u015bmin, bugenwille, palmy i r\u00f3\u017ce nadadz\u0105 kolor\u00f3w i zapach\u00f3w Pa\u0144stwa pobytowi w Apartamentach Oasis.[\/vc_column_text][\/vc_accordion_tab][vc_accordion_tab title=&#8221;UDOGODNIENIA&#8221;][vc_column_text]Wszystkie pokoje posiadaj\u0105:<br \/>\n\u2022 W pe\u0142ni wyposa\u017con\u0105 kuchni\u0119(lod\u00f3wka, ma\u0142y piekarnik, palniki, ekspres do kawy, toster, czajnik)<\/p>\n<p>\u2022 Nowe luksusowe \u0142azienki<br \/>\n\u2022 Klimatyzacj\u0119<br \/>\n\u2022 Telewizja satelitarna<br \/>\n\u2022 Sejf<br \/>\n\u2022 Pralk\u0119 i \u017celazko do u\u017cytku wsp\u00f3lnego<br \/>\n\u2022 Myd\u0142a<br \/>\n\u2022 R\u0119czniki i po\u015bciel<br \/>\n\u2022 WI-FI na ca\u0142ym terenie<br \/>\n\u2022 \u0141\u00f3\u017ceczka i krzese\u0142ka dzieci\u0119ce, zabawki<br \/>\n\u2022 Okna zabiezpieczone siatk\u0105 przeciw owadom<br \/>\n\u2022 Fax\/ Fotokopiarka<br \/>\n\u2022 Grill<br \/>\n\u2022 Plac zabaw[\/vc_column_text][\/vc_accordion_tab][vc_accordion_tab title=&#8221;REGULAMIN&#8221;][vc_column_text]Rezygnacja\/zaliczka<\/p>\n<p>Zasady anulowania rezerwacji i zap\u0142aty r\u00f3\u017cni\u0105 si\u0119 w zale\u017cno\u015bci od rodzaju pokoju. Przed dokonaniem rezerwacji, prosz\u0119 sprawdzi\u0107 regulamin dotycz\u0105cy wybranego pokoju. Wszystkie dzieci s\u0105 mile widziane.<\/p>\n<p>Bezp\u0142atnie! 1 dziecko poni\u017cej 2 roku \u017cycia przebywa za darmo i dostawiamy dla niego \u0142\u00f3\u017ceczko dzieci\u0119ce.<br \/>\nNie ma mo\u017cliwo\u015bci dostawienia dodatkowych \u0142\u00f3\u017cek w pokoju.<br \/>\nW pokoju mo\u017cemy dostawi\u0107 maksymalnie 1 \u0142\u00f3\u017ceczko dzieci\u0119ce.<\/p>\n<p>Zwierz\u0119ta<\/p>\n<p>NIE przyjmujemy zwierz\u0105t.<br \/>\n[\/vc_column_text][\/vc_accordion_tab][\/vc_accordion][vc_separator type=&#8221;transparent&#8221; up=&#8221;60&#8243; down=&#8221;0&#8243;][\/vc_column][vc_column width=&#8221;1\/2&#8243;][vc_separator type=&#8221;transparent&#8221; up=&#8221;60&#8243; down=&#8221;0&#8243;][vc_single_image image=&#8221;2588&#8243; img_size=&#8221;600 \u00d7 375&#8243; qode_css_animation=&#8221;&#8221;][\/vc_column][\/vc_row][vc_row css_animation=&#8221;&#8221; row_type=&#8221;row&#8221; use_row_as_full_screen_section=&#8221;no&#8221; type=&#8221;full_width&#8221; angled_section=&#8221;no&#8221; text_align=&#8221;left&#8221; background_image_as_pattern=&#8221;without_pattern&#8221;][vc_column][vc_separator type=&#8221;normal&#8221; up=&#8221;0&#8243; down=&#8221;0&#8243;][\/vc_column][\/vc_row][vc_row css_animation=&#8221;&#8221; row_type=&#8221;row&#8221; use_row_as_full_screen_section=&#8221;no&#8221; type=&#8221;full_width&#8221; angled_section=&#8221;no&#8221; text_align=&#8221;left&#8221; background_image_as_pattern=&#8221;without_pattern&#8221; background_color=&#8221;#ffffff&#8221; padding_top=&#8221;87&#8243; padding_bottom=&#8221;0&#8243;][vc_column][vc_column_text]<\/p>\n<h3 style=\"text-align: center;\">ZDJ\u0118CIA APARTAMENT\u00d3W<\/h3>\n<p>[\/vc_column_text][vc_separator type=&#8221;small&#8221; position=&#8221;center&#8221; color=&#8221;#000000&#8243;][vc_column_text]<\/p>\n<h4 style=\"text-align: center;\">Ja\u015bmin, bugenwille, palmy i r\u00f3\u017ce nadadz\u0105 kolor\u00f3w i zapachu Twoim wakacjom.<\/h4>\n<p>[\/vc_column_text][vc_separator type=&#8221;transparent&#8221; up=&#8221;35&#8243; down=&#8221;15&#8243;][\/vc_column][\/vc_row][vc_row css_animation=&#8221;&#8221; row_type=&#8221;row&#8221; use_row_as_full_screen_section=&#8221;no&#8221; type=&#8221;full_width&#8221; angled_section=&#8221;no&#8221; text_align=&#8221;left&#8221; background_image_as_pattern=&#8221;without_pattern&#8221;][vc_column][vc_gallery type=&#8221;image_grid&#8221; images=&#8221;2588,2600,2599,2597,2595,2593,2592,2594,2591,2586,2590,2585,2589,2587,2584&#8243; img_size=&#8221;600&#215;600&#8243; column_number=&#8221;5&#8243; grayscale=&#8221;yes&#8221; images_space=&#8221;gallery_without_space&#8221;][\/vc_column][\/vc_row][vc_row css_animation=&#8221;&#8221; row_type=&#8221;row&#8221; use_row_as_full_screen_section=&#8221;no&#8221; type=&#8221;full_width&#8221; angled_section=&#8221;no&#8221; text_align=&#8221;left&#8221; background_image_as_pattern=&#8221;without_pattern&#8221; background_color=&#8221;#ffffff&#8221; padding_top=&#8221;87&#8243; padding_bottom=&#8221;0&#8243;][vc_column][vc_column_text]<\/p>\n<h3 style=\"text-align: center;\">SPRAWD\u0179 NASZE OFERTY<\/h3>\n<p>[\/vc_column_text][vc_separator type=&#8221;small&#8221; position=&#8221;center&#8221; color=&#8221;#000000&#8243;][vc_column_text]<\/p>\n<h4 style=\"text-align: center;\"><a href=\"http:\/\/oasis-apartments.gr\/experiences\/\">Ciesz si\u0119 wakacjami w<\/a> kurorcie Tolo w Argolidzie<\/h4>\n<p>[\/vc_column_text][vc_separator type=&#8221;transparent&#8221; up=&#8221;35&#8243; down=&#8221;15&#8243;][\/vc_column][\/vc_row][vc_row css_animation=&#8221;&#8221; row_type=&#8221;row&#8221; use_row_as_full_screen_section=&#8221;no&#8221; type=&#8221;grid&#8221; angled_section=&#8221;no&#8221; text_align=&#8221;center&#8221; background_image_as_pattern=&#8221;without_pattern&#8221; padding_top=&#8221;70&#8243; padding_bottom=&#8221;20&#8243;][vc_column width=&#8221;1\/4&#8243;][vc_single_image image=&#8221;216&#8243; img_size=&#8221;full&#8221; alignment=&#8221;center&#8221; qode_css_animation=&#8221;&#8221;][vc_separator type=&#8221;transparent&#8221; up=&#8221;20&#8243; down=&#8221;0&#8243;][vc_column_text]SUPER OFERTA[\/vc_column_text][vc_separator type=&#8221;small&#8221; position=&#8221;center&#8221; up=&#8221;7&#8243; down=&#8221;10&#8243;][vc_column_text]Zarezerwuj wi\u0119cej ni\u017c 10 nocleg\u00f3w i otrzymaj 12% zni\u017cki na dodatkowe noce podczas pobytu w Apartamentach i Studiach Oasis w Tolo.[\/vc_column_text][vc_separator type=&#8221;transparent&#8221; up=&#8221;20&#8243; down=&#8221;0&#8243;][\/vc_column][vc_column width=&#8221;1\/4&#8243;][vc_single_image image=&#8221;221&#8243; img_size=&#8221;full&#8221; alignment=&#8221;center&#8221; qode_css_animation=&#8221;&#8221;][vc_separator type=&#8221;transparent&#8221; up=&#8221;20&#8243; down=&#8221;0&#8243;][vc_column_text]WCZESNA REZERWACJA[\/vc_column_text][vc_separator type=&#8221;small&#8221; position=&#8221;center&#8221; up=&#8221;7&#8243; down=&#8221;10&#8243;][vc_column_text]Specjalna cena pokoju &#8211; zni\u017cka 6 euro za nocleg. Zarezerwuj teraz, bezpo\u015brednio przez system rezerwacji na naszej stronie i uzyskaj super cen\u0119 z mo\u017cliwo\u015bci\u0105 darmowej rezygnacji.[\/vc_column_text][vc_separator type=&#8221;transparent&#8221; up=&#8221;20&#8243; down=&#8221;0&#8243;][\/vc_column][vc_column width=&#8221;1\/4&#8243;][vc_single_image image=&#8221;220&#8243; img_size=&#8221;full&#8221; alignment=&#8221;center&#8221; qode_css_animation=&#8221;&#8221;][vc_separator type=&#8221;transparent&#8221; up=&#8221;20&#8243; down=&#8221;0&#8243;][vc_column_text]LETNIA OFERTA[\/vc_column_text][vc_separator type=&#8221;small&#8221; position=&#8221;center&#8221; up=&#8221;7&#8243; down=&#8221;10&#8243;][vc_column_text]Zdob\u0105d\u017a niesamowit\u0105 ofert\u0119 i podaruj swoim bliskim najlepszy prezent na wyj\u0105tkowe wakacje nad morzem, w uroczym Tolo.[\/vc_column_text][vc_separator type=&#8221;transparent&#8221; up=&#8221;20&#8243; down=&#8221;0&#8243;][\/vc_column][vc_column width=&#8221;1\/4&#8243;][vc_single_image image=&#8221;219&#8243; img_size=&#8221;full&#8221; alignment=&#8221;center&#8221; qode_css_animation=&#8221;&#8221;][vc_separator type=&#8221;transparent&#8221; up=&#8221;20&#8243; down=&#8221;0&#8243;][vc_column_text]CZARUJ\u0104CY WEEKEND[\/vc_column_text][vc_separator type=&#8221;small&#8221; position=&#8221;center&#8221; up=&#8221;7&#8243; down=&#8221;10&#8243;][vc_column_text]Pozw\u00f3l sobie na odpoczynek od codziennej rutyny i sp\u0119d\u017a relaksuj\u0105cy weekend pe\u0142en s\u0142o\u0144ca, romansu i dobrych, lokalnych, tradycyjnych smak\u00f3w.[\/vc_column_text][vc_separator type=&#8221;transparent&#8221; up=&#8221;20&#8243; down=&#8221;0&#8243;][\/vc_column][\/vc_row][vc_row css_animation=&#8221;&#8221; row_type=&#8221;row&#8221; use_row_as_full_screen_section=&#8221;no&#8221; type=&#8221;full_width&#8221; angled_section=&#8221;no&#8221; text_align=&#8221;left&#8221; background_image_as_pattern=&#8221;without_pattern&#8221;][vc_column]<div class=\"call_to_action normal\" style=\"background-color: rgba(167,98,98,0.88);\"><div class=\"container_inner\"><div class=\"two_columns_75_25 clearfix\"><div class=\"text_wrapper column1\"><div class=\"call_to_action_text \" style=\"\"><\/p>\n<h3><span style=\"color: #ffffff;\">POBYT W APARTAMENTACH OASIS W TOLO, ARGOLIDA<\/span><\/h3>\n<p><\/div><\/div><div class=\"button_wrapper column2\"><a itemprop=\"url\" href=\"https:\/\/oasisapatmentstolo.reserve-online.net\/\" class=\"qbutton white \" target=\"_self\" style=\"color: #000000;border-color: #000000;\"data-hover-border-color=#ffffff data-hover-color=#a2a2a2>ZAREZERWUJ<\/a><\/div><\/div><\/div><\/div>[\/vc_column][\/vc_row]<\/p>\n","protected":false},"excerpt":{"rendered":"<p>[vc_row css_animation=&#8221;&#8221; row_type=&#8221;row&#8221; use_row_as_full_screen_section=&#8221;no&#8221; type=&#8221;full_width&#8221; angled_section=&#8221;no&#8221; text_align=&#8221;left&#8221; background_image_as_pattern=&#8221;without_pattern&#8221;][vc_column][vc_empty_space][vc_column_text] POK\u00d3J DWUOOSOBOWY Z WYJ\u015aCIEM NA PODW\u00d3RZE [\/vc_column_text][vc_separator type=&#8221;small&#8221; position=&#8221;center&#8221; up=&#8221;7&#8243; down=&#8221;38&#8243;][vc_column_text] Zapraszamy do rodzinnych apartament\u00f3w OASIS [\/vc_column_text][vc_separator type=&#8221;transparent&#8221; up=&#8221;35&#8243; down=&#8221;19&#8243;][\/vc_column][\/vc_row][vc_row css_animation=&#8221;&#8221; row_type=&#8221;row&#8221; use_row_as_full_screen_section=&#8221;no&#8221; type=&#8221;grid&#8221; angled_section=&#8221;no&#8221; text_align=&#8221;left&#8221; background_image_as_pattern=&#8221;without_pattern&#8221; background_color=&#8221;#ffffff&#8221; padding_bottom=&#8221;30&#8243;][vc_column width=&#8221;1\/2&#8243;][vc_separator type=&#8221;transparent&#8221; up=&#8221;60&#8243; down=&#8221;0&#8243;][vc_accordion style=&#8221;accordion&#8221;][vc_accordion_tab title=&#8221;OPIS POKOJU DWUOSOBOWEGO&#8221;][vc_column_text]Pok\u00f3j&#8230;<\/p>\n","protected":false},"author":1,"featured_media":0,"parent":0,"menu_order":61,"comment_status":"closed","ping_status":"closed","template":"full_width.php","meta":[],"yoast_head":"<!-- This site is optimized with the Yoast SEO plugin v15.2.1 - https:\/\/yoast.com\/wordpress\/plugins\/seo\/ -->\n<meta name=\"description\" content=\"Pok\u00f3j dwuosobowy znajduje si\u0119 na parterze, posiada widok na ogr\u00f3d i ma\u0142e patio. Atmosfera w pokoju jest cicha i relaksuj\u0105ca.\" \/>\n<meta name=\"robots\" content=\"index, follow, max-snippet:-1, max-image-preview:large, max-video-preview:-1\" \/>\n<link rel=\"canonical\" href=\"https:\/\/oasis-apartments.gr\/pl\/double-room-with-patio\/\" \/>\n<meta property=\"og:locale\" content=\"pl_PL\" \/>\n<meta property=\"og:type\" content=\"article\" \/>\n<meta property=\"og:title\" content=\"POK\u00d3J DWUOOSOBOWY - Oasis Apartamenty Tolo\" \/>\n<meta property=\"og:description\" content=\"Pok\u00f3j dwuosobowy znajduje si\u0119 na parterze, posiada widok na ogr\u00f3d i ma\u0142e patio. Atmosfera w pokoju jest cicha i relaksuj\u0105ca.\" \/>\n<meta property=\"og:url\" content=\"https:\/\/oasis-apartments.gr\/pl\/double-room-with-patio\/\" \/>\n<meta property=\"og:site_name\" content=\"Oasis Apartments | Tolo Argolis\" \/>\n<meta property=\"article:modified_time\" content=\"2023-05-22T14:49:21+00:00\" \/>\n<meta name=\"twitter:card\" content=\"summary\" \/>\n<meta name=\"twitter:label1\" content=\"Written by\">\n\t<meta name=\"twitter:data1\" content=\"gkoutsopoulos\">\n\t<meta name=\"twitter:label2\" content=\"Est. reading time\">\n\t<meta name=\"twitter:data2\" content=\"5 minut\">\n<script type=\"application\/ld+json\" class=\"yoast-schema-graph\">{\"@context\":\"https:\/\/schema.org\",\"@graph\":[{\"@type\":\"WebSite\",\"@id\":\"https:\/\/oasis-apartments.gr\/en\/#website\",\"url\":\"https:\/\/oasis-apartments.gr\/en\/\",\"name\":\"Oasis Apartments | Tolo Argolis\",\"description\":\"Seaside resort in Tolo, Nafplion Greece\",\"potentialAction\":[{\"@type\":\"SearchAction\",\"target\":\"https:\/\/oasis-apartments.gr\/en\/?s={search_term_string}\",\"query-input\":\"required name=search_term_string\"}],\"inLanguage\":\"pl-PL\"},{\"@type\":\"WebPage\",\"@id\":\"https:\/\/oasis-apartments.gr\/pl\/double-room-with-patio\/#webpage\",\"url\":\"https:\/\/oasis-apartments.gr\/pl\/double-room-with-patio\/\",\"name\":\"POK\\u00d3J DWUOOSOBOWY - Oasis Apartamenty Tolo\",\"isPartOf\":{\"@id\":\"https:\/\/oasis-apartments.gr\/en\/#website\"},\"datePublished\":\"2016-08-25T10:30:11+00:00\",\"dateModified\":\"2023-05-22T14:49:21+00:00\",\"description\":\"Pok\\u00f3j dwuosobowy znajduje si\\u0119 na parterze, posiada widok na ogr\\u00f3d i ma\\u0142e patio. Atmosfera w pokoju jest cicha i relaksuj\\u0105ca.\",\"inLanguage\":\"pl-PL\",\"potentialAction\":[{\"@type\":\"ReadAction\",\"target\":[\"https:\/\/oasis-apartments.gr\/pl\/double-room-with-patio\/\"]}]}]}<\/script>\n<!-- \/ Yoast SEO plugin. -->","_links":{"self":[{"href":"https:\/\/oasis-apartments.gr\/pl\/wp-json\/wp\/v2\/pages\/1954"}],"collection":[{"href":"https:\/\/oasis-apartments.gr\/pl\/wp-json\/wp\/v2\/pages"}],"about":[{"href":"https:\/\/oasis-apartments.gr\/pl\/wp-json\/wp\/v2\/types\/page"}],"author":[{"embeddable":true,"href":"https:\/\/oasis-apartments.gr\/pl\/wp-json\/wp\/v2\/users\/1"}],"replies":[{"embeddable":true,"href":"https:\/\/oasis-apartments.gr\/pl\/wp-json\/wp\/v2\/comments?post=1954"}],"version-history":[{"count":3,"href":"https:\/\/oasis-apartments.gr\/pl\/wp-json\/wp\/v2\/pages\/1954\/revisions"}],"predecessor-version":[{"id":2685,"href":"https:\/\/oasis-apartments.gr\/pl\/wp-json\/wp\/v2\/pages\/1954\/revisions\/2685"}],"wp:attachment":[{"href":"https:\/\/oasis-apartments.gr\/pl\/wp-json\/wp\/v2\/media?parent=1954"}],"curies":[{"name":"wp","href":"https:\/\/api.w.org\/{rel}","templated":true}]}}