
{"id":1952,"date":"2016-08-25T11:49:06","date_gmt":"2016-08-25T08:49:06","guid":{"rendered":"http:\/\/oasis-apartments.gr\/quadruple-person-family-apartment\/"},"modified":"2023-05-22T17:33:24","modified_gmt":"2023-05-22T14:33:24","slug":"quadruple-person-family-apartment","status":"publish","type":"page","link":"https:\/\/oasis-apartments.gr\/pl\/quadruple-person-family-apartment\/","title":{"rendered":"ZAKWATEROWANIE"},"content":{"rendered":"<p>[vc_row css_animation=&#8221;&#8221; row_type=&#8221;row&#8221; use_row_as_full_screen_section=&#8221;no&#8221; type=&#8221;full_width&#8221; angled_section=&#8221;no&#8221; text_align=&#8221;left&#8221; background_image_as_pattern=&#8221;without_pattern&#8221;][vc_column][vc_empty_space][vc_column_text]<\/p>\n<h2 style=\"text-align: center;\">APARTAMENT RODZINNY CZTEROOSOBOWY<\/h2>\n<p>[\/vc_column_text][vc_separator type=&#8221;small&#8221; position=&#8221;center&#8221; up=&#8221;7&#8243; down=&#8221;38&#8243;][vc_column_text]<\/p>\n<h4 style=\"text-align: center;\">Witamy w apartamentach rodzinnych OASIS<\/h4>\n<p>[\/vc_column_text][vc_separator type=&#8221;transparent&#8221; up=&#8221;38&#8243; down=&#8221;19&#8243;][\/vc_column][\/vc_row][vc_row css_animation=&#8221;&#8221; row_type=&#8221;row&#8221; use_row_as_full_screen_section=&#8221;no&#8221; type=&#8221;grid&#8221; angled_section=&#8221;no&#8221; text_align=&#8221;left&#8221; background_image_as_pattern=&#8221;without_pattern&#8221; background_color=&#8221;#ffffff&#8221; padding_bottom=&#8221;30&#8243;][vc_column width=&#8221;1\/2&#8243;][vc_separator type=&#8221;transparent&#8221; up=&#8221;60&#8243; down=&#8221;0&#8243;][vc_accordion style=&#8221;accordion&#8221;][vc_accordion_tab title=&#8221;OPIS APARTAMENTU RODZINNEGO CZTEROOSOBOWEGO&#8221;][vc_column_text]Apartament rodzinny (30-35 m2) z widokiem na morze i ogr\u00f3d, przeznaczony dla maksymalnie 4 os\u00f3b doros\u0142ych, z jedn\u0105 sypialni\u0105, wyposa\u017cony w dwa pojedyncze \u0142\u00f3\u017cka lub jedno podw\u00f3jne. W salonie znajduje si\u0119 wygodna kanapa (mo\u017ce ona s\u0142u\u017cy\u0107 jako \u0142\u00f3\u017cko dla 2 os\u00f3b). Nasze czteroosobowe apartamenty rodzinne znajduj\u0105 si\u0119 na pierwszym i drugim pi\u0119trze, s\u0105 z widokiem na morze i \/ lub pi\u0119knym widokiem na ogr\u00f3d. Dwa pokoje otwieraj\u0105 si\u0119 na balkon, na kt\u00f3rym znajduje si\u0119 st\u00f3\u0142 i krzes\u0142a, gdzie mo\u017cecie si\u0119 Pa\u0144stwo raczy\u0107 porann\u0105 kaw\u0105 na \u015bwie\u017cym powietrzu, z widokiem na morze i wyspy w Zatoce Tolo. Dodatkowo na ty\u0142ach hotelu znajduje si\u0119 du\u017cy ogr\u00f3d, w kt\u00f3rym zaprojektowali\u015bmy miejsce na grilla i plac zabaw. Ca\u0142y obiekt, w\u0142\u0105cznie z ogrodem znajduje si\u0119 w sferze zasiegu Wi-Fi. Dla wszystkich naszych go\u015bci przygotowali\u015bmy szereg przewodnik\u00f3w turystycznych i ksi\u0105\u017cek na temat Argolidy i Peloponezu, z informacjami o ciekawych rzeczach do zrobienia i miejscach wartych odwiedzenia.[\/vc_column_text][\/vc_accordion_tab][vc_accordion_tab title=&#8221;OG\u00d3LNY OPIS POKOI&#8221;][vc_column_text]Apartamenty OASIS znajduj\u0105 si\u0119 zaledwie 200 metr\u00f3w od pla\u017cy Tolo, w centrum miejscowo\u015bci. Dzi\u0119ki swojemu po\u0142o\u017ceniu &#8211; lekko pod g\u00f3r\u0119 &#8211; go\u015bcie mog\u0105 cieszy\u0107 si\u0119 relaksuj\u0105c\u0105 atmosfer\u0105 i wspania\u0142ym widokiem z balkon\u00f3w. Hotel Oasis otoczony jest pi\u0119knym ogrodem z drzewami pomara\u0144czowymi i cytrynowymi z ty\u0142u oraz egzotyczn\u0105 ro\u015blinnosci\u0105 z przodu. Ja\u015bmin, bugenwille, palmy i r\u00f3\u017ce nadadz\u0105 kolor\u00f3w i zapach\u00f3w Pa\u0144stwa pobytowi w Apartamentach Oasis.[\/vc_column_text][\/vc_accordion_tab][vc_accordion_tab title=&#8221;UDOGODNIENIA&#8221;][vc_column_text]Wszystkie pokoje posiadaj\u0105:<br \/>\n\u2022 W pe\u0142ni wyposa\u017con\u0105 kuchni\u0119(lod\u00f3wka, ma\u0142y piekarnik, palniki, ekspres do kawy, toster, czajnik)<br \/>\n\u2022 Nowe luksusowe \u0142azienki<br \/>\n\u2022 Klimatyzacj\u0119<br \/>\n\u2022 Telewizja satelitarna<br \/>\n\u2022 Sejf<br \/>\n\u2022 Pralk\u0119 i \u017celazko do u\u017cytku wsp\u00f3lnego<br \/>\n\u2022 Myd\u0142a<br \/>\n\u2022 R\u0119czniki i po\u015bciel<br \/>\n\u2022 WI-FI na ca\u0142ym terenie<br \/>\n\u2022 \u0141\u00f3\u017ceczka i krzese\u0142ka dzieci\u0119ce, zabawki<br \/>\n\u2022 Okna zabiezpieczone siatk\u0105 przeciw owadom<br \/>\n\u2022 Fax\/ Fotokopiarka<br \/>\n\u2022 Grill<br \/>\n\u2022 Plac zabaw[\/vc_column_text][\/vc_accordion_tab][vc_accordion_tab title=&#8221;REGULAMIN&#8221;][vc_column_text]Rezygnacja\/zaliczka<\/p>\n<p>Zasady anulowania rezerwacji i zap\u0142aty r\u00f3\u017cni\u0105 si\u0119 w zale\u017cno\u015bci od rodzaju pokoju. Przed dokonaniem rezerwacji, prosz\u0119 sprawdzi\u0107 regulamin dotycz\u0105cy wybranego pokoju. Wszystkie dzieci s\u0105 mile widziane.<\/p>\n<p>Bezp\u0142atnie! 1 dziecko poni\u017cej 2 roku \u017cycia przebywa za darmo i dostawiamy dla niego \u0142\u00f3\u017ceczko dzieci\u0119ce.<br \/>\nNie ma mo\u017cliwo\u015bci dostawienia dodatkowych \u0142\u00f3\u017cek w pokoju.<br \/>\nW pokoju mo\u017cemy dostawi\u0107 maksymalnie 1 \u0142\u00f3\u017ceczko dzieci\u0119ce.<br \/>\nZwierz\u0119ta<\/p>\n<p>NIE przyjmujemy zwierz\u0105t.<br \/>\n[\/vc_column_text][\/vc_accordion_tab][\/vc_accordion][vc_separator type=&#8221;transparent&#8221; up=&#8221;60&#8243; down=&#8221;0&#8243;][\/vc_column][vc_column width=&#8221;1\/2&#8243;][vc_separator type=&#8221;transparent&#8221; up=&#8221;60&#8243; down=&#8221;0&#8243;][vc_single_image image=&#8221;2566&#8243; img_size=&#8221;600 \u00d7 375&#8243; qode_css_animation=&#8221;&#8221;][\/vc_column][\/vc_row][vc_row css_animation=&#8221;&#8221; row_type=&#8221;row&#8221; use_row_as_full_screen_section=&#8221;no&#8221; type=&#8221;full_width&#8221; angled_section=&#8221;no&#8221; text_align=&#8221;left&#8221; background_image_as_pattern=&#8221;without_pattern&#8221;][vc_column][vc_separator type=&#8221;normal&#8221; up=&#8221;0&#8243; down=&#8221;0&#8243;][\/vc_column][\/vc_row][vc_row css_animation=&#8221;&#8221; row_type=&#8221;row&#8221; use_row_as_full_screen_section=&#8221;no&#8221; type=&#8221;full_width&#8221; angled_section=&#8221;no&#8221; text_align=&#8221;left&#8221; background_image_as_pattern=&#8221;without_pattern&#8221; background_color=&#8221;#ffffff&#8221; padding_top=&#8221;87&#8243; padding_bottom=&#8221;0&#8243;][vc_column][vc_column_text]<\/p>\n<h3 style=\"text-align: center;\">ZDJ\u0118CIA APARTAMENT\u00d3W<\/h3>\n<p>[\/vc_column_text][vc_separator type=&#8221;small&#8221; position=&#8221;center&#8221; color=&#8221;#000000&#8243;][vc_column_text]<\/p>\n<h4 style=\"text-align: center;\">Ja\u015bmin, bugenwille, palmy i r\u00f3\u017ce nadadz\u0105 kolor\u00f3w i zapachu Twoim wakacjom.<\/h4>\n<p>[\/vc_column_text][vc_separator type=&#8221;transparent&#8221; up=&#8221;42&#8243; down=&#8221;15&#8243;][\/vc_column][\/vc_row][vc_row css_animation=&#8221;&#8221; row_type=&#8221;row&#8221; use_row_as_full_screen_section=&#8221;no&#8221; type=&#8221;full_width&#8221; angled_section=&#8221;no&#8221; text_align=&#8221;left&#8221; background_image_as_pattern=&#8221;without_pattern&#8221;][vc_column][vc_gallery type=&#8221;image_grid&#8221; images=&#8221;2565,2570,2569,2568,2572,2567,2566,2571&#8243; img_size=&#8221;500&#215;500&#8243; column_number=&#8221;4&#8243; grayscale=&#8221;yes&#8221; images_space=&#8221;gallery_without_space&#8221;][\/vc_column][\/vc_row][vc_row css_animation=&#8221;&#8221; row_type=&#8221;row&#8221; use_row_as_full_screen_section=&#8221;no&#8221; type=&#8221;full_width&#8221; angled_section=&#8221;no&#8221; text_align=&#8221;left&#8221; background_image_as_pattern=&#8221;without_pattern&#8221;][vc_column]<div class=\"call_to_action normal\" style=\"background-color: rgba(167,98,98,0.88);\"><div class=\"container_inner\"><div class=\"two_columns_75_25 clearfix\"><div class=\"text_wrapper column1\"><div class=\"call_to_action_text \" style=\"\"><\/p>\n<h3><span style=\"color: #ffffff;\">POBYT W APARTAMENTACH OASIS W TOLO, ARGOLIDA<\/span><\/h3>\n<p><\/div><\/div><div class=\"button_wrapper column2\"><a itemprop=\"url\" href=\"https:\/\/oasisapatmentstolo.reserve-online.net\/\" class=\"qbutton white \" target=\"_self\" style=\"color: #000000;border-color: #000000;\"data-hover-border-color=#ffffff data-hover-color=#a2a2a2>ZAREZERWUJ<\/a><\/div><\/div><\/div><\/div>[\/vc_column][\/vc_row]<\/p>\n","protected":false},"excerpt":{"rendered":"<p>[vc_row css_animation=&#8221;&#8221; row_type=&#8221;row&#8221; use_row_as_full_screen_section=&#8221;no&#8221; type=&#8221;full_width&#8221; angled_section=&#8221;no&#8221; text_align=&#8221;left&#8221; background_image_as_pattern=&#8221;without_pattern&#8221;][vc_column][vc_empty_space][vc_column_text] APARTAMENT RODZINNY CZTEROOSOBOWY [\/vc_column_text][vc_separator type=&#8221;small&#8221; position=&#8221;center&#8221; up=&#8221;7&#8243; down=&#8221;38&#8243;][vc_column_text] Witamy w apartamentach rodzinnych OASIS [\/vc_column_text][vc_separator type=&#8221;transparent&#8221; up=&#8221;38&#8243; down=&#8221;19&#8243;][\/vc_column][\/vc_row][vc_row css_animation=&#8221;&#8221; row_type=&#8221;row&#8221; use_row_as_full_screen_section=&#8221;no&#8221; type=&#8221;grid&#8221; angled_section=&#8221;no&#8221; text_align=&#8221;left&#8221; background_image_as_pattern=&#8221;without_pattern&#8221; background_color=&#8221;#ffffff&#8221; padding_bottom=&#8221;30&#8243;][vc_column width=&#8221;1\/2&#8243;][vc_separator type=&#8221;transparent&#8221; up=&#8221;60&#8243; down=&#8221;0&#8243;][vc_accordion style=&#8221;accordion&#8221;][vc_accordion_tab title=&#8221;OPIS APARTAMENTU RODZINNEGO CZTEROOSOBOWEGO&#8221;][vc_column_text]Apartament rodzinny (30-35&#8230;<\/p>\n","protected":false},"author":1,"featured_media":0,"parent":0,"menu_order":59,"comment_status":"closed","ping_status":"closed","template":"full_width.php","meta":[],"yoast_head":"<!-- This site is optimized with the Yoast SEO plugin v15.2.1 - https:\/\/yoast.com\/wordpress\/plugins\/seo\/ -->\n<meta name=\"description\" content=\"Apartament rodzinny (30-35 m2) z widokiem na morze i ogr\u00f3d, przeznaczony dla maksymalnie 4 os\u00f3b doros\u0142ych, z jedn\u0105 sypialni\u0105, wyposa\u017con...\" \/>\n<meta name=\"robots\" content=\"index, follow, max-snippet:-1, max-image-preview:large, max-video-preview:-1\" \/>\n<link rel=\"canonical\" href=\"https:\/\/oasis-apartments.gr\/pl\/quadruple-person-family-apartment\/\" \/>\n<meta property=\"og:locale\" content=\"pl_PL\" \/>\n<meta property=\"og:type\" content=\"article\" \/>\n<meta property=\"og:title\" content=\"APARTAMENT RODZINNY CZTEROOSOBOWY - Oasis Apartamenty\" \/>\n<meta property=\"og:description\" content=\"Apartament rodzinny (30-35 m2) z widokiem na morze i ogr\u00f3d, przeznaczony dla maksymalnie 4 os\u00f3b doros\u0142ych, z jedn\u0105 sypialni\u0105, wyposa\u017con...\" \/>\n<meta property=\"og:url\" content=\"https:\/\/oasis-apartments.gr\/pl\/quadruple-person-family-apartment\/\" \/>\n<meta property=\"og:site_name\" content=\"Oasis Apartments | Tolo Argolis\" \/>\n<meta property=\"article:modified_time\" content=\"2023-05-22T14:33:24+00:00\" \/>\n<meta name=\"twitter:card\" content=\"summary\" \/>\n<meta name=\"twitter:label1\" content=\"Written by\">\n\t<meta name=\"twitter:data1\" content=\"gkoutsopoulos\">\n\t<meta name=\"twitter:label2\" content=\"Est. reading time\">\n\t<meta name=\"twitter:data2\" content=\"4 minuty\">\n<script type=\"application\/ld+json\" class=\"yoast-schema-graph\">{\"@context\":\"https:\/\/schema.org\",\"@graph\":[{\"@type\":\"WebSite\",\"@id\":\"https:\/\/oasis-apartments.gr\/en\/#website\",\"url\":\"https:\/\/oasis-apartments.gr\/en\/\",\"name\":\"Oasis Apartments | Tolo Argolis\",\"description\":\"Seaside resort in Tolo, Nafplion Greece\",\"potentialAction\":[{\"@type\":\"SearchAction\",\"target\":\"https:\/\/oasis-apartments.gr\/en\/?s={search_term_string}\",\"query-input\":\"required name=search_term_string\"}],\"inLanguage\":\"pl-PL\"},{\"@type\":\"WebPage\",\"@id\":\"https:\/\/oasis-apartments.gr\/pl\/quadruple-person-family-apartment\/#webpage\",\"url\":\"https:\/\/oasis-apartments.gr\/pl\/quadruple-person-family-apartment\/\",\"name\":\"APARTAMENT RODZINNY CZTEROOSOBOWY - Oasis Apartamenty\",\"isPartOf\":{\"@id\":\"https:\/\/oasis-apartments.gr\/en\/#website\"},\"datePublished\":\"2016-08-25T08:49:06+00:00\",\"dateModified\":\"2023-05-22T14:33:24+00:00\",\"description\":\"Apartament rodzinny (30-35 m2) z widokiem na morze i ogr\\u00f3d, przeznaczony dla maksymalnie 4 os\\u00f3b doros\\u0142ych, z jedn\\u0105 sypialni\\u0105, wyposa\\u017con...\",\"inLanguage\":\"pl-PL\",\"potentialAction\":[{\"@type\":\"ReadAction\",\"target\":[\"https:\/\/oasis-apartments.gr\/pl\/quadruple-person-family-apartment\/\"]}]}]}<\/script>\n<!-- \/ Yoast SEO plugin. -->","_links":{"self":[{"href":"https:\/\/oasis-apartments.gr\/pl\/wp-json\/wp\/v2\/pages\/1952"}],"collection":[{"href":"https:\/\/oasis-apartments.gr\/pl\/wp-json\/wp\/v2\/pages"}],"about":[{"href":"https:\/\/oasis-apartments.gr\/pl\/wp-json\/wp\/v2\/types\/page"}],"author":[{"embeddable":true,"href":"https:\/\/oasis-apartments.gr\/pl\/wp-json\/wp\/v2\/users\/1"}],"replies":[{"embeddable":true,"href":"https:\/\/oasis-apartments.gr\/pl\/wp-json\/wp\/v2\/comments?post=1952"}],"version-history":[{"count":4,"href":"https:\/\/oasis-apartments.gr\/pl\/wp-json\/wp\/v2\/pages\/1952\/revisions"}],"predecessor-version":[{"id":2678,"href":"https:\/\/oasis-apartments.gr\/pl\/wp-json\/wp\/v2\/pages\/1952\/revisions\/2678"}],"wp:attachment":[{"href":"https:\/\/oasis-apartments.gr\/pl\/wp-json\/wp\/v2\/media?parent=1952"}],"curies":[{"name":"wp","href":"https:\/\/api.w.org\/{rel}","templated":true}]}}