
{"id":1951,"date":"2016-08-24T17:14:11","date_gmt":"2016-08-24T14:14:11","guid":{"rendered":"http:\/\/oasis-apartments.gr\/apartments-php\/"},"modified":"2023-05-22T17:11:44","modified_gmt":"2023-05-22T14:11:44","slug":"zakwaterowanie","status":"publish","type":"page","link":"https:\/\/oasis-apartments.gr\/pl\/zakwaterowanie\/","title":{"rendered":"ZAKWATEROWANIE"},"content":{"rendered":"<p>[vc_row css_animation=&#8221;&#8221; row_type=&#8221;row&#8221; use_row_as_full_screen_section=&#8221;no&#8221; type=&#8221;grid&#8221; angled_section=&#8221;no&#8221; text_align=&#8221;center&#8221; background_image_as_pattern=&#8221;without_pattern&#8221; padding_top=&#8221;65&#8243; padding_bottom=&#8221;60&#8243;][vc_column offset=&#8221;vc_col-lg-offset-2 vc_col-lg-8 vc_col-md-offset-1 vc_col-md-10&#8243;][vc_column_text]<\/p>\n<h2 style=\"text-align: center;\">ZAKWATEROWANIE W TOLO<\/h2>\n<p>[\/vc_column_text][vc_separator type=&#8221;small&#8221; position=&#8221;center&#8221; up=&#8221;7&#8243; down=&#8221;38&#8243;][vc_column_text]<\/p>\n<p style=\"text-align: center;\">Apartamenty Oasis to doskonale wyposa\u017cone pokoje, z eleganckimi \u0142azienkami i prywatnymi balkonami,<br \/>\nposiadaj\u0105ce wszystkie nowoczesne udogodnienia i sprz\u0119t niezb\u0119dny do przygotowania posi\u0142k\u00f3w.<\/p>\n<p>[\/vc_column_text][\/vc_column][\/vc_row][vc_row css_animation=&#8221;&#8221; row_type=&#8221;row&#8221; use_row_as_full_screen_section=&#8221;no&#8221; type=&#8221;grid&#8221; angled_section=&#8221;no&#8221; text_align=&#8221;left&#8221; background_image_as_pattern=&#8221;without_pattern&#8221; background_color=&#8221;#ffffff&#8221; padding_top=&#8221;77&#8243; padding_bottom=&#8221;48&#8243;][vc_column width=&#8221;1\/3&#8243;][vc_row_inner row_type=&#8221;row&#8221; type=&#8221;full_width&#8221; text_align=&#8221;right&#8221; css_animation=&#8221;&#8221;][vc_column_inner][vc_single_image image=&#8221;2248&#8243; img_size=&#8221;1200&#215;800&#8243; alignment=&#8221;center&#8221; qode_css_animation=&#8221;element_from_left&#8221; transition_delay=&#8221;0.3&#8243;][vc_separator type=&#8221;transparent&#8221; up=&#8221;21&#8243; down=&#8221;0&#8243;][\/vc_column_inner][\/vc_row_inner][\/vc_column][vc_column width=&#8221;2\/3&#8243;][vc_separator type=&#8221;transparent&#8221; up=&#8221;10&#8243; down=&#8221;0&#8243;][vc_column_text]<\/p>\n<h3 style=\"text-align: left;\">POK\u00d3J DWUOOSOBOWY Z WYJ\u015aCIEM NA PODW\u00d3RZE<\/h3>\n<p>[\/vc_column_text][vc_separator type=&#8221;small&#8221; position=&#8221;left&#8221; color=&#8221;#000000&#8243; up=&#8221;7&#8243; down=&#8221;38&#8243;][vc_column_text]<\/p>\n<p style=\"text-align: left;\">Pok\u00f3j dwuosobowy znajduje si\u0119 na parterze, posiada widok na ogr\u00f3d i ma\u0142e patio za przeszklonymi drzwami. Atmosfera w pokoju jest cicha i relaksuj\u0105ca. Sypialnia ma 15 m2. Pok\u00f3j jest komfortowo wyposa\u017cony w podw\u00f3jne \u0142\u00f3\u017cko, szaf\u0119, stolik z krzes\u0142ami, telewizor, aneks kuchenny (lod\u00f3wka, kuchenka elektryczna, ekspres do kawy, toster, czajnik elektryczny, przybory kuchenne, sztu\u0107ce, talerze, szafka), klimatyzacj\u0119, sejf i niedawno(2015) odnowion\u0105 \u0142azienk\u0119 z prysznicem.<\/p>\n<p>[\/vc_column_text][vc_empty_space height=&#8221;22px&#8221;]<a  itemprop=\"url\" href=\"http:\/\/oasis-apartments.gr\/pl\/double-room-with-patio\/\" target=\"_self\" data-hover-background-color=#a0a0a0 data-hover-color=#ffffff class=\"qbutton  medium default\" style=\"\">WI\u0118CEJ<\/a><a  itemprop=\"url\" href=\"https:\/\/oasisapatmentstolo.reserve-online.net\/\" target=\"_self\"  class=\"qbutton  medium default\" style=\"color: #ffffff; background-color: #202020;\">ZAREZERWUJ<\/a>[\/vc_column][\/vc_row][vc_row css_animation=&#8221;&#8221; row_type=&#8221;row&#8221; use_row_as_full_screen_section=&#8221;no&#8221; type=&#8221;grid&#8221; angled_section=&#8221;no&#8221; text_align=&#8221;left&#8221; background_image_as_pattern=&#8221;without_pattern&#8221; background_color=&#8221;#ffffff&#8221; padding_top=&#8221;97&#8243;][vc_column width=&#8221;1\/3&#8243;][vc_row_inner row_type=&#8221;row&#8221; type=&#8221;full_width&#8221; text_align=&#8221;right&#8221; css_animation=&#8221;&#8221;][vc_column_inner][vc_single_image image=&#8221;2578&#8243; img_size=&#8221;full&#8221; alignment=&#8221;center&#8221; qode_css_animation=&#8221;element_from_left&#8221; transition_delay=&#8221;0.3&#8243;][vc_separator type=&#8221;transparent&#8221; up=&#8221;21&#8243; down=&#8221;0&#8243;][\/vc_column_inner][\/vc_row_inner][\/vc_column][vc_column width=&#8221;2\/3&#8243;][vc_separator type=&#8221;transparent&#8221; up=&#8221;10&#8243; down=&#8221;0&#8243;][vc_column_text]<\/p>\n<h3 style=\"text-align: left;\">APARTAMENT RODZINNY TRZYOSOBOWY Z BALKONEM<\/h3>\n<p>[\/vc_column_text][vc_separator type=&#8221;small&#8221; position=&#8221;left&#8221; color=&#8221;#000000&#8243; up=&#8221;7&#8243; down=&#8221;38&#8243;][vc_column_text]<\/p>\n<p style=\"text-align: left;\">Apartament typu premium z widokiem na ogr\u00f3d lub morze. 28 m2 apartament sk\u0142ada si\u0119 z sypialni, salonu i nowej \u0142azienki z prysznicem. Atmosfera w apartamencie jest cicha i relaksuj\u0105ca. Wygodna jadalnia \/ cz\u0119\u015b\u0107 wypoczynkowa z \u0142\u00f3\u017ckiem pojedynczym i sypialnia z podw\u00f3jnym \u0142\u00f3\u017ckiem \u2013 apartament odpowiedni dla pary lub 2-3 os\u00f3b doros\u0142ych i \/ lub ma\u0142ego dziecka w \u0142\u00f3\u017ceczku dzieci\u0119cym.<\/p>\n<p>[\/vc_column_text][vc_empty_space height=&#8221;22px&#8221;]<a  itemprop=\"url\" href=\"http:\/\/oasis-apartments.gr\/pl\/triple-family-apartment\/\" target=\"_self\" data-hover-background-color=#a0a0a0 data-hover-color=#ffffff class=\"qbutton  medium default\" style=\"\">WI\u0118CEJ<\/a><a  itemprop=\"url\" href=\"https:\/\/oasisapatmentstolo.reserve-online.net\/\" target=\"_self\"  class=\"qbutton  medium default\" style=\"color: #ffffff; background-color: #202020;\">ZAREZERWUJ<\/a>[\/vc_column][\/vc_row][vc_row css_animation=&#8221;&#8221; row_type=&#8221;row&#8221; use_row_as_full_screen_section=&#8221;no&#8221; type=&#8221;grid&#8221; angled_section=&#8221;no&#8221; text_align=&#8221;left&#8221; background_image_as_pattern=&#8221;without_pattern&#8221; background_color=&#8221;#ffffff&#8221; padding_top=&#8221;97&#8243;][vc_column width=&#8221;1\/3&#8243;][vc_row_inner row_type=&#8221;row&#8221; type=&#8221;full_width&#8221; text_align=&#8221;right&#8221; css_animation=&#8221;&#8221;][vc_column_inner][vc_single_image image=&#8221;2305&#8243; img_size=&#8221;full&#8221; alignment=&#8221;center&#8221; qode_css_animation=&#8221;element_from_left&#8221; transition_delay=&#8221;0.3&#8243;][vc_separator type=&#8221;transparent&#8221; up=&#8221;21&#8243; down=&#8221;0&#8243;][\/vc_column_inner][\/vc_row_inner][\/vc_column][vc_column width=&#8221;2\/3&#8243;][vc_separator type=&#8221;transparent&#8221; up=&#8221;10&#8243; down=&#8221;0&#8243;][vc_column_text]<\/p>\n<h3 style=\"text-align: left;\">APARTAMENT RODZINNY TRZYOSOBOWY WYJ\u015aCIEM NA PODW\u00d3RZE<\/h3>\n<p>[\/vc_column_text][vc_separator type=&#8221;small&#8221; position=&#8221;left&#8221; color=&#8221;#000000&#8243; up=&#8221;7&#8243; down=&#8221;38&#8243;][vc_column_text]<\/p>\n<p style=\"text-align: left;\">Apartament typu premium z widokiem na ogr\u00f3d lub morze. 28 m2 apartament sk\u0142ada si\u0119 z sypialni, salonu i nowej \u0142azienki z prysznicem. Atmosfera w apartamencie jest cicha i relaksuj\u0105ca. Wygodna jadalnia \/ cz\u0119\u015b\u0107 wypoczynkowa z \u0142\u00f3\u017ckiem pojedynczym i sypialnia z podw\u00f3jnym \u0142\u00f3\u017ckiem \u2013 apartament odpowiedni dla pary lub 2-3 os\u00f3b doros\u0142ych i \/ lub ma\u0142ego dziecka w \u0142\u00f3\u017ceczku dzieci\u0119cym.<\/p>\n<p>[\/vc_column_text][vc_empty_space height=&#8221;22px&#8221;]<a  itemprop=\"url\" href=\"https:\/\/oasis-apartments.gr\/pl\/2-3-person-family-apartment-with-patio\/\" target=\"_self\" data-hover-background-color=#a0a0a0 data-hover-color=#ffffff class=\"qbutton  medium default\" style=\"\">WI\u0118CEJ<\/a><a  itemprop=\"url\" href=\"https:\/\/oasisapatmentstolo.reserve-online.net\/property\/OASISAPTS\/FAMAP3\" target=\"_self\"  class=\"qbutton  medium default\" style=\"color: #ffffff; background-color: #202020;\">ZAREZERWUJ<\/a>[\/vc_column][\/vc_row][vc_row css_animation=&#8221;&#8221; row_type=&#8221;row&#8221; use_row_as_full_screen_section=&#8221;no&#8221; type=&#8221;grid&#8221; angled_section=&#8221;no&#8221; text_align=&#8221;left&#8221; background_image_as_pattern=&#8221;without_pattern&#8221; background_color=&#8221;#ffffff&#8221; padding_top=&#8221;77&#8243; padding_bottom=&#8221;48&#8243;][vc_column width=&#8221;1\/3&#8243;][vc_row_inner row_type=&#8221;row&#8221; type=&#8221;full_width&#8221; text_align=&#8221;right&#8221; css_animation=&#8221;&#8221;][vc_column_inner][vc_single_image image=&#8221;2565&#8243; img_size=&#8221;full&#8221; alignment=&#8221;center&#8221; qode_css_animation=&#8221;element_from_left&#8221; transition_delay=&#8221;0.3&#8243;][vc_separator type=&#8221;transparent&#8221; up=&#8221;21&#8243; down=&#8221;0&#8243;][\/vc_column_inner][\/vc_row_inner][\/vc_column][vc_column width=&#8221;2\/3&#8243;][vc_separator type=&#8221;transparent&#8221; up=&#8221;10&#8243; down=&#8221;0&#8243;][vc_column_text]<\/p>\n<h3 style=\"text-align: left;\">APARTAMENT RODZINNY CZTEROOSOBOWY Z BALKONEM<\/h3>\n<p>[\/vc_column_text][vc_separator type=&#8221;small&#8221; position=&#8221;left&#8221; color=&#8221;#000000&#8243; up=&#8221;7&#8243; down=&#8221;38&#8243;][vc_column_text]<\/p>\n<p style=\"text-align: left;\">Apartament rodzinny (30-35 m2) z widokiem na morze i ogr\u00f3d. Odpowiedni dla maksymalnie 4 os\u00f3b doros\u0142ych. Posiada jedn\u0105 sypialni\u0119 z dwoma \u0142\u00f3\u017ckami pojedy\u0144czymi lub jednym podw\u00f3jnym oraz wygodn\u0105 sof\u0119 w salonie, kt\u00f3ra mo\u017ce by\u0107 u\u017cyta jako dwuosobowe \u0142o\u017cko. Nasze czteroosobowe apartamenty z widokiem na morze i\/lub pi\u0119knym widokiem na ogr\u00f3d, znajduj\u0105 si\u0119 na pierwszym i drugim pi\u0119trze.<\/p>\n<p>[\/vc_column_text][vc_empty_space height=&#8221;22px&#8221;]<a  itemprop=\"url\" href=\"http:\/\/oasis-apartments.gr\/pl\/quadruple-person-family-apartment\/\" target=\"_self\" data-hover-background-color=#a0a0a0 data-hover-color=#ffffff class=\"qbutton  medium default\" style=\"\">WI\u0118CEJ<\/a><a  itemprop=\"url\" href=\"https:\/\/oasisapatmentstolo.reserve-online.net\/\" target=\"_self\"  class=\"qbutton  medium default\" style=\"color: #ffffff; background-color: #202020;\">ZAREZERWUJ<\/a>[\/vc_column][\/vc_row][vc_row css_animation=&#8221;&#8221; row_type=&#8221;row&#8221; use_row_as_full_screen_section=&#8221;no&#8221; type=&#8221;grid&#8221; angled_section=&#8221;no&#8221; text_align=&#8221;left&#8221; background_image_as_pattern=&#8221;without_pattern&#8221; background_color=&#8221;#ffffff&#8221; padding_top=&#8221;77&#8243; padding_bottom=&#8221;48&#8243;][vc_column width=&#8221;1\/3&#8243;][vc_row_inner row_type=&#8221;row&#8221; type=&#8221;full_width&#8221; text_align=&#8221;right&#8221; css_animation=&#8221;&#8221;][vc_column_inner][vc_single_image image=&#8221;2190&#8243; img_size=&#8221;1200&#215;800&#8243; alignment=&#8221;center&#8221; qode_css_animation=&#8221;element_from_left&#8221; transition_delay=&#8221;0.3&#8243;][vc_separator type=&#8221;transparent&#8221; up=&#8221;21&#8243; down=&#8221;0&#8243;][\/vc_column_inner][\/vc_row_inner][\/vc_column][vc_column width=&#8221;2\/3&#8243;][vc_separator type=&#8221;transparent&#8221; up=&#8221;10&#8243; down=&#8221;0&#8243;][vc_column_text]<\/p>\n<h3 style=\"text-align: left;\">FAMILY DE LUXE APARTMENT<\/h3>\n<p>[\/vc_column_text][vc_separator type=&#8221;small&#8221; position=&#8221;left&#8221; color=&#8221;#000000&#8243; up=&#8221;7&#8243; down=&#8221;38&#8243;][vc_column_text]<\/p>\n<p style=\"text-align: left;\">Sea and Garden View Family Apartment (30-35m2) suitable for up to 4 adults with one bedroom, furnished with one double bed. There is either a comfortable sofa (that converts into a bunk bed) in the living room or two armchairs that convert into single beds if needed. Our De Luxe Family rooms have been located on the second floor with sea and wonderful garden view.<\/p>\n<p>[\/vc_column_text][vc_empty_space height=&#8221;22px&#8221;]<a  itemprop=\"url\" href=\"https:\/\/oasis-apartments.gr\/pl\/family-de-luxe-apartment\/\" target=\"_self\" data-hover-background-color=#a0a0a0 data-hover-color=#ffffff class=\"qbutton  medium default\" style=\"\">READ MORE<\/a><a  itemprop=\"url\" href=\"https:\/\/oasisapatmentstolo.reserve-online.net\/\" target=\"_self\"  class=\"qbutton  medium default\" style=\"color: #ffffff; background-color: #202020;\">BOOK NOW<\/a>[\/vc_column][\/vc_row][vc_row css_animation=&#8221;&#8221; row_type=&#8221;row&#8221; use_row_as_full_screen_section=&#8221;no&#8221; type=&#8221;full_width&#8221; angled_section=&#8221;no&#8221; text_align=&#8221;left&#8221; background_image_as_pattern=&#8221;without_pattern&#8221;][vc_column]<div class=\"call_to_action normal\" style=\"background-color: rgba(167,98,98,0.88);\"><div class=\"container_inner\"><div class=\"two_columns_75_25 clearfix\"><div class=\"text_wrapper column1\"><div class=\"call_to_action_text \" style=\"\"><\/p>\n<h3><span style=\"color: #ffffff;\">POBYT W APARTAMENTACH OASIS W TOLO, ARGOLIDA<\/span><\/h3>\n<p><\/div><\/div><div class=\"button_wrapper column2\"><a itemprop=\"url\" href=\"https:\/\/oasisapatmentstolo.reserve-online.net\/\" class=\"qbutton white \" target=\"_self\" style=\"color: #000000;border-color: #000000;\"data-hover-border-color=#ffffff data-hover-color=#a2a2a2>ZAREZERWUJ<\/a><\/div><\/div><\/div><\/div>[\/vc_column][\/vc_row]<\/p>\n","protected":false},"excerpt":{"rendered":"<p>[vc_row css_animation=&#8221;&#8221; row_type=&#8221;row&#8221; use_row_as_full_screen_section=&#8221;no&#8221; type=&#8221;grid&#8221; angled_section=&#8221;no&#8221; text_align=&#8221;center&#8221; background_image_as_pattern=&#8221;without_pattern&#8221; padding_top=&#8221;65&#8243; padding_bottom=&#8221;60&#8243;][vc_column offset=&#8221;vc_col-lg-offset-2 vc_col-lg-8 vc_col-md-offset-1 vc_col-md-10&#8243;][vc_column_text] ZAKWATEROWANIE W TOLO [\/vc_column_text][vc_separator type=&#8221;small&#8221; position=&#8221;center&#8221; up=&#8221;7&#8243; down=&#8221;38&#8243;][vc_column_text] Apartamenty Oasis to doskonale wyposa\u017cone pokoje, z eleganckimi \u0142azienkami i prywatnymi balkonami, posiadaj\u0105ce wszystkie nowoczesne udogodnienia i sprz\u0119t niezb\u0119dny do przygotowania posi\u0142k\u00f3w. [\/vc_column_text][\/vc_column][\/vc_row][vc_row&#8230;<\/p>\n","protected":false},"author":1,"featured_media":0,"parent":0,"menu_order":58,"comment_status":"closed","ping_status":"closed","template":"full_width.php","meta":[],"yoast_head":"<!-- This site is optimized with the Yoast SEO plugin v15.2.1 - https:\/\/yoast.com\/wordpress\/plugins\/seo\/ -->\n<meta name=\"description\" content=\"Apartamenty Oasis to doskonale wyposa\u017cone pokoje, z eleganckimi \u0142azienkami i prywatnymi balkonami,posiadaj\u0105ce wszystkie nowoczesne udogodnienia...\" \/>\n<meta name=\"robots\" content=\"index, follow, max-snippet:-1, max-image-preview:large, max-video-preview:-1\" \/>\n<link rel=\"canonical\" href=\"https:\/\/oasis-apartments.gr\/pl\/zakwaterowanie\/\" \/>\n<meta property=\"og:locale\" content=\"pl_PL\" \/>\n<meta property=\"og:type\" content=\"article\" \/>\n<meta property=\"og:title\" content=\"ZAKWATEROWANIE - Oasis Apartamenty Tolo Greece\" \/>\n<meta property=\"og:description\" content=\"Apartamenty Oasis to doskonale wyposa\u017cone pokoje, z eleganckimi \u0142azienkami i prywatnymi balkonami,posiadaj\u0105ce wszystkie nowoczesne udogodnienia...\" \/>\n<meta property=\"og:url\" content=\"https:\/\/oasis-apartments.gr\/pl\/zakwaterowanie\/\" \/>\n<meta property=\"og:site_name\" content=\"Oasis Apartments | Tolo Argolis\" \/>\n<meta property=\"article:modified_time\" content=\"2023-05-22T14:11:44+00:00\" \/>\n<meta name=\"twitter:card\" content=\"summary\" \/>\n<meta name=\"twitter:label1\" content=\"Written by\">\n\t<meta name=\"twitter:data1\" content=\"gkoutsopoulos\">\n\t<meta name=\"twitter:label2\" content=\"Est. reading time\">\n\t<meta name=\"twitter:data2\" content=\"6 minut\">\n<script type=\"application\/ld+json\" class=\"yoast-schema-graph\">{\"@context\":\"https:\/\/schema.org\",\"@graph\":[{\"@type\":\"WebSite\",\"@id\":\"https:\/\/oasis-apartments.gr\/en\/#website\",\"url\":\"https:\/\/oasis-apartments.gr\/en\/\",\"name\":\"Oasis Apartments | Tolo Argolis\",\"description\":\"Seaside resort in Tolo, Nafplion Greece\",\"potentialAction\":[{\"@type\":\"SearchAction\",\"target\":\"https:\/\/oasis-apartments.gr\/en\/?s={search_term_string}\",\"query-input\":\"required name=search_term_string\"}],\"inLanguage\":\"pl-PL\"},{\"@type\":\"WebPage\",\"@id\":\"https:\/\/oasis-apartments.gr\/pl\/zakwaterowanie\/#webpage\",\"url\":\"https:\/\/oasis-apartments.gr\/pl\/zakwaterowanie\/\",\"name\":\"ZAKWATEROWANIE - Oasis Apartamenty Tolo Greece\",\"isPartOf\":{\"@id\":\"https:\/\/oasis-apartments.gr\/en\/#website\"},\"datePublished\":\"2016-08-24T14:14:11+00:00\",\"dateModified\":\"2023-05-22T14:11:44+00:00\",\"description\":\"Apartamenty Oasis to doskonale wyposa\\u017cone pokoje, z eleganckimi \\u0142azienkami i prywatnymi balkonami,posiadaj\\u0105ce wszystkie nowoczesne udogodnienia...\",\"inLanguage\":\"pl-PL\",\"potentialAction\":[{\"@type\":\"ReadAction\",\"target\":[\"https:\/\/oasis-apartments.gr\/pl\/zakwaterowanie\/\"]}]}]}<\/script>\n<!-- \/ Yoast SEO plugin. -->","_links":{"self":[{"href":"https:\/\/oasis-apartments.gr\/pl\/wp-json\/wp\/v2\/pages\/1951"}],"collection":[{"href":"https:\/\/oasis-apartments.gr\/pl\/wp-json\/wp\/v2\/pages"}],"about":[{"href":"https:\/\/oasis-apartments.gr\/pl\/wp-json\/wp\/v2\/types\/page"}],"author":[{"embeddable":true,"href":"https:\/\/oasis-apartments.gr\/pl\/wp-json\/wp\/v2\/users\/1"}],"replies":[{"embeddable":true,"href":"https:\/\/oasis-apartments.gr\/pl\/wp-json\/wp\/v2\/comments?post=1951"}],"version-history":[{"count":2,"href":"https:\/\/oasis-apartments.gr\/pl\/wp-json\/wp\/v2\/pages\/1951\/revisions"}],"predecessor-version":[{"id":2667,"href":"https:\/\/oasis-apartments.gr\/pl\/wp-json\/wp\/v2\/pages\/1951\/revisions\/2667"}],"wp:attachment":[{"href":"https:\/\/oasis-apartments.gr\/pl\/wp-json\/wp\/v2\/media?parent=1951"}],"curies":[{"name":"wp","href":"https:\/\/api.w.org\/{rel}","templated":true}]}}