
{"id":1944,"date":"2016-07-19T12:48:44","date_gmt":"2016-07-19T09:48:44","guid":{"rendered":"http:\/\/oasis-apartments.gr\/about-php\/"},"modified":"2023-05-22T16:55:57","modified_gmt":"2023-05-22T13:55:57","slug":"nasza-filozofia","status":"publish","type":"page","link":"https:\/\/oasis-apartments.gr\/pl\/nasza-filozofia\/","title":{"rendered":"NASZA FILOZOFIA"},"content":{"rendered":"<p>[vc_row css_animation=&#8221;&#8221; row_type=&#8221;row&#8221; use_row_as_full_screen_section=&#8221;no&#8221; type=&#8221;full_width&#8221; angled_section=&#8221;no&#8221; text_align=&#8221;left&#8221; background_image_as_pattern=&#8221;without_pattern&#8221;][vc_column][vc_empty_space][\/vc_column][\/vc_row][vc_row css_animation=&#8221;&#8221; row_type=&#8221;row&#8221; use_row_as_full_screen_section=&#8221;no&#8221; type=&#8221;full_width&#8221; angled_section=&#8221;no&#8221; text_align=&#8221;left&#8221; background_image_as_pattern=&#8221;without_pattern&#8221;][vc_column][vc_column_text]<\/p>\n<h2 style=\"text-align: center;\">APARTAMENTY OASIS<\/h2>\n<p>[\/vc_column_text][vc_separator type=&#8221;small&#8221; position=&#8221;center&#8221; up=&#8221;7&#8243; down=&#8221;38&#8243;][vc_column_text]<\/p>\n<h3 style=\"text-align: center;\">Po\u0142o\u017cone w nadmorskim kurorcie Tolo Apartamenty Oasis \u0142\u0105cz\u0105 nowoczesny komfort z<br \/>\ntradycyjn\u0105 go\u015bcinno\u015bci\u0105, zapewniaj\u0105c tym samym chwile absolutnego relaksu.<\/h3>\n<p>[\/vc_column_text][vc_empty_space][vc_row_inner row_type=&#8221;row&#8221; type=&#8221;full_width&#8221; text_align=&#8221;left&#8221; css_animation=&#8221;&#8221;][vc_column_inner width=&#8221;1\/4&#8243;][vc_single_image image=&#8221;2616&#8243; img_size=&#8221;large&#8221; qode_css_animation=&#8221;&#8221;][\/vc_column_inner][vc_column_inner width=&#8221;1\/4&#8243;][vc_single_image image=&#8221;2611&#8243; img_size=&#8221;large&#8221; qode_css_animation=&#8221;&#8221;][\/vc_column_inner][vc_column_inner width=&#8221;1\/4&#8243;][vc_single_image image=&#8221;2612&#8243; img_size=&#8221;large&#8221; qode_css_animation=&#8221;&#8221;][\/vc_column_inner][vc_column_inner width=&#8221;1\/4&#8243;][vc_single_image image=&#8221;2605&#8243; img_size=&#8221;large&#8221; qode_css_animation=&#8221;&#8221;][\/vc_column_inner][\/vc_row_inner][\/vc_column][\/vc_row][vc_row css_animation=&#8221;&#8221; row_type=&#8221;row&#8221; use_row_as_full_screen_section=&#8221;no&#8221; type=&#8221;full_width&#8221; angled_section=&#8221;no&#8221; text_align=&#8221;center&#8221; background_image_as_pattern=&#8221;without_pattern&#8221; css=&#8221;.vc_custom_1468932802545{padding-top: 108px !important;padding-bottom: 140px !important;}&#8221;][vc_column offset=&#8221;vc_col-lg-offset-2 vc_col-lg-8 vc_col-md-offset-1 vc_col-md-10&#8243;][vc_column_text]<\/p>\n<p style=\"text-align: left;\">Apartamenty OASIS znajduj\u0105 si\u0119 w Tolo, popularnym nadmorskim kurorcie, w sercu regionu Argolida. Blisko\u015b\u0107 morza, przyjazna atmosfera i ciep\u0142e uczucie go\u015bcinno\u015bci sprawiaj\u0105, \u017ce nasze apartamenty s\u0105 idealnym miejscem na rodzinne wakacje w Tolo.<br \/>\nNasz rodzinny hotel znajduje si\u0119 w centralnym miejscu Tolo. Dogodne po\u0142o\u017cenie jest bardzo wa\u017cne dla naszych go\u015bci, gdy\u017c daje im \u0142atwy dost\u0119p do supermaket\u00f3w, aptek, restauracji i sklep\u00f3w z pami\u0105tkami. Ta wyj\u0105tkowa lokalizacja jest szczeg\u00f3lnie ceniona przez wczasowicz\u00f3w z dzie\u0107mi.<br \/>\nApartamenty OASIS s\u0105 idealnym wyborem, je\u015bli my\u015bl\u0105 Pa\u0144stwo o rodzinnych wakacjach w Tolo. Przestronne pokoje z widokem na morze lub kwitn\u0105cy ogr\u00f3d z drzewami mandarynkowymi i aromatycznymi ro\u015blinami daj\u0105 poczucie ciep\u0142a i spokoju, zapewniaj\u0105c tym samym przyjemn\u0105 atmosfer\u0119 rodzinnego urlopu.<\/p>\n<p style=\"text-align: left;\">Apartamenty OASIS to doskonale wyposa\u017cone pokoje, z eleganckimi \u0142azienkami i prywatnymi balkonami, posiadaj\u0105ce wszystkie nowoczesne udogodnienia i sprz\u0119t niezb\u0119dny do przygotowania posi\u0142k\u00f3w. Du\u017c\u0105 zalet\u0105 naszych letnich apartament\u00f3w jest prywatny ogr\u00f3d. Nasz ogr\u00f3d, specjalnie zaprojektowany z my\u015bl\u0105 o komforcie naszych go\u015bci, jest doskonalym schronieniem przed upa\u0142em dnia. Nasi klienci maj\u0105 do swojej dyspozycji murowany grill, w kt\u00f3rym mog\u0105 przygotowa\u0107 kolacj\u0119 wed\u0142ug w\u0142asnego smaku. Prywatny wiecz\u00f3r w magicznej cz\u0119\u015bci ogrodu dope\u0142nia sielankowe wakacje w Apartamentach OASIS. B\u0119d\u0105c hotelem rodzinnym, OASIS nie zapomina o swoich ma\u0142ych go\u015bciach, a troska o nich jest nasz\u0105 podstawow\u0105 zasad\u0105. Pa\u0144stwa dzieci mog\u0105 k\u0105pa\u0107 si\u0119 w l\u015bni\u0105cych, czystych wodach Zatoki Argolidzkiej i wzbogaci\u0107 sw\u00f3j pobyt o szcz\u0119\u015bliwe chwile sp\u0119dzone na naszym prywatnym placu zabaw na trawie, wyposa\u017conym w hu\u015btawki i zje\u017cd\u017calnie.<\/p>\n<p style=\"text-align: left;\">Je\u015bli zdecydujecie si\u0119 Pa\u0144stwo na pobyt w Apartamentach Oasis, wybieracie tym samym spokojne rodzinne wakacje w bujnej nadmorskiej scenerii i jednocze\u015bnie niezapomnian\u0105 przygod\u0119, kt\u00f3r\u0105 oferuje Peloponez. Tolo jest znakomit\u0105 baz\u0105 wypadow\u0105 do s\u0142awnych archeologicznych zabytk\u00f3w staro\u017cytno\u015bci, takich jak Mykeny, Epidauros, Korynt, Tyryns, Argos, Sparta i pi\u0119kne miasto Nafplio. Wszystko to, w po\u0142\u0105czeniu z rozs\u0105dnymi cenami sprawia, \u017ce apartamenty OASIS to najlepszy wyb\u00f3r dla os\u00f3b poszukuj\u0105cych zakwaterowania o wysokim standardzie, relaksuj\u0105cych chwil rodzinnych oraz \u0142atwego dost\u0119pu do turystycznych i historycznych atrakcji. B\u0119dziemy bardzo szcz\u0119\u015bliwi mog\u0105c go\u015bci\u0107 Pa\u0144stwa u siebie!<\/p>\n<p>[\/vc_column_text][\/vc_column][\/vc_row][vc_row css_animation=&#8221;&#8221; row_type=&#8221;row&#8221; use_row_as_full_screen_section=&#8221;no&#8221; type=&#8221;full_width&#8221; angled_section=&#8221;no&#8221; text_align=&#8221;left&#8221; background_image_as_pattern=&#8221;without_pattern&#8221;][vc_column][vc_row_inner row_type=&#8221;row&#8221; type=&#8221;full_width&#8221; text_align=&#8221;left&#8221; css_animation=&#8221;&#8221;][vc_column_inner width=&#8221;1\/4&#8243;][vc_single_image image=&#8221;2588&#8243; img_size=&#8221;large&#8221; qode_css_animation=&#8221;&#8221;][\/vc_column_inner][vc_column_inner width=&#8221;1\/4&#8243;][vc_single_image image=&#8221;2578&#8243; img_size=&#8221;large&#8221; qode_css_animation=&#8221;&#8221;][\/vc_column_inner][vc_column_inner width=&#8221;1\/4&#8243;][vc_single_image image=&#8221;2591&#8243; img_size=&#8221;large&#8221; qode_css_animation=&#8221;&#8221;][\/vc_column_inner][vc_column_inner width=&#8221;1\/4&#8243;][vc_single_image image=&#8221;2565&#8243; img_size=&#8221;large&#8221; qode_css_animation=&#8221;&#8221;][\/vc_column_inner][\/vc_row_inner][\/vc_column][\/vc_row][vc_row css_animation=&#8221;&#8221; row_type=&#8221;row&#8221; use_row_as_full_screen_section=&#8221;no&#8221; type=&#8221;full_width&#8221; angled_section=&#8221;no&#8221; text_align=&#8221;center&#8221; background_image_as_pattern=&#8221;without_pattern&#8221; css=&#8221;.vc_custom_1468932802545{padding-top: 108px !important;padding-bottom: 140px !important;}&#8221;][vc_column offset=&#8221;vc_col-lg-offset-2 vc_col-lg-8 vc_col-md-offset-1 vc_col-md-10&#8243;][vc_column_text]<\/p>\n<h4 style=\"text-align: center;\">OBEJRZYJ WIDEO PREZENTUJ\u0104CE APARTAMENTY OASIS<\/h4>\n<p>[\/vc_column_text][vc_empty_space][vc_video link=&#8221;https:\/\/youtu.be\/cbRSijposJM&#8221; el_width=&#8221;60&#8243; align=&#8221;center&#8221;][vc_empty_space][vc_column_text]<\/p>\n<p style=\"text-align: left;\">Witam! Mam na imi\u0119 Michalina. Tutaj w Tolo, z turystki sta\u0142am si\u0119 hotelark\u0105. Moje \u017cycie po\u015bwi\u0119cone jest prowadzeniu urokliwego rodzinnego hotelu nad brzegiem Zatoki Argolidzkiej. Jednocze\u015bnie jestem mam\u0105 dw\u00f3ch ma\u0142ych \u00a8hobbit\u00f3w\u00a8 i \u017con\u0105 przystojnego greckiego rolnika. Emocjonalnie wci\u0105\u017c zwi\u0105zana ze swoim rodzinnym krajem, Polsk\u0105, jestem r\u00f3wnocze\u015bnie zakr\u0119cona na pukncie greckiej historii, muzyki i tradycyjnych greckich ta\u0144c\u00f3w.<\/p>\n<p style=\"text-align: left;\">Mog\u0119 przemieni\u0107 Twoje wakacje w Grecji w radosne i ekscytuj\u0105ce do\u015bwiadczenie. Zapytaj mnie o pomys\u0142y! Niestety, nie mog\u0119 za\u015bpiewa\u0107 ani zagra\u0107 na instrumencie muzycznym (ale z pewno\u015bci\u0105 pomog\u0119 Ci zaplanowa\u0107 wakacje na Peloponezie i zapewni\u0119 komfortowe zakwaterowanie z dala od domu).<\/p>\n<p style=\"text-align: left;\">Ale wystarczaj\u0105co du\u017co o mnie &#8211; porozmawiajmy o Tobie. Niezale\u017cnie od tego, czy jeste\u015b w\u0142a\u015bcicielem firmy, pracownikiem, matk\u0105 wychowuj\u0105c\u0105 swoje dzieci, czy kobiet\u0105 pracuj\u0105c\u0105 przez ca\u0142y dzie\u0144 na wysokich obcasach i obrotach, studentem, fryzjerem czy kierowc\u0105 &#8211; musisz mie\u0107 wakacje, by zrelaksowa\u0107 si\u0119 i odpocz\u0105\u0107 od swoich codziennych obowi\u0105zk\u00f3w.<\/p>\n<p style=\"text-align: left;\">Oferujemy Ci znacznie wi\u0119cej ni\u017c tylko zakwaterowanie\u2026<\/p>\n<p>[\/vc_column_text][vc_empty_space height=&#8221;30px&#8221;][\/vc_column][\/vc_row][vc_row css_animation=&#8221;&#8221; row_type=&#8221;row&#8221; use_row_as_full_screen_section=&#8221;no&#8221; type=&#8221;full_width&#8221; angled_section=&#8221;no&#8221; text_align=&#8221;left&#8221; background_image_as_pattern=&#8221;without_pattern&#8221;][vc_column]<div class=\"call_to_action normal\" style=\"background-color: rgba(167,98,98,0.88);\"><div class=\"container_inner\"><div class=\"two_columns_75_25 clearfix\"><div class=\"text_wrapper column1\"><div class=\"call_to_action_text \" style=\"\"><\/p>\n<h3><span style=\"color: #ffffff;\">POBYT W APARTAMENTACH OASIS W TOLO, ARGOLIDA<\/span><\/h3>\n<p><\/div><\/div><div class=\"button_wrapper column2\"><a itemprop=\"url\" href=\"https:\/\/oasisapatmentstolo.reserve-online.net\/\" class=\"qbutton white \" target=\"_self\" style=\"color: #000000;border-color: #000000;\"data-hover-border-color=#ffffff data-hover-color=#a2a2a2>ZAREZERWUJ<\/a><\/div><\/div><\/div><\/div>[\/vc_column][\/vc_row]<\/p>\n","protected":false},"excerpt":{"rendered":"<p>[vc_row css_animation=&#8221;&#8221; row_type=&#8221;row&#8221; use_row_as_full_screen_section=&#8221;no&#8221; type=&#8221;full_width&#8221; angled_section=&#8221;no&#8221; text_align=&#8221;left&#8221; background_image_as_pattern=&#8221;without_pattern&#8221;][vc_column][vc_empty_space][\/vc_column][\/vc_row][vc_row css_animation=&#8221;&#8221; row_type=&#8221;row&#8221; use_row_as_full_screen_section=&#8221;no&#8221; type=&#8221;full_width&#8221; angled_section=&#8221;no&#8221; text_align=&#8221;left&#8221; background_image_as_pattern=&#8221;without_pattern&#8221;][vc_column][vc_column_text] APARTAMENTY OASIS [\/vc_column_text][vc_separator type=&#8221;small&#8221; position=&#8221;center&#8221; up=&#8221;7&#8243; down=&#8221;38&#8243;][vc_column_text] Po\u0142o\u017cone w nadmorskim kurorcie Tolo Apartamenty Oasis \u0142\u0105cz\u0105 nowoczesny komfort z tradycyjn\u0105 go\u015bcinno\u015bci\u0105, zapewniaj\u0105c tym samym chwile absolutnego relaksu. [\/vc_column_text][vc_empty_space][vc_row_inner row_type=&#8221;row&#8221; type=&#8221;full_width&#8221; text_align=&#8221;left&#8221;&#8230;<\/p>\n","protected":false},"author":1,"featured_media":0,"parent":0,"menu_order":41,"comment_status":"closed","ping_status":"closed","template":"full_width.php","meta":[],"yoast_head":"<!-- This site is optimized with the Yoast SEO plugin v15.2.1 - https:\/\/yoast.com\/wordpress\/plugins\/seo\/ -->\n<meta name=\"description\" content=\"Po\u0142o\u017cone w nadmorskim kurorcie Tolo Apartamenty Oasis \u0142\u0105cz\u0105 nowoczesny komfort z tradycyjn\u0105 go\u015bcinno\u015bci\u0105, zapewniaj\u0105c tym samym chwile absolutnego relaksu.\" \/>\n<meta name=\"robots\" content=\"index, follow, max-snippet:-1, max-image-preview:large, max-video-preview:-1\" \/>\n<link rel=\"canonical\" href=\"https:\/\/oasis-apartments.gr\/pl\/nasza-filozofia\/\" \/>\n<meta property=\"og:locale\" content=\"pl_PL\" \/>\n<meta property=\"og:type\" content=\"article\" \/>\n<meta property=\"og:title\" content=\"NASZA FILOZOFIA - Oasis Apartmenty Tolo Greece\" \/>\n<meta property=\"og:description\" content=\"Po\u0142o\u017cone w nadmorskim kurorcie Tolo Apartamenty Oasis \u0142\u0105cz\u0105 nowoczesny komfort z tradycyjn\u0105 go\u015bcinno\u015bci\u0105, zapewniaj\u0105c tym samym chwile absolutnego relaksu.\" \/>\n<meta property=\"og:url\" content=\"https:\/\/oasis-apartments.gr\/pl\/nasza-filozofia\/\" \/>\n<meta property=\"og:site_name\" content=\"Oasis Apartments | Tolo Argolis\" \/>\n<meta property=\"article:modified_time\" content=\"2023-05-22T13:55:57+00:00\" \/>\n<meta name=\"twitter:card\" content=\"summary\" \/>\n<meta name=\"twitter:label1\" content=\"Written by\">\n\t<meta name=\"twitter:data1\" content=\"gkoutsopoulos\">\n\t<meta name=\"twitter:label2\" content=\"Est. reading time\">\n\t<meta name=\"twitter:data2\" content=\"5 minut\">\n<script type=\"application\/ld+json\" class=\"yoast-schema-graph\">{\"@context\":\"https:\/\/schema.org\",\"@graph\":[{\"@type\":\"WebSite\",\"@id\":\"https:\/\/oasis-apartments.gr\/en\/#website\",\"url\":\"https:\/\/oasis-apartments.gr\/en\/\",\"name\":\"Oasis Apartments | Tolo Argolis\",\"description\":\"Seaside resort in Tolo, Nafplion Greece\",\"potentialAction\":[{\"@type\":\"SearchAction\",\"target\":\"https:\/\/oasis-apartments.gr\/en\/?s={search_term_string}\",\"query-input\":\"required name=search_term_string\"}],\"inLanguage\":\"pl-PL\"},{\"@type\":\"WebPage\",\"@id\":\"https:\/\/oasis-apartments.gr\/pl\/nasza-filozofia\/#webpage\",\"url\":\"https:\/\/oasis-apartments.gr\/pl\/nasza-filozofia\/\",\"name\":\"NASZA FILOZOFIA - Oasis Apartmenty Tolo Greece\",\"isPartOf\":{\"@id\":\"https:\/\/oasis-apartments.gr\/en\/#website\"},\"datePublished\":\"2016-07-19T09:48:44+00:00\",\"dateModified\":\"2023-05-22T13:55:57+00:00\",\"description\":\"Po\\u0142o\\u017cone w nadmorskim kurorcie Tolo Apartamenty Oasis \\u0142\\u0105cz\\u0105 nowoczesny komfort z tradycyjn\\u0105 go\\u015bcinno\\u015bci\\u0105, zapewniaj\\u0105c tym samym chwile absolutnego relaksu.\",\"inLanguage\":\"pl-PL\",\"potentialAction\":[{\"@type\":\"ReadAction\",\"target\":[\"https:\/\/oasis-apartments.gr\/pl\/nasza-filozofia\/\"]}]}]}<\/script>\n<!-- \/ Yoast SEO plugin. -->","_links":{"self":[{"href":"https:\/\/oasis-apartments.gr\/pl\/wp-json\/wp\/v2\/pages\/1944"}],"collection":[{"href":"https:\/\/oasis-apartments.gr\/pl\/wp-json\/wp\/v2\/pages"}],"about":[{"href":"https:\/\/oasis-apartments.gr\/pl\/wp-json\/wp\/v2\/types\/page"}],"author":[{"embeddable":true,"href":"https:\/\/oasis-apartments.gr\/pl\/wp-json\/wp\/v2\/users\/1"}],"replies":[{"embeddable":true,"href":"https:\/\/oasis-apartments.gr\/pl\/wp-json\/wp\/v2\/comments?post=1944"}],"version-history":[{"count":2,"href":"https:\/\/oasis-apartments.gr\/pl\/wp-json\/wp\/v2\/pages\/1944\/revisions"}],"predecessor-version":[{"id":2653,"href":"https:\/\/oasis-apartments.gr\/pl\/wp-json\/wp\/v2\/pages\/1944\/revisions\/2653"}],"wp:attachment":[{"href":"https:\/\/oasis-apartments.gr\/pl\/wp-json\/wp\/v2\/media?parent=1944"}],"curies":[{"name":"wp","href":"https:\/\/api.w.org\/{rel}","templated":true}]}}