
{"id":1940,"date":"2016-08-24T16:26:39","date_gmt":"2016-08-24T13:26:39","guid":{"rendered":"http:\/\/oasis-apartments.gr\/offers-php\/"},"modified":"2018-09-20T11:56:51","modified_gmt":"2018-09-20T08:56:51","slug":"oferty","status":"publish","type":"page","link":"https:\/\/oasis-apartments.gr\/pl\/oferty\/","title":{"rendered":"OFERTY"},"content":{"rendered":"<p>[vc_row row_type=&#8221;row&#8221; use_row_as_full_screen_section=&#8221;no&#8221; type=&#8221;full_width&#8221; angled_section=&#8221;no&#8221; text_align=&#8221;left&#8221; background_image_as_pattern=&#8221;without_pattern&#8221; css_animation=&#8221;&#8221;][vc_column][vc_empty_space][vc_column_text]<\/p>\n<h2 style=\"text-align: center;\">SPRAWD\u0179 NASZE OFERTY<\/h2>\n<p>[\/vc_column_text][vc_separator type=&#8221;small&#8221; position=&#8221;center&#8221; up=&#8221;7&#8243; down=&#8221;38&#8243;][vc_row_inner row_type=&#8221;row&#8221; type=&#8221;full_width&#8221; text_align=&#8221;left&#8221; css_animation=&#8221;&#8221;][vc_column_inner width=&#8221;1\/6&#8243;][\/vc_column_inner][vc_column_inner width=&#8221;2\/3&#8243;][vc_column_text]<\/p>\n<h4 style=\"text-align: center;\">Zarezerwuj jeden z naszych pokoi. Skorzystaj z bardzo atrakcyjnych<br \/>\ncenowo ofert i ciesz si\u0119 pobudzaj\u0105c\u0105 si\u0142\u0105 wakacji w pi\u0119knej miejscowo\u015bci Tolo, w Argolidzie.<\/h4>\n<p>[\/vc_column_text][\/vc_column_inner][vc_column_inner width=&#8221;1\/6&#8243;][\/vc_column_inner][\/vc_row_inner][\/vc_column][\/vc_row][vc_row row_type=&#8221;row&#8221; use_row_as_full_screen_section=&#8221;no&#8221; type=&#8221;grid&#8221; angled_section=&#8221;no&#8221; text_align=&#8221;left&#8221; background_image_as_pattern=&#8221;without_pattern&#8221; padding_top=&#8221;80&#8243; padding_bottom=&#8221;95&#8243; css_animation=&#8221;&#8221;][vc_column][vc_separator type=&#8221;transparent&#8221; up=&#8221;26&#8243; down=&#8221;0&#8243;]<div class='cover_boxes' data-active-element='3'><ul class='clearfix'><li><div class='box'><a itemprop='url' class='thumb' href='https:\/\/oasisapatmentstolo.reserve-online.net\/' target='_parent'><img itemprop='image' alt='OFERTA LETNIA' src='https:\/\/oasis-apartments.gr\/wp-content\/uploads\/2016\/08\/cover-box-1.jpg' \/><\/a><div class='box_content'><h3 >OFERTA LETNIA<\/h3><p >Niesamowite oferty, dzi\u0119ki kt\u00f3rym mo\u017cesz podarowa\u0107 swoim bliskim najlepszy prezent na wyj\u0105tkowe letnie wakacje.<\/p><a itemprop='url' class='qbutton tiny' href='https:\/\/oasisapatmentstolo.reserve-online.net\/' target='_parent'>ZAREZERWUJ<\/a><\/div><\/div><\/li><li><div class='box'><a itemprop='url' class='thumb' href='https:\/\/oasisapatmentstolo.reserve-online.net\/' target='_self'><img itemprop='image' alt='BONUSY NA ZAKWATEROWANIE' src='https:\/\/oasis-apartments.gr\/wp-content\/uploads\/2016\/08\/cover-box-1-2.jpg' \/><\/a><div class='box_content'><h3 >BONUSY NA ZAKWATEROWANIE<\/h3><p >Po dokonaniu rezerwacji masz zapewnione bonusy rabatowe. Skontaktuj si\u0119 z nami, podaj\u0105c szczeg\u00f3\u0142y Twojej rezerwacji.<\/p><a itemprop='url' class='qbutton tiny' href='https:\/\/oasisapatmentstolo.reserve-online.net\/' target='_self'>ZAREZERWUJ<\/a><\/div><\/div><\/li><li><div class='box'><a itemprop='url' class='thumb' href='https:\/\/oasisapatmentstolo.reserve-online.net\/' target='_self'><img itemprop='image' alt='POBYT TRZYDNIOWY' src='https:\/\/oasis-apartments.gr\/wp-content\/uploads\/2016\/08\/cover-box-1-1.jpg' \/><\/a><div class='box_content'><h3 >POBYT TRZYDNIOWY<\/h3><p >Zosta\u0144 z nami przez 3 kolejne noce i zyskaj wi\u0119cej wakacyjnego czasu! Umo\u017cliwiamy wymeldowanie w godzinach p\u00f3\u017anopopo\u0142udniowych (w zale\u017cno\u015bci od dost\u0119pno\u015bci pokoi).<\/p><a itemprop='url' class='qbutton tiny' href='https:\/\/oasisapatmentstolo.reserve-online.net\/' target='_self'>ZAREZERWUJ<\/a><\/div><\/div><\/li><\/ul><\/div>[vc_separator type=&#8221;transparent&#8221; up=&#8221;26&#8243; down=&#8221;0&#8243;][\/vc_column][\/vc_row][vc_row row_type=&#8221;row&#8221; use_row_as_full_screen_section=&#8221;no&#8221; type=&#8221;full_width&#8221; angled_section=&#8221;no&#8221; text_align=&#8221;left&#8221; background_image_as_pattern=&#8221;without_pattern&#8221; css_animation=&#8221;&#8221;][vc_column]<div class=\"call_to_action normal\" style=\"background-color: rgba(167,98,98,0.88);\"><div class=\"container_inner\"><div class=\"two_columns_75_25 clearfix\"><div class=\"text_wrapper column1\"><div class=\"call_to_action_text \" style=\"\"><\/p>\n<h3><span style=\"color: #ffffff;\">POBYT W APARTAMENTACH OASIS W TOLO, ARGOLIDA<\/span><\/h3>\n<p><\/div><\/div><div class=\"button_wrapper column2\"><a itemprop=\"url\" href=\"https:\/\/oasisapatmentstolo.reserve-online.net\/\" class=\"qbutton white \" target=\"_self\" style=\"color: #000000;border-color: #000000;\"data-hover-border-color=#ffffff data-hover-color=#a2a2a2>ZAREZERWUJ<\/a><\/div><\/div><\/div><\/div>[\/vc_column][\/vc_row]<\/p>\n","protected":false},"excerpt":{"rendered":"<p>[vc_row row_type=&#8221;row&#8221; use_row_as_full_screen_section=&#8221;no&#8221; type=&#8221;full_width&#8221; angled_section=&#8221;no&#8221; text_align=&#8221;left&#8221; background_image_as_pattern=&#8221;without_pattern&#8221; css_animation=&#8221;&#8221;][vc_column][vc_empty_space][vc_column_text] SPRAWD\u0179 NASZE OFERTY [\/vc_column_text][vc_separator type=&#8221;small&#8221; position=&#8221;center&#8221; up=&#8221;7&#8243; down=&#8221;38&#8243;][vc_row_inner row_type=&#8221;row&#8221; type=&#8221;full_width&#8221; text_align=&#8221;left&#8221; css_animation=&#8221;&#8221;][vc_column_inner width=&#8221;1\/6&#8243;][\/vc_column_inner][vc_column_inner width=&#8221;2\/3&#8243;][vc_column_text] Zarezerwuj jeden z naszych pokoi. Skorzystaj z bardzo atrakcyjnych cenowo ofert i ciesz si\u0119 pobudzaj\u0105c\u0105 si\u0142\u0105 wakacji w pi\u0119knej miejscowo\u015bci Tolo, w Argolidzie&#8230;.<\/p>\n","protected":false},"author":1,"featured_media":0,"parent":0,"menu_order":42,"comment_status":"closed","ping_status":"closed","template":"full_width.php","meta":[],"yoast_head":"<!-- This site is optimized with the Yoast SEO plugin v15.2.1 - https:\/\/yoast.com\/wordpress\/plugins\/seo\/ -->\n<meta name=\"description\" content=\"Zarezerwuj jeden z naszych pokoi. Skorzystaj z bardzo atrakcyjnych cenowo ofert i ciesz si\u0119 pobudzaj\u0105c\u0105 si\u0142\u0105 wakacji w pi\u0119knej miejscowo\u015bci Tolo Argolidzie\" \/>\n<meta name=\"robots\" content=\"index, follow, max-snippet:-1, max-image-preview:large, max-video-preview:-1\" \/>\n<link rel=\"canonical\" href=\"https:\/\/oasis-apartments.gr\/pl\/oferty\/\" \/>\n<meta property=\"og:locale\" content=\"pl_PL\" \/>\n<meta property=\"og:type\" content=\"article\" \/>\n<meta property=\"og:title\" content=\"OFERTY - Oasis Apartmenty | Tolo w Argolidzie Greece\" \/>\n<meta property=\"og:description\" content=\"Zarezerwuj jeden z naszych pokoi. Skorzystaj z bardzo atrakcyjnych cenowo ofert i ciesz si\u0119 pobudzaj\u0105c\u0105 si\u0142\u0105 wakacji w pi\u0119knej miejscowo\u015bci Tolo Argolidzie\" \/>\n<meta property=\"og:url\" content=\"https:\/\/oasis-apartments.gr\/pl\/oferty\/\" \/>\n<meta property=\"og:site_name\" content=\"Oasis Apartments | Tolo Argolis\" \/>\n<meta property=\"article:modified_time\" content=\"2018-09-20T08:56:51+00:00\" \/>\n<meta name=\"twitter:card\" content=\"summary\" \/>\n<meta name=\"twitter:label1\" content=\"Written by\">\n\t<meta name=\"twitter:data1\" content=\"gkoutsopoulos\">\n\t<meta name=\"twitter:label2\" content=\"Est. reading time\">\n\t<meta name=\"twitter:data2\" content=\"2 minuty\">\n<script type=\"application\/ld+json\" class=\"yoast-schema-graph\">{\"@context\":\"https:\/\/schema.org\",\"@graph\":[{\"@type\":\"WebSite\",\"@id\":\"https:\/\/oasis-apartments.gr\/en\/#website\",\"url\":\"https:\/\/oasis-apartments.gr\/en\/\",\"name\":\"Oasis Apartments | Tolo Argolis\",\"description\":\"Seaside resort in Tolo, Nafplion Greece\",\"potentialAction\":[{\"@type\":\"SearchAction\",\"target\":\"https:\/\/oasis-apartments.gr\/en\/?s={search_term_string}\",\"query-input\":\"required name=search_term_string\"}],\"inLanguage\":\"pl-PL\"},{\"@type\":\"WebPage\",\"@id\":\"https:\/\/oasis-apartments.gr\/pl\/oferty\/#webpage\",\"url\":\"https:\/\/oasis-apartments.gr\/pl\/oferty\/\",\"name\":\"OFERTY - Oasis Apartmenty | Tolo w Argolidzie Greece\",\"isPartOf\":{\"@id\":\"https:\/\/oasis-apartments.gr\/en\/#website\"},\"datePublished\":\"2016-08-24T13:26:39+00:00\",\"dateModified\":\"2018-09-20T08:56:51+00:00\",\"description\":\"Zarezerwuj jeden z naszych pokoi. Skorzystaj z bardzo atrakcyjnych cenowo ofert i ciesz si\\u0119 pobudzaj\\u0105c\\u0105 si\\u0142\\u0105 wakacji w pi\\u0119knej miejscowo\\u015bci Tolo Argolidzie\",\"inLanguage\":\"pl-PL\",\"potentialAction\":[{\"@type\":\"ReadAction\",\"target\":[\"https:\/\/oasis-apartments.gr\/pl\/oferty\/\"]}]}]}<\/script>\n<!-- \/ Yoast SEO plugin. -->","_links":{"self":[{"href":"https:\/\/oasis-apartments.gr\/pl\/wp-json\/wp\/v2\/pages\/1940"}],"collection":[{"href":"https:\/\/oasis-apartments.gr\/pl\/wp-json\/wp\/v2\/pages"}],"about":[{"href":"https:\/\/oasis-apartments.gr\/pl\/wp-json\/wp\/v2\/types\/page"}],"author":[{"embeddable":true,"href":"https:\/\/oasis-apartments.gr\/pl\/wp-json\/wp\/v2\/users\/1"}],"replies":[{"embeddable":true,"href":"https:\/\/oasis-apartments.gr\/pl\/wp-json\/wp\/v2\/comments?post=1940"}],"version-history":[{"count":0,"href":"https:\/\/oasis-apartments.gr\/pl\/wp-json\/wp\/v2\/pages\/1940\/revisions"}],"wp:attachment":[{"href":"https:\/\/oasis-apartments.gr\/pl\/wp-json\/wp\/v2\/media?parent=1940"}],"curies":[{"name":"wp","href":"https:\/\/api.w.org\/{rel}","templated":true}]}}