
{"id":1936,"date":"2016-08-30T13:02:06","date_gmt":"2016-08-30T10:02:06","guid":{"rendered":"http:\/\/oasis-apartments.gr\/suxnes-erwthseis-gia-to-tolo\/"},"modified":"2020-06-16T14:52:53","modified_gmt":"2020-06-16T11:52:53","slug":"najczesciej-zadawane-pytania","status":"publish","type":"page","link":"https:\/\/oasis-apartments.gr\/pl\/najczesciej-zadawane-pytania\/","title":{"rendered":"NAJCZ\u0118\u015aCIEJ ZADAWANE"},"content":{"rendered":"<p>[vc_row row_type=&#8221;row&#8221; use_row_as_full_screen_section=&#8221;no&#8221; type=&#8221;full_width&#8221; angled_section=&#8221;no&#8221; text_align=&#8221;left&#8221; background_image_as_pattern=&#8221;without_pattern&#8221; css_animation=&#8221;&#8221;][vc_column][vc_empty_space][vc_column_text]<\/p>\n<h2 style=\"text-align: center;\">NAJCZ\u0118\u015aCIEJ ZADAWANE PYTANIA<\/h2>\n<p>[\/vc_column_text][vc_separator type=&#8221;small&#8221; position=&#8221;center&#8221; up=&#8221;7&#8243; down=&#8221;38&#8243;][vc_row_inner row_type=&#8221;row&#8221; type=&#8221;full_width&#8221; text_align=&#8221;left&#8221; css_animation=&#8221;&#8221;][vc_column_inner width=&#8221;1\/6&#8243;][\/vc_column_inner][vc_column_inner width=&#8221;2\/3&#8243;][vc_column_text]<\/p>\n<h4 style=\"text-align: center;\">W razie jakichkolwiek pyta\u0144, pracownicy<br \/>\nApartament\u00f3w Oasis s\u0105 zawsze do Pa\u0144stwa dyspozycji!!!<\/h4>\n<p>[\/vc_column_text][\/vc_column_inner][vc_column_inner width=&#8221;1\/6&#8243;][\/vc_column_inner][\/vc_row_inner][\/vc_column][\/vc_row][vc_row row_type=&#8221;row&#8221; use_row_as_full_screen_section=&#8221;no&#8221; type=&#8221;full_width&#8221; angled_section=&#8221;no&#8221; text_align=&#8221;left&#8221; background_image_as_pattern=&#8221;without_pattern&#8221; css_animation=&#8221;&#8221;][vc_column width=&#8221;1\/6&#8243;][\/vc_column][vc_column width=&#8221;2\/3&#8243;][vc_empty_space height=&#8221;50px&#8221;][vc_empty_space height=&#8221;50px&#8221;][vc_accordion active_tab=&#8221;1&#8243; style=&#8221;accordion&#8221;][vc_accordion_tab title=&#8221;JAK DOSTA\u0106 SI\u0118 DO APARTAMENT\u00d3W OASIS?&#8221;][vc_column_text]Apartamenty OASIS znajduj\u0105 si\u0119 zaledwie 200 metr\u00f3w od pla\u017cy Tolo, w centrum miejscowo\u015bci. Dzi\u0119ki swojemu po\u0142o\u017ceniu &#8211; lekko pod g\u00f3r\u0119 &#8211; go\u015bcie mog\u0105 cieszy\u0107 si\u0119 relaksuj\u0105c\u0105 atmosfer\u0105 i wspania\u0142ym widokiem z balkon\u00f3w.<\/p>\n<p>Je\u015bli przyje\u017cd\u017casz z Aten, kieruj si\u0119 na krajow\u0105 autostrad\u0119 Korynt &#8211; Tripolis i pod\u0105\u017caj za drogowskazami pokazuj\u0105cymi Nafplio. Przed Nafplio szukaj drogowskaz\u00f3w do Tolo.<br \/>\nPrzed przybyciem do Tolo znajdziesz znaki prowadz\u0105ce do podmiejskiej drogi, a stamt\u0105d prosto do naszego hotelu.<br \/>\nJe\u015bli podr\u00f3\u017cujesz autobusem, najpierw musisz dosta\u0107 si\u0119 do terminalu autobusowego KTEL (autobusy krajowe) na ulicy Kifissou i z\u0142apa\u0107 autobus do Nafplio (2,5 godziny). Z Nafplio co godzin\u0119 kursuje autobus do Tolo.<br \/>\nOdleg\u0142o\u015b\u0107 w godzinach (oko\u0142o) z Tolo do:<\/p>\n<p>\u2022 Ateny 2 godz.<br \/>\n\u2022 Patra 2.5 godz.<br \/>\n\u2022 Mykeny 30 min.<br \/>\n\u2022 Staro\u017cytny teatr Epidauros 30 min.<br \/>\n\u2022 Korynt 45 min.<br \/>\n\u2022 Staro\u017cytna Olimpia 3 godz.<br \/>\n\u2022 Nafplio 10 min.<br \/>\n\u2022 Argos 20 min.<br \/>\n\u2022 Idra (morzem) 3 godz.<br \/>\n\u2022 Spetsa(morzem) 1.5 godz.<\/p>\n<p><strong><a href=\"https:\/\/oasisapatmentstolo.reserve-online.net\/directions\">Znajd\u017a nas na mapie!<\/a><\/strong>[\/vc_column_text][\/vc_accordion_tab][vc_accordion_tab title=&#8221;JAKIE JEST TOLO?&#8221;][vc_column_text]Tolo to turystyczna wioska rybacka. Znajduje si\u0119 w prefekturze Argolida, 11 km od Nafplio i 159 km od Aten. Miejscowo\u015b\u0107 rozci\u0105ga si\u0119 wzd\u0142u\u017c du\u017cej pla\u017cy na brzegu Zatoki Argolidzkiej. Okolica zosta\u0142a gruntownie zabudowana w latach 60-tych i 70-tych, w chaotycznym i pozbawionym smaku stylu typowym dla tego okresu. Dzi\u0119ki swojej pla\u017cy (Psili Ammos) w Tolo silnie rozwin\u0119\u0142a si\u0119 turystyka.<\/p>\n<p>[\/vc_column_text][\/vc_accordion_tab][vc_accordion_tab title=&#8221;CO WARTO ZWIEDZI\u0106 W TOLO?&#8221;][vc_column_text]Pla\u017ca, s\u0142o\u0144ce, dzieci bawi\u0105ce si\u0119 na piasku, popo\u0142udniowe spacery po ulicach Bouboulinas i Sekeri z lodami w d\u0142oni &#8230; Wspomnienia z wakacji w Tolo, cho\u0107 s\u0142odkie, zawsze maj\u0105 smak morskiej soli.<br \/>\nNie przez przypadek okolica oferuje wszystko, czego pragnie Twoje serce. Tradycyjna go\u015bcinno\u015b\u0107 (kt\u00f3rej wszyscy potrzebujemy), naturalne pi\u0119kno, idealne po\u0142o\u017cenie geograficzne na wycieczki do pobliskich zabytk\u00f3w archeologicznych i oczywi\u015bcie pi\u0119kne, roziskrzone, czyste morze!<\/p>\n<p>Je\u015bli chodzi o zakwaterowanie, w Tolo znajdziesz ogromny wyb\u00f3r hoteli, umeblowanych apartament\u00f3w i pokoi do wynaj\u0119cia. Czy pyta\u0142e\u015b o jedzenie? Nie ma potrzeby! Znajdziesz wiele r\u00f3\u017cnorodnych propozycji (\u015bwie\u017ce ryby, lokalne mi\u0119so, fast food), a mi\u0142o\u015bnicy nocnej rozrywki tak\u017ce nie b\u0119d\u0105 musieli szuka\u0107 daleko &#8211; przecie\u017c Tolo s\u0142ynnie z kawiarni i bar\u00f3w.<\/p>\n<p>Z Tolo mo\u017cesz wybra\u0107 si\u0119 na wycieczki l\u0105dem do staro\u017cytnego Asini, Epidauros, Tyrynsu, Myken czy Nafplio, podczas gdy statki wycieczkowe zabior\u0105 Ci\u0119 na wyspy Spetsa, Idra, Poros czy do miasta Monemvasia.<br \/>\n-Wsp\u00f3\u0142czesna historia Tolo rozpoczyna si\u0119 w 1830 roku, kiedy powsta\u0142a wsp\u00f3lnota Minoa, ale Tolo by\u0142o ju\u017c wspomniane przez Homera!<\/p>\n<p>-Psili Ammos, pla\u017ca Tolo, jest uwa\u017cana za jedn\u0105 z ulubionych pla\u017c niedaleko Nafplio. Opr\u00f3cz z\u0142otego piasku, kolejn\u0105 zalet\u0105 jest mo\u017cliwo\u015b\u0107 uprawiania tu sport\u00f3w wodnych.<\/p>\n<p>&#8211; \u0141odzi\u0105 mo\u017cesz te\u017c odwiedzi\u0107 inne pla\u017ce, takie jak Plaka i Kondyli.<\/p>\n<p><strong><a href=\"http:\/\/oasis-apartments.gr\/pl\/news-blog\/\">Sprawd\u017a nasz blog, gdzie znajdziesz wi\u0119cej artyku\u0142\u00f3w o Tolo!<\/a><\/strong>[\/vc_column_text][\/vc_accordion_tab][vc_accordion_tab title=&#8221;JAKIE S\u0104 GODZINY ZAMELDOWANIA\/WYMELDOWANOIA&#8221;][vc_column_text]Zameldowanie odbywa si\u0119 w godz. od 15:00, a wymeldowanie do 11:00.<\/p>\n<p>Zatrzymaj si\u0119 na trzy kolejne noce, a my zaoferujemy Ci opcj\u0119 p\u00f3\u017anego wymeldowania po po\u0142udniu, w zale\u017cno\u015bci od dost\u0119pno\u015bci pokoi.<\/p>\n<p><strong><a href=\"http:\/\/oasis-apartments.gr\/pl\/offers\/\">Odkryj wi\u0119cej ofert!<\/a><\/strong>[\/vc_column_text][\/vc_accordion_tab][vc_accordion_tab title=&#8221;KT\u00d3RE MIEJSCA W TOLO POLECAMY DLA SZUKAJ\u0104CYCH ROZRYWKI?&#8221;][vc_column_text]W\u0119druj po okolicy i skosztuj lokalnej kuchni w uroczych tawernach lub wypij drinka w jednym z bar\u00f3w. Nie musisz daleko szuka\u0107 &#8211; w ko\u0144cu Tolo s\u0142ynie z kawiarni i bar\u00f3w.<br \/>\n<strong><a href=\"https:\/\/oasisapatmentstolo.reserve-online.net\/\">Zarezerwuj teraz!<\/a><\/strong>[\/vc_column_text][\/vc_accordion_tab][vc_accordion_tab title=&#8221;CO MO\u017bNA ROBI\u0106 W OKOLICACH TOLO?&#8221;][vc_column_text]Tolo w Argolidzie na Peloponezie jest idealnym miejscem do sp\u0119dzania czasu na \u015bwie\u017cym powietrzu. Firmy specjalizuj\u0105ce si\u0119 w r\u00f3\u017cnych formach aktywno\u015bci czekaj\u0105 aby zaoferowa\u0107 Tw\u00f3j ulubiony rodzaj sportu lub innej aktywno\u015bci.<\/p>\n<p>Znajd\u017a swoje ulubione zaj\u0119cia w Tolo, a dodatkowo ciesz si\u0119 wypoczynkiem z gor\u0105c\u0105 lub mro\u017con\u0105 kaw\u0105 na pla\u017cy w Nafplio. Je\u015bli jeszcze nie jeste\u015b fanem \u017cadnych sport\u00f3w, prze\u0142am si\u0119 i znajd\u017a instruktora z jednej ze szk\u00f3\u0142 znajduj\u0105cych si\u0119 w Tolo i oferuj\u0105cych:<\/p>\n<p>Rejsy<br \/>\nNurkowanie<br \/>\nTrekking<br \/>\nJazd\u0119 konn\u0105<br \/>\nJazd\u0119 na rowerze itd&#8230;<\/p>\n<p>W razie jakichkolwiek pyta\u0144, pracownicy Apartament\u00f3w Oasis s\u0105 zawsze do Pa\u0144stwa dyspozycji!!!<\/p>\n<p><strong><a href=\"http:\/\/oasis-apartments.gr\/pl\/experiences\/\">Sprawd\u017a jakie aktywno\u015bci na swie\u017cym powietrzu mo\u017cesz uprawia\u0107 w Tolo!<\/a><\/strong>[\/vc_column_text][\/vc_accordion_tab][vc_accordion_tab title=&#8221;CZY APARTAMENTY OASIS S\u0104 ODPOWIEDNIE DLA RODZIN Z DZIE\u0106MI?&#8221;][vc_column_text]B\u0119d\u0105c hotelem rodzinnym, OASIS nie zapomina o swoich ma\u0142ych go\u015bciach, a troska o nich jest nasz\u0105 podstawow\u0105 zasad\u0105. Wasze dzieci mog\u0105 k\u0105pa\u0107 si\u0119 w l\u015bni\u0105cych, czystych wodach Zatoki Argolidzkiej i wzbogaci\u0107 sw\u00f3j pobyt o szcz\u0119\u015bliwe chwile sp\u0119dzone na naszym prywatnym placu zabaw na trawie, wyposa\u017conym w hu\u015btawki i zje\u017cd\u017calnie. Je\u015bli zdecydujecie si\u0119 Pa\u0144stwo na pobyt w Apartamentach Oasis, wybieracie tym samym spokojne, rodzinne wakacje w bujnej, nadmorskiej scenerii i jednocze\u015bnie niezapomnian\u0105 przygod\u0119, kt\u00f3r\u0105 oferuje Peloponez.<\/p>\n<p><strong><a href=\"https:\/\/oasisapatmentstolo.reserve-online.net\/about\">Zobacz szczeg\u00f3\u0142y dotycz\u0105ce us\u0142ug oferowanych przez nasz hotel!<\/a><\/strong>[\/vc_column_text][\/vc_accordion_tab][\/vc_accordion][\/vc_column][vc_column width=&#8221;1\/6&#8243;][\/vc_column][\/vc_row][vc_row row_type=&#8221;row&#8221; use_row_as_full_screen_section=&#8221;no&#8221; type=&#8221;full_width&#8221; angled_section=&#8221;no&#8221; text_align=&#8221;left&#8221; background_image_as_pattern=&#8221;without_pattern&#8221; css_animation=&#8221;&#8221;][vc_column][vc_empty_space]<div class=\"call_to_action normal\" style=\"background-color: rgba(167,98,98,0.88);\"><div class=\"container_inner\"><div class=\"two_columns_75_25 clearfix\"><div class=\"text_wrapper column1\"><div class=\"call_to_action_text \" style=\"\"><\/p>\n<h3><span style=\"color: #ffffff;\">POBYT W APARTAMENTACH OASIS W TOLO, ARGOLIDA<\/span><\/h3>\n<p><\/div><\/div><div class=\"button_wrapper column2\"><a itemprop=\"url\" href=\"https:\/\/oasisapatmentstolo.reserve-online.net\/\" class=\"qbutton white \" target=\"_self\" style=\"color: #000000;border-color: #000000;\"data-hover-border-color=#ffffff data-hover-color=#a2a2a2>ZAREZERWUJ<\/a><\/div><\/div><\/div><\/div>[\/vc_column][\/vc_row]<\/p>\n","protected":false},"excerpt":{"rendered":"<p>[vc_row row_type=&#8221;row&#8221; use_row_as_full_screen_section=&#8221;no&#8221; type=&#8221;full_width&#8221; angled_section=&#8221;no&#8221; text_align=&#8221;left&#8221; background_image_as_pattern=&#8221;without_pattern&#8221; css_animation=&#8221;&#8221;][vc_column][vc_empty_space][vc_column_text] NAJCZ\u0118\u015aCIEJ ZADAWANE PYTANIA [\/vc_column_text][vc_separator type=&#8221;small&#8221; position=&#8221;center&#8221; up=&#8221;7&#8243; down=&#8221;38&#8243;][vc_row_inner row_type=&#8221;row&#8221; type=&#8221;full_width&#8221; text_align=&#8221;left&#8221; css_animation=&#8221;&#8221;][vc_column_inner width=&#8221;1\/6&#8243;][\/vc_column_inner][vc_column_inner width=&#8221;2\/3&#8243;][vc_column_text] W razie jakichkolwiek pyta\u0144, pracownicy Apartament\u00f3w Oasis s\u0105 zawsze do Pa\u0144stwa dyspozycji!!! [\/vc_column_text][\/vc_column_inner][vc_column_inner width=&#8221;1\/6&#8243;][\/vc_column_inner][\/vc_row_inner][\/vc_column][\/vc_row][vc_row row_type=&#8221;row&#8221; use_row_as_full_screen_section=&#8221;no&#8221; type=&#8221;full_width&#8221; angled_section=&#8221;no&#8221; text_align=&#8221;left&#8221; background_image_as_pattern=&#8221;without_pattern&#8221; css_animation=&#8221;&#8221;][vc_column width=&#8221;1\/6&#8243;][\/vc_column][vc_column width=&#8221;2\/3&#8243;][vc_empty_space&#8230;<\/p>\n","protected":false},"author":1,"featured_media":0,"parent":0,"menu_order":40,"comment_status":"closed","ping_status":"closed","template":"full_width.php","meta":[],"yoast_head":"<!-- This site is optimized with the Yoast SEO plugin v15.2.1 - https:\/\/yoast.com\/wordpress\/plugins\/seo\/ -->\n<meta name=\"robots\" content=\"index, follow, max-snippet:-1, max-image-preview:large, max-video-preview:-1\" \/>\n<link rel=\"canonical\" href=\"https:\/\/oasis-apartments.gr\/pl\/najczesciej-zadawane-pytania\/\" \/>\n<meta property=\"og:locale\" content=\"pl_PL\" \/>\n<meta property=\"og:type\" content=\"article\" \/>\n<meta property=\"og:title\" content=\"NAJCZ\u0118\u015aCIEJ ZADAWANE - Oasis Apartments | Tolo Argolis\" \/>\n<meta property=\"og:description\" content=\"[vc_row row_type=&#8221;row&#8221; use_row_as_full_screen_section=&#8221;no&#8221; type=&#8221;full_width&#8221; angled_section=&#8221;no&#8221; text_align=&#8221;left&#8221; background_image_as_pattern=&#8221;without_pattern&#8221; css_animation=&#8221;&#8221;][vc_column][vc_empty_space][vc_column_text] NAJCZ\u0118\u015aCIEJ ZADAWANE PYTANIA [\/vc_column_text][vc_separator type=&#8221;small&#8221; position=&#8221;center&#8221; up=&#8221;7&#8243; down=&#8221;38&#8243;][vc_row_inner row_type=&#8221;row&#8221; type=&#8221;full_width&#8221; text_align=&#8221;left&#8221; css_animation=&#8221;&#8221;][vc_column_inner width=&#8221;1\/6&#8243;][\/vc_column_inner][vc_column_inner width=&#8221;2\/3&#8243;][vc_column_text] W razie jakichkolwiek pyta\u0144, pracownicy Apartament\u00f3w Oasis s\u0105 zawsze do Pa\u0144stwa dyspozycji!!! [\/vc_column_text][\/vc_column_inner][vc_column_inner width=&#8221;1\/6&#8243;][\/vc_column_inner][\/vc_row_inner][\/vc_column][\/vc_row][vc_row row_type=&#8221;row&#8221; use_row_as_full_screen_section=&#8221;no&#8221; type=&#8221;full_width&#8221; angled_section=&#8221;no&#8221; text_align=&#8221;left&#8221; background_image_as_pattern=&#8221;without_pattern&#8221; css_animation=&#8221;&#8221;][vc_column width=&#8221;1\/6&#8243;][\/vc_column][vc_column width=&#8221;2\/3&#8243;][vc_empty_space...\" \/>\n<meta property=\"og:url\" content=\"https:\/\/oasis-apartments.gr\/pl\/najczesciej-zadawane-pytania\/\" \/>\n<meta property=\"og:site_name\" content=\"Oasis Apartments | Tolo Argolis\" \/>\n<meta property=\"article:modified_time\" content=\"2020-06-16T11:52:53+00:00\" \/>\n<meta name=\"twitter:card\" content=\"summary\" \/>\n<meta name=\"twitter:label1\" content=\"Written by\">\n\t<meta name=\"twitter:data1\" content=\"gkoutsopoulos\">\n\t<meta name=\"twitter:label2\" content=\"Est. reading time\">\n\t<meta name=\"twitter:data2\" content=\"5 minut\">\n<script type=\"application\/ld+json\" class=\"yoast-schema-graph\">{\"@context\":\"https:\/\/schema.org\",\"@graph\":[{\"@type\":\"WebSite\",\"@id\":\"https:\/\/oasis-apartments.gr\/en\/#website\",\"url\":\"https:\/\/oasis-apartments.gr\/en\/\",\"name\":\"Oasis Apartments | Tolo Argolis\",\"description\":\"Seaside resort in Tolo, Nafplion Greece\",\"potentialAction\":[{\"@type\":\"SearchAction\",\"target\":\"https:\/\/oasis-apartments.gr\/en\/?s={search_term_string}\",\"query-input\":\"required name=search_term_string\"}],\"inLanguage\":\"pl-PL\"},{\"@type\":\"WebPage\",\"@id\":\"https:\/\/oasis-apartments.gr\/pl\/najczesciej-zadawane-pytania\/#webpage\",\"url\":\"https:\/\/oasis-apartments.gr\/pl\/najczesciej-zadawane-pytania\/\",\"name\":\"NAJCZ\\u0118\\u015aCIEJ ZADAWANE - Oasis Apartments | Tolo Argolis\",\"isPartOf\":{\"@id\":\"https:\/\/oasis-apartments.gr\/en\/#website\"},\"datePublished\":\"2016-08-30T10:02:06+00:00\",\"dateModified\":\"2020-06-16T11:52:53+00:00\",\"inLanguage\":\"pl-PL\",\"potentialAction\":[{\"@type\":\"ReadAction\",\"target\":[\"https:\/\/oasis-apartments.gr\/pl\/najczesciej-zadawane-pytania\/\"]}]}]}<\/script>\n<!-- \/ Yoast SEO plugin. -->","_links":{"self":[{"href":"https:\/\/oasis-apartments.gr\/pl\/wp-json\/wp\/v2\/pages\/1936"}],"collection":[{"href":"https:\/\/oasis-apartments.gr\/pl\/wp-json\/wp\/v2\/pages"}],"about":[{"href":"https:\/\/oasis-apartments.gr\/pl\/wp-json\/wp\/v2\/types\/page"}],"author":[{"embeddable":true,"href":"https:\/\/oasis-apartments.gr\/pl\/wp-json\/wp\/v2\/users\/1"}],"replies":[{"embeddable":true,"href":"https:\/\/oasis-apartments.gr\/pl\/wp-json\/wp\/v2\/comments?post=1936"}],"version-history":[{"count":0,"href":"https:\/\/oasis-apartments.gr\/pl\/wp-json\/wp\/v2\/pages\/1936\/revisions"}],"wp:attachment":[{"href":"https:\/\/oasis-apartments.gr\/pl\/wp-json\/wp\/v2\/media?parent=1936"}],"curies":[{"name":"wp","href":"https:\/\/api.w.org\/{rel}","templated":true}]}}