
{"id":1932,"date":"2016-07-20T14:27:51","date_gmt":"2016-07-20T11:27:51","guid":{"rendered":"http:\/\/oasis-apartments.gr\/gallery-php\/"},"modified":"2019-05-08T12:01:12","modified_gmt":"2019-05-08T09:01:12","slug":"gallery-php","status":"publish","type":"page","link":"https:\/\/oasis-apartments.gr\/pl\/gallery-php\/","title":{"rendered":"GALERIA"},"content":{"rendered":"<p>[vc_row row_type=&#8221;row&#8221; use_row_as_full_screen_section=&#8221;no&#8221; type=&#8221;grid&#8221; angled_section=&#8221;no&#8221; text_align=&#8221;left&#8221; background_image_as_pattern=&#8221;without_pattern&#8221; css_animation=&#8221;&#8221; css=&#8221;.vc_custom_1469025183358{padding-top: 50px !important;padding-bottom: 114px !important;}&#8221;][vc_column][vc_column_text]<\/p>\n<h2 style=\"text-align: center;\">GALERIA ZDJ\u0118\u0106 APARTAMENT\u00d3W OASIS<\/h2>\n<p>[\/vc_column_text][vc_empty_space][vc_separator type=&#8221;small&#8221; position=&#8221;center&#8221; up=&#8221;7&#8243; down=&#8221;38&#8243;][vc_column_text]<\/p>\n<h4 style=\"text-align: center;\">Oasis Apartments znajduj\u0105 si\u0119 w Tolo, popularnym nadmorskim kurorcie po\u0142o\u017conym w sercu krainy zwanej Argolid\u0105.<br \/>\nBlisko\u015b\u0107 morza, przyjazna atmosfera i ciep\u0142e poczucie go\u015bcinno\u015bci czyni\u0105 Apartamenty OASIS idealnym miejscem na wakacje.<\/h4>\n<p>[\/vc_column_text][vc_empty_space]<div class='projects_holder_outer v4 portfolio_no_space portfolio_standard'><div class='projects_holder portfolio_main_holder clearfix v4 standard_no_space portfolio_full_image '>\n<article class='mix portfolio_category_25 ' style=''><div class='image_holder'><a itemprop='url' class='portfolio_link_for_touch' href='https:\/\/oasis-apartments.gr\/pl\/portfolio_page\/oasis-home\/' target='_self'><span class='image'><img width=\"1100\" height=\"733\" src=\"https:\/\/oasis-apartments.gr\/wp-content\/uploads\/2016\/08\/DSCF6223-Copy22.jpg\" class=\"attachment-full size-full wp-post-image\" alt=\"\" loading=\"lazy\" srcset=\"https:\/\/oasis-apartments.gr\/wp-content\/uploads\/2016\/08\/DSCF6223-Copy22.jpg 1100w, https:\/\/oasis-apartments.gr\/wp-content\/uploads\/2016\/08\/DSCF6223-Copy22-300x200.jpg 300w, https:\/\/oasis-apartments.gr\/wp-content\/uploads\/2016\/08\/DSCF6223-Copy22-1024x682.jpg 1024w, https:\/\/oasis-apartments.gr\/wp-content\/uploads\/2016\/08\/DSCF6223-Copy22-768x512.jpg 768w, https:\/\/oasis-apartments.gr\/wp-content\/uploads\/2016\/08\/DSCF6223-Copy22-700x466.jpg 700w\" sizes=\"(max-width: 1100px) 100vw, 1100px\" \/><\/span><\/a><span class='text_holder'><span class='text_outer'><span class='text_inner'><span class='feature_holder'><span class=\"feature_holder_icons\"><a itemprop='image' class='lightbox qbutton small white' title='Oasis Home' href='https:\/\/oasis-apartments.gr\/wp-content\/uploads\/2016\/08\/DSCF6223-Copy22.jpg' data-rel='prettyPhoto[pretty_photo_gallery]'>zoom<\/a><a itemprop='url' class='preview qbutton small white' href='https:\/\/oasis-apartments.gr\/pl\/portfolio_page\/oasis-home\/' target='_self'>view<\/a><\/span><\/span><\/span><\/span><\/span><\/div><div class='portfolio_description text_align_center'><h5 itemprop=\"name\" class=\"portfolio_title entry_title\"><a itemprop=\"url\" href=\"https:\/\/oasis-apartments.gr\/pl\/portfolio_page\/oasis-home\/\"  target=\"_self\">Oasis Home<\/a><\/h5><span class=\"project_category\" >Oasis Apartments<\/span><\/div><\/article>\n<article class='mix portfolio_category_25 ' style=''><div class='image_holder'><a itemprop='url' class='portfolio_link_for_touch' href='https:\/\/oasis-apartments.gr\/pl\/portfolio_page\/double-room\/' target='_self'><span class='image'><img width=\"1100\" height=\"800\" src=\"https:\/\/oasis-apartments.gr\/wp-content\/uploads\/2016\/08\/Untitled-1-19.jpg\" class=\"attachment-full size-full wp-post-image\" alt=\"\" loading=\"lazy\" srcset=\"https:\/\/oasis-apartments.gr\/wp-content\/uploads\/2016\/08\/Untitled-1-19.jpg 1100w, https:\/\/oasis-apartments.gr\/wp-content\/uploads\/2016\/08\/Untitled-1-19-300x218.jpg 300w, https:\/\/oasis-apartments.gr\/wp-content\/uploads\/2016\/08\/Untitled-1-19-1024x745.jpg 1024w, https:\/\/oasis-apartments.gr\/wp-content\/uploads\/2016\/08\/Untitled-1-19-768x559.jpg 768w, https:\/\/oasis-apartments.gr\/wp-content\/uploads\/2016\/08\/Untitled-1-19-700x509.jpg 700w\" sizes=\"(max-width: 1100px) 100vw, 1100px\" \/><\/span><\/a><span class='text_holder'><span class='text_outer'><span class='text_inner'><span class='feature_holder'><span class=\"feature_holder_icons\"><a itemprop='image' class='lightbox qbutton small white' title='POK\u00d3J DWUOOSOBOWY Z WYJ\u015aCIEM NA PODW\u00d3RZE' href='https:\/\/oasis-apartments.gr\/wp-content\/uploads\/2016\/08\/Untitled-1-19.jpg' data-rel='prettyPhoto[pretty_photo_gallery]'>zoom<\/a><a itemprop='url' class='preview qbutton small white' href='https:\/\/oasis-apartments.gr\/pl\/portfolio_page\/double-room\/' target='_self'>view<\/a><\/span><\/span><\/span><\/span><\/span><\/div><div class='portfolio_description text_align_center'><h5 itemprop=\"name\" class=\"portfolio_title entry_title\"><a itemprop=\"url\" href=\"https:\/\/oasis-apartments.gr\/pl\/portfolio_page\/double-room\/\"  target=\"_self\">POK\u00d3J DWUOOSOBOWY Z WYJ\u015aCIEM NA PODW\u00d3RZE<\/a><\/h5><span class=\"project_category\" >Oasis Apartments<\/span><\/div><\/article>\n<article class='mix portfolio_category_25 ' style=''><div class='image_holder'><a itemprop='url' class='portfolio_link_for_touch' href='https:\/\/oasis-apartments.gr\/pl\/portfolio_page\/4-person-family-apartment-with-patio-or-balcony\/' target='_self'><span class='image'><img width=\"1100\" height=\"800\" src=\"https:\/\/oasis-apartments.gr\/wp-content\/uploads\/2016\/08\/Untitled-2-3.jpg\" class=\"attachment-full size-full wp-post-image\" alt=\"\" loading=\"lazy\" srcset=\"https:\/\/oasis-apartments.gr\/wp-content\/uploads\/2016\/08\/Untitled-2-3.jpg 1100w, https:\/\/oasis-apartments.gr\/wp-content\/uploads\/2016\/08\/Untitled-2-3-300x218.jpg 300w, https:\/\/oasis-apartments.gr\/wp-content\/uploads\/2016\/08\/Untitled-2-3-1024x745.jpg 1024w, https:\/\/oasis-apartments.gr\/wp-content\/uploads\/2016\/08\/Untitled-2-3-768x559.jpg 768w, https:\/\/oasis-apartments.gr\/wp-content\/uploads\/2016\/08\/Untitled-2-3-700x509.jpg 700w\" sizes=\"(max-width: 1100px) 100vw, 1100px\" \/><\/span><\/a><span class='text_holder'><span class='text_outer'><span class='text_inner'><span class='feature_holder'><span class=\"feature_holder_icons\"><a itemprop='image' class='lightbox qbutton small white' title='APARTAMENT RODZINNY CZTEROOSOBOWY Z  BALKONEM' href='https:\/\/oasis-apartments.gr\/wp-content\/uploads\/2016\/08\/Untitled-2-3.jpg' data-rel='prettyPhoto[pretty_photo_gallery]'>zoom<\/a><a itemprop='url' class='preview qbutton small white' href='https:\/\/oasis-apartments.gr\/pl\/portfolio_page\/4-person-family-apartment-with-patio-or-balcony\/' target='_self'>view<\/a><\/span><\/span><\/span><\/span><\/span><\/div><div class='portfolio_description text_align_center'><h5 itemprop=\"name\" class=\"portfolio_title entry_title\"><a itemprop=\"url\" href=\"https:\/\/oasis-apartments.gr\/pl\/portfolio_page\/4-person-family-apartment-with-patio-or-balcony\/\"  target=\"_self\">APARTAMENT RODZINNY CZTEROOSOBOWY Z  BALKONEM<\/a><\/h5><span class=\"project_category\" >Oasis Apartments<\/span><\/div><\/article>\n<article class='mix portfolio_category_25 ' style=''><div class='image_holder'><a itemprop='url' class='portfolio_link_for_touch' href='https:\/\/oasis-apartments.gr\/pl\/portfolio_page\/3-family-apartment-with-balcony\/' target='_self'><span class='image'><img width=\"1100\" height=\"800\" src=\"https:\/\/oasis-apartments.gr\/wp-content\/uploads\/2016\/08\/Untitled-1-20.jpg\" class=\"attachment-full size-full wp-post-image\" alt=\"\" loading=\"lazy\" srcset=\"https:\/\/oasis-apartments.gr\/wp-content\/uploads\/2016\/08\/Untitled-1-20.jpg 1100w, https:\/\/oasis-apartments.gr\/wp-content\/uploads\/2016\/08\/Untitled-1-20-300x218.jpg 300w, https:\/\/oasis-apartments.gr\/wp-content\/uploads\/2016\/08\/Untitled-1-20-1024x745.jpg 1024w, https:\/\/oasis-apartments.gr\/wp-content\/uploads\/2016\/08\/Untitled-1-20-768x559.jpg 768w, https:\/\/oasis-apartments.gr\/wp-content\/uploads\/2016\/08\/Untitled-1-20-700x509.jpg 700w\" sizes=\"(max-width: 1100px) 100vw, 1100px\" \/><\/span><\/a><span class='text_holder'><span class='text_outer'><span class='text_inner'><span class='feature_holder'><span class=\"feature_holder_icons\"><a itemprop='image' class='lightbox qbutton small white' title='APARTAMENT RODZINNY TRZYOSOBOWY Z BALKONEM' href='https:\/\/oasis-apartments.gr\/wp-content\/uploads\/2016\/08\/Untitled-1-20.jpg' data-rel='prettyPhoto[pretty_photo_gallery]'>zoom<\/a><a itemprop='url' class='preview qbutton small white' href='https:\/\/oasis-apartments.gr\/pl\/portfolio_page\/3-family-apartment-with-balcony\/' target='_self'>view<\/a><\/span><\/span><\/span><\/span><\/span><\/div><div class='portfolio_description text_align_center'><h5 itemprop=\"name\" class=\"portfolio_title entry_title\"><a itemprop=\"url\" href=\"https:\/\/oasis-apartments.gr\/pl\/portfolio_page\/3-family-apartment-with-balcony\/\"  target=\"_self\">APARTAMENT RODZINNY TRZYOSOBOWY Z BALKONEM<\/a><\/h5><span class=\"project_category\" >Oasis Apartments<\/span><\/div><\/article>\n<article class='mix portfolio_category_25 ' style=''><div class='image_holder'><a itemprop='url' class='portfolio_link_for_touch' href='https:\/\/oasis-apartments.gr\/pl\/portfolio_page\/tolon-wedding\/' target='_self'><span class='image'><img width=\"1100\" height=\"800\" src=\"https:\/\/oasis-apartments.gr\/wp-content\/uploads\/2016\/08\/Untitled-1-17.jpg\" class=\"attachment-full size-full wp-post-image\" alt=\"\u03b3\u03b1\u03bc\u03bf\u03c2 \u03c4\u03bf\u03bb\u03bf \u03bd\u03b1\u03c5\u03c0\u03bb\u03b9\u03bf - Oasis Apartments\" loading=\"lazy\" srcset=\"https:\/\/oasis-apartments.gr\/wp-content\/uploads\/2016\/08\/Untitled-1-17.jpg 1100w, https:\/\/oasis-apartments.gr\/wp-content\/uploads\/2016\/08\/Untitled-1-17-300x218.jpg 300w, https:\/\/oasis-apartments.gr\/wp-content\/uploads\/2016\/08\/Untitled-1-17-768x559.jpg 768w, https:\/\/oasis-apartments.gr\/wp-content\/uploads\/2016\/08\/Untitled-1-17-1024x745.jpg 1024w, https:\/\/oasis-apartments.gr\/wp-content\/uploads\/2016\/08\/Untitled-1-17-700x509.jpg 700w\" sizes=\"(max-width: 1100px) 100vw, 1100px\" \/><\/span><\/a><span class='text_holder'><span class='text_outer'><span class='text_inner'><span class='feature_holder'><span class=\"feature_holder_icons\"><a itemprop='image' class='lightbox qbutton small white' title='Tolon Weddings' href='https:\/\/oasis-apartments.gr\/wp-content\/uploads\/2016\/08\/Untitled-1-17.jpg' data-rel='prettyPhoto[pretty_photo_gallery]'>zoom<\/a><a itemprop='url' class='preview qbutton small white' href='https:\/\/oasis-apartments.gr\/pl\/portfolio_page\/tolon-wedding\/' target='_self'>view<\/a><\/span><\/span><\/span><\/span><\/span><\/div><div class='portfolio_description text_align_center'><h5 itemprop=\"name\" class=\"portfolio_title entry_title\"><a itemprop=\"url\" href=\"https:\/\/oasis-apartments.gr\/pl\/portfolio_page\/tolon-wedding\/\"  target=\"_self\">Tolon Weddings<\/a><\/h5><span class=\"project_category\" >Oasis Apartments<\/span><\/div><\/article>\n<article class='mix portfolio_category_25 ' style=''><div class='image_holder'><a itemprop='url' class='portfolio_link_for_touch' href='https:\/\/oasis-apartments.gr\/pl\/portfolio_page\/garden-oasis\/' target='_self'><span class='image'><img width=\"1100\" height=\"800\" src=\"https:\/\/oasis-apartments.gr\/wp-content\/uploads\/2016\/08\/garden.jpg\" class=\"attachment-full size-full wp-post-image\" alt=\"\" loading=\"lazy\" srcset=\"https:\/\/oasis-apartments.gr\/wp-content\/uploads\/2016\/08\/garden.jpg 1100w, https:\/\/oasis-apartments.gr\/wp-content\/uploads\/2016\/08\/garden-300x218.jpg 300w, https:\/\/oasis-apartments.gr\/wp-content\/uploads\/2016\/08\/garden-1024x745.jpg 1024w, https:\/\/oasis-apartments.gr\/wp-content\/uploads\/2016\/08\/garden-768x559.jpg 768w, https:\/\/oasis-apartments.gr\/wp-content\/uploads\/2016\/08\/garden-700x509.jpg 700w\" sizes=\"(max-width: 1100px) 100vw, 1100px\" \/><\/span><\/a><span class='text_holder'><span class='text_outer'><span class='text_inner'><span class='feature_holder'><span class=\"feature_holder_icons\"><a itemprop='image' class='lightbox qbutton small white' title='GARDEN OASIS APARTMENTS' href='https:\/\/oasis-apartments.gr\/wp-content\/uploads\/2016\/08\/garden.jpg' data-rel='prettyPhoto[pretty_photo_gallery]'>zoom<\/a><a itemprop='url' class='preview qbutton small white' href='https:\/\/oasis-apartments.gr\/pl\/portfolio_page\/garden-oasis\/' target='_self'>view<\/a><\/span><\/span><\/span><\/span><\/span><\/div><div class='portfolio_description text_align_center'><h5 itemprop=\"name\" class=\"portfolio_title entry_title\"><a itemprop=\"url\" href=\"https:\/\/oasis-apartments.gr\/pl\/portfolio_page\/garden-oasis\/\"  target=\"_self\">GARDEN OASIS APARTMENTS<\/a><\/h5><span class=\"project_category\" >Oasis Apartments<\/span><\/div><\/article>\n<article class='mix portfolio_category_25 ' style=''><div class='image_holder'><a itemprop='url' class='portfolio_link_for_touch' href='https:\/\/oasis-apartments.gr\/pl\/portfolio_page\/area-activities\/' target='_self'><span class='image'><img width=\"1200\" height=\"800\" src=\"https:\/\/oasis-apartments.gr\/wp-content\/uploads\/2016\/08\/OASIS-11.jpg\" class=\"attachment-full size-full wp-post-image\" alt=\"\u03b4\u03b9\u03b1\u03bc\u03bf\u03bd\u03ae \u03c3\u03c4\u03bf \u03c4\u03bf\u03bb\u03cc - Oasis Apartments\" loading=\"lazy\" srcset=\"https:\/\/oasis-apartments.gr\/wp-content\/uploads\/2016\/08\/OASIS-11.jpg 1200w, https:\/\/oasis-apartments.gr\/wp-content\/uploads\/2016\/08\/OASIS-11-300x200.jpg 300w, https:\/\/oasis-apartments.gr\/wp-content\/uploads\/2016\/08\/OASIS-11-768x512.jpg 768w, https:\/\/oasis-apartments.gr\/wp-content\/uploads\/2016\/08\/OASIS-11-1024x683.jpg 1024w, https:\/\/oasis-apartments.gr\/wp-content\/uploads\/2016\/08\/OASIS-11-700x467.jpg 700w\" sizes=\"(max-width: 1200px) 100vw, 1200px\" \/><\/span><\/a><span class='text_holder'><span class='text_outer'><span class='text_inner'><span class='feature_holder'><span class=\"feature_holder_icons\"><a itemprop='image' class='lightbox qbutton small white' title='WYPOCZYNEK' href='https:\/\/oasis-apartments.gr\/wp-content\/uploads\/2016\/08\/OASIS-11.jpg' data-rel='prettyPhoto[pretty_photo_gallery]'>zoom<\/a><a itemprop='url' class='preview qbutton small white' href='https:\/\/oasis-apartments.gr\/pl\/portfolio_page\/area-activities\/' target='_self'>view<\/a><\/span><\/span><\/span><\/span><\/span><\/div><div class='portfolio_description text_align_center'><h5 itemprop=\"name\" class=\"portfolio_title entry_title\"><a itemprop=\"url\" href=\"https:\/\/oasis-apartments.gr\/pl\/portfolio_page\/area-activities\/\"  target=\"_self\">WYPOCZYNEK<\/a><\/h5><span class=\"project_category\" >Oasis Apartments<\/span><\/div><\/article>\n<article class='mix portfolio_category_25 ' style=''><div class='image_holder'><a itemprop='url' class='portfolio_link_for_touch' href='https:\/\/oasis-apartments.gr\/pl\/portfolio_page\/family-de-luxe-apartment\/' target='_self'><span class='image'><img width=\"1600\" height=\"1068\" src=\"https:\/\/oasis-apartments.gr\/wp-content\/uploads\/2019\/06\/33-Copy.jpg\" class=\"attachment-full size-full wp-post-image\" alt=\"\u03b4\u03b9\u03b1\u03bc\u03bf\u03bd\u03ae \u03c3\u03c4\u03bf \u03c4\u03bf\u03bb\u03cc - Oasis Apartments\" loading=\"lazy\" srcset=\"https:\/\/oasis-apartments.gr\/wp-content\/uploads\/2019\/06\/33-Copy.jpg 1600w, https:\/\/oasis-apartments.gr\/wp-content\/uploads\/2019\/06\/33-Copy-300x200.jpg 300w, https:\/\/oasis-apartments.gr\/wp-content\/uploads\/2019\/06\/33-Copy-768x513.jpg 768w, https:\/\/oasis-apartments.gr\/wp-content\/uploads\/2019\/06\/33-Copy-1024x684.jpg 1024w, https:\/\/oasis-apartments.gr\/wp-content\/uploads\/2019\/06\/33-Copy-700x467.jpg 700w\" sizes=\"(max-width: 1600px) 100vw, 1600px\" \/><\/span><\/a><span class='text_holder'><span class='text_outer'><span class='text_inner'><span class='feature_holder'><span class=\"feature_holder_icons\"><a itemprop='image' class='lightbox qbutton small white' title='FAMILY DE LUXE APARTMENT' href='https:\/\/oasis-apartments.gr\/wp-content\/uploads\/2019\/06\/33-Copy.jpg' data-rel='prettyPhoto[pretty_photo_gallery]'>zoom<\/a><a itemprop='url' class='preview qbutton small white' href='https:\/\/oasis-apartments.gr\/pl\/portfolio_page\/family-de-luxe-apartment\/' target='_self'>view<\/a><\/span><\/span><\/span><\/span><\/span><\/div><div class='portfolio_description text_align_center'><h5 itemprop=\"name\" class=\"portfolio_title entry_title\"><a itemprop=\"url\" href=\"https:\/\/oasis-apartments.gr\/pl\/portfolio_page\/family-de-luxe-apartment\/\"  target=\"_self\">FAMILY DE LUXE APARTMENT<\/a><\/h5><span class=\"project_category\" >Oasis Apartments<\/span><\/div><\/article>\n<article class='mix portfolio_category_25 ' style=''><div class='image_holder'><a itemprop='url' class='portfolio_link_for_touch' href='https:\/\/oasis-apartments.gr\/pl\/portfolio_page\/triple-room-with-patio\/' target='_self'><span class='image'><img width=\"1200\" height=\"800\" src=\"https:\/\/oasis-apartments.gr\/wp-content\/uploads\/2016\/08\/\u039f\u0391\u03a3\u0399\u03a3-.jpg\" class=\"attachment-full size-full wp-post-image\" alt=\"\" loading=\"lazy\" srcset=\"https:\/\/oasis-apartments.gr\/wp-content\/uploads\/2016\/08\/\u039f\u0391\u03a3\u0399\u03a3-.jpg 1200w, https:\/\/oasis-apartments.gr\/wp-content\/uploads\/2016\/08\/\u039f\u0391\u03a3\u0399\u03a3--300x200.jpg 300w, https:\/\/oasis-apartments.gr\/wp-content\/uploads\/2016\/08\/\u039f\u0391\u03a3\u0399\u03a3--768x512.jpg 768w, https:\/\/oasis-apartments.gr\/wp-content\/uploads\/2016\/08\/\u039f\u0391\u03a3\u0399\u03a3--1024x683.jpg 1024w, https:\/\/oasis-apartments.gr\/wp-content\/uploads\/2016\/08\/\u039f\u0391\u03a3\u0399\u03a3--700x467.jpg 700w\" sizes=\"(max-width: 1200px) 100vw, 1200px\" \/><\/span><\/a><span class='text_holder'><span class='text_outer'><span class='text_inner'><span class='feature_holder'><span class=\"feature_holder_icons\"><a itemprop='image' class='lightbox qbutton small white' title='POTR\u00d3JNE MIESZKANIE Z TARASEM' href='https:\/\/oasis-apartments.gr\/wp-content\/uploads\/2016\/08\/\u039f\u0391\u03a3\u0399\u03a3-.jpg' data-rel='prettyPhoto[pretty_photo_gallery]'>zoom<\/a><a itemprop='url' class='preview qbutton small white' href='https:\/\/oasis-apartments.gr\/pl\/portfolio_page\/triple-room-with-patio\/' target='_self'>view<\/a><\/span><\/span><\/span><\/span><\/span><\/div><div class='portfolio_description text_align_center'><h5 itemprop=\"name\" class=\"portfolio_title entry_title\"><a itemprop=\"url\" href=\"https:\/\/oasis-apartments.gr\/pl\/portfolio_page\/triple-room-with-patio\/\"  target=\"_self\">POTR\u00d3JNE MIESZKANIE Z TARASEM<\/a><\/h5><span class=\"project_category\" >Oasis Apartments<\/span><\/div><\/article>\n<div class='filler'><\/div>\n<div class='filler'><\/div>\n<div class='filler'><\/div>\n<div class='filler'><\/div>\n<\/div><\/div>[\/vc_column][\/vc_row][vc_row row_type=&#8221;row&#8221; use_row_as_full_screen_section=&#8221;no&#8221; type=&#8221;full_width&#8221; angled_section=&#8221;no&#8221; text_align=&#8221;left&#8221; background_image_as_pattern=&#8221;without_pattern&#8221; css_animation=&#8221;&#8221;][vc_column]<div class=\"call_to_action normal\" style=\"background-color: rgba(167,98,98,0.88);\"><div class=\"container_inner\"><div class=\"two_columns_75_25 clearfix\"><div class=\"text_wrapper column1\"><div class=\"call_to_action_text \" style=\"\"><\/p>\n<h3><span style=\"color: #ffffff;\">POBYT W APARTAMENTACH OASIS W TOLO, ARGOLIDA<\/span><\/h3>\n<p><\/div><\/div><div class=\"button_wrapper column2\"><a itemprop=\"url\" href=\"https:\/\/oasisapatmentstolo.reserve-online.net\/\" class=\"qbutton white \" target=\"_self\" style=\"color: #000000;border-color: #000000;\"data-hover-border-color=#ffffff data-hover-color=#a2a2a2>ZAREZERWUJ<\/a><\/div><\/div><\/div><\/div>[\/vc_column][\/vc_row]<\/p>\n","protected":false},"excerpt":{"rendered":"<p>[vc_row row_type=&#8221;row&#8221; use_row_as_full_screen_section=&#8221;no&#8221; type=&#8221;grid&#8221; angled_section=&#8221;no&#8221; text_align=&#8221;left&#8221; background_image_as_pattern=&#8221;without_pattern&#8221; css_animation=&#8221;&#8221; css=&#8221;.vc_custom_1469025183358{padding-top: 50px !important;padding-bottom: 114px !important;}&#8221;][vc_column][vc_column_text] GALERIA ZDJ\u0118\u0106 APARTAMENT\u00d3W OASIS [\/vc_column_text][vc_empty_space][vc_separator type=&#8221;small&#8221; position=&#8221;center&#8221; up=&#8221;7&#8243; down=&#8221;38&#8243;][vc_column_text] Oasis Apartments znajduj\u0105 si\u0119 w Tolo, popularnym nadmorskim kurorcie po\u0142o\u017conym w sercu krainy zwanej Argolid\u0105. Blisko\u015b\u0107 morza, przyjazna atmosfera i ciep\u0142e poczucie go\u015bcinno\u015bci&#8230;<\/p>\n","protected":false},"author":1,"featured_media":0,"parent":0,"menu_order":26,"comment_status":"closed","ping_status":"closed","template":"full_width.php","meta":[],"yoast_head":"<!-- This site is optimized with the Yoast SEO plugin v15.2.1 - https:\/\/yoast.com\/wordpress\/plugins\/seo\/ -->\n<meta name=\"description\" content=\"Oasis Apartments znajduj\u0105 si\u0119 w Tolo, popularnym nadmorskim kurorcie po\u0142o\u017conym w sercu krainy zwanej Argolid\u0105. Blisko\u015b\u0107 morz, przyjazna atmosfera i ciep\u0142e..\" \/>\n<meta name=\"robots\" content=\"index, follow, max-snippet:-1, max-image-preview:large, max-video-preview:-1\" \/>\n<link rel=\"canonical\" href=\"https:\/\/oasis-apartments.gr\/pl\/gallery-php\/\" \/>\n<meta property=\"og:locale\" content=\"pl_PL\" \/>\n<meta property=\"og:type\" content=\"article\" \/>\n<meta property=\"og:title\" content=\"GALERIA - ZDJ\u0118\u0106 APARTAMENT\u00d3W OASIS TOLO\" \/>\n<meta property=\"og:description\" content=\"Oasis Apartments znajduj\u0105 si\u0119 w Tolo, popularnym nadmorskim kurorcie po\u0142o\u017conym w sercu krainy zwanej Argolid\u0105. Blisko\u015b\u0107 morz, przyjazna atmosfera i ciep\u0142e..\" \/>\n<meta property=\"og:url\" content=\"https:\/\/oasis-apartments.gr\/pl\/gallery-php\/\" \/>\n<meta property=\"og:site_name\" content=\"Oasis Apartments | Tolo Argolis\" \/>\n<meta property=\"article:modified_time\" content=\"2019-05-08T09:01:12+00:00\" \/>\n<meta name=\"twitter:card\" content=\"summary\" \/>\n<meta name=\"twitter:label1\" content=\"Written by\">\n\t<meta name=\"twitter:data1\" content=\"gkoutsopoulos\">\n\t<meta name=\"twitter:label2\" content=\"Est. reading time\">\n\t<meta name=\"twitter:data2\" content=\"1 minuta\">\n<script type=\"application\/ld+json\" class=\"yoast-schema-graph\">{\"@context\":\"https:\/\/schema.org\",\"@graph\":[{\"@type\":\"WebSite\",\"@id\":\"https:\/\/oasis-apartments.gr\/en\/#website\",\"url\":\"https:\/\/oasis-apartments.gr\/en\/\",\"name\":\"Oasis Apartments | Tolo Argolis\",\"description\":\"Seaside resort in Tolo, Nafplion Greece\",\"potentialAction\":[{\"@type\":\"SearchAction\",\"target\":\"https:\/\/oasis-apartments.gr\/en\/?s={search_term_string}\",\"query-input\":\"required name=search_term_string\"}],\"inLanguage\":\"pl-PL\"},{\"@type\":\"WebPage\",\"@id\":\"https:\/\/oasis-apartments.gr\/pl\/gallery-php\/#webpage\",\"url\":\"https:\/\/oasis-apartments.gr\/pl\/gallery-php\/\",\"name\":\"GALERIA - ZDJ\\u0118\\u0106 APARTAMENT\\u00d3W OASIS TOLO\",\"isPartOf\":{\"@id\":\"https:\/\/oasis-apartments.gr\/en\/#website\"},\"datePublished\":\"2016-07-20T11:27:51+00:00\",\"dateModified\":\"2019-05-08T09:01:12+00:00\",\"description\":\"Oasis Apartments znajduj\\u0105 si\\u0119 w Tolo, popularnym nadmorskim kurorcie po\\u0142o\\u017conym w sercu krainy zwanej Argolid\\u0105. Blisko\\u015b\\u0107 morz, przyjazna atmosfera i ciep\\u0142e..\",\"inLanguage\":\"pl-PL\",\"potentialAction\":[{\"@type\":\"ReadAction\",\"target\":[\"https:\/\/oasis-apartments.gr\/pl\/gallery-php\/\"]}]}]}<\/script>\n<!-- \/ Yoast SEO plugin. -->","_links":{"self":[{"href":"https:\/\/oasis-apartments.gr\/pl\/wp-json\/wp\/v2\/pages\/1932"}],"collection":[{"href":"https:\/\/oasis-apartments.gr\/pl\/wp-json\/wp\/v2\/pages"}],"about":[{"href":"https:\/\/oasis-apartments.gr\/pl\/wp-json\/wp\/v2\/types\/page"}],"author":[{"embeddable":true,"href":"https:\/\/oasis-apartments.gr\/pl\/wp-json\/wp\/v2\/users\/1"}],"replies":[{"embeddable":true,"href":"https:\/\/oasis-apartments.gr\/pl\/wp-json\/wp\/v2\/comments?post=1932"}],"version-history":[{"count":0,"href":"https:\/\/oasis-apartments.gr\/pl\/wp-json\/wp\/v2\/pages\/1932\/revisions"}],"wp:attachment":[{"href":"https:\/\/oasis-apartments.gr\/pl\/wp-json\/wp\/v2\/media?parent=1932"}],"curies":[{"name":"wp","href":"https:\/\/api.w.org\/{rel}","templated":true}]}}