
{"id":1924,"date":"2016-07-19T11:16:52","date_gmt":"2016-07-19T08:16:52","guid":{"rendered":"http:\/\/oasis-apartments.gr\/area-php\/"},"modified":"2018-06-20T13:33:30","modified_gmt":"2018-06-20T10:33:30","slug":"area-php","status":"publish","type":"page","link":"https:\/\/oasis-apartments.gr\/pl\/area-php\/","title":{"rendered":"LOKALIZACJA"},"content":{"rendered":"<p>[vc_row row_type=&#8221;row&#8221; use_row_as_full_screen_section=&#8221;no&#8221; type=&#8221;grid&#8221; angled_section=&#8221;no&#8221; text_align=&#8221;left&#8221; background_image_as_pattern=&#8221;without_pattern&#8221; background_color=&#8221;#ffffff&#8221; padding_top=&#8221;87&#8243; padding_bottom=&#8221;80&#8243; css_animation=&#8221;&#8221;][vc_column][vc_column_text]<\/p>\n<h2 style=\"text-align: center;\">DOWIEDZ SI\u0118 WI\u0118CEJ O NASZYCH ATRAKCJACH<\/h2>\n<p>[\/vc_column_text][vc_separator type=&#8221;small&#8221; position=&#8221;center&#8221; up=&#8221;7&#8243; down=&#8221;38&#8243;][vc_column_text]<\/p>\n<h4 style=\"text-align: center;\">Odkryj wyj\u0105tkowe miejsca godne odwiedzenia<\/h4>\n<p>[\/vc_column_text][vc_separator type=&#8221;transparent&#8221; up=&#8221;38&#8243; down=&#8221;19&#8243;][\/vc_column][\/vc_row][vc_row row_type=&#8221;row&#8221; use_row_as_full_screen_section=&#8221;no&#8221; type=&#8221;full_width&#8221; anchor=&#8221;gallery&#8221; angled_section=&#8221;no&#8221; text_align=&#8221;left&#8221; background_image_as_pattern=&#8221;without_pattern&#8221; css_animation=&#8221;&#8221;][vc_column][vc_empty_space height=&#8221;22px&#8221;][\/vc_column][\/vc_row][vc_row row_type=&#8221;row&#8221; use_row_as_full_screen_section=&#8221;no&#8221; type=&#8221;grid&#8221; angled_section=&#8221;no&#8221; text_align=&#8221;left&#8221; background_image_as_pattern=&#8221;without_pattern&#8221; css_animation=&#8221;&#8221; css=&#8221;.vc_custom_1468916434502{padding-bottom: 65px !important;}&#8221;][vc_column offset=&#8221;vc_col-lg-4 vc_col-md-4&#8243;][vc_single_image image=&#8221;196&#8243; img_size=&#8221; 600 \u00d7 384&#8243; qode_css_animation=&#8221;&#8221;][vc_empty_space height=&#8221;38px&#8221;][vc_column_text]<\/p>\n<h4>TOLO<\/h4>\n<p>[\/vc_column_text][vc_empty_space height=&#8221;19px&#8221;][vc_column_text]Tolo jest idealnym celem wakacyjnej podr\u00f3\u017cy dla turyst\u00f3w, kt\u00f3rzy lubi\u0105 ciep\u0142\u0105 wod\u0119, piaszczyste pla\u017ce, g\u00f3rskie i skaliste krajobrazy oraz malownicze zatoczki. Tolo by\u0142o i pozosta\u0142o ma\u0142\u0105 wiosk\u0105 ryback\u0105. Nawet dzi\u015b zachowuje sw\u00f3j tradycyjny charakter, wzbogacony o wiele mo\u017cliwo\u015bci ciekawego sp\u0119dzenia czasu, kt\u00f3re zadowol\u0105 nawet najbardziej wymagaj\u0105cego go\u015bcia. Co wi\u0119cej, Tolo jest wspania\u0142\u0105 baz\u0105 wypadow\u0105 do wielu ekscytuj\u0105cych miejsc po\u0142o\u017conych na Peloponezie i do pobliskich wysp.[\/vc_column_text][vc_empty_space height=&#8221;65px&#8221;][\/vc_column][vc_column offset=&#8221;vc_col-lg-4 vc_col-md-4&#8243;][vc_single_image image=&#8221;889&#8243; img_size=&#8221; 600 \u00d7 384&#8243; qode_css_animation=&#8221;&#8221;][vc_empty_space height=&#8221;38px&#8221;][vc_column_text]<\/p>\n<h4>NAFPLIO<\/h4>\n<p>[\/vc_column_text][vc_empty_space height=&#8221;19px&#8221;][vc_column_text]Jest uwa\u017cane za jedno z najpi\u0119kniejszych i najbardziej romantycznych miast Grecji. Nafplio, z bogat\u0105 histori\u0105, znajduje si\u0119 w centrum Zatoki Argolidzkiej. Jest to zawsze popularny cel podr\u00f3\u017cy turyst\u00f3w, wycieczek szkolnych, miejsce organizacji wesel i sp\u0119dzania miodowego miesi\u0105ca, zar\u00f3wno dla Grek\u00f3w, jak i dla go\u015bci z zagranicy. W\u0142a\u015bnie w Nafplio narodzi\u0142 si\u0119 duch greckiej rewolucji XIX wieku.[\/vc_column_text][vc_empty_space height=&#8221;65px&#8221;][\/vc_column][vc_column offset=&#8221;vc_col-lg-4 vc_col-md-4&#8243;][vc_single_image image=&#8221;891&#8243; img_size=&#8221; 600 \u00d7 384&#8243; qode_css_animation=&#8221;&#8221;][vc_empty_space height=&#8221;38px&#8221;][vc_column_text]<\/p>\n<h4>MYKENY<\/h4>\n<p>[\/vc_column_text][vc_empty_space height=&#8221;19px&#8221;][vc_column_text]Ka\u017cdy, kto jest pod wra\u017ceniem historii i mitologii staro\u017cytnej Grecji, powinien przyby\u0107 tutaj i odwiedzi\u0107 rodzinne miasto lidera greckiej kampanii przeciwko Troi. Pa\u0142ac Agamemnona wraz z grobowcami myke\u0144skimi i s\u0142ynn\u0105 Bram\u0105 Lwa jest jednym z najbardziej popularnych cel\u00f3w podr\u00f3\u017cy w ca\u0142ej Grecji.[\/vc_column_text][vc_empty_space height=&#8221;65px&#8221;][\/vc_column][\/vc_row][vc_row row_type=&#8221;row&#8221; use_row_as_full_screen_section=&#8221;no&#8221; type=&#8221;full_width&#8221; angled_section=&#8221;no&#8221; text_align=&#8221;left&#8221; background_image_as_pattern=&#8221;without_pattern&#8221; css_animation=&#8221;&#8221;][vc_column width=&#8221;1\/6&#8243;][\/vc_column][vc_column width=&#8221;2\/3&#8243;][vc_accordion style=&#8221;accordion&#8221;][vc_accordion_tab title=&#8221;STARO\u017bYTNY TEATR EPIDAUROS&#8221;][vc_column_text]Najlepiej zachowany i najbardziej imponuj\u0105cy teatr na \u015bwiecie, kt\u00f3ry przetrwa\u0142 od staro\u017cytno\u015bci do naszych czas\u00f3w. Jest znany ze swojej zagadkowej, doskona\u0142ej akustyki i znakomitych przedstawie\u0144 teatralnych, kt\u00f3re wystawiane s\u0105 ka\u017cdego lata w lipcu i sierpniu. Staro\u017cytna sztuka znajduje tu wsp\u00f3\u0142czesn\u0105 publiczno\u015b\u0107. Bycie w\u015br\u00f3d 14 000 widz\u00f3w samo w sobie jest niezapomnianym prze\u017cyciem.[\/vc_column_text][\/vc_accordion_tab][vc_accordion_tab title=&#8221;ATENY&#8221;][vc_column_text]Miasto, kt\u00f3re zrodzi\u0142o demokracj\u0119. Dzi\u0119ki Partenonowi i Akropolowi, zabytkom i skarbom, kt\u00f3re mo\u017cna podziwia\u0107 w nowym Muzeum Akropolu, a tak\u017ce w Muzeum Archeologicznym, Ateny przywodz\u0105 na my\u015bl chwa\u0142\u0119 i doskona\u0142o\u015b\u0107 najwspanialszego miasta, jakie kiedykolwiek istnia\u0142o.[\/vc_column_text][\/vc_accordion_tab][vc_accordion_tab title=&#8221;ANTYCZNA OLIMPIA&#8221;][vc_column_text]Przed wizyt\u0105 na s\u0142ynnym Stadionie Olimpijskim warto wybra\u0107 si\u0119 na spacer po ruinach staro\u017cytnego miasta, w otoczeniu r\u00f3\u017cowych kwitn\u0105cych kwiat\u00f3w i pos\u0142ucha\u0107 koncertu cykad. Najpierw odkryjesz tam \u015awi\u0105tyni\u0119 Zeusa ze statu\u0105 Zeusa stworzon\u0105 przez Fidiasza, jeden z siedmiu cud\u00f3w staro\u017cytnego \u015bwiata.[\/vc_column_text][\/vc_accordion_tab][vc_accordion_tab title=&#8221;HYDRA I SPETSA&#8221;][vc_column_text]Ich po\u0142\u0105czenie z Greck\u0105 Rewolucj\u0105 z 1821 roku, ich naturalne pi\u0119kno, ich architektura i historia przyci\u0105gaj\u0105 turyst\u00f3w z ca\u0142ego \u015bwiata. Jad\u0105c \u0142odzi\u0105 z portu w Tolo, nie tylko podziwiasz majestatyczn\u0105 sceneri\u0119 greckiej wyspy, ale tak\u017ce rozkoszujesz si\u0119 rejsem po wodach Morza Egejskiego.[\/vc_column_text][\/vc_accordion_tab][vc_accordion_tab title=&#8221;POROS&#8221;][vc_column_text]Wyspa Poros po\u0142o\u017cona jest w Zatoce Saro\u0144skiej i \u0142atwo do niej dotrze\u0107 z Tolo kieruj\u0105c si\u0119 w kierunku starozytnego Epidauros i przecinaj\u0105c g\u00f3ry Argolidy. Ju\u017c dwie godziny p\u00f3\u017aniej docieracie do celu podr\u00f3\u017cy, miejsca z kt\u00f3rego roztacza si\u0119 niesamowity widok na morze.[\/vc_column_text][\/vc_accordion_tab][vc_accordion_tab title=&#8221;HISTORYCZNE KLASZTORY&#8221;][vc_column_text]Tysi\u0105ce pielgrzym\u00f3w odwiedza klasztory w Argolidze, \u0142\u0105cz\u0105ce magi\u0119 natury z pobo\u017cnym nastrojem. Najs\u0142ynniejsze klasztory to klasztor Pammegiston Taxiarchon, Agion Anargyron w Ermioni i bizantyjski klasztor Avgo.[\/vc_column_text][\/vc_accordion_tab][vc_accordion_tab title=&#8221;MONEMVASIA&#8221;][vc_column_text]Monemvasia jest jednym z najwspanialszych historycznych miast warownych w Grecji, z niew\u0105tpliwie jednym z najpi\u0119kniejszych zamk\u00f3w na \u015bwiecie. Zbudowana na wzg\u00f3rzu, wzi\u0119\u0142a swoj\u0105 nazw\u0119 od w\u0105skiego pasa ziemi, kt\u00f3ry stanowi\u0142 jedyny dost\u0119p do l\u0105du.[\/vc_column_text][\/vc_accordion_tab][vc_accordion_tab title=&#8221;ARGOS&#8221;][vc_column_text]Argos jest miastem le\u017c\u0105cym na Peloponezie, w prefekturze Argolida, kt\u00f3rej by\u0142o niegdy\u015b stolic\u0105. Uwa\u017cane jest za najstarsze miasto Europy ze wzgl\u0119du na istnienie wielu zabytk\u00f3w archeologicznych z p\u00f3\u017anej epoki br\u0105zu, kiedy miejsce to by\u0142o jednym z najwa\u017cniejszych o\u015brodk\u00f3w cywilizacji myke\u0144skiej.[\/vc_column_text][\/vc_accordion_tab][vc_accordion_tab title=&#8221;MISTRA&#8221;][vc_column_text]Kamienne miasto Mistra, zbudowane na zboczach Taygetos, zabiera go\u015bci w podr\u00f3\u017c w czasie. W Mistra zobaczysz ko\u015bcio\u0142y z bajecznymi malowid\u0142ami, pos\u0105g Konstantyna Palaiologosa &#8220;cierpliwie czekaj\u0105cy&#8221; w pa\u0142acu swoich przodk\u00f3w, dwory, drogi i mury bizantyjskiego miasta.[\/vc_column_text][\/vc_accordion_tab][vc_accordion_tab title=&#8221;STARO\u017bYTNY KORYNT&#8221;][vc_column_text]Zaledwie kilka kilometr\u00f3w od wsp\u00f3\u0142czesnego Koryntu znajduje si\u0119 staro\u017cytny Korynt i jego stanowisko archeologiczne, unikalne i reprezentatywne dla jego historii. Ludzie przybyli tu, do wschodniego podn\u00f3\u017ca Akrokoryntu ,w epoce neolitu.[\/vc_column_text][\/vc_accordion_tab][vc_accordion_tab title=&#8221;STARO\u017bYTNY TYRYNS&#8221;][vc_column_text]Na drodze \u0142\u0105cz\u0105cej Nafplio z Argos, na podw\u00f3jnym szczycie wzg\u00f3rza wznosz\u0105cego si\u0119 dumnie i niepokonanie, po\u0142o\u017cony jest akropol staro\u017cytnego Tyrynsu, jeden z najwa\u017cniejszych akropoli \u0142\u0105czony z wieloma mitycznym bohaterami.[\/vc_column_text][\/vc_accordion_tab][\/vc_accordion][\/vc_column][vc_column width=&#8221;1\/6&#8243;][\/vc_column][\/vc_row][vc_row row_type=&#8221;row&#8221; use_row_as_full_screen_section=&#8221;no&#8221; type=&#8221;grid&#8221; angled_section=&#8221;no&#8221; text_align=&#8221;center&#8221; background_image_as_pattern=&#8221;without_pattern&#8221; css_animation=&#8221;&#8221; css=&#8221;.vc_custom_1468921523203{padding-top: 118px !important;padding-bottom: 108px !important;}&#8221;][vc_column][vc_column_text]<\/p>\n<h4 style=\"text-align: center;\">Fotografie z Tolo i regionu<\/h4>\n<p>[\/vc_column_text][vc_empty_space height=&#8221;22px&#8221;][vc_empty_space height=&#8221;22px&#8221;][vc_gallery type=&#8221;image_grid&#8221; images=&#8221;545,544,542,528,510,511,512,513,515,516,517,518,522,524,526,530,531,541,543,411,1340,1339,1337,1336,1334,1333,1332,1331,1330,1329&#8243; img_size=&#8221;medium&#8221; column_number=&#8221;5&#8243; grayscale=&#8221;no&#8221; images_space=&#8221;gallery_without_space&#8221;][\/vc_column][\/vc_row][vc_row row_type=&#8221;row&#8221; use_row_as_full_screen_section=&#8221;no&#8221; type=&#8221;full_width&#8221; angled_section=&#8221;no&#8221; text_align=&#8221;left&#8221; background_image_as_pattern=&#8221;without_pattern&#8221; css_animation=&#8221;&#8221;][vc_column]<div class=\"call_to_action normal\" style=\"background-color: rgba(167,98,98,0.88);\"><div class=\"container_inner\"><div class=\"two_columns_75_25 clearfix\"><div class=\"text_wrapper column1\"><div class=\"call_to_action_text \" style=\"\"><\/p>\n<h3><span style=\"color: #ffffff;\">POBYT W APARTAMENTACH OASIS W TOLO, ARGOLIDA<\/span><\/h3>\n<p><\/div><\/div><div class=\"button_wrapper column2\"><a itemprop=\"url\" href=\"https:\/\/oasisapatmentstolo.reserve-online.net\/\" class=\"qbutton white \" target=\"_self\" style=\"color: #000000;border-color: #000000;\"data-hover-border-color=#ffffff data-hover-color=#a2a2a2>ZAREZERWUJ<\/a><\/div><\/div><\/div><\/div>[\/vc_column][\/vc_row]<\/p>\n","protected":false},"excerpt":{"rendered":"<p>[vc_row row_type=&#8221;row&#8221; use_row_as_full_screen_section=&#8221;no&#8221; type=&#8221;grid&#8221; angled_section=&#8221;no&#8221; text_align=&#8221;left&#8221; background_image_as_pattern=&#8221;without_pattern&#8221; background_color=&#8221;#ffffff&#8221; padding_top=&#8221;87&#8243; padding_bottom=&#8221;80&#8243; css_animation=&#8221;&#8221;][vc_column][vc_column_text] DOWIEDZ SI\u0118 WI\u0118CEJ O NASZYCH ATRAKCJACH [\/vc_column_text][vc_separator type=&#8221;small&#8221; position=&#8221;center&#8221; up=&#8221;7&#8243; down=&#8221;38&#8243;][vc_column_text] Odkryj wyj\u0105tkowe miejsca godne odwiedzenia [\/vc_column_text][vc_separator type=&#8221;transparent&#8221; up=&#8221;38&#8243; down=&#8221;19&#8243;][\/vc_column][\/vc_row][vc_row row_type=&#8221;row&#8221; use_row_as_full_screen_section=&#8221;no&#8221; type=&#8221;full_width&#8221; anchor=&#8221;gallery&#8221; angled_section=&#8221;no&#8221; text_align=&#8221;left&#8221; background_image_as_pattern=&#8221;without_pattern&#8221; css_animation=&#8221;&#8221;][vc_column][vc_empty_space height=&#8221;22px&#8221;][\/vc_column][\/vc_row][vc_row row_type=&#8221;row&#8221; use_row_as_full_screen_section=&#8221;no&#8221; type=&#8221;grid&#8221; angled_section=&#8221;no&#8221; text_align=&#8221;left&#8221;&#8230;<\/p>\n","protected":false},"author":1,"featured_media":0,"parent":0,"menu_order":39,"comment_status":"closed","ping_status":"closed","template":"full_width.php","meta":[],"yoast_head":"<!-- This site is optimized with the Yoast SEO plugin v15.2.1 - https:\/\/yoast.com\/wordpress\/plugins\/seo\/ -->\n<meta name=\"description\" content=\"Tolo jest idealnym celem wakacyjnej podr\u00f3\u017cy dla turyst\u00f3w, kt\u00f3rzy lubi\u0105 ciep\u0142\u0105 wod\u0119, piaszczyste pla\u017ce, g\u00f3rskie i skaliste krajobrazy oraz malownicze...\" \/>\n<meta name=\"robots\" content=\"index, follow, max-snippet:-1, max-image-preview:large, max-video-preview:-1\" \/>\n<link rel=\"canonical\" href=\"https:\/\/oasis-apartments.gr\/pl\/area-php\/\" \/>\n<meta property=\"og:locale\" content=\"pl_PL\" \/>\n<meta property=\"og:type\" content=\"article\" \/>\n<meta property=\"og:title\" content=\"LOKALIZACJA - Oasis Apartmenty |Tolo Argolis Greece\" \/>\n<meta property=\"og:description\" content=\"Tolo jest idealnym celem wakacyjnej podr\u00f3\u017cy dla turyst\u00f3w, kt\u00f3rzy lubi\u0105 ciep\u0142\u0105 wod\u0119, piaszczyste pla\u017ce, g\u00f3rskie i skaliste krajobrazy oraz malownicze...\" \/>\n<meta property=\"og:url\" content=\"https:\/\/oasis-apartments.gr\/pl\/area-php\/\" \/>\n<meta property=\"og:site_name\" content=\"Oasis Apartments | Tolo Argolis\" \/>\n<meta property=\"article:modified_time\" content=\"2018-06-20T10:33:30+00:00\" \/>\n<meta name=\"twitter:card\" content=\"summary\" \/>\n<meta name=\"twitter:label1\" content=\"Written by\">\n\t<meta name=\"twitter:data1\" content=\"gkoutsopoulos\">\n\t<meta name=\"twitter:label2\" content=\"Est. reading time\">\n\t<meta name=\"twitter:data2\" content=\"6 minut\">\n<script type=\"application\/ld+json\" class=\"yoast-schema-graph\">{\"@context\":\"https:\/\/schema.org\",\"@graph\":[{\"@type\":\"WebSite\",\"@id\":\"https:\/\/oasis-apartments.gr\/en\/#website\",\"url\":\"https:\/\/oasis-apartments.gr\/en\/\",\"name\":\"Oasis Apartments | Tolo Argolis\",\"description\":\"Seaside resort in Tolo, Nafplion Greece\",\"potentialAction\":[{\"@type\":\"SearchAction\",\"target\":\"https:\/\/oasis-apartments.gr\/en\/?s={search_term_string}\",\"query-input\":\"required name=search_term_string\"}],\"inLanguage\":\"pl-PL\"},{\"@type\":\"WebPage\",\"@id\":\"https:\/\/oasis-apartments.gr\/pl\/area-php\/#webpage\",\"url\":\"https:\/\/oasis-apartments.gr\/pl\/area-php\/\",\"name\":\"LOKALIZACJA - Oasis Apartmenty |Tolo Argolis Greece\",\"isPartOf\":{\"@id\":\"https:\/\/oasis-apartments.gr\/en\/#website\"},\"datePublished\":\"2016-07-19T08:16:52+00:00\",\"dateModified\":\"2018-06-20T10:33:30+00:00\",\"description\":\"Tolo jest idealnym celem wakacyjnej podr\\u00f3\\u017cy dla turyst\\u00f3w, kt\\u00f3rzy lubi\\u0105 ciep\\u0142\\u0105 wod\\u0119, piaszczyste pla\\u017ce, g\\u00f3rskie i skaliste krajobrazy oraz malownicze...\",\"inLanguage\":\"pl-PL\",\"potentialAction\":[{\"@type\":\"ReadAction\",\"target\":[\"https:\/\/oasis-apartments.gr\/pl\/area-php\/\"]}]}]}<\/script>\n<!-- \/ Yoast SEO plugin. -->","_links":{"self":[{"href":"https:\/\/oasis-apartments.gr\/pl\/wp-json\/wp\/v2\/pages\/1924"}],"collection":[{"href":"https:\/\/oasis-apartments.gr\/pl\/wp-json\/wp\/v2\/pages"}],"about":[{"href":"https:\/\/oasis-apartments.gr\/pl\/wp-json\/wp\/v2\/types\/page"}],"author":[{"embeddable":true,"href":"https:\/\/oasis-apartments.gr\/pl\/wp-json\/wp\/v2\/users\/1"}],"replies":[{"embeddable":true,"href":"https:\/\/oasis-apartments.gr\/pl\/wp-json\/wp\/v2\/comments?post=1924"}],"version-history":[{"count":0,"href":"https:\/\/oasis-apartments.gr\/pl\/wp-json\/wp\/v2\/pages\/1924\/revisions"}],"wp:attachment":[{"href":"https:\/\/oasis-apartments.gr\/pl\/wp-json\/wp\/v2\/media?parent=1924"}],"curies":[{"name":"wp","href":"https:\/\/api.w.org\/{rel}","templated":true}]}}