
{"id":1920,"date":"2016-08-24T16:33:51","date_gmt":"2016-08-24T13:33:51","guid":{"rendered":"http:\/\/oasis-apartments.gr\/experiences\/"},"modified":"2018-06-20T13:45:26","modified_gmt":"2018-06-20T10:45:26","slug":"wypoczynek","status":"publish","type":"page","link":"https:\/\/oasis-apartments.gr\/pl\/wypoczynek\/","title":{"rendered":"WYPOCZYNEK"},"content":{"rendered":"<p>[vc_row row_type=&#8221;row&#8221; use_row_as_full_screen_section=&#8221;no&#8221; type=&#8221;grid&#8221; angled_section=&#8221;no&#8221; text_align=&#8221;left&#8221; background_image_as_pattern=&#8221;without_pattern&#8221; background_color=&#8221;#ffffff&#8221; padding_top=&#8221;87&#8243; padding_bottom=&#8221;80&#8243; css_animation=&#8221;&#8221;][vc_column][vc_empty_space][vc_column_text]<\/p>\n<h2 style=\"text-align: center;\">WYPOCZYNEK W TOLO<\/h2>\n<p>[\/vc_column_text][vc_separator type=&#8221;small&#8221; position=&#8221;center&#8221; up=&#8221;7&#8243; down=&#8221;38&#8243;][vc_column_text]<\/p>\n<h4 style=\"text-align: center;\">Wybierz spokojne rodzinne wakacje w bujnym otoczeniu przyrody i blisko morza.<\/h4>\n<p>[\/vc_column_text][vc_separator type=&#8221;transparent&#8221; up=&#8221;38&#8243; down=&#8221;19&#8243;][qode_circles columns=&#8221;five_columns&#8221; circle_line=&#8221;no_line&#8221;][qode_circle type=&#8221;icon_type&#8221; icon=&#8221;fa-users&#8221; size=&#8221;fa-3x&#8221; title_tag=&#8221;h4&#8243; title=&#8221;\u0141OWIENIE RYB&#8221; text=&#8221;W wielu miejscach nad brzegiem morza mo\u017cna spotka\u0107 rybak\u00f3w i samemu \u0142owi\u0107 ryby.&#8221; icon_color=&#8221;#ffffff&#8221; border_color=&#8221;#ffffff&#8221; background_color=&#8221;rgba(118,154,191,0.88)&#8221;][qode_circle type=&#8221;icon_type&#8221; icon=&#8221;fa-safari&#8221; size=&#8221;fa-3x&#8221; title_tag=&#8221;h4&#8243; title=&#8221;JAZDA NA ROWERZE&#8221; text=&#8221;Odkryj pi\u0119kno Tolo dzi\u0119ki licznym trasom, kt\u00f3re mo\u017cesz przemierza\u0107 na rowerze.&#8221; background_color=&#8221;rgba(118,154,191,0.88)&#8221; icon_color=&#8221;#ffffff&#8221;][qode_circle type=&#8221;icon_type&#8221; icon=&#8221;fa-heart&#8221; size=&#8221;fa-3x&#8221; title_tag=&#8221;h4&#8243; title=&#8221;SPORTY WODNE&#8221; text=&#8221;Na pla\u017cy Tolo mo\u017cna uprawia\u0107 sporty wodne, takie jak narty wodne, windsurfing, skuter wodny, nurkowanie z akwalungiem, \u0142\u00f3dki wios\u0142owe i przeja\u017cd\u017cki na bananie.<br \/>\n&#8221; background_color=&#8221;rgba(118,154,191,0.88)&#8221; icon_color=&#8221;#ffffff&#8221;][qode_circle type=&#8221;icon_type&#8221; icon=&#8221;fa-smile-o&#8221; size=&#8221;fa-3x&#8221; title_tag=&#8221;h4&#8243; title=&#8221;PLA\u017bE&#8221; text=&#8221;Dla turyst\u00f3w lubi\u0105cych ciep\u0142\u0105 wod\u0119, piaszczyste pla\u017ce, g\u00f3rzyste i skaliste krajobrazy.&#8221; background_color=&#8221;rgba(118,154,191,0.88)&#8221; icon_color=&#8221;#ffffff&#8221;][qode_circle type=&#8221;icon_type&#8221; icon=&#8221;fa-eye&#8221; size=&#8221;fa-3x&#8221; title_tag=&#8221;h4&#8243; title=&#8221;NURKOWANIE&#8221; text=&#8221;Odkryj zachwycaj\u0105ce wybrze\u017ce Tolo. Wyp\u0142y\u0144 w morze i ciesz si\u0119 niesamowitymi widokami z wyj\u0105tkowej perspektywy, jak\u0105 daje odleg\u0142o\u015b\u0107 od brzegu.&#8221; background_color=&#8221;rgba(118,154,191,0.88)&#8221; icon_color=&#8221;#ffffff&#8221;][\/qode_circles][\/vc_column][\/vc_row][vc_row row_type=&#8221;row&#8221; use_row_as_full_screen_section=&#8221;no&#8221; type=&#8221;full_width&#8221; anchor=&#8221;gallery&#8221; angled_section=&#8221;no&#8221; text_align=&#8221;left&#8221; background_image_as_pattern=&#8221;without_pattern&#8221; css_animation=&#8221;&#8221;][vc_column][vc_empty_space height=&#8221;22px&#8221;][\/vc_column][\/vc_row][vc_row row_type=&#8221;row&#8221; use_row_as_full_screen_section=&#8221;no&#8221; type=&#8221;grid&#8221; angled_section=&#8221;no&#8221; text_align=&#8221;left&#8221; background_image_as_pattern=&#8221;without_pattern&#8221; padding_top=&#8221;87&#8243; css_animation=&#8221;&#8221;][vc_column width=&#8221;1\/3&#8243;][vc_separator type=&#8221;transparent&#8221; up=&#8221;7&#8243; down=&#8221;0&#8243;][vc_single_image image=&#8221;245&#8243; img_size=&#8221;full&#8221; qode_css_animation=&#8221;element_from_left&#8221; transition_delay=&#8221;0.3&#8243;][vc_separator type=&#8221;transparent&#8221; up=&#8221;15&#8243; down=&#8221;0&#8243;][\/vc_column][vc_column width=&#8221;2\/3&#8243;][vc_column_text]<\/p>\n<h3 style=\"text-align: left;\">SPORTY WODNE<\/h3>\n<p>[\/vc_column_text][vc_separator type=&#8221;small&#8221; position=&#8221;left&#8221; up=&#8221;7&#8243; down=&#8221;34&#8243;][vc_column_text]Na pla\u017cy Tolo mo\u017cna uprawia\u0107 sporty wodne, takie jak narty wodne, windsurfing, skuter wodny, nurkowanie, \u0142\u00f3dk\u0119 wios\u0142ow\u0105, bananow\u0105 \u0142\u00f3dk\u0119, w\u0119dkarstwo i kajakarstwo. Spr\u00f3buj tak\u017ce sport\u00f3w wodnych, takich jak \u017ceglarstwo, kitesurfing lub nurkowanie. Wynajmij \u0142\u00f3d\u017a wios\u0142ow\u0105 lub ma\u0142y statek, jed\u017a na ryby lub odkrywaj okoliczne wyspy.[\/vc_column_text][vc_separator type=&#8221;transparent&#8221; up=&#8221;20&#8243; down=&#8221;16&#8243;][\/vc_column][\/vc_row][vc_row row_type=&#8221;row&#8221; use_row_as_full_screen_section=&#8221;no&#8221; type=&#8221;full_width&#8221; angled_section=&#8221;no&#8221; text_align=&#8221;left&#8221; background_image_as_pattern=&#8221;without_pattern&#8221; css_animation=&#8221;&#8221;][vc_column][vc_separator type=&#8221;transparent&#8221; up=&#8221;25&#8243; down=&#8221;0&#8243;][\/vc_column][\/vc_row][vc_row row_type=&#8221;row&#8221; use_row_as_full_screen_section=&#8221;no&#8221; type=&#8221;grid&#8221; angled_section=&#8221;no&#8221; text_align=&#8221;left&#8221; background_image_as_pattern=&#8221;without_pattern&#8221; background_color=&#8221;#ffffff&#8221; padding_top=&#8221;87&#8243; css_animation=&#8221;&#8221;][vc_column width=&#8221;2\/3&#8243;][vc_column_text]<\/p>\n<h3 style=\"text-align: left;\">KITESURFING<\/h3>\n<p>[\/vc_column_text][vc_separator type=&#8221;small&#8221; position=&#8221;left&#8221; up=&#8221;7&#8243; down=&#8221;34&#8243;][vc_column_text]Na pla\u017cy Nea Kios, niedaleko Nafplio w prefekturze Argolida, mo\u017cna pobra\u0107 lekcje kitesurfingu od certyfikowanych instruktor\u00f3w. Pierwsza lekcja trwa 1:30 godziny. Do\u015bwiadczeni kitesurfingowcy pokochaj\u0105 p\u0142ytkie wody i sta\u0142e wiatry termiczne podczas ca\u0142ego sezonu letniego.[\/vc_column_text][vc_separator type=&#8221;transparent&#8221; up=&#8221;20&#8243; down=&#8221;16&#8243;][\/vc_column][vc_column width=&#8221;1\/3&#8243;][vc_separator type=&#8221;transparent&#8221; up=&#8221;7&#8243; down=&#8221;0&#8243;][vc_single_image image=&#8221;251&#8243; img_size=&#8221;full&#8221; qode_css_animation=&#8221;element_from_right&#8221; transition_delay=&#8221;0.3&#8243;][\/vc_column][\/vc_row][vc_row row_type=&#8221;row&#8221; use_row_as_full_screen_section=&#8221;no&#8221; type=&#8221;full_width&#8221; angled_section=&#8221;no&#8221; text_align=&#8221;left&#8221; background_image_as_pattern=&#8221;without_pattern&#8221; background_color=&#8221;#ffffff&#8221; css_animation=&#8221;&#8221;][vc_column][vc_separator type=&#8221;transparent&#8221; up=&#8221;25&#8243; down=&#8221;0&#8243;][\/vc_column][\/vc_row][vc_row row_type=&#8221;row&#8221; use_row_as_full_screen_section=&#8221;no&#8221; type=&#8221;grid&#8221; angled_section=&#8221;no&#8221; text_align=&#8221;left&#8221; background_image_as_pattern=&#8221;without_pattern&#8221; padding_top=&#8221;87&#8243; css_animation=&#8221;&#8221;][vc_column width=&#8221;1\/3&#8243;][vc_separator type=&#8221;transparent&#8221; up=&#8221;7&#8243; down=&#8221;0&#8243;][vc_single_image image=&#8221;259&#8243; img_size=&#8221;full&#8221; qode_css_animation=&#8221;element_from_left&#8221; transition_delay=&#8221;0.3&#8243;][vc_separator type=&#8221;transparent&#8221; up=&#8221;15&#8243; down=&#8221;0&#8243;][\/vc_column][vc_column width=&#8221;2\/3&#8243;][vc_column_text]<\/p>\n<h3 style=\"text-align: left;\">NURKOWANIE<\/h3>\n<p>[\/vc_column_text][vc_separator type=&#8221;small&#8221; position=&#8221;left&#8221; up=&#8221;7&#8243; down=&#8221;34&#8243;][vc_column_text]W Tolo znajduje si\u0119 nowoczesne Centrum Nurkowe &#8211; Szko\u0142a Nurkowania, kt\u00f3ra oferuje zar\u00f3wno nurkowanie rekreacyjne, jak i profesjonalne. Odkryj tutejsze i pobliskie wyspy i ciesz si\u0119 wra\u017ceniami. Skontaktuj si\u0119 z nasz\u0105 recepcj\u0105 w celu uzyskania informacji.[\/vc_column_text][vc_separator type=&#8221;transparent&#8221; up=&#8221;20&#8243; down=&#8221;16&#8243;][\/vc_column][\/vc_row][vc_row row_type=&#8221;row&#8221; use_row_as_full_screen_section=&#8221;no&#8221; type=&#8221;full_width&#8221; angled_section=&#8221;no&#8221; text_align=&#8221;left&#8221; background_image_as_pattern=&#8221;without_pattern&#8221; css_animation=&#8221;&#8221;][vc_column][vc_separator type=&#8221;transparent&#8221; up=&#8221;25&#8243; down=&#8221;0&#8243;][\/vc_column][\/vc_row][vc_row row_type=&#8221;row&#8221; use_row_as_full_screen_section=&#8221;no&#8221; type=&#8221;grid&#8221; angled_section=&#8221;no&#8221; text_align=&#8221;left&#8221; background_image_as_pattern=&#8221;without_pattern&#8221; background_color=&#8221;#ffffff&#8221; padding_top=&#8221;87&#8243; css_animation=&#8221;&#8221;][vc_column width=&#8221;2\/3&#8243;][vc_column_text]<\/p>\n<h3 style=\"text-align: left;\">JAZDA KONNA<\/h3>\n<p>[\/vc_column_text][vc_separator type=&#8221;small&#8221; position=&#8221;left&#8221; up=&#8221;7&#8243; down=&#8221;34&#8243;][vc_column_text]Jazda konna, jako sport, hobby lub po prostu do\u015bwiadczenie, to co\u015b ekscytuj\u0105cego, co daje dreszczyk emocji. Ka\u017cdy pocz\u0105tkuj\u0105cy je\u017adziec mo\u017ce przetestowa\u0107 swoje umiej\u0119tno\u015bci i przej\u015b\u0107 przez pierwsze podstawowe etapy zaznajomienia si\u0119 z koniem i procesu jazdy w bezpiecznym, zamkni\u0119tym terenie. Z pewnosci\u0105 zas\u0142ugujesz na tak\u0105 unikaln\u0105 ucieczk\u0119 od codzienno\u015bci!<\/p>\n<p>[\/vc_column_text][vc_separator type=&#8221;transparent&#8221; up=&#8221;20&#8243; down=&#8221;16&#8243;][\/vc_column][vc_column width=&#8221;1\/3&#8243;][vc_separator type=&#8221;transparent&#8221; up=&#8221;15&#8243; down=&#8221;0&#8243;][vc_single_image image=&#8221;260&#8243; img_size=&#8221;full&#8221; qode_css_animation=&#8221;element_from_right&#8221; transition_delay=&#8221;0.3&#8243;][\/vc_column][\/vc_row][vc_row row_type=&#8221;row&#8221; use_row_as_full_screen_section=&#8221;no&#8221; type=&#8221;full_width&#8221; angled_section=&#8221;no&#8221; text_align=&#8221;left&#8221; background_image_as_pattern=&#8221;without_pattern&#8221; background_color=&#8221;#ffffff&#8221; css_animation=&#8221;&#8221;][vc_column][vc_separator type=&#8221;transparent&#8221; up=&#8221;25&#8243; down=&#8221;0&#8243;][\/vc_column][\/vc_row][vc_row row_type=&#8221;row&#8221; use_row_as_full_screen_section=&#8221;no&#8221; type=&#8221;grid&#8221; angled_section=&#8221;no&#8221; text_align=&#8221;left&#8221; background_image_as_pattern=&#8221;without_pattern&#8221; padding_top=&#8221;87&#8243; css_animation=&#8221;&#8221;][vc_column width=&#8221;1\/3&#8243;][vc_separator type=&#8221;transparent&#8221; up=&#8221;7&#8243; down=&#8221;0&#8243;][vc_single_image image=&#8221;262&#8243; img_size=&#8221;full&#8221; qode_css_animation=&#8221;element_from_left&#8221; transition_delay=&#8221;0.3&#8243;][vc_separator type=&#8221;transparent&#8221; up=&#8221;15&#8243; down=&#8221;0&#8243;][\/vc_column][vc_column width=&#8221;2\/3&#8243;][vc_column_text]<\/p>\n<h3 style=\"text-align: left;\">ZBIERANIE OLIWEK<\/h3>\n<p>[\/vc_column_text][vc_separator type=&#8221;small&#8221; position=&#8221;left&#8221; up=&#8221;7&#8243; down=&#8221;34&#8243;][vc_column_text]Poznasz wszystkie tajemnice tego \u015bwi\u0119tego drzewa, od czas\u00f3w prehistorycznych po dzie\u0144 dzisiejszy. Podczas spaceru po gaju oliwnym zbieramy w tradycyjny spos\u00f3b oliwki i zamieniamy je w oliw\u0119 z pierwszego t\u0142oczenia. Jednocze\u015bnie gotujemy greckie potrawy u\u017cywaj\u0105c jako g\u0142\u00f3wnego sk\u0142adnika oliwy z oliwek. Idealny czas na t\u0119 wyj\u0105tkow\u0105 podr\u00f3\u017c to sezon zbior\u00f3w, od po\u0142owy pa\u017adziernika do po\u0142owy stycznia ka\u017cdego roku. To do\u015bwiadczenie z pewno\u015bci\u0105 pozostawi niezatarte wspomnienia.[\/vc_column_text][vc_separator type=&#8221;transparent&#8221; up=&#8221;20&#8243; down=&#8221;16&#8243;][\/vc_column][\/vc_row][vc_row row_type=&#8221;row&#8221; use_row_as_full_screen_section=&#8221;no&#8221; type=&#8221;full_width&#8221; angled_section=&#8221;no&#8221; text_align=&#8221;left&#8221; background_image_as_pattern=&#8221;without_pattern&#8221; css_animation=&#8221;&#8221;][vc_column][vc_separator type=&#8221;transparent&#8221; up=&#8221;25&#8243; down=&#8221;0&#8243;][\/vc_column][\/vc_row][vc_row row_type=&#8221;row&#8221; use_row_as_full_screen_section=&#8221;no&#8221; type=&#8221;grid&#8221; angled_section=&#8221;no&#8221; text_align=&#8221;left&#8221; background_image_as_pattern=&#8221;without_pattern&#8221; background_color=&#8221;#ffffff&#8221; padding_top=&#8221;87&#8243; css_animation=&#8221;&#8221;][vc_column width=&#8221;2\/3&#8243;][vc_column_text]<\/p>\n<h3 style=\"text-align: left;\">\u015aWI\u0118TA WIELKANOCNE W TOLO<\/h3>\n<p>[\/vc_column_text][vc_separator type=&#8221;small&#8221; position=&#8221;left&#8221; up=&#8221;7&#8243; down=&#8221;34&#8243;][vc_column_text]Wielkanoc w Tolo to podr\u00f3\u017c, kt\u00f3ra oferuje bezprecedensowe do\u015bwiadczenie pe\u0142ne kolor\u00f3w, zapach\u00f3w, ale tak\u017ce odmiennych zwyczaj\u00f3w. Wielki Pi\u0105tek jest szczeg\u00f3lnym dniem, podczas kt\u00f3rego przez ca\u0142\u0105 miejscowo\u015b\u0107 przechodzi procesja epitafijna,oddaj\u0105ca cze\u015b\u0107 niebieskim wodom morza. W Wielk\u0105 Sobot\u0119 rano go\u015bcie poczuj\u0105 rado\u015b\u0107 z pierwszego dnia Zmartwychwstania, a nast\u0119pnie zejd\u0105 spacerem do do malowniczej zatoczki, gdzie naciesz\u0105 oczy widokiem dw\u00f3ch wysp, ozdabiaj\u0105cych Zatok\u0119 Tolo. W nocy po Zmartwychwstaniu roznosi si\u0119 wok\u00f3\u0142 zapach tradycyjnej wielkanocnej zupy mageiritsa, przyrz\u0105dzanej z lokalnych produkt\u00f3w i b\u0119d\u0105cej uczt\u0105 dla podniebienia. W Niedziel\u0119 Wielkanocn\u0105 Tolo poddaje si\u0119 tradycyjnemu pieczeniu na ro\u017cnie ca\u0142ego baranka. Pogaw\u0119dki na \u015bwie\u017cym powietrzu, muzyka i ta\u0144ce wci\u0105gaja w niezapomnian\u0105 atmosfer\u0119 podr\u00f3\u017cy do cudownej ma\u0142ej krainy zwanej Argolid\u0105. [\/vc_column_text][vc_separator type=&#8221;transparent&#8221; up=&#8221;20&#8243; down=&#8221;16&#8243;][\/vc_column][vc_column width=&#8221;1\/3&#8243;][vc_separator type=&#8221;transparent&#8221; up=&#8221;15&#8243; down=&#8221;0&#8243;][vc_single_image image=&#8221;263&#8243; img_size=&#8221;full&#8221; qode_css_animation=&#8221;element_from_right&#8221; transition_delay=&#8221;0.3&#8243;][vc_empty_space][\/vc_column][\/vc_row][vc_row row_type=&#8221;row&#8221; use_row_as_full_screen_section=&#8221;no&#8221; type=&#8221;full_width&#8221; angled_section=&#8221;no&#8221; text_align=&#8221;left&#8221; background_image_as_pattern=&#8221;without_pattern&#8221; css_animation=&#8221;&#8221;][vc_column][vc_separator type=&#8221;transparent&#8221; up=&#8221;25&#8243; down=&#8221;0&#8243;][\/vc_column][\/vc_row][vc_row row_type=&#8221;row&#8221; use_row_as_full_screen_section=&#8221;no&#8221; type=&#8221;grid&#8221; angled_section=&#8221;no&#8221; text_align=&#8221;left&#8221; background_image_as_pattern=&#8221;without_pattern&#8221; padding_top=&#8221;87&#8243; css_animation=&#8221;&#8221;][vc_column width=&#8221;1\/3&#8243;][vc_separator type=&#8221;transparent&#8221; up=&#8221;7&#8243; down=&#8221;0&#8243;][vc_single_image image=&#8221;264&#8243; img_size=&#8221;full&#8221; qode_css_animation=&#8221;element_from_left&#8221; transition_delay=&#8221;0.3&#8243;][vc_separator type=&#8221;transparent&#8221; up=&#8221;15&#8243; down=&#8221;0&#8243;][\/vc_column][vc_column width=&#8221;2\/3&#8243;][vc_column_text]<\/p>\n<h3>WINOBRANIE<\/h3>\n<p>[\/vc_column_text][vc_separator type=&#8221;small&#8221; position=&#8221;left&#8221; up=&#8221;7&#8243; down=&#8221;34&#8243;][vc_column_text]Zbiory winogron trwaj\u0105 od pocz\u0105tku sierpnia do po\u0142owy wrze\u015bnia. Owoce zbiera si\u0119 r\u0119cznie i zawsze rano. Ta metoda, cho\u0107 dro\u017csza, ma te\u017c wa\u017cne zalety. Sortowanie odbywa si\u0119 na miejscu w winnicy, a owoce nie spe\u0142niaj\u0105ce normy nie s\u0105 zbierane. Ponadto podczas r\u0119cznego zbierania winogrona nie zostaj\u0105 rozgniecione. Szybki transport winogron do winiarni, zanim ich temperatura wyra\u017anie wzro\u015bnie, pomaga utrzyma\u0107 \u015bwie\u017co\u015b\u0107 owoc\u00f3w.[\/vc_column_text][vc_separator type=&#8221;transparent&#8221; up=&#8221;20&#8243; down=&#8221;16&#8243;][\/vc_column][\/vc_row][vc_row row_type=&#8221;row&#8221; use_row_as_full_screen_section=&#8221;no&#8221; type=&#8221;grid&#8221; angled_section=&#8221;no&#8221; text_align=&#8221;left&#8221; background_image_as_pattern=&#8221;without_pattern&#8221; background_color=&#8221;#ffffff&#8221; padding_top=&#8221;87&#8243; css_animation=&#8221;&#8221;][vc_column][vc_empty_space][\/vc_column][\/vc_row][vc_row row_type=&#8221;row&#8221; use_row_as_full_screen_section=&#8221;no&#8221; type=&#8221;full_width&#8221; angled_section=&#8221;no&#8221; text_align=&#8221;left&#8221; background_image_as_pattern=&#8221;without_pattern&#8221; css_animation=&#8221;&#8221;][vc_column]<div class=\"call_to_action normal\" style=\"background-color: rgba(167,98,98,0.88);\"><div class=\"container_inner\"><div class=\"two_columns_75_25 clearfix\"><div class=\"text_wrapper column1\"><div class=\"call_to_action_text \" style=\"\"><\/p>\n<h3><span style=\"color: #ffffff;\">POBYT W APARTAMENTACH OASIS W TOLO, ARGOLIDA<\/span><\/h3>\n<p><\/div><\/div><div class=\"button_wrapper column2\"><a itemprop=\"url\" href=\"https:\/\/oasisapatmentstolo.reserve-online.net\/\" class=\"qbutton white \" target=\"_self\" style=\"color: #000000;border-color: #000000;\"data-hover-border-color=#ffffff data-hover-color=#a2a2a2>ZAREZERWUJ<\/a><\/div><\/div><\/div><\/div>[\/vc_column][\/vc_row]<\/p>\n","protected":false},"excerpt":{"rendered":"<p>[vc_row row_type=&#8221;row&#8221; use_row_as_full_screen_section=&#8221;no&#8221; type=&#8221;grid&#8221; angled_section=&#8221;no&#8221; text_align=&#8221;left&#8221; background_image_as_pattern=&#8221;without_pattern&#8221; background_color=&#8221;#ffffff&#8221; padding_top=&#8221;87&#8243; padding_bottom=&#8221;80&#8243; css_animation=&#8221;&#8221;][vc_column][vc_empty_space][vc_column_text] WYPOCZYNEK W TOLO [\/vc_column_text][vc_separator type=&#8221;small&#8221; position=&#8221;center&#8221; up=&#8221;7&#8243; down=&#8221;38&#8243;][vc_column_text] Wybierz spokojne rodzinne wakacje w bujnym otoczeniu przyrody i blisko morza. [\/vc_column_text][vc_separator type=&#8221;transparent&#8221; up=&#8221;38&#8243; down=&#8221;19&#8243;][qode_circles columns=&#8221;five_columns&#8221; circle_line=&#8221;no_line&#8221;][qode_circle type=&#8221;icon_type&#8221; icon=&#8221;fa-users&#8221; size=&#8221;fa-3x&#8221; title_tag=&#8221;h4&#8243; title=&#8221;\u0141OWIENIE RYB&#8221; text=&#8221;W wielu miejscach&#8230;<\/p>\n","protected":false},"author":1,"featured_media":0,"parent":0,"menu_order":56,"comment_status":"closed","ping_status":"closed","template":"full_width.php","meta":[],"yoast_head":"<!-- This site is optimized with the Yoast SEO plugin v15.2.1 - https:\/\/yoast.com\/wordpress\/plugins\/seo\/ -->\n<meta name=\"description\" content=\"Wybierz spokojne rodzinne wakacje w bujnym otoczeniu przyrody i blisko morza. Wypoczynec w Tolo. Oasis Apartmenty Tolo Greece\" \/>\n<meta name=\"robots\" content=\"index, follow, max-snippet:-1, max-image-preview:large, max-video-preview:-1\" \/>\n<link rel=\"canonical\" href=\"https:\/\/oasis-apartments.gr\/pl\/wypoczynek\/\" \/>\n<meta property=\"og:locale\" content=\"pl_PL\" \/>\n<meta property=\"og:type\" content=\"article\" \/>\n<meta property=\"og:title\" content=\"WYPOCZYNEK W TOLO - Oasis Apartmenty Tolo Greece\" \/>\n<meta property=\"og:description\" content=\"Wybierz spokojne rodzinne wakacje w bujnym otoczeniu przyrody i blisko morza. Wypoczynec w Tolo. Oasis Apartmenty Tolo Greece\" \/>\n<meta property=\"og:url\" content=\"https:\/\/oasis-apartments.gr\/pl\/wypoczynek\/\" \/>\n<meta property=\"og:site_name\" content=\"Oasis Apartments | Tolo Argolis\" \/>\n<meta property=\"article:modified_time\" content=\"2018-06-20T10:45:26+00:00\" \/>\n<meta name=\"twitter:card\" content=\"summary\" \/>\n<meta name=\"twitter:label1\" content=\"Written by\">\n\t<meta name=\"twitter:data1\" content=\"gkoutsopoulos\">\n\t<meta name=\"twitter:label2\" content=\"Est. reading time\">\n\t<meta name=\"twitter:data2\" content=\"8 minut\">\n<script type=\"application\/ld+json\" class=\"yoast-schema-graph\">{\"@context\":\"https:\/\/schema.org\",\"@graph\":[{\"@type\":\"WebSite\",\"@id\":\"https:\/\/oasis-apartments.gr\/en\/#website\",\"url\":\"https:\/\/oasis-apartments.gr\/en\/\",\"name\":\"Oasis Apartments | Tolo Argolis\",\"description\":\"Seaside resort in Tolo, Nafplion Greece\",\"potentialAction\":[{\"@type\":\"SearchAction\",\"target\":\"https:\/\/oasis-apartments.gr\/en\/?s={search_term_string}\",\"query-input\":\"required name=search_term_string\"}],\"inLanguage\":\"pl-PL\"},{\"@type\":\"WebPage\",\"@id\":\"https:\/\/oasis-apartments.gr\/pl\/wypoczynek\/#webpage\",\"url\":\"https:\/\/oasis-apartments.gr\/pl\/wypoczynek\/\",\"name\":\"WYPOCZYNEK W TOLO - Oasis Apartmenty Tolo Greece\",\"isPartOf\":{\"@id\":\"https:\/\/oasis-apartments.gr\/en\/#website\"},\"datePublished\":\"2016-08-24T13:33:51+00:00\",\"dateModified\":\"2018-06-20T10:45:26+00:00\",\"description\":\"Wybierz spokojne rodzinne wakacje w bujnym otoczeniu przyrody i blisko morza. Wypoczynec w Tolo. Oasis Apartmenty Tolo Greece\",\"inLanguage\":\"pl-PL\",\"potentialAction\":[{\"@type\":\"ReadAction\",\"target\":[\"https:\/\/oasis-apartments.gr\/pl\/wypoczynek\/\"]}]}]}<\/script>\n<!-- \/ Yoast SEO plugin. -->","_links":{"self":[{"href":"https:\/\/oasis-apartments.gr\/pl\/wp-json\/wp\/v2\/pages\/1920"}],"collection":[{"href":"https:\/\/oasis-apartments.gr\/pl\/wp-json\/wp\/v2\/pages"}],"about":[{"href":"https:\/\/oasis-apartments.gr\/pl\/wp-json\/wp\/v2\/types\/page"}],"author":[{"embeddable":true,"href":"https:\/\/oasis-apartments.gr\/pl\/wp-json\/wp\/v2\/users\/1"}],"replies":[{"embeddable":true,"href":"https:\/\/oasis-apartments.gr\/pl\/wp-json\/wp\/v2\/comments?post=1920"}],"version-history":[{"count":0,"href":"https:\/\/oasis-apartments.gr\/pl\/wp-json\/wp\/v2\/pages\/1920\/revisions"}],"wp:attachment":[{"href":"https:\/\/oasis-apartments.gr\/pl\/wp-json\/wp\/v2\/media?parent=1920"}],"curies":[{"name":"wp","href":"https:\/\/api.w.org\/{rel}","templated":true}]}}