
{"id":1907,"date":"2016-07-19T07:41:58","date_gmt":"2016-07-19T07:41:58","guid":{"rendered":"http:\/\/oasis-apartments.gr\/home\/"},"modified":"2023-05-22T15:51:29","modified_gmt":"2023-05-22T12:51:29","slug":"strona-glowna","status":"publish","type":"page","link":"https:\/\/oasis-apartments.gr\/pl\/","title":{"rendered":"STRONA G\u0141\u00d3WNA"},"content":{"rendered":"<p>[vc_row css_animation=&#8221;&#8221; row_type=&#8221;row&#8221; use_row_as_full_screen_section=&#8221;no&#8221; type=&#8221;full_width&#8221; angled_section=&#8221;no&#8221; text_align=&#8221;left&#8221; background_image_as_pattern=&#8221;without_pattern&#8221;][vc_column][rev_slider_vc alias=&#8221;polonika&#8221;][\/vc_column][\/vc_row][vc_row css_animation=&#8221;&#8221; row_type=&#8221;row&#8221; use_row_as_full_screen_section=&#8221;no&#8221; type=&#8221;full_width&#8221; angled_section=&#8221;no&#8221; text_align=&#8221;left&#8221; background_image_as_pattern=&#8221;without_pattern&#8221; css=&#8221;.vc_custom_1488815223177{margin-right: 97px !important;margin-left: 97px !important;}&#8221;][vc_column][vc_empty_space height=&#8221;38px&#8221;][vc_column_text]<\/p>\n<h3 style=\"text-align: center;\">Witamy w Apartamentach Oasis w Tolo<\/h3>\n<p>[\/vc_column_text][vc_empty_space height=&#8221;38px&#8221;][\/vc_column][\/vc_row][vc_row css_animation=&#8221;&#8221; row_type=&#8221;row&#8221; use_row_as_full_screen_section=&#8221;no&#8221; type=&#8221;grid&#8221; angled_section=&#8221;no&#8221; text_align=&#8221;left&#8221; background_image_as_pattern=&#8221;without_pattern&#8221; css=&#8221;.vc_custom_1468916434502{padding-bottom: 65px !important;}&#8221;][vc_column offset=&#8221;vc_col-lg-4 vc_col-md-4&#8243;][vc_single_image image=&#8221;2195&#8243; img_size=&#8221;full&#8221; qode_css_animation=&#8221;&#8221;][vc_empty_space height=&#8221;38px&#8221;][vc_column_text]<\/p>\n<h4>Apartamenty<\/h4>\n<p>[\/vc_column_text][vc_empty_space height=&#8221;19px&#8221;][vc_column_text]Apartamenty OASIS znajduj\u0105 si\u0119 zaledwie 200 metr\u00f3w od pla\u017cy w Tolo, w centrum miejscowo\u015bci. Dzi\u0119ki tej lokalizacji nasi go\u015bcie mog\u0105 odpoczywa\u0107 w bardzo odpr\u0119\u017caj\u0105cej atmosferze.[\/vc_column_text][vc_empty_space height=&#8221;19px&#8221;]<a  itemprop=\"url\" href=\"http:\/\/oasis-apartments.gr\/pl\/zakwaterowanie\/\" target=\"_self\"  class=\"qbutton  default\" style=\"\">WI\u0118CEJ<\/a>[vc_empty_space height=&#8221;65px&#8221;][\/vc_column][vc_column offset=&#8221;vc_col-lg-4 vc_col-md-4&#8243;][vc_single_image image=&#8221;145&#8243; img_size=&#8221;full&#8221; qode_css_animation=&#8221;&#8221;][vc_empty_space height=&#8221;38px&#8221;][vc_column_text]<\/p>\n<h4>Oferty<\/h4>\n<p>[\/vc_column_text][vc_empty_space height=&#8221;19px&#8221;][vc_column_text]Zarezerwuj jeden z naszych pokoi. Skorzystaj z bardzo atrakcyjnych cenowo ofert i ciesz si\u0119 pobudzaj\u0105c\u0105 si\u0142\u0105 wakacji w pi\u0119knej miejscowo\u015bci Tolo.[\/vc_column_text][vc_empty_space height=&#8221;19px&#8221;]<a  itemprop=\"url\" href=\"http:\/\/oasis-apartments.gr\/pl\/oferty\/\" target=\"_self\"  class=\"qbutton  default\" style=\"\">WI\u0118CEJ<\/a>[vc_empty_space height=&#8221;65px&#8221;][\/vc_column][vc_column offset=&#8221;vc_col-lg-4 vc_col-md-4&#8243;][vc_single_image image=&#8221;882&#8243; img_size=&#8221;full&#8221; qode_css_animation=&#8221;&#8221;][vc_empty_space height=&#8221;38px&#8221;][vc_column_text]<\/p>\n<h4>Przygoda<\/h4>\n<p>[\/vc_column_text][vc_empty_space height=&#8221;19px&#8221;][vc_column_text]Tolo jest wymarzonym miejscem na wakacje dla os\u00f3b, kt\u00f3re uwielbiaj\u0105 ciep\u0142\u0105 wod\u0119, piaszczyste pla\u017ce, g\u00f3rskie i skaliste krajobrazy oraz malownicze zatoczki. [\/vc_column_text][vc_empty_space height=&#8221;19px&#8221;]<a  itemprop=\"url\" href=\"http:\/\/oasis-apartments.gr\/pl\/wypoczynek\/\" target=\"_self\"  class=\"qbutton  default\" style=\"\">WI\u0118CEJ<\/a>[vc_empty_space height=&#8221;65px&#8221;][\/vc_column][\/vc_row][vc_row row_type=&#8221;parallax&#8221; parallax_content_width=&#8221;in_grid&#8221; text_align=&#8221;center&#8221; background_image=&#8221;884&#8243; full_screen_section_height=&#8221;no&#8221;][vc_column css=&#8221;.vc_custom_1468925562913{padding-top: 118px !important;padding-bottom: 112px !important;}&#8221;][vc_column_text]<\/p>\n<h2>Rekomendacje Go\u015bci<\/h2>\n<p>[\/vc_column_text][vc_empty_space height=&#8221;78px&#8221;]<div class='testimonials_holder clearfix dark'><div class=\"testimonials testimonials_carousel\" data-show-navigation=\"yes\" data-animation-type=\"slide\" data-animation-speed=\"\" data-auto-rotate-slides=\"5\" data-number-per-slide=\"3\"><ul class=\"slides\"><li id=\"testimonials1916\" class=\"testimonial_content\"><div class=\"testimonial_content_inner\"><div class=\"testimonial_image_holder\"><img itemprop=\"image\" src=\"\" \/><\/div><div class=\"testimonial_text_holder\"><div class=\"testimonial_text_inner\" style=\"color: #292929;\"><p style='font-size:14px;color:#292929;'>Wspania\u0142e, b\u0142yszcz\u0105ce czysto\u015bci\u0105 pokoje, w bardzo dobrej cenie, blisko pla\u017cy i centrum. Michalina jest bardzo przyjacielska i zawsze gotowa do pomocy. Gor\u0105co polecam, a by\u0142 to m\u00f3j drugi z rz\u0119du pobyt. Idealne miejce  dla rodzin.<\/p><p class=\"testimonial_author\" style=\"color: #292929;font-weight: 500;color: #303030;font-size: 18px;\">facaros<\/p><\/div><\/div><\/div><\/li><li id=\"testimonials1915\" class=\"testimonial_content\"><div class=\"testimonial_content_inner\"><div class=\"testimonial_image_holder\"><img itemprop=\"image\" src=\"\" \/><\/div><div class=\"testimonial_text_holder\"><div class=\"testimonial_text_inner\" style=\"color: #292929;\"><p style='font-size:14px;color:#292929;'>Podoba\u0142o mi si\u0119 tu! Samo Tolo jest tak\u017ce niesamowite i oryginalne. Pokoje s\u0105 bardzo czyste, a odnowiona \u0142azienka zas\u0142uguje na 5 gwiazdek!!!\r\nLudzie przyja\u017ani, pomocni. Miejsce to jest idealne dla rodzin z ma\u0142ymi dzie\u0107mi, ze wzgl\u0119du na zabezpieczony ogr\u00f3d  i plac zabaw. Co bardzo istotne, wsz\u0119dzie na terenie apartament\u00f3w jest zasi\u0119g WI-FI.<\/p><p class=\"testimonial_author\" style=\"color: #292929;font-weight: 500;color: #303030;font-size: 18px;\">VassoGreece<\/p><\/div><\/div><\/div><\/li><li id=\"testimonials1914\" class=\"testimonial_content\"><div class=\"testimonial_content_inner\"><div class=\"testimonial_image_holder\"><img itemprop=\"image\" src=\"\" \/><\/div><div class=\"testimonial_text_holder\"><div class=\"testimonial_text_inner\" style=\"color: #292929;\"><p style='font-size:14px;color:#292929;'>Bez w\u0105tpienia polecam zakwaterowanie w tych apartamentach. Znajduj\u0105 si\u0119 one bardzo blisko pla\u017cy, a morze w tym miejscu jest bardzo czyste. W\u0142a\u015bciciele s\u0105 bardzo mili i pomocni, a naoko\u0142o znajduje si\u0119 du\u017co dobrych restauracji. Apartamenty s\u0105 czyste i do\u015b\u0107 przestronne. Niedaleko le\u017cy wspania\u0142e miasto Nafplio, a tak\u017ce znajduje si\u0119 wiele zabytk\u00f3w archeologicznych.<\/p><p class=\"testimonial_author\" style=\"color: #292929;font-weight: 500;color: #303030;font-size: 18px;\">Martijn B<\/p><\/div><\/div><\/div><\/li><li id=\"testimonials1913\" class=\"testimonial_content\"><div class=\"testimonial_content_inner\"><div class=\"testimonial_image_holder\"><img itemprop=\"image\" src=\"\" \/><\/div><div class=\"testimonial_text_holder\"><div class=\"testimonial_text_inner\" style=\"color: #292929;\"><p style='font-size:14px;color:#292929;'>Chocia\u017c apartament zarezerwowali\u015bmy w ostatnim momencie i na dodatek wybierali\u015bmy si\u0119 z ma\u0142ym dzieckiem, to oby\u0142o si\u0119 bez rozczarowa\u0144 i  wszystko wygl\u0105da\u0142o jak na zdj\u0119ciach. Byli\u015bmy traktowani bardzo uprzejmie. Komunikacja z w\u0142a\u015bcicielami jest bardzo dobra. Polecamy to miejsce! W pokoju ustawiono dla nas nawet \u0142\u00f3\u017ceczko dla dziecka.<\/p><p class=\"testimonial_author\" style=\"color: #292929;font-weight: 500;color: #303030;font-size: 18px;\">Dhmhtrios<\/p><\/div><\/div><\/div><\/li><\/ul><\/div><\/div>[\/vc_column][\/vc_row][vc_row css_animation=&#8221;&#8221; row_type=&#8221;row&#8221; use_row_as_full_screen_section=&#8221;no&#8221; type=&#8221;grid&#8221; angled_section=&#8221;no&#8221; text_align=&#8221;center&#8221; background_image_as_pattern=&#8221;without_pattern&#8221; css=&#8221;.vc_custom_1468918372956{padding-top: 100px !important;padding-bottom: 125px !important;}&#8221;][vc_column][qode_elements_holder number_of_columns=&#8221;two_columns&#8221;][qode_elements_holder_item vertical_alignment=&#8221;middle&#8221; advanced_animations=&#8221;no&#8221; item_padding_600_768=&#8221;0 0 70px 0&#8243; item_padding_480_600=&#8221;0 0 70px 0&#8243; item_padding_480=&#8221;0 0 70px 0&#8243;][vc_empty_space height=&#8221;19px&#8221;][vc_single_image image=&#8221;2603&#8243; img_size=&#8221;large&#8221; qode_css_animation=&#8221;&#8221;][\/qode_elements_holder_item][qode_elements_holder_item item_padding=&#8221;0 5%&#8221; vertical_alignment=&#8221;middle&#8221; advanced_animations=&#8221;no&#8221; item_padding_1024_1280=&#8221;0 0 0 0&#8243; item_padding_768_1024=&#8221;0 0 0 0&#8243; item_padding_600_768=&#8221;0 0 0 0&#8243; item_padding_480_600=&#8221;0 0 0 0&#8243; item_padding_480=&#8221;0 0 0 0&#8243;][vc_column_text]<\/p>\n<h2>Rodzinne wakacje w Tolo<\/h2>\n<p>[\/vc_column_text][vc_empty_space height=&#8221;46px&#8221;][vc_column_text]B\u0119d\u0105c hotelem rodzinnym, OASIS nie zapomina o swoich ma\u0142ych go\u015bciach, a troska o nich jest nasz\u0105 podstawow\u0105 zasad\u0105. Pa\u0144stwa dzieci mog\u0105 k\u0105pa\u0107 si\u0119 w l\u015bni\u0105cych, czystych wodach Zatoki Argolidzkiej i wzbogaci\u0107 sw\u00f3j pobyt o szcz\u0119\u015bliwe chwile sp\u0119dzone na naszym prywatnym placu zabaw na trawie, wyposa\u017conym w hu\u015btawki i zje\u017cd\u017calnie. Je\u015bli zdecydujecie si\u0119 Pa\u0144stwo na pobyt w Apartamentach Oasis, wybieracie tym samym spokojne, rodzinne wakacje w bujnej, nadmorskiej scenerii i jednocze\u015bnie niezapomnian\u0105 przygod\u0119, kt\u00f3r\u0105 oferuje Peloponez.[\/vc_column_text][vc_empty_space height=&#8221;49px&#8221;]<a  itemprop=\"url\" href=\"https:\/\/oasisapatmentstolo.reserve-online.net\/\" target=\"_self\"  class=\"qbutton  default\" style=\"\">ZAREZERWUJ<\/a>[\/qode_elements_holder_item][\/qode_elements_holder][\/vc_column][\/vc_row][vc_row css_animation=&#8221;&#8221; row_type=&#8221;row&#8221; use_row_as_full_screen_section=&#8221;no&#8221; type=&#8221;full_width&#8221; angled_section=&#8221;no&#8221; text_align=&#8221;left&#8221; background_image_as_pattern=&#8221;without_pattern&#8221;][vc_column width=&#8221;1\/4&#8243;][vc_single_image image=&#8221;1508&#8243; img_size=&#8221;full&#8221; alignment=&#8221;center&#8221; onclick=&#8221;custom_link&#8221; qode_css_animation=&#8221;&#8221; link=&#8221;https:\/\/www.tripadvisor.com.gr\/Hotel_Review-g1007321-d1733968-Reviews-Oasis_Apartments-Tolon_Argolis_Region_Peloponnese.html&#8221;][\/vc_column][vc_column width=&#8221;1\/4&#8243;][vc_single_image image=&#8221;1511&#8243; img_size=&#8221;full&#8221; alignment=&#8221;center&#8221; onclick=&#8221;custom_link&#8221; qode_css_animation=&#8221;&#8221; link=&#8221;https:\/\/oasisapatmentstolo.reserve-online.net\/&#8221;][\/vc_column][vc_column width=&#8221;1\/4&#8243;][vc_single_image image=&#8221;1510&#8243; img_size=&#8221;full&#8221; alignment=&#8221;center&#8221; onclick=&#8221;custom_link&#8221; qode_css_animation=&#8221;&#8221; link=&#8221;#&#8221;][\/vc_column][vc_column width=&#8221;1\/4&#8243;][vc_single_image image=&#8221;1509&#8243; img_size=&#8221;full&#8221; alignment=&#8221;center&#8221; onclick=&#8221;custom_link&#8221; qode_css_animation=&#8221;&#8221; link=&#8221;http:\/\/clickargolis.guide\/&#8221;][\/vc_column][\/vc_row][vc_row css_animation=&#8221;&#8221; row_type=&#8221;row&#8221; use_row_as_full_screen_section=&#8221;no&#8221; type=&#8221;full_width&#8221; angled_section=&#8221;no&#8221; text_align=&#8221;left&#8221; background_image_as_pattern=&#8221;without_pattern&#8221;][vc_column][vc_gmaps link=&#8221;#E-8_JTNDaWZyYW1lJTIwc3JjJTNEJTIyaHR0cHMlM0ElMkYlMkZ3d3cuZ29vZ2xlLmNvbSUyRm1hcHMlMkZlbWJlZCUzRnBiJTNEJTIxMW0xOCUyMTFtMTIlMjExbTMlMjExZDMxNjQuNDU2Nzg1ODg3MjAzMyUyMTJkMjIuODU0NzY0MzE1NTM1ODUzJTIxM2QzNy41MjA3MjgyMzQ1MDc1NyUyMTJtMyUyMTFmMCUyMTJmMCUyMTNmMCUyMTNtMiUyMTFpMTAyNCUyMTJpNzY4JTIxNGYxMy4xJTIxM20zJTIxMW0yJTIxMXMweDE0OWZlZTMyYTVjOWM1ZmQlMjUzQTB4YmE3MTEzNDZhNmY4OGEwNCUyMTJzT2FzaXMlMkJBcGFydG1lbnRzJTJCJTI1MjYlMkJTdHVkaW9zJTIxNWUwJTIxM20yJTIxMXNlbCUyMTJzZ3IlMjE0djE0NzIwMzY3MzQyMDYlMjIlMjB3aWR0aCUzRCUyMjYwMCUyMiUyMGhlaWdodCUzRCUyMjQ1MCUyMiUyMGZyYW1lYm9yZGVyJTNEJTIyMCUyMiUyMHN0eWxlJTNEJTIyYm9yZGVyJTNBMCUyMiUyMGFsbG93ZnVsbHNjcmVlbiUzRSUzQyUyRmlmcmFtZSUzRQ==&#8221;][\/vc_column][\/vc_row][vc_row css_animation=&#8221;&#8221; row_type=&#8221;row&#8221; use_row_as_full_screen_section=&#8221;no&#8221; type=&#8221;full_width&#8221; angled_section=&#8221;no&#8221; text_align=&#8221;left&#8221; background_image_as_pattern=&#8221;without_pattern&#8221;][vc_column]<div class=\"call_to_action normal\" style=\"background-color: rgba(167,98,98,0.88);\"><div class=\"container_inner\"><div class=\"two_columns_75_25 clearfix\"><div class=\"text_wrapper column1\"><div class=\"call_to_action_text \" style=\"\"><\/p>\n<h3><span style=\"color: #ffffff;\">POBYT W APARTAMENTACH OASIS W TOLO, ARGOLIDA<\/span><\/h3>\n<p><\/div><\/div><div class=\"button_wrapper column2\"><a itemprop=\"url\" href=\"https:\/\/oasisapatmentstolo.reserve-online.net\/\" class=\"qbutton white \" target=\"_self\" style=\"color: #000000;border-color: #000000;\"data-hover-border-color=#ffffff data-hover-color=#a2a2a2>ZAREZERWUJ<\/a><\/div><\/div><\/div><\/div>[\/vc_column][\/vc_row]<\/p>\n","protected":false},"excerpt":{"rendered":"<p>[vc_row css_animation=&#8221;&#8221; row_type=&#8221;row&#8221; use_row_as_full_screen_section=&#8221;no&#8221; type=&#8221;full_width&#8221; angled_section=&#8221;no&#8221; text_align=&#8221;left&#8221; background_image_as_pattern=&#8221;without_pattern&#8221;][vc_column][rev_slider_vc alias=&#8221;polonika&#8221;][\/vc_column][\/vc_row][vc_row css_animation=&#8221;&#8221; row_type=&#8221;row&#8221; use_row_as_full_screen_section=&#8221;no&#8221; type=&#8221;full_width&#8221; angled_section=&#8221;no&#8221; text_align=&#8221;left&#8221; background_image_as_pattern=&#8221;without_pattern&#8221; css=&#8221;.vc_custom_1488815223177{margin-right: 97px !important;margin-left: 97px !important;}&#8221;][vc_column][vc_empty_space height=&#8221;38px&#8221;][vc_column_text] Witamy w Apartamentach Oasis w Tolo [\/vc_column_text][vc_empty_space height=&#8221;38px&#8221;][\/vc_column][\/vc_row][vc_row css_animation=&#8221;&#8221; row_type=&#8221;row&#8221; use_row_as_full_screen_section=&#8221;no&#8221; type=&#8221;grid&#8221; angled_section=&#8221;no&#8221; text_align=&#8221;left&#8221; background_image_as_pattern=&#8221;without_pattern&#8221; css=&#8221;.vc_custom_1468916434502{padding-bottom: 65px !important;}&#8221;][vc_column offset=&#8221;vc_col-lg-4 vc_col-md-4&#8243;][vc_single_image image=&#8221;2195&#8243; img_size=&#8221;full&#8221; qode_css_animation=&#8221;&#8221;][vc_empty_space&#8230;<\/p>\n","protected":false},"author":1,"featured_media":0,"parent":0,"menu_order":49,"comment_status":"closed","ping_status":"closed","template":"full_width.php","meta":[],"yoast_head":"<!-- This site is optimized with the Yoast SEO plugin v15.2.1 - https:\/\/yoast.com\/wordpress\/plugins\/seo\/ -->\n<meta name=\"description\" content=\"Apartamenty OASIS znajduj\u0105 si\u0119 zaledwie 200 metr\u00f3w od pla\u017cy w Tolo, w centrum miejscowo\u015bci. Dzi\u0119ki tej lokalizacji nasi go\u015bcie mog\u0105 odpoczywa\u0107 w bardzo...\" \/>\n<meta name=\"robots\" content=\"index, follow, max-snippet:-1, max-image-preview:large, max-video-preview:-1\" \/>\n<link rel=\"canonical\" href=\"https:\/\/oasis-apartments.gr\/pl\/\" \/>\n<meta property=\"og:locale\" content=\"pl_PL\" \/>\n<meta property=\"og:type\" content=\"article\" \/>\n<meta property=\"og:title\" content=\"STRONA G\u0141\u00d3WNA - Oasis Apartmenty Tolo Greece\" \/>\n<meta property=\"og:description\" content=\"Apartamenty OASIS znajduj\u0105 si\u0119 zaledwie 200 metr\u00f3w od pla\u017cy w Tolo, w centrum miejscowo\u015bci. Dzi\u0119ki tej lokalizacji nasi go\u015bcie mog\u0105 odpoczywa\u0107 w bardzo...\" \/>\n<meta property=\"og:url\" content=\"https:\/\/oasis-apartments.gr\/pl\/\" \/>\n<meta property=\"og:site_name\" content=\"Oasis Apartments | Tolo Argolis\" \/>\n<meta property=\"article:modified_time\" content=\"2023-05-22T12:51:29+00:00\" \/>\n<meta name=\"twitter:card\" content=\"summary\" \/>\n<meta name=\"twitter:label1\" content=\"Written by\">\n\t<meta name=\"twitter:data1\" content=\"gkoutsopoulos\">\n\t<meta name=\"twitter:label2\" content=\"Est. reading time\">\n\t<meta name=\"twitter:data2\" content=\"4 minuty\">\n<script type=\"application\/ld+json\" class=\"yoast-schema-graph\">{\"@context\":\"https:\/\/schema.org\",\"@graph\":[{\"@type\":\"WebSite\",\"@id\":\"https:\/\/oasis-apartments.gr\/en\/#website\",\"url\":\"https:\/\/oasis-apartments.gr\/en\/\",\"name\":\"Oasis Apartments | Tolo Argolis\",\"description\":\"Seaside resort in Tolo, Nafplion Greece\",\"potentialAction\":[{\"@type\":\"SearchAction\",\"target\":\"https:\/\/oasis-apartments.gr\/en\/?s={search_term_string}\",\"query-input\":\"required name=search_term_string\"}],\"inLanguage\":\"pl-PL\"},{\"@type\":\"WebPage\",\"@id\":\"https:\/\/oasis-apartments.gr\/pl\/#webpage\",\"url\":\"https:\/\/oasis-apartments.gr\/pl\/\",\"name\":\"STRONA G\\u0141\\u00d3WNA - Oasis Apartmenty Tolo Greece\",\"isPartOf\":{\"@id\":\"https:\/\/oasis-apartments.gr\/en\/#website\"},\"datePublished\":\"2016-07-19T07:41:58+00:00\",\"dateModified\":\"2023-05-22T12:51:29+00:00\",\"description\":\"Apartamenty OASIS znajduj\\u0105 si\\u0119 zaledwie 200 metr\\u00f3w od pla\\u017cy w Tolo, w centrum miejscowo\\u015bci. Dzi\\u0119ki tej lokalizacji nasi go\\u015bcie mog\\u0105 odpoczywa\\u0107 w bardzo...\",\"inLanguage\":\"pl-PL\",\"potentialAction\":[{\"@type\":\"ReadAction\",\"target\":[\"https:\/\/oasis-apartments.gr\/pl\/\"]}]}]}<\/script>\n<!-- \/ Yoast SEO plugin. -->","_links":{"self":[{"href":"https:\/\/oasis-apartments.gr\/pl\/wp-json\/wp\/v2\/pages\/1907"}],"collection":[{"href":"https:\/\/oasis-apartments.gr\/pl\/wp-json\/wp\/v2\/pages"}],"about":[{"href":"https:\/\/oasis-apartments.gr\/pl\/wp-json\/wp\/v2\/types\/page"}],"author":[{"embeddable":true,"href":"https:\/\/oasis-apartments.gr\/pl\/wp-json\/wp\/v2\/users\/1"}],"replies":[{"embeddable":true,"href":"https:\/\/oasis-apartments.gr\/pl\/wp-json\/wp\/v2\/comments?post=1907"}],"version-history":[{"count":6,"href":"https:\/\/oasis-apartments.gr\/pl\/wp-json\/wp\/v2\/pages\/1907\/revisions"}],"predecessor-version":[{"id":2630,"href":"https:\/\/oasis-apartments.gr\/pl\/wp-json\/wp\/v2\/pages\/1907\/revisions\/2630"}],"wp:attachment":[{"href":"https:\/\/oasis-apartments.gr\/pl\/wp-json\/wp\/v2\/media?parent=1907"}],"curies":[{"name":"wp","href":"https:\/\/api.w.org\/{rel}","templated":true}]}}