
{"id":1900,"date":"2016-07-19T11:42:43","date_gmt":"2016-07-19T08:42:43","guid":{"rendered":"http:\/\/oasis-apartments.gr\/contact-php\/"},"modified":"2023-05-26T11:08:05","modified_gmt":"2023-05-26T08:08:05","slug":"kontakt","status":"publish","type":"page","link":"https:\/\/oasis-apartments.gr\/pl\/kontakt\/","title":{"rendered":"KONTAKT"},"content":{"rendered":"<p>[vc_row css_animation=&#8221;&#8221; row_type=&#8221;row&#8221; use_row_as_full_screen_section=&#8221;no&#8221; type=&#8221;grid&#8221; angled_section=&#8221;no&#8221; text_align=&#8221;center&#8221; background_image_as_pattern=&#8221;without_pattern&#8221; css=&#8221;.vc_custom_1485777446965{padding-top: 135px !important;padding-bottom: 44px !important;}&#8221;][vc_column css=&#8221;.vc_custom_1468931700478{padding-right: 7% !important;padding-left: 7% !important;}&#8221; offset=&#8221;vc_col-lg-6 vc_col-md-6&#8243;][vc_column_text]<\/p>\n<h2 style=\"text-align: left;\">KONTAKT<\/h2>\n<p>[\/vc_column_text][vc_empty_space][vc_column_text]<\/p>\n<p style=\"text-align: left;\">12 Bikaki Street, Tolo, Greece 21056<br \/>\nwww.oasis-apartments.gr<\/p>\n<p style=\"text-align: left;\">Michalina Siekiertzak \u2013 Papadrianou<\/p>\n<p style=\"text-align: left;\">Phone: 2752 220219<br \/>\nMobile: 698 24 55 297<br \/>\nEmail: michalina@oasis-apartments.gr<\/p>\n<p>[\/vc_column_text][vc_empty_space][vc_column_text]<\/p>\n<h2 style=\"text-align: left;\">JAK NAS ZNAJDZIESZ<\/h2>\n<p>[\/vc_column_text][vc_empty_space][vc_column_text]<\/p>\n<p style=\"text-align: left;\">Prosz\u0119 sprawd\u017a drog\u0119 do apartament\u00f3w OASIS na mapie. Tolo znajduje si\u0119 w Zatoce Argolidzkiej, 11 km od Nafplio i 159 km od Aten.<\/p>\n<p style=\"text-align: left;\">Odleg\u0142o\u015b\u0107 w godzinach (oko\u0142o) z Tolo do:<\/p>\n<p style=\"text-align: left;\">\u2022 Ateny 2 godz.<br \/>\n\u2022 Patra 2.5 godz.<br \/>\n\u2022 Mykeny 30 min.<br \/>\n\u2022 Staro\u017cytny teatr Epidauros 30 min.<br \/>\n\u2022 Korynt 45 min.<br \/>\n\u2022 Staro\u017cytna Olimpia 3 godz.<br \/>\n\u2022 Nafplio 10 min.<br \/>\n\u2022 Argos 20 min.<br \/>\n\u2022 Idra (morzem) 3 godz.<br \/>\n\u2022 Spetsa(morzem) 1.5 godz.<\/p>\n<p>[\/vc_column_text][vc_empty_space height=&#8221;54px&#8221;]<span data-type=\"square\" data-hover-bg-color=\"#202020\" data-hover-icon-color=\"#ffffff\" class=\"qode_icon_shortcode fa-stack q_font_awsome_icon_square fa-lg pull-left \" style=\"background-color: #f1f1f1;border: 0;margin: 0 5px 0 0;font-size: 13px;font-size: 33px;border-radius: 100px; \"><a   itemprop=\"url\" href=\"https:\/\/www.facebook.com\/OasisApartments\" target=\"_blank\"><span aria-hidden=\"true\" class=\"qode_icon_font_elegant social_facebook qode_icon_element\" style=\"font-size: 13px;color: #202020;\" ><\/span><\/a><\/span><span data-type=\"square\" data-hover-bg-color=\"#202020\" data-hover-icon-color=\"#ffffff\" class=\"qode_icon_shortcode fa-stack q_font_awsome_icon_square fa-lg pull-left \" style=\"background-color: #f1f1f1;border: 0;margin: 0 5px 0 0;font-size: 13px;font-size: 33px;border-radius: 100px; \"><a   itemprop=\"url\" href=\"https:\/\/youtu.be\/cbRSijposJM\" target=\"_blank\"><span aria-hidden=\"true\" class=\"qode_icon_font_elegant social_youtube qode_icon_element\" style=\"font-size: 13px;color: #202020;\" ><\/span><\/a><\/span>[vc_empty_space height=&#8221;70px&#8221;][\/vc_column][vc_column offset=&#8221;vc_col-lg-6 vc_col-md-6&#8243;][vc_column_text]<\/p>\n<h2 style=\"text-align: center;\">FORMULARZ KONTAKTOWY<\/h2>\n<p>[\/vc_column_text][vc_empty_space]<div role=\"form\" class=\"wpcf7\" id=\"wpcf7-f1904-o1\" lang=\"el\" dir=\"ltr\">\n<div class=\"screen-reader-response\"><p role=\"status\" aria-live=\"polite\" aria-atomic=\"true\"><\/p> <ul><\/ul><\/div>\n<form action=\"\/pl\/wp-json\/wp\/v2\/pages\/1900#wpcf7-f1904-o1\" method=\"post\" class=\"wpcf7-form init cf7_custom_style_1\" novalidate=\"novalidate\" data-status=\"init\">\n<div style=\"display: none;\">\n<input type=\"hidden\" name=\"_wpcf7\" value=\"1904\" \/>\n<input type=\"hidden\" name=\"_wpcf7_version\" value=\"5.3\" \/>\n<input type=\"hidden\" name=\"_wpcf7_locale\" value=\"el\" \/>\n<input type=\"hidden\" name=\"_wpcf7_unit_tag\" value=\"wpcf7-f1904-o1\" \/>\n<input type=\"hidden\" name=\"_wpcf7_container_post\" value=\"0\" \/>\n<input type=\"hidden\" name=\"_wpcf7_posted_data_hash\" value=\"\" \/>\n<\/div>\n<p><label> IMI\u0118(WYMAGANE)<br \/>\n    <span class=\"wpcf7-form-control-wrap your-name\"><input type=\"text\" name=\"your-name\" value=\"\" size=\"40\" class=\"wpcf7-form-control wpcf7-text wpcf7-validates-as-required\" aria-required=\"true\" aria-invalid=\"false\" \/><\/span> <\/label><\/p>\n<p><label>EMAIL(WYMAGANY)<br \/>\n    <span class=\"wpcf7-form-control-wrap your-email\"><input type=\"email\" name=\"your-email\" value=\"\" size=\"40\" class=\"wpcf7-form-control wpcf7-text wpcf7-email wpcf7-validates-as-required wpcf7-validates-as-email\" aria-required=\"true\" aria-invalid=\"false\" \/><\/span> <\/label><\/p>\n<p><label> TEMAT<br \/>\n    <span class=\"wpcf7-form-control-wrap your-subject\"><input type=\"text\" name=\"your-subject\" value=\"\" size=\"40\" class=\"wpcf7-form-control wpcf7-text\" aria-invalid=\"false\" \/><\/span> <\/label><\/p>\n<p><label> TWOJA WIADOMO\u015a\u0106<br \/>\n    <span class=\"wpcf7-form-control-wrap your-message\"><textarea name=\"your-message\" cols=\"40\" rows=\"10\" class=\"wpcf7-form-control wpcf7-textarea\" aria-invalid=\"false\"><\/textarea><\/span> <\/label><\/p>\n<p><input type=\"submit\" value=\"WY\u015aLIJ\" class=\"wpcf7-form-control wpcf7-submit\" \/><\/p>\n<div class=\"wpcf7-response-output\" aria-hidden=\"true\"><\/div><\/form><\/div>[vc_empty_space height=&#8221;70px&#8221;][\/vc_column][\/vc_row][vc_row css_animation=&#8221;&#8221; row_type=&#8221;row&#8221; use_row_as_full_screen_section=&#8221;no&#8221; type=&#8221;full_width&#8221; angled_section=&#8221;no&#8221; text_align=&#8221;left&#8221; background_image_as_pattern=&#8221;without_pattern&#8221;][vc_column][vc_column_text]<\/p>\n<h3 style=\"text-align: center;\">O\u015aWIADCZENIE O OCHRONIE DANYCH OSOBOWYCH &#8211; POLITYKA BEZPIECZE\u0143STWA I PRYWATNO\u015aCI<\/h3>\n<p style=\"text-align: center;\">Pragniemy poinformowa\u0107, \u017ce nasza firma przestrzega i dzia\u0142a w ramach ochrony danych os\u00f3b fizycznych w odniesieniu do<br \/>\nprzetwarzania danych osobowych, zgodnie z nowym rozporz\u0105dzeniem (UE) 2016\/679 Parlamentu Europejskiego.<\/p>\n<p>[\/vc_column_text][vc_empty_space][\/vc_column][\/vc_row][vc_row css_animation=&#8221;&#8221; row_type=&#8221;row&#8221; use_row_as_full_screen_section=&#8221;no&#8221; type=&#8221;full_width&#8221; angled_section=&#8221;no&#8221; text_align=&#8221;left&#8221; background_image_as_pattern=&#8221;without_pattern&#8221;][vc_column][vc_gmaps link=&#8221;#E-8_JTNDaWZyYW1lJTIwc3JjJTNEJTIyaHR0cHMlM0ElMkYlMkZ3d3cuZ29vZ2xlLmNvbSUyRm1hcHMlMkZlbWJlZCUzRnBiJTNEJTIxMW0xOCUyMTFtMTIlMjExbTMlMjExZDMxNjQuNDU2Nzg1ODg3MjAzMyUyMTJkMjIuODU0NzY0MzE1NTM1ODUzJTIxM2QzNy41MjA3MjgyMzQ1MDc1NyUyMTJtMyUyMTFmMCUyMTJmMCUyMTNmMCUyMTNtMiUyMTFpMTAyNCUyMTJpNzY4JTIxNGYxMy4xJTIxM20zJTIxMW0yJTIxMXMweDE0OWZlZTMyYTVjOWM1ZmQlMjUzQTB4YmE3MTEzNDZhNmY4OGEwNCUyMTJzT2FzaXMlMkJBcGFydG1lbnRzJTJCJTI1MjYlMkJTdHVkaW9zJTIxNWUwJTIxM20yJTIxMXNlbCUyMTJzZ3IlMjE0djE0NzIwMzg0OTQ4MTElMjIlMjB3aWR0aCUzRCUyMjYwMCUyMiUyMGhlaWdodCUzRCUyMjQ1MCUyMiUyMGZyYW1lYm9yZGVyJTNEJTIyMCUyMiUyMHN0eWxlJTNEJTIyYm9yZGVyJTNBMCUyMiUyMGFsbG93ZnVsbHNjcmVlbiUzRSUzQyUyRmlmcmFtZSUzRQ==&#8221;][\/vc_column][\/vc_row][vc_row css_animation=&#8221;&#8221; row_type=&#8221;row&#8221; use_row_as_full_screen_section=&#8221;no&#8221; type=&#8221;full_width&#8221; angled_section=&#8221;no&#8221; text_align=&#8221;left&#8221; background_image_as_pattern=&#8221;without_pattern&#8221;][vc_column]<div class=\"call_to_action normal\" style=\"background-color: rgba(167,98,98,0.88);\"><div class=\"container_inner\"><div class=\"two_columns_75_25 clearfix\"><div class=\"text_wrapper column1\"><div class=\"call_to_action_text \" style=\"\"><\/p>\n<h3><span style=\"color: #ffffff;\">POBYT W APARTAMENTACH OASIS W TOLO, ARGOLIDA<\/span><\/h3>\n<p><\/div><\/div><div class=\"button_wrapper column2\"><a itemprop=\"url\" href=\"https:\/\/oasisapatmentstolo.reserve-online.net\/\" class=\"qbutton white \" target=\"_self\" style=\"color: #000000;border-color: #000000;\"data-hover-border-color=#ffffff data-hover-color=#a2a2a2>ZAREZERWUJ<\/a><\/div><\/div><\/div><\/div>[\/vc_column][\/vc_row]<\/p>\n","protected":false},"excerpt":{"rendered":"<p>[vc_row css_animation=&#8221;&#8221; row_type=&#8221;row&#8221; use_row_as_full_screen_section=&#8221;no&#8221; type=&#8221;grid&#8221; angled_section=&#8221;no&#8221; text_align=&#8221;center&#8221; background_image_as_pattern=&#8221;without_pattern&#8221; css=&#8221;.vc_custom_1485777446965{padding-top: 135px !important;padding-bottom: 44px !important;}&#8221;][vc_column css=&#8221;.vc_custom_1468931700478{padding-right: 7% !important;padding-left: 7% !important;}&#8221; offset=&#8221;vc_col-lg-6 vc_col-md-6&#8243;][vc_column_text] KONTAKT [\/vc_column_text][vc_empty_space][vc_column_text] 12 Bikaki Street, Tolo, Greece 21056 www.oasis-apartments.gr Michalina Siekiertzak \u2013 Papadrianou Phone: 2752 220219 Mobile: 698 24 55 297 Email: michalina@oasis-apartments.gr [\/vc_column_text][vc_empty_space][vc_column_text] JAK&#8230;<\/p>\n","protected":false},"author":1,"featured_media":0,"parent":0,"menu_order":36,"comment_status":"closed","ping_status":"closed","template":"full_width.php","meta":[],"yoast_head":"<!-- This site is optimized with the Yoast SEO plugin v15.2.1 - https:\/\/yoast.com\/wordpress\/plugins\/seo\/ -->\n<meta name=\"description\" content=\"Apartamenty OASIS znajduj\u0105 si\u0119 zaledwie 200 metr\u00f3w od pla\u017cy w Tolo, w centrum miejscowo\u015bci. Apartamenty Oasis to doskonale wyposa\u017cone pokoje, z eleganckimi\" \/>\n<meta name=\"robots\" content=\"index, follow, max-snippet:-1, max-image-preview:large, max-video-preview:-1\" \/>\n<link rel=\"canonical\" href=\"https:\/\/oasis-apartments.gr\/pl\/kontakt\/\" \/>\n<meta property=\"og:locale\" content=\"pl_PL\" \/>\n<meta property=\"og:type\" content=\"article\" \/>\n<meta property=\"og:title\" content=\"KONTAKT - Apartamenty OASIS Tolo Argolis Greece\" \/>\n<meta property=\"og:description\" content=\"Apartamenty OASIS znajduj\u0105 si\u0119 zaledwie 200 metr\u00f3w od pla\u017cy w Tolo, w centrum miejscowo\u015bci. Apartamenty Oasis to doskonale wyposa\u017cone pokoje, z eleganckimi\" \/>\n<meta property=\"og:url\" content=\"https:\/\/oasis-apartments.gr\/pl\/kontakt\/\" \/>\n<meta property=\"og:site_name\" content=\"Oasis Apartments | Tolo Argolis\" \/>\n<meta property=\"article:modified_time\" content=\"2023-05-26T08:08:05+00:00\" \/>\n<meta name=\"twitter:card\" content=\"summary\" \/>\n<meta name=\"twitter:label1\" content=\"Written by\">\n\t<meta name=\"twitter:data1\" content=\"gkoutsopoulos\">\n\t<meta name=\"twitter:label2\" content=\"Est. reading time\">\n\t<meta name=\"twitter:data2\" content=\"2 minuty\">\n<script type=\"application\/ld+json\" class=\"yoast-schema-graph\">{\"@context\":\"https:\/\/schema.org\",\"@graph\":[{\"@type\":\"WebSite\",\"@id\":\"https:\/\/oasis-apartments.gr\/en\/#website\",\"url\":\"https:\/\/oasis-apartments.gr\/en\/\",\"name\":\"Oasis Apartments | Tolo Argolis\",\"description\":\"Seaside resort in Tolo, Nafplion Greece\",\"potentialAction\":[{\"@type\":\"SearchAction\",\"target\":\"https:\/\/oasis-apartments.gr\/en\/?s={search_term_string}\",\"query-input\":\"required name=search_term_string\"}],\"inLanguage\":\"pl-PL\"},{\"@type\":\"WebPage\",\"@id\":\"https:\/\/oasis-apartments.gr\/pl\/kontakt\/#webpage\",\"url\":\"https:\/\/oasis-apartments.gr\/pl\/kontakt\/\",\"name\":\"KONTAKT - Apartamenty OASIS Tolo Argolis Greece\",\"isPartOf\":{\"@id\":\"https:\/\/oasis-apartments.gr\/en\/#website\"},\"datePublished\":\"2016-07-19T08:42:43+00:00\",\"dateModified\":\"2023-05-26T08:08:05+00:00\",\"description\":\"Apartamenty OASIS znajduj\\u0105 si\\u0119 zaledwie 200 metr\\u00f3w od pla\\u017cy w Tolo, w centrum miejscowo\\u015bci. Apartamenty Oasis to doskonale wyposa\\u017cone pokoje, z eleganckimi\",\"inLanguage\":\"pl-PL\",\"potentialAction\":[{\"@type\":\"ReadAction\",\"target\":[\"https:\/\/oasis-apartments.gr\/pl\/kontakt\/\"]}]}]}<\/script>\n<!-- \/ Yoast SEO plugin. -->","_links":{"self":[{"href":"https:\/\/oasis-apartments.gr\/pl\/wp-json\/wp\/v2\/pages\/1900"}],"collection":[{"href":"https:\/\/oasis-apartments.gr\/pl\/wp-json\/wp\/v2\/pages"}],"about":[{"href":"https:\/\/oasis-apartments.gr\/pl\/wp-json\/wp\/v2\/types\/page"}],"author":[{"embeddable":true,"href":"https:\/\/oasis-apartments.gr\/pl\/wp-json\/wp\/v2\/users\/1"}],"replies":[{"embeddable":true,"href":"https:\/\/oasis-apartments.gr\/pl\/wp-json\/wp\/v2\/comments?post=1900"}],"version-history":[{"count":1,"href":"https:\/\/oasis-apartments.gr\/pl\/wp-json\/wp\/v2\/pages\/1900\/revisions"}],"predecessor-version":[{"id":2704,"href":"https:\/\/oasis-apartments.gr\/pl\/wp-json\/wp\/v2\/pages\/1900\/revisions\/2704"}],"wp:attachment":[{"href":"https:\/\/oasis-apartments.gr\/pl\/wp-json\/wp\/v2\/media?parent=1900"}],"curies":[{"name":"wp","href":"https:\/\/api.w.org\/{rel}","templated":true}]}}