
{"id":2392,"date":"2020-05-21T16:35:40","date_gmt":"2020-05-21T13:35:40","guid":{"rendered":"https:\/\/oasis-apartments.gr\/hotel-regulations\/"},"modified":"2020-06-04T13:31:37","modified_gmt":"2020-06-04T10:31:37","slug":"hotel-regulations","status":"publish","type":"page","link":"https:\/\/oasis-apartments.gr\/de\/hotel-regulations\/","title":{"rendered":"Hotelvorschriften"},"content":{"rendered":"<p>[vc_row row_type=&#8221;row&#8221; use_row_as_full_screen_section=&#8221;no&#8221; type=&#8221;full_width&#8221; angled_section=&#8221;no&#8221; text_align=&#8221;left&#8221; background_image_as_pattern=&#8221;without_pattern&#8221; css_animation=&#8221;&#8221;][vc_column][vc_empty_space][\/vc_column][\/vc_row][vc_row row_type=&#8221;row&#8221; use_row_as_full_screen_section=&#8221;no&#8221; type=&#8221;full_width&#8221; angled_section=&#8221;no&#8221; text_align=&#8221;left&#8221; background_image_as_pattern=&#8221;without_pattern&#8221; css_animation=&#8221;&#8221;][vc_column][vc_column_text]<\/p>\n<h2 style=\"text-align: center;\">OASIS APARTMENTS<\/h2>\n<p>[\/vc_column_text][vc_separator type=&#8221;small&#8221; position=&#8221;center&#8221; up=&#8221;7&#8243; down=&#8221;38&#8243;][vc_column_text]<\/p>\n<h3 style=\"text-align: center;\">Im Interesse einer friedlichen und sicheren Erholung aller unserer G\u00e4ste bitten wir Sie<br \/>\nh\u00f6flichst, mit uns zusammenzuarbeiten und diese Bestimmungen einzuhalten.<\/h3>\n<p>[\/vc_column_text][vc_empty_space][\/vc_column][\/vc_row][vc_row row_type=&#8221;row&#8221; use_row_as_full_screen_section=&#8221;no&#8221; type=&#8221;full_width&#8221; angled_section=&#8221;no&#8221; text_align=&#8221;left&#8221; background_image_as_pattern=&#8221;without_pattern&#8221; css_animation=&#8221;&#8221;][vc_column width=&#8221;1\/6&#8243;][\/vc_column][vc_column width=&#8221;2\/3&#8243;][vc_column_text]Wichtige Rechtsvorschriften im Pension Oasis<\/p>\n<p>&nbsp;<\/p>\n<p>1. Unsere Pension bietet Dienstleistungen entsprechend ihrer Kategorie und ihres Standards an. Falls Sie Vorbehalte und Reklamationen bez\u00fcglich der Qualit\u00e4t der angebotenen Dienstleistungen haben, melden Sie diese bitte an der Rezeption oder direkt beim Manager.<\/p>\n<p>&nbsp;<\/p>\n<p>2. Das Hotel \/ Apartments Oasis ist verpflichtet, seinen G\u00e4sten die folgenden Dienstleistungen anzubieten:<br \/>\n&#8211; Bedingungen f\u00fcr einen vollen und ruhigen Urlaub<br \/>\n&#8211; Sicherer Aufenthalt, einschlie\u00dflich der Geheimhaltung der Informationen \u00fcber den Gast,<br \/>\n&#8211; Professioneller Service bei allen angebotenen Dienstleistungen,<br \/>\n&#8211; Reinigung des Raumes und Durchf\u00fchrung der notwendigen Reparaturen,<br \/>\n&#8211; Im Falle von M\u00e4ngeln, eines effizienten Service zur Behebung dieser M\u00e4ngel oder wenn die M\u00e4ngel nicht sofort behoben werden k\u00f6nnen, wird das Hotel alle Anstrengungen unternehmen, um das Zimmer zu ersetzen oder die Unannehmlichkeiten f\u00fcr die G\u00e4ste w\u00e4hrend ihres Aufenthalts so weit wie m\u00f6glich zu mildern.<\/p>\n<p>&nbsp;<\/p>\n<p>3. Auf Anfrage bietet Oasis Pension die folgenden Dienstleistungen:<br \/>\n&#8211; Bereitstellung jeglicher Informationen im Zusammenhang mit dem Aufenthalt und der Reise auf dem Peloponnes \u00fcber die M\u00f6glichkeiten des Besuchs arch\u00e4ologischer St\u00e4tten, w\u00e4hrend des Aufenthalts, \u00fcber Freizeit- und Unterhaltungsveranstaltungen und Informationen \u00fcber die Bef\u00f6rderung von G\u00e4sten vom Flughafen oder innerhalb der gesamten Halbinsel.<\/p>\n<p>&#8211; Gep\u00e4ckaufbewahrung (Die Pension Oasis beh\u00e4lt sich das Recht vor, die Aufbewahrung von Gep\u00e4ckst\u00fccken zu anderen Zeiten als dem Aufenthaltsdatum des Gastes und von Gegenst\u00e4nden, die nicht die Merkmale eines pers\u00f6nlichen Gep\u00e4cks aufweisen, zu verweigern).<\/p>\n<p>&nbsp;<\/p>\n<p>4. Der Aufenthalt im Hotel Oasis kann auf Wunsch des Gastes verl\u00e4ngert werden, sofern das Hotel zur angegebenen Zeit Zimmer zur Verf\u00fcgung hat.<\/p>\n<p>&nbsp;<\/p>\n<p>5. Im Hotel gilt vom 22.00 bis 8.00 Nachtruhe und vom 14.00 bis 17.30 Nachmittagsruhe.<\/p>\n<p>&nbsp;<\/p>\n<p>6. Der Hotelgast darf das Zimmer nicht auf andere Personen \u00fcbertragen, auch wenn der Zeitraum, f\u00fcr den die f\u00e4llige Zahlung f\u00fcr den Aufenthalt noch nicht abgelaufen ist.<\/p>\n<p>&nbsp;<\/p>\n<p>7. Personen, die nicht im Hotel angemeldet sind, d\u00fcrfen sich von 8:00 bis 22:00 Uhr in der Wohnung oder im Hotelgarten befinden.<\/p>\n<p>&nbsp;<\/p>\n<p>8. Das Hotel kann die Aufnahme eines Gastes verweigern, der bei einem fr\u00fcheren Aufenthalt gegen die Hotelbestimmungen versto\u00dfen hat, indem er dem Hoteleigentum oder den G\u00e4sten, dem Hotelpersonal Schaden zugef\u00fcgt oder den friedlichen Aufenthalt der G\u00e4ste oder den Betrieb des Hotels anderweitig gest\u00f6rt hat.<\/p>\n<p>&nbsp;<\/p>\n<p>9. Hotel \/ Apartments Oasis hat keinen bewachten Parkplatz. Das Hotel haftet nicht f\u00fcr Sch\u00e4den oder Verlust eines Autos oder eines anderen Fahrzeugs, das dem Gast geh\u00f6rt.<\/p>\n<p>&nbsp;<\/p>\n<p>10. Jedesmal wenn ein Gast sein Zimmer verl\u00e4sst, soll er\/sie aus Sicherheitsgr\u00fcnden die T\u00fcr zuschlagen und die Fenster schlie\u00dfen.<\/p>\n<p>&nbsp;<\/p>\n<p>11. Der Gast der Oasis Apartments Pension ist finanziell verantwortlich f\u00fcr jede Besch\u00e4digung oder Zerst\u00f6rung der Ausstattung und der technischen Einrichtungen des Hotels, die durch sein Verschulden oder das Verschulden seiner Besucher verursacht wurde.<\/p>\n<p>&nbsp;<\/p>\n<p>12. Aus Gr\u00fcnden des Brandschutzes ist es strengstens verboten, in den Hotelzimmern Heizungen, elektrische B\u00fcgeleisen und andere Ger\u00e4te zu benutzen, die nicht zur Zimmerausstattung geh\u00f6ren. Beim Verlassen des Zimmers ist der Gast des Hotels Oasis verpflichtet, die Karte aus dem Leserger\u00e4t entfernen.<\/p>\n<p>&nbsp;<\/p>\n<p>13. Pers\u00f6nliche Gegenst\u00e4nde, die von dem Gast im Hotelzimmer verlassen worden sind, werden an die vom Gast angegebene Adresse und auf Kosten des Gastes zur\u00fcckgeschickt. Falls die Hotelleitung eine solche Anweisung nicht erh\u00e4lt, bewahrt die diese Gegenst\u00e4nde 3 Monate lang auf.<\/p>\n<p>&nbsp;<\/p>\n<p>14. Die Gartenr\u00e4ume stehen den Hotelg\u00e4sten zur Verf\u00fcgung.<\/p>\n<p>&nbsp;<\/p>\n<p>15. Die Benutzung des Spielplatzes ist nur zwischen 10-14.00 Uhr und 17.30-20.30 Uhr und nur in Begleitung der Eltern oder Erziehungsberechtigten erlaubt.<\/p>\n<p>&nbsp;<\/p>\n<p>16. Eltern und Erziehungsberechtigte sind f\u00fcr die Sicherheit von Kindern auf dem Hotelgel\u00e4nde verantwortlich.<\/p>\n<p>&nbsp;<\/p>\n<p>17. Das Rauchen von Tabakwaren und elektronischen Zigaretten ist im gesamten Hotel streng verboten, mit Ausnahme der Balkone, der Terrasse und des Gartenbereichs. Die Geb\u00fchr f\u00fcr die Nichteinhaltung des Rauchverbots betr\u00e4gt 50 EUR.<\/p>\n<p>&nbsp;<\/p>\n<p>18. Das Hotel Oasis akzeptiert keine G\u00e4ste mit Haustieren.<\/p>\n<p>&nbsp;<\/p>\n<p>19. Die Grillecke kann nur von G\u00e4sten des Hotels Oasis genutzt werden.<\/p>\n<p>&nbsp;<\/p>\n<p>20. Es steht an der Rezeption der Pension Oasis ein Lap-Top f\u00fcr die G\u00e4ste zur Verf\u00fcgung. Die Benutzung ist nur innerhalb des Rezeptionsbereichs erlaubt.<\/p>\n<p>&nbsp;<\/p>\n<p>21. Es ist verboten, den Dachboden zu betreten.<\/p>\n<p>&nbsp;<\/p>\n<p><strong>RESERVIERUNGSMANAGEMENT UND ZAHLUNGSBEDINGUNGEN<\/strong><\/p>\n<p>&nbsp;<\/p>\n<p><strong>1. Geb\u00fchren<\/strong><\/p>\n<p>Der im Angebot angegebene Preis ist der Preis f\u00fcr den Aufenthalt in der Ferienwohnung und beinhaltet alle Geb\u00fchren, einschlie\u00dflich:<\/p>\n<p>&#8211; Benutzung der Gartengrill-Ecke,<br \/>\n&#8211; die Waschmaschine einmal pro Woche zu benutzen,<br \/>\n&#8211; Benutzung eines Laptops im Empfangsbereich,<br \/>\n&#8211; wifi,<br \/>\n&#8211; Parkplatz,<br \/>\n&#8211; Reiseninformationen,<br \/>\n&#8211; Verwendung von Kinderbetten und Hochst\u00fchlen.<\/p>\n<p>&nbsp;<\/p>\n<p><strong>2. Zahlungsbedingungen<\/strong><br \/>\nDie Zahlung muss bei der Ankunft in bar in Euro (\u20ac) oder mit Karte (Visa, Mastercard) erfolgen. Eine Zahlungsbest\u00e4tigung (Rechnung oder Faktur) wird am Tag der Abreise ausgestellt.<\/p>\n<p>&nbsp;<\/p>\n<p><strong>3. Check-in\u00a0\/ Check out<\/strong><br \/>\nCheck-in am Anreisetag von 14.00 bis 23.00 Uhr. Check-out am Tag der Abreise bis 12.00 Uhr.<\/p>\n<p>&nbsp;<\/p>\n<p><strong>4. Ankunft<\/strong><br \/>\nDie Anmeldeformalit\u00e4ten (Ausf\u00fcllen des Formulars und Vorlage des Personalausweises) finden bei der Ankunft statt.<\/p>\n<p><strong>5. Abreise<\/strong><br \/>\nWenn Sie am Abreisetag l\u00e4nger als bis 12.00 Uhr in Ihrem Zimmer bleiben m\u00f6chten, informieren Sie bitte den Hotelbesitzer min. 1 Tag vor der Abreise. Sie erhalten die Erlaubnis, Ihren Aufenthalt je nach Verf\u00fcgbarkeit der Wohnung zu verl\u00e4ngern. Die Kosten f\u00fcr die Verl\u00e4ngerung Ihres Aufenthalts bis 18.00 Uhr betragen 50% des Tagestarifs. Eine Verl\u00e4ngerung des Aufenthalts und eine Abreise sp\u00e4ter als um 18.00 Uhr wird als zus\u00e4tzlicher Hoteltag gewertet und betr\u00e4gt 100% des Tagestarifs.<\/p>\n<p>&nbsp;<\/p>\n<p><strong>6. Stornierungsbedingungen<\/strong><br \/>\nF\u00fcr den Fall, dass Sie fr\u00fcher als urspr\u00fcnglich vereinbart abreisen m\u00f6chten, m\u00fcssen wir 50 % des Preises der nicht genutzten Tage auf Ihre Rechnung setzen.<\/p>\n<p>&nbsp;<\/p>\n<p><strong>N\u00dcTZLICHE INFORMATIONEN<\/strong><\/p>\n<p>&nbsp;<\/p>\n<p>1. Die Hotelzimmer werden jeden zweiten Tag au\u00dfer sonntags gereinigt.<br \/>\nAuf Wunsch des Gastes besteht die M\u00f6glichkeit einer zus\u00e4tzlichen Reinigung des Zimmers. Die Kosten f\u00fcr die zus\u00e4tzliche Reinigung betragen<br \/>\n6 EUR. Falls ein zus\u00e4tzlicher Reinigungsbedarf besteht, bitten wir Sie, diesen noch am selben Tag bis sp\u00e4testens 10.00 Uhr an der Rezeption zu melden.<\/p>\n<p>&nbsp;<\/p>\n<p>2. Die Handt\u00fccher werden alle zwei Tage und die Bettw\u00e4sche wird alle 4 Tage gewechselt. Auf Wunsch des Gastes ist es m\u00f6glich, Handt\u00fccher und\/oder Bettw\u00e4sche \u00f6fter zu wechseln. Wenn Sie an Tagen, an denen der Wechsel nicht vorgesehen war, Handt\u00fccher\/Bettw\u00e4sche wechseln m\u00fcssen, melden Sie dies bitte bis sp\u00e4testens 10.00 Uhr an der Rezeption. Die Kosten f\u00fcr zus\u00e4tzliche \u00c4nderungen betragen 3 EUR.<\/p>\n<p>&nbsp;<\/p>\n<p>3. Aufgrund des geringen Fassungsverm\u00f6gens der Abwasserrohre werfen Sie bitte das Toilettenpapier in den im Badezimmer aufgestellten M\u00fcll &#8211; niemals in die Toilette.<\/p>\n<p>&nbsp;<\/p>\n<p>4. Leitungswasser ist kein Trinkwasser. Bitte besorgen Sie sich Flaschenwasser aus dem Supermarkt.<\/p>\n<p>&nbsp;<\/p>\n<p>5. Der Strom im Raum wird durch eine Karte ausgel\u00f6st, die in Form eines Schl\u00fcsselanh\u00e4ngers angebracht wurde oder ein Schl\u00fcssel zum Raum ist. Wir bitten Sie h\u00f6flich, Ihre Karte w\u00e4hrend Ihrer Abwesenheit nicht im Zimmer zu lassen. Au\u00dferdem denken Sie bitte aufgrund der Brandgefahr daran, beim Verlassen des Raumes alle elektrischen Ger\u00e4te auszuschalten.<\/p>\n<p>&nbsp;<\/p>\n<p>6. Der M\u00fcll auf dem Hotelgel\u00e4nde sieht un\u00e4sthetisch aus und ist eine Bakterienquelle, deshalb bitten wir Sie, ihn in einen Container zu werfen, der sich in der Gianneli-Bikaki- Stra\u00dfe, 20 m unterhalb des Hotels befindet. Dar\u00fcber hinaus wurden in den G\u00e4rten zus\u00e4tzliche Abfalleimer aufgestellt. Es ist verboten, M\u00fcll au\u00dferhalb des Abfalleimers liegen zu lassen. Falls der Beh\u00e4lter \u00fcberf\u00fcllt ist, muss der M\u00fcll auf der Stra\u00dfe in den Container geworfen werden.<\/p>\n<p>&nbsp;<\/p>\n<p>7. Reinigungsger\u00e4te (Besen, Schaufeln, Mops usw.) befinden sich im Keller rechts unter der Treppe. Wenn die Ausr\u00fcstung nicht mehr ben\u00f6tigt wird, bitten wir Sie, sie an den gleichen Platz zu bringen.<\/p>\n<p>&nbsp;<\/p>\n<p>8. Wir bitten Sie h\u00f6flichst, bei der R\u00fcckkehr vom Strand die Beine aus dem Sand zu sp\u00fclen. Speziell zu diesem Zweck befindet sich direkt am Eingang des Hotelgrundst\u00fccks, rechts in der Ecke ein Gartenschlauch und 10m weiter ein kleiner Wasserhahn.<\/p>\n<p>&nbsp;<\/p>\n<p>9. Es ist verboten, Tiere auf dem Hotelgel\u00e4nde zu f\u00fcttern (Katzen, V\u00f6gel usw.).<\/p>\n<p>&nbsp;<\/p>\n<p>10. Im Interesse der Sicherheit der G\u00e4ste wurden an den Eing\u00e4ngen zum Hotel und am Haupteingang des Gel\u00e4ndes Kameras installiert. Aus Gr\u00fcnden des Brandschutzes sind die Kameras im Garten auf die Grillecke gerichtet.<\/p>\n<p>&nbsp;<\/p>\n<p>11. F\u00fcr G\u00e4ste nach 16.00 Uhr steht ein Waschraum zur Verf\u00fcgung. Nur Erwachsene d\u00fcrfen den Waschraum benutzen. F\u00fcr die Benutzung der W\u00e4scherei \u00f6fter als einmal pro Woche wird eine Geb\u00fchr von 4 EUR pro W\u00e4sche erhoben. Der Gast ist verpflichtet, das Hotelpersonal zu informieren, wenn er die W\u00e4sche benutzen m\u00f6chte.<\/p>\n<p>&nbsp;<\/p>\n<p>12. Alle Fenster und Balkont\u00fcren sind mit Moskitonetzen ausgestattet. Die G\u00e4ste sind f\u00fcr deren Benutzung verantwortlich.<\/p>\n<p>&nbsp;<\/p>\n<p>13. Die Benutzung der Grillecke ist kostenlos. Es ist erlaubt, Grillger\u00e4te zu benutzen, die von der Hotelleitung in der Grillecke bereitgestellt werden. Es wird empfohlen, beim Grillen wegen der Brandgefahr besondere Vorsicht walten zu lassen. Die G\u00e4ste sind verpflichtet, das Feuer zu l\u00f6schen, bevor sie den Garten verlassen.<\/p>\n<p>&nbsp;<\/p>\n<p><strong>N\u00dcTZLICHE TELEFONNUMMERN<\/strong><\/p>\n<p>NOTRUFNUMMERN<br \/>\nRettungsdienst 166<br \/>\nRettungsdienst \/Vergiftung +30 210 7793777<br \/>\nEuronotruf 112<br \/>\nPolizei 100<br \/>\nFeuerwehr 199<br \/>\nHafenpolizei 108<br \/>\nN\u00dcTZLICHE TELEFONNUMMERN<br \/>\nTouristen-Polizei +30 27520 98728<br \/>\nKrankenhaus in Nafplio +30 2752 361100<\/p>\n<p>&nbsp;<\/p>\n<p><strong>\u00c4rzte in Tolo:<\/strong><\/p>\n<p>&#8211; Joanna Aliakiazoglou +30 27520 58392, +30 6997055064<br \/>\n&#8211; Dimitris Maliotakis +30 27520 59110, +30 6944818072<br \/>\nTaxi (Georgos Moutavelis) +30 6973566, +30 6973204319[\/vc_column_text][\/vc_column][vc_column width=&#8221;1\/6&#8243;][\/vc_column][\/vc_row][vc_row row_type=&#8221;row&#8221; use_row_as_full_screen_section=&#8221;no&#8221; type=&#8221;full_width&#8221; angled_section=&#8221;no&#8221; text_align=&#8221;left&#8221; background_image_as_pattern=&#8221;without_pattern&#8221; css_animation=&#8221;&#8221;][vc_column][vc_empty_space height=&#8221;50px&#8221;][\/vc_column][\/vc_row][vc_row row_type=&#8221;row&#8221; use_row_as_full_screen_section=&#8221;no&#8221; type=&#8221;full_width&#8221; angled_section=&#8221;no&#8221; text_align=&#8221;left&#8221; background_image_as_pattern=&#8221;without_pattern&#8221; css_animation=&#8221;&#8221;][vc_column]<div class=\"call_to_action normal\" style=\"background-color: rgba(167,98,98,0.88);\"><div class=\"container_inner\"><div class=\"two_columns_75_25 clearfix\"><div class=\"text_wrapper column1\"><div class=\"call_to_action_text \" style=\"\"><\/p>\n<h3><span style=\"color: #ffffff;\">\u00dcBERNACHTEN SIE IN OASIS-APPARTEMENTS IN TOLO VON ARGOLIS<\/span><\/h3>\n<p><\/div><\/div><div class=\"button_wrapper column2\"><a itemprop=\"url\" href=\"https:\/\/oasisapatmentstolo.reserve-online.net\/\" class=\"qbutton white \" target=\"_self\" style=\"color: #000000;border-color: #000000;\"data-hover-border-color=#ffffff data-hover-color=#a2a2a2>BUCHEN SIE JETZT<\/a><\/div><\/div><\/div><\/div>[\/vc_column][\/vc_row]<\/p>\n","protected":false},"excerpt":{"rendered":"<p>[vc_row row_type=&#8221;row&#8221; use_row_as_full_screen_section=&#8221;no&#8221; type=&#8221;full_width&#8221; angled_section=&#8221;no&#8221; text_align=&#8221;left&#8221; background_image_as_pattern=&#8221;without_pattern&#8221; css_animation=&#8221;&#8221;][vc_column][vc_empty_space][\/vc_column][\/vc_row][vc_row row_type=&#8221;row&#8221; use_row_as_full_screen_section=&#8221;no&#8221; type=&#8221;full_width&#8221; angled_section=&#8221;no&#8221; text_align=&#8221;left&#8221; background_image_as_pattern=&#8221;without_pattern&#8221; css_animation=&#8221;&#8221;][vc_column][vc_column_text] OASIS APARTMENTS [\/vc_column_text][vc_separator type=&#8221;small&#8221; position=&#8221;center&#8221; up=&#8221;7&#8243; down=&#8221;38&#8243;][vc_column_text] Im Interesse einer friedlichen und sicheren Erholung aller unserer G\u00e4ste bitten wir Sie h\u00f6flichst, mit uns zusammenzuarbeiten und diese Bestimmungen einzuhalten. [\/vc_column_text][vc_empty_space][\/vc_column][\/vc_row][vc_row row_type=&#8221;row&#8221;&#8230;<\/p>\n","protected":false},"author":1,"featured_media":0,"parent":0,"menu_order":34,"comment_status":"closed","ping_status":"closed","template":"full_width.php","meta":[],"yoast_head":"<!-- This site is optimized with the Yoast SEO plugin v15.2.1 - https:\/\/yoast.com\/wordpress\/plugins\/seo\/ -->\n<meta name=\"robots\" content=\"index, follow, max-snippet:-1, max-image-preview:large, max-video-preview:-1\" \/>\n<link rel=\"canonical\" href=\"https:\/\/oasis-apartments.gr\/de\/hotel-regulations\/\" \/>\n<meta property=\"og:locale\" content=\"de_DE\" \/>\n<meta property=\"og:type\" content=\"article\" \/>\n<meta property=\"og:title\" content=\"Hotelvorschriften - Oasis Apartments | Tolo Argolis\" \/>\n<meta property=\"og:description\" content=\"[vc_row row_type=&#8221;row&#8221; use_row_as_full_screen_section=&#8221;no&#8221; type=&#8221;full_width&#8221; angled_section=&#8221;no&#8221; text_align=&#8221;left&#8221; background_image_as_pattern=&#8221;without_pattern&#8221; css_animation=&#8221;&#8221;][vc_column][vc_empty_space][\/vc_column][\/vc_row][vc_row row_type=&#8221;row&#8221; use_row_as_full_screen_section=&#8221;no&#8221; type=&#8221;full_width&#8221; angled_section=&#8221;no&#8221; text_align=&#8221;left&#8221; background_image_as_pattern=&#8221;without_pattern&#8221; css_animation=&#8221;&#8221;][vc_column][vc_column_text] OASIS APARTMENTS [\/vc_column_text][vc_separator type=&#8221;small&#8221; position=&#8221;center&#8221; up=&#8221;7&#8243; down=&#8221;38&#8243;][vc_column_text] Im Interesse einer friedlichen und sicheren Erholung aller unserer G\u00e4ste bitten wir Sie h\u00f6flichst, mit uns zusammenzuarbeiten und diese Bestimmungen einzuhalten. [\/vc_column_text][vc_empty_space][\/vc_column][\/vc_row][vc_row row_type=&#8221;row&#8221;...\" \/>\n<meta property=\"og:url\" content=\"https:\/\/oasis-apartments.gr\/de\/hotel-regulations\/\" \/>\n<meta property=\"og:site_name\" content=\"Oasis Apartments | Tolo Argolis\" \/>\n<meta property=\"article:modified_time\" content=\"2020-06-04T10:31:37+00:00\" \/>\n<meta name=\"twitter:card\" content=\"summary\" \/>\n<meta name=\"twitter:label1\" content=\"Written by\">\n\t<meta name=\"twitter:data1\" content=\"gkoutsopoulos\">\n\t<meta name=\"twitter:label2\" content=\"Est. reading time\">\n\t<meta name=\"twitter:data2\" content=\"7\u00a0Minuten\">\n<script type=\"application\/ld+json\" class=\"yoast-schema-graph\">{\"@context\":\"https:\/\/schema.org\",\"@graph\":[{\"@type\":\"WebSite\",\"@id\":\"https:\/\/oasis-apartments.gr\/en\/#website\",\"url\":\"https:\/\/oasis-apartments.gr\/en\/\",\"name\":\"Oasis Apartments | Tolo Argolis\",\"description\":\"Seaside resort in Tolo, Nafplion Greece\",\"potentialAction\":[{\"@type\":\"SearchAction\",\"target\":\"https:\/\/oasis-apartments.gr\/en\/?s={search_term_string}\",\"query-input\":\"required name=search_term_string\"}],\"inLanguage\":\"de\"},{\"@type\":\"WebPage\",\"@id\":\"https:\/\/oasis-apartments.gr\/de\/hotel-regulations\/#webpage\",\"url\":\"https:\/\/oasis-apartments.gr\/de\/hotel-regulations\/\",\"name\":\"Hotelvorschriften - Oasis Apartments | Tolo Argolis\",\"isPartOf\":{\"@id\":\"https:\/\/oasis-apartments.gr\/en\/#website\"},\"datePublished\":\"2020-05-21T13:35:40+00:00\",\"dateModified\":\"2020-06-04T10:31:37+00:00\",\"inLanguage\":\"de\",\"potentialAction\":[{\"@type\":\"ReadAction\",\"target\":[\"https:\/\/oasis-apartments.gr\/de\/hotel-regulations\/\"]}]}]}<\/script>\n<!-- \/ Yoast SEO plugin. -->","_links":{"self":[{"href":"https:\/\/oasis-apartments.gr\/de\/wp-json\/wp\/v2\/pages\/2392"}],"collection":[{"href":"https:\/\/oasis-apartments.gr\/de\/wp-json\/wp\/v2\/pages"}],"about":[{"href":"https:\/\/oasis-apartments.gr\/de\/wp-json\/wp\/v2\/types\/page"}],"author":[{"embeddable":true,"href":"https:\/\/oasis-apartments.gr\/de\/wp-json\/wp\/v2\/users\/1"}],"replies":[{"embeddable":true,"href":"https:\/\/oasis-apartments.gr\/de\/wp-json\/wp\/v2\/comments?post=2392"}],"version-history":[{"count":0,"href":"https:\/\/oasis-apartments.gr\/de\/wp-json\/wp\/v2\/pages\/2392\/revisions"}],"wp:attachment":[{"href":"https:\/\/oasis-apartments.gr\/de\/wp-json\/wp\/v2\/media?parent=2392"}],"curies":[{"name":"wp","href":"https:\/\/api.w.org\/{rel}","templated":true}]}}