
{"id":2324,"date":"2019-11-21T15:49:19","date_gmt":"2019-11-21T12:49:19","guid":{"rendered":"https:\/\/oasis-apartments.gr\/2-3-person-family-apartment-with-patio\/"},"modified":"2021-04-14T14:09:18","modified_gmt":"2021-04-14T11:09:18","slug":"2-3-person-family-apartment-with-patio","status":"publish","type":"page","link":"https:\/\/oasis-apartments.gr\/de\/2-3-person-family-apartment-with-patio\/","title":{"rendered":"AUFENTHALT"},"content":{"rendered":"<p>[vc_row css_animation=&#8221;&#8221; row_type=&#8221;row&#8221; use_row_as_full_screen_section=&#8221;no&#8221; type=&#8221;full_width&#8221; angled_section=&#8221;no&#8221; text_align=&#8221;left&#8221; background_image_as_pattern=&#8221;without_pattern&#8221;][vc_column][vc_empty_space][vc_column_text]<\/p>\n<h2 style=\"text-align: center;\">FAMILIENAPPARTEMENT F\u00dcR DREI PERSONEN MIT BALKON ODER PATIO<\/h2>\n<p>[\/vc_column_text][vc_separator type=&#8221;small&#8221; position=&#8221;center&#8221; up=&#8221;7&#8243; down=&#8221;38&#8243;][vc_column_text]<\/p>\n<h4 style=\"text-align: center;\">Willkommen in den Oasis-Familienappartements<\/h4>\n<p>[\/vc_column_text][vc_separator type=&#8221;transparent&#8221; up=&#8221;35&#8243; down=&#8221;19&#8243;][\/vc_column][\/vc_row][vc_row css_animation=&#8221;&#8221; row_type=&#8221;row&#8221; use_row_as_full_screen_section=&#8221;no&#8221; type=&#8221;grid&#8221; angled_section=&#8221;no&#8221; text_align=&#8221;left&#8221; background_image_as_pattern=&#8221;without_pattern&#8221; background_color=&#8221;#ffffff&#8221; padding_bottom=&#8221;30&#8243;][vc_column width=&#8221;1\/2&#8243;][vc_separator type=&#8221;transparent&#8221; up=&#8221;60&#8243; down=&#8221;0&#8243;][vc_accordion style=&#8221;accordion&#8221;][vc_accordion_tab title=&#8221;BESCHREIBUNG DES FAMILIENAPPARTEMENTS F\u00dcR DREI PERSONEN&#8221;][vc_column_text]Premium-Appartement 28 qm mit Blick auf den Garten oder das Meer. Mit einem Schlafzimmer, gro\u00df, Wohnzimmer und renoviertem Bad mit Dusche. Ruhige und entspannende Atmosph\u00e4re. Bequemes Ess-\/Wohnzimmer mit einem Einzelbett und einem Schlafzimmer mit Doppelbett \u2013 geeignet f\u00fcr ein Paar oder 2-3 Erwachsen oder\/und einem Kleinkind in Babybett. Vom Wohnzimmer aus Zugang zum privaten Patio oder Balkon mit Tisch und St\u00fchlen, wo sie Ihren Fr\u00fchst\u00fcckskaffee au\u00dfen genie\u00dfen k\u00f6nnen. Au\u00dferdem steht Ihnen unser gro\u00dfer Garten mit Zitronen- und Orangenb\u00e4umen mit einer Grillecke und einem Spielplatz zur Verf\u00fcgung. Freier Internetzugang auf dem gesamten Gel\u00e4nde (auch in unserem Garten). Eine Reihe von Touristenf\u00fchrer und B\u00fccher \u00fcber Argolis und Peloponnes mit Informationen und Sehensw\u00fcrdigkeiten stehen zur Verf\u00fcgung unserer G\u00e4ste.[\/vc_column_text][\/vc_accordion_tab][vc_accordion_tab title=&#8221;GENERELLE BESCHREIBUNG DER ZIMMER&#8221;][vc_column_text]Die OASIS-Apartments sind nur 200 m vom Strand von Tolo entfernt, im Herzen des Dorfes. Dank seiner Lage genie\u00dfen unsere G\u00e4ste die entspannende Atmosph\u00e4re und den erstaunlichen Blick von Ihren Balkonen. Das Oasis-Hotel ist umgeben von einem Baumgarten mit Orangen- und Zitronenb\u00e4umen an der Hinterseite und einem exotischen Garten an der Vorderseite. Jasmin, Bougainvilleas, Palmen und Rosenstr\u00e4ucher schm\u00fccken und verleihen ihren Duft der Oase, in der unsere G\u00e4ste ihren Urlaub verbringen.[\/vc_column_text][\/vc_accordion_tab][vc_accordion_tab title=&#8221;SERVICES UND AUSSTATTUNG&#8221;][vc_column_text]Alle Zimmer verf\u00fcgen:<br \/>\n\u2022 Kochnische mit voller Ausstattung (K\u00fchlschrank, kleiner Backofen, Elektroherd, Kaffeemaschine, Toaster, Wasserkocher)<br \/>\n\u2022 Renovierte Luxus-Badezimmer<br \/>\n\u2022 Klimaanlage<br \/>\n\u2022 Satellitenfernsehen<br \/>\n\u2022 Safe<br \/>\n\u2022 Waschmaschine und B\u00fcgeleisen stehen zur Verf\u00fcgung<br \/>\n\u2022 Hotelkosmetik<br \/>\n\u2022 Bettw\u00e4sche und Handt\u00fccher<br \/>\n\u2022 Freier Internetzugang auf dem gesamten Gel\u00e4nde<br \/>\n\u2022 Kinderbette, Hochst\u00fchle und Spielzeuge<br \/>\n\u2022 Zimmer mit Fliegennetze<br \/>\n\u2022 Grillecke<br \/>\n\u2022 Kinderspielplatz[\/vc_column_text][\/vc_accordion_tab][vc_accordion_tab title=&#8221;POLITIK&#8221;][vc_column_text]Stornierung \/ Vorauszahlung<br \/>\nDie Stornierung- und Vorauszahlungspolitik h\u00e4ngt vom Zimmertyp ab. Bitte kontrollieren Sie die Zimmerpolitik vor der Reservierung. Alle Kinder sind willkommen.<br \/>\nKostenlos! Ein Kind unter 2 Jahren zahlt keinen Aufpreis f\u00fcr ein Kinderbett.<br \/>\nIn diesen Zimmern ist kein Platz f\u00fcr ein Zustellbett.<br \/>\nDie Zimmer bieten Platz f\u00fcr maximal 1 Kinderbett.<br \/>\nHaustiere<br \/>\nHaustiere sind NICHT gestattet.<br \/>\n[\/vc_column_text][\/vc_accordion_tab][\/vc_accordion][vc_separator type=&#8221;transparent&#8221; up=&#8221;60&#8243; down=&#8221;0&#8243;][\/vc_column][vc_column width=&#8221;1\/2&#8243;][vc_separator type=&#8221;transparent&#8221; up=&#8221;60&#8243; down=&#8221;0&#8243;][vc_single_image image=&#8221;2305&#8243; img_size=&#8221;600 \u00d7 375&#8243; qode_css_animation=&#8221;&#8221;][\/vc_column][\/vc_row][vc_row css_animation=&#8221;&#8221; row_type=&#8221;row&#8221; use_row_as_full_screen_section=&#8221;no&#8221; type=&#8221;full_width&#8221; angled_section=&#8221;no&#8221; text_align=&#8221;left&#8221; background_image_as_pattern=&#8221;without_pattern&#8221;][vc_column][vc_separator type=&#8221;normal&#8221; up=&#8221;0&#8243; down=&#8221;0&#8243;][\/vc_column][\/vc_row][vc_row css_animation=&#8221;&#8221; row_type=&#8221;row&#8221; use_row_as_full_screen_section=&#8221;no&#8221; type=&#8221;full_width&#8221; angled_section=&#8221;no&#8221; text_align=&#8221;left&#8221; background_image_as_pattern=&#8221;without_pattern&#8221; background_color=&#8221;#ffffff&#8221; padding_top=&#8221;87&#8243; padding_bottom=&#8221;0&#8243;][vc_column][vc_column_text]<\/p>\n<h3 style=\"text-align: center;\">APPARTEMENT-BILDER<\/h3>\n<p>[\/vc_column_text][vc_separator type=&#8221;small&#8221; position=&#8221;center&#8221; color=&#8221;#000000&#8243;][vc_column_text]<\/p>\n<h4 style=\"text-align: center;\">Jasmin, Bougainvilleas, Palmen und Rosenstr\u00e4ucher schm\u00fccken und verleihen ihren Urlaubtagen ihren Duft.<\/h4>\n<p>[\/vc_column_text][vc_separator type=&#8221;transparent&#8221; up=&#8221;35&#8243; down=&#8221;15&#8243;][\/vc_column][\/vc_row][vc_row css_animation=&#8221;&#8221; row_type=&#8221;row&#8221; use_row_as_full_screen_section=&#8221;no&#8221; type=&#8221;full_width&#8221; angled_section=&#8221;no&#8221; text_align=&#8221;left&#8221; background_image_as_pattern=&#8221;without_pattern&#8221;][vc_column][vc_gallery type=&#8221;image_grid&#8221; images=&#8221;1626,1627,1628,1401,1400,1872,1855,1411&#8243; img_size=&#8221;600&#215;600&#8243; column_number=&#8221;4&#8243; grayscale=&#8221;yes&#8221; images_space=&#8221;gallery_without_space&#8221;][\/vc_column][\/vc_row][vc_row css_animation=&#8221;&#8221; row_type=&#8221;row&#8221; use_row_as_full_screen_section=&#8221;no&#8221; type=&#8221;full_width&#8221; angled_section=&#8221;no&#8221; text_align=&#8221;left&#8221; background_image_as_pattern=&#8221;without_pattern&#8221;][vc_column]<div class=\"call_to_action normal\" style=\"background-color: rgba(167,98,98,0.88);\"><div class=\"container_inner\"><div class=\"two_columns_75_25 clearfix\"><div class=\"text_wrapper column1\"><div class=\"call_to_action_text \" style=\"\"><\/p>\n<h3><span style=\"color: #ffffff;\">\u00dcBERNACHTEN SIE IN OASIS-APPARTEMENTS IN TOLO VON ARGOLIS<\/span><\/h3>\n<p><\/div><\/div><div class=\"button_wrapper column2\"><a itemprop=\"url\" href=\"https:\/\/oasisapatmentstolo.reserve-online.net\/\" class=\"qbutton white \" target=\"_self\" style=\"color: #000000;border-color: #000000;\"data-hover-border-color=#ffffff data-hover-color=#a2a2a2>BUCHEN SIE JETZT<\/a><\/div><\/div><\/div><\/div>[\/vc_column][\/vc_row]<\/p>\n","protected":false},"excerpt":{"rendered":"<p>[vc_row css_animation=&#8221;&#8221; row_type=&#8221;row&#8221; use_row_as_full_screen_section=&#8221;no&#8221; type=&#8221;full_width&#8221; angled_section=&#8221;no&#8221; text_align=&#8221;left&#8221; background_image_as_pattern=&#8221;without_pattern&#8221;][vc_column][vc_empty_space][vc_column_text] FAMILIENAPPARTEMENT F\u00dcR DREI PERSONEN MIT BALKON ODER PATIO [\/vc_column_text][vc_separator type=&#8221;small&#8221; position=&#8221;center&#8221; up=&#8221;7&#8243; down=&#8221;38&#8243;][vc_column_text] Willkommen in den Oasis-Familienappartements [\/vc_column_text][vc_separator type=&#8221;transparent&#8221; up=&#8221;35&#8243; down=&#8221;19&#8243;][\/vc_column][\/vc_row][vc_row css_animation=&#8221;&#8221; row_type=&#8221;row&#8221; use_row_as_full_screen_section=&#8221;no&#8221; type=&#8221;grid&#8221; angled_section=&#8221;no&#8221; text_align=&#8221;left&#8221; background_image_as_pattern=&#8221;without_pattern&#8221; background_color=&#8221;#ffffff&#8221; padding_bottom=&#8221;30&#8243;][vc_column width=&#8221;1\/2&#8243;][vc_separator type=&#8221;transparent&#8221; up=&#8221;60&#8243; down=&#8221;0&#8243;][vc_accordion style=&#8221;accordion&#8221;][vc_accordion_tab title=&#8221;BESCHREIBUNG DES&#8230;<\/p>\n","protected":false},"author":1,"featured_media":0,"parent":0,"menu_order":9,"comment_status":"closed","ping_status":"closed","template":"full_width.php","meta":[],"yoast_head":"<!-- This site is optimized with the Yoast SEO plugin v15.2.1 - https:\/\/yoast.com\/wordpress\/plugins\/seo\/ -->\n<meta name=\"robots\" content=\"index, follow, max-snippet:-1, max-image-preview:large, max-video-preview:-1\" \/>\n<link rel=\"canonical\" href=\"https:\/\/oasis-apartments.gr\/de\/2-3-person-family-apartment-with-patio\/\" \/>\n<meta property=\"og:locale\" content=\"de_DE\" \/>\n<meta property=\"og:type\" content=\"article\" \/>\n<meta property=\"og:title\" content=\"AUFENTHALT - Oasis Apartments | Tolo Argolis\" \/>\n<meta property=\"og:description\" content=\"[vc_row css_animation=&#8221;&#8221; row_type=&#8221;row&#8221; use_row_as_full_screen_section=&#8221;no&#8221; type=&#8221;full_width&#8221; angled_section=&#8221;no&#8221; text_align=&#8221;left&#8221; background_image_as_pattern=&#8221;without_pattern&#8221;][vc_column][vc_empty_space][vc_column_text] FAMILIENAPPARTEMENT F\u00dcR DREI PERSONEN MIT BALKON ODER PATIO [\/vc_column_text][vc_separator type=&#8221;small&#8221; position=&#8221;center&#8221; up=&#8221;7&#8243; down=&#8221;38&#8243;][vc_column_text] Willkommen in den Oasis-Familienappartements [\/vc_column_text][vc_separator type=&#8221;transparent&#8221; up=&#8221;35&#8243; down=&#8221;19&#8243;][\/vc_column][\/vc_row][vc_row css_animation=&#8221;&#8221; row_type=&#8221;row&#8221; use_row_as_full_screen_section=&#8221;no&#8221; type=&#8221;grid&#8221; angled_section=&#8221;no&#8221; text_align=&#8221;left&#8221; background_image_as_pattern=&#8221;without_pattern&#8221; background_color=&#8221;#ffffff&#8221; padding_bottom=&#8221;30&#8243;][vc_column width=&#8221;1\/2&#8243;][vc_separator type=&#8221;transparent&#8221; up=&#8221;60&#8243; down=&#8221;0&#8243;][vc_accordion style=&#8221;accordion&#8221;][vc_accordion_tab title=&#8221;BESCHREIBUNG DES...\" \/>\n<meta property=\"og:url\" content=\"https:\/\/oasis-apartments.gr\/de\/2-3-person-family-apartment-with-patio\/\" \/>\n<meta property=\"og:site_name\" content=\"Oasis Apartments | Tolo Argolis\" \/>\n<meta property=\"article:modified_time\" content=\"2021-04-14T11:09:18+00:00\" \/>\n<meta name=\"twitter:card\" content=\"summary\" \/>\n<meta name=\"twitter:label1\" content=\"Written by\">\n\t<meta name=\"twitter:data1\" content=\"gkoutsopoulos\">\n\t<meta name=\"twitter:label2\" content=\"Est. reading time\">\n\t<meta name=\"twitter:data2\" content=\"3\u00a0Minuten\">\n<script type=\"application\/ld+json\" class=\"yoast-schema-graph\">{\"@context\":\"https:\/\/schema.org\",\"@graph\":[{\"@type\":\"WebSite\",\"@id\":\"https:\/\/oasis-apartments.gr\/en\/#website\",\"url\":\"https:\/\/oasis-apartments.gr\/en\/\",\"name\":\"Oasis Apartments | Tolo Argolis\",\"description\":\"Seaside resort in Tolo, Nafplion Greece\",\"potentialAction\":[{\"@type\":\"SearchAction\",\"target\":\"https:\/\/oasis-apartments.gr\/en\/?s={search_term_string}\",\"query-input\":\"required name=search_term_string\"}],\"inLanguage\":\"de\"},{\"@type\":\"WebPage\",\"@id\":\"https:\/\/oasis-apartments.gr\/de\/2-3-person-family-apartment-with-patio\/#webpage\",\"url\":\"https:\/\/oasis-apartments.gr\/de\/2-3-person-family-apartment-with-patio\/\",\"name\":\"AUFENTHALT - Oasis Apartments | Tolo Argolis\",\"isPartOf\":{\"@id\":\"https:\/\/oasis-apartments.gr\/en\/#website\"},\"datePublished\":\"2019-11-21T12:49:19+00:00\",\"dateModified\":\"2021-04-14T11:09:18+00:00\",\"inLanguage\":\"de\",\"potentialAction\":[{\"@type\":\"ReadAction\",\"target\":[\"https:\/\/oasis-apartments.gr\/de\/2-3-person-family-apartment-with-patio\/\"]}]}]}<\/script>\n<!-- \/ Yoast SEO plugin. -->","_links":{"self":[{"href":"https:\/\/oasis-apartments.gr\/de\/wp-json\/wp\/v2\/pages\/2324"}],"collection":[{"href":"https:\/\/oasis-apartments.gr\/de\/wp-json\/wp\/v2\/pages"}],"about":[{"href":"https:\/\/oasis-apartments.gr\/de\/wp-json\/wp\/v2\/types\/page"}],"author":[{"embeddable":true,"href":"https:\/\/oasis-apartments.gr\/de\/wp-json\/wp\/v2\/users\/1"}],"replies":[{"embeddable":true,"href":"https:\/\/oasis-apartments.gr\/de\/wp-json\/wp\/v2\/comments?post=2324"}],"version-history":[{"count":1,"href":"https:\/\/oasis-apartments.gr\/de\/wp-json\/wp\/v2\/pages\/2324\/revisions"}],"predecessor-version":[{"id":2519,"href":"https:\/\/oasis-apartments.gr\/de\/wp-json\/wp\/v2\/pages\/2324\/revisions\/2519"}],"wp:attachment":[{"href":"https:\/\/oasis-apartments.gr\/de\/wp-json\/wp\/v2\/media?parent=2324"}],"curies":[{"name":"wp","href":"https:\/\/api.w.org\/{rel}","templated":true}]}}