
{"id":1219,"date":"2016-07-19T11:16:52","date_gmt":"2016-07-19T08:16:52","guid":{"rendered":"http:\/\/oasis-apartments.gr\/location-tolo\/"},"modified":"2017-05-02T16:18:55","modified_gmt":"2017-05-02T13:18:55","slug":"area-php","status":"publish","type":"page","link":"https:\/\/oasis-apartments.gr\/de\/area-php\/","title":{"rendered":"LAGE"},"content":{"rendered":"<p>[vc_row row_type=&#8221;row&#8221; use_row_as_full_screen_section=&#8221;no&#8221; type=&#8221;grid&#8221; angled_section=&#8221;no&#8221; text_align=&#8221;left&#8221; background_image_as_pattern=&#8221;without_pattern&#8221; background_color=&#8221;#ffffff&#8221; padding_top=&#8221;87&#8243; padding_bottom=&#8221;80&#8243; css_animation=&#8221;&#8221;][vc_column][vc_column_text]<\/p>\n<h2 style=\"text-align: center;\">SEHENSW\u00dcRDIGKEITEN<\/h2>\n<p>[\/vc_column_text][vc_separator type=&#8221;small&#8221; position=&#8221;center&#8221; up=&#8221;7&#8243; down=&#8221;38&#8243;][vc_column_text]<\/p>\n<h4 style=\"text-align: center;\">Entdecken Sie die Orte, die sie besuchen m\u00fcssen<\/h4>\n<p>[\/vc_column_text][vc_separator type=&#8221;transparent&#8221; up=&#8221;38&#8243; down=&#8221;19&#8243;][\/vc_column][\/vc_row][vc_row row_type=&#8221;row&#8221; use_row_as_full_screen_section=&#8221;no&#8221; type=&#8221;full_width&#8221; anchor=&#8221;gallery&#8221; angled_section=&#8221;no&#8221; text_align=&#8221;left&#8221; background_image_as_pattern=&#8221;without_pattern&#8221; css_animation=&#8221;&#8221;][vc_column][vc_empty_space height=&#8221;22px&#8221;][\/vc_column][\/vc_row][vc_row row_type=&#8221;row&#8221; use_row_as_full_screen_section=&#8221;no&#8221; type=&#8221;grid&#8221; angled_section=&#8221;no&#8221; text_align=&#8221;left&#8221; background_image_as_pattern=&#8221;without_pattern&#8221; css_animation=&#8221;&#8221; css=&#8221;.vc_custom_1468916434502{padding-bottom: 65px !important;}&#8221;][vc_column offset=&#8221;vc_col-lg-4 vc_col-md-4&#8243;][vc_single_image image=&#8221;196&#8243; img_size=&#8221; 600 \u00d7 384&#8243; qode_css_animation=&#8221;&#8221;][vc_empty_space height=&#8221;38px&#8221;][vc_column_text]<\/p>\n<h4>TOLO<\/h4>\n<p>[\/vc_column_text][vc_empty_space height=&#8221;19px&#8221;][vc_column_text]Lieben Sie warmes Meer, Sandstrand, Gebirge und m\u00e4rchenhafte Landschaften, sowie sch\u00f6ne malerische H\u00e4fen? Denn ist Tolo das richtige f\u00fcr Sie! Tolo ist ein kleines Fischerdorf. Bis heute erh\u00e4lt es seinen traditionellen Charakter und bietet sogleich den anspruchvollsten Besuchern verschiedene Aktivit\u00e4ten und moderne Infrastruktur. Au\u00dferdem ist Tolo ein sehr sch\u00f6ner Ausgangspunkt f\u00fcr Ausfl\u00fcge und Reisen.[\/vc_column_text][vc_empty_space height=&#8221;65px&#8221;][\/vc_column][vc_column offset=&#8221;vc_col-lg-4 vc_col-md-4&#8243;][vc_single_image image=&#8221;889&#8243; img_size=&#8221; 600 \u00d7 384&#8243; qode_css_animation=&#8221;&#8221;][vc_empty_space height=&#8221;38px&#8221;][vc_column_text]<\/p>\n<h4>NAFPLIO<\/h4>\n<p>[\/vc_column_text][vc_empty_space height=&#8221;19px&#8221;][vc_column_text]Nafplio gilt als eine der sch\u00f6nsten und romantischsten St\u00e4dte Griechenlands. Gelegen im Zentrum des Argolischen Golfes, mit einer reichen Geschichte. Ein immer beleibtes Reiseziel f\u00fcr Touristen und Schulausfl\u00fcge, Hochzeitsempf\u00e4nge und Flitterwochen, sowohl aus Griechenland als auch von der ganzen Welt. Au\u00dferdem ist in Nafplio die Idee der Griechischen Revolution des 19. Jahrhunderts geboren.[\/vc_column_text][vc_empty_space height=&#8221;65px&#8221;][\/vc_column][vc_column offset=&#8221;vc_col-lg-4 vc_col-md-4&#8243;][vc_single_image image=&#8221;891&#8243; img_size=&#8221; 600 \u00d7 384&#8243; qode_css_animation=&#8221;&#8221;][vc_empty_space height=&#8221;38px&#8221;][vc_column_text]<\/p>\n<h4>MYKENE<\/h4>\n<p>[\/vc_column_text][vc_empty_space height=&#8221;19px&#8221;][vc_column_text]Wer von der Geschichte und Mythologie des antiken Griechenlands fasziniert ist, muss die Stadt des K\u00f6nigs des Trojanischen Krieges besuchen. Der Agamemnon-Palast mit den beeindruckenden mykenischen Grabsteinen und das ber\u00fchmte L\u00f6wentor sind zweifellos eine der attraktivsten Reiseziele in ganz Griechenland.[\/vc_column_text][vc_empty_space height=&#8221;65px&#8221;][\/vc_column][\/vc_row][vc_row row_type=&#8221;row&#8221; use_row_as_full_screen_section=&#8221;no&#8221; type=&#8221;full_width&#8221; angled_section=&#8221;no&#8221; text_align=&#8221;left&#8221; background_image_as_pattern=&#8221;without_pattern&#8221; css_animation=&#8221;&#8221;][vc_column width=&#8221;1\/6&#8243;][\/vc_column][vc_column width=&#8221;2\/3&#8243;][vc_accordion style=&#8221;accordion&#8221;][vc_accordion_tab title=&#8221;DAS ANTIKE THEATER VON EPIDAUROS&#8221;][vc_column_text]Das Antike Theater von Epidauros ist das bis heute am besten erhaltene und am meisten beeindruckende Theater der Welt. Ber\u00fchmt f\u00fcr die mysteri\u00f6se fantastische Akustik und die besten Vorf\u00fchrungen w\u00e4hrend der Monate Juli und August. Die antike Kunst trifft hier das moderne Publikum. Es ist ein unvergessliches Erlebnis einer der 14.000 Zuschauer zu sein.[\/vc_column_text][\/vc_accordion_tab][vc_accordion_tab title=&#8221;ATHEN&#8221;][vc_column_text]Die Mutter der Demokratie. Mit Parthenon und der Akropolis, ihren historischen Monumenten und den Sch\u00e4tzen, und nat\u00fcrlich dem neuen Museum von Akropolis und dem arch\u00e4ologischen Museum. Athen erinnert an die Pracht und Perfektion der am meisten dynamischen antiken Stadt, die es je gab.[\/vc_column_text][\/vc_accordion_tab][vc_accordion_tab title=&#8221;OLYMPIA &#8220;][vc_column_text]Bevor die Besucher das ber\u00fchmte erste Olympische Stadium besuchen, erleben sie einen Spaziergang durch die \u00dcberresten der antiken Stadt neben rosarot bl\u00fchenden Blumen und unter dem Lied der Zikaden. Hier entdeckt man den Zeustempel, wo die Zeus-Statue des Phidias stand, eines der sieben Weltwunder der Antike.[\/vc_column_text][\/vc_accordion_tab][vc_accordion_tab title=&#8221;HYDRA UND SPETSES&#8221;][vc_column_text]Ihre Assoziierung mit dem griechischen Unabh\u00e4ngigkeitskampf von 1821, die nat\u00fcrliche Sch\u00f6nheit, die Architektur und Geschichte sind ein Magnet f\u00fcr Touristen rund ums Jahr. Vom Hafen von Tolo aus k\u00f6nnen sie mit dem Boot nicht nur die m\u00e4rchenhafte Landschaft der griechischen Inseln, sondern auch eine Kreuzfahrt in der blauen \u00c4g\u00e4is genie\u00dfen.[\/vc_column_text][\/vc_accordion_tab][vc_accordion_tab title=&#8221;POROS&#8221;][vc_column_text]Die Insel von Poros befindet sich im Saronischen Golf und ist leicht zug\u00e4nglich f\u00fcr die Touristen aus Tolo. Der Weg f\u00fchrt zur Antiken Epidauros durch die Berge von Argolis bis man von oben den erstaunlichen Blick des Meeres sieht. In nur in zwei Stunden erreicht man die Insel.[\/vc_column_text][\/vc_accordion_tab][vc_accordion_tab title=&#8221;HISTORISCHE KLOSTER&#8221;][vc_column_text]Tausende von Besucher besuchen die Kl\u00f6ster von Argolis, die die m\u00e4rchenhafte Landschaft mit der r\u00fchrenden Atmosph\u00e4re des Ortes verbinden. Die bekanntesten Kloster sind: das Kloster der Pammegiston Taxiarchon (\u00dcberheiligen Erzengel), das Kloster der Heiligen Anargyroi (Kosmas und Damianos) und des byzantinische Kloster von Avgos.[\/vc_column_text][\/vc_accordion_tab][vc_accordion_tab title=&#8221;MONEMVASIA&#8221;][vc_column_text]Monemvasia ist eine der wichtigsten und historischsten Festungsst\u00e4dte Griechenlands. Au\u00dferdem handelt es sich um eines der sch\u00f6nsten Festungen der Welt. Gebaut auf einem Fels mit einzigem Zugang ein l\u00e4ngliches Landst\u00fcck, dem sie auch ihren Namen verdankt.[\/vc_column_text][\/vc_accordion_tab][vc_accordion_tab title=&#8221;ARGOS&#8221;][vc_column_text]Argos ist eine Stadt von Peloponnes, geh\u00f6rt zur Pr\u00e4fektur Argolis und war deren Hauptstadt. Sie wird als die \u00e4lteste Stadt Europas betrachtet, wegen der vielen arch\u00e4ologischen Monumenten aus der sp\u00e4ten Bronzezeit, als sie eines der wichtigen Zentren der Mykenischen Zeit war.[\/vc_column_text][\/vc_accordion_tab][vc_accordion_tab title=&#8221;MYSTRAS&#8221;][vc_column_text]Gebaut auf einem H\u00fcgel im Vorfeld des Taygetos-Gebirges. Hier macht der Besucher eine Reise in die Zeit: zu Mystras, den Kirchen mit den wundersch\u00f6nen byzantinischen Fresken, zu Paleologos, der im Kaiserhaus seiner Vorfahren \u201ewartet\u201c, zu den Herrenh\u00e4usern, den Stra\u00dfen und der Mauer der byzantinischen Stadt.[\/vc_column_text][\/vc_accordion_tab][vc_accordion_tab title=&#8221;ANTIKE KORINTH&#8221;][vc_column_text]Nur ein paar Kilometer von der Stadt Korinth entfernt, finden Sie die Antike Korinth und die einzigartige und repr\u00e4sentativ f\u00fcr Ihre Geschichte arch\u00e4ologische St\u00e4tte. Die erste Besiedlung geschah w\u00e4hrend des Neolithikums, am \u00f6stlichen Fu\u00df des Berges Akrokorinth.[\/vc_column_text][\/vc_accordion_tab][vc_accordion_tab title=&#8221;ANTIKE TIRYNS&#8221;][vc_column_text]Gelegen auf der Strecke zwischen Nafplio und Argos, auf einem H\u00fcgel gebaut, erstreckte sich die Akropolis von Tiryns, die mit vielen mythischen Helden verbunden wird.[\/vc_column_text][\/vc_accordion_tab][\/vc_accordion][\/vc_column][vc_column width=&#8221;1\/6&#8243;][\/vc_column][\/vc_row][vc_row row_type=&#8221;row&#8221; use_row_as_full_screen_section=&#8221;no&#8221; type=&#8221;grid&#8221; angled_section=&#8221;no&#8221; text_align=&#8221;center&#8221; background_image_as_pattern=&#8221;without_pattern&#8221; css_animation=&#8221;&#8221; css=&#8221;.vc_custom_1468921523203{padding-top: 118px !important;padding-bottom: 108px !important;}&#8221;][vc_column][vc_column_text]<\/p>\n<h4 style=\"text-align: center;\">Bilder aus Tolo und der Region<\/h4>\n<p>[\/vc_column_text][vc_empty_space height=&#8221;22px&#8221;][vc_empty_space height=&#8221;22px&#8221;][vc_gallery type=&#8221;image_grid&#8221; images=&#8221;545,544,542,528,510,511,512,513,515,516,517,518,522,524,526,530,531,541,543,411,1340,1339,1337,1336,1334,1333,1332,1331,1330,1329&#8243; img_size=&#8221;medium&#8221; column_number=&#8221;5&#8243; grayscale=&#8221;no&#8221; images_space=&#8221;gallery_without_space&#8221;][\/vc_column][\/vc_row][vc_row row_type=&#8221;row&#8221; use_row_as_full_screen_section=&#8221;no&#8221; type=&#8221;full_width&#8221; angled_section=&#8221;no&#8221; text_align=&#8221;left&#8221; background_image_as_pattern=&#8221;without_pattern&#8221; css_animation=&#8221;&#8221;][vc_column]<div class=\"call_to_action normal\" style=\"background-color: rgba(167,98,98,0.88);\"><div class=\"container_inner\"><div class=\"two_columns_75_25 clearfix\"><div class=\"text_wrapper column1\"><div class=\"call_to_action_text \" style=\"\"><\/p>\n<h3><span style=\"color: #ffffff;\">\u00dcBERNACHTEN SIE IN OASIS-APPARTEMENTS IN TOLO VON ARGOLIS<\/span><\/h3>\n<p><\/div><\/div><div class=\"button_wrapper column2\"><a itemprop=\"url\" href=\"https:\/\/oasisapatmentstolo.reserve-online.net\/\" class=\"qbutton white \" target=\"_self\" style=\"color: #000000;border-color: #000000;\"data-hover-border-color=#ffffff data-hover-color=#a2a2a2>BUCHEN SIE JETZT<\/a><\/div><\/div><\/div><\/div>[\/vc_column][\/vc_row]<\/p>\n","protected":false},"excerpt":{"rendered":"<p>[vc_row row_type=&#8221;row&#8221; use_row_as_full_screen_section=&#8221;no&#8221; type=&#8221;grid&#8221; angled_section=&#8221;no&#8221; text_align=&#8221;left&#8221; background_image_as_pattern=&#8221;without_pattern&#8221; background_color=&#8221;#ffffff&#8221; padding_top=&#8221;87&#8243; padding_bottom=&#8221;80&#8243; css_animation=&#8221;&#8221;][vc_column][vc_column_text] SEHENSW\u00dcRDIGKEITEN [\/vc_column_text][vc_separator type=&#8221;small&#8221; position=&#8221;center&#8221; up=&#8221;7&#8243; down=&#8221;38&#8243;][vc_column_text] Entdecken Sie die Orte, die sie besuchen m\u00fcssen [\/vc_column_text][vc_separator type=&#8221;transparent&#8221; up=&#8221;38&#8243; down=&#8221;19&#8243;][\/vc_column][\/vc_row][vc_row row_type=&#8221;row&#8221; use_row_as_full_screen_section=&#8221;no&#8221; type=&#8221;full_width&#8221; anchor=&#8221;gallery&#8221; angled_section=&#8221;no&#8221; text_align=&#8221;left&#8221; background_image_as_pattern=&#8221;without_pattern&#8221; css_animation=&#8221;&#8221;][vc_column][vc_empty_space height=&#8221;22px&#8221;][\/vc_column][\/vc_row][vc_row row_type=&#8221;row&#8221; use_row_as_full_screen_section=&#8221;no&#8221; type=&#8221;grid&#8221; angled_section=&#8221;no&#8221; text_align=&#8221;left&#8221; background_image_as_pattern=&#8221;without_pattern&#8221; css_animation=&#8221;&#8221;&#8230;<\/p>\n","protected":false},"author":1,"featured_media":0,"parent":0,"menu_order":37,"comment_status":"closed","ping_status":"closed","template":"full_width.php","meta":[],"yoast_head":"<!-- This site is optimized with the Yoast SEO plugin v15.2.1 - https:\/\/yoast.com\/wordpress\/plugins\/seo\/ -->\n<meta name=\"robots\" content=\"index, follow, max-snippet:-1, max-image-preview:large, max-video-preview:-1\" \/>\n<link rel=\"canonical\" href=\"https:\/\/oasis-apartments.gr\/de\/area-php\/\" \/>\n<meta property=\"og:locale\" content=\"de_DE\" \/>\n<meta property=\"og:type\" content=\"article\" \/>\n<meta property=\"og:title\" content=\"LAGE - Oasis Apartments | Tolo Argolis\" \/>\n<meta property=\"og:description\" content=\"[vc_row row_type=&#8221;row&#8221; use_row_as_full_screen_section=&#8221;no&#8221; type=&#8221;grid&#8221; angled_section=&#8221;no&#8221; text_align=&#8221;left&#8221; background_image_as_pattern=&#8221;without_pattern&#8221; background_color=&#8221;#ffffff&#8221; padding_top=&#8221;87&#8243; padding_bottom=&#8221;80&#8243; css_animation=&#8221;&#8221;][vc_column][vc_column_text] SEHENSW\u00dcRDIGKEITEN [\/vc_column_text][vc_separator type=&#8221;small&#8221; position=&#8221;center&#8221; up=&#8221;7&#8243; down=&#8221;38&#8243;][vc_column_text] Entdecken Sie die Orte, die sie besuchen m\u00fcssen [\/vc_column_text][vc_separator type=&#8221;transparent&#8221; up=&#8221;38&#8243; down=&#8221;19&#8243;][\/vc_column][\/vc_row][vc_row row_type=&#8221;row&#8221; use_row_as_full_screen_section=&#8221;no&#8221; type=&#8221;full_width&#8221; anchor=&#8221;gallery&#8221; angled_section=&#8221;no&#8221; text_align=&#8221;left&#8221; background_image_as_pattern=&#8221;without_pattern&#8221; css_animation=&#8221;&#8221;][vc_column][vc_empty_space height=&#8221;22px&#8221;][\/vc_column][\/vc_row][vc_row row_type=&#8221;row&#8221; use_row_as_full_screen_section=&#8221;no&#8221; type=&#8221;grid&#8221; angled_section=&#8221;no&#8221; text_align=&#8221;left&#8221; background_image_as_pattern=&#8221;without_pattern&#8221; css_animation=&#8221;&#8221;...\" \/>\n<meta property=\"og:url\" content=\"https:\/\/oasis-apartments.gr\/de\/area-php\/\" \/>\n<meta property=\"og:site_name\" content=\"Oasis Apartments | Tolo Argolis\" \/>\n<meta property=\"article:modified_time\" content=\"2017-05-02T13:18:55+00:00\" \/>\n<meta name=\"twitter:card\" content=\"summary\" \/>\n<meta name=\"twitter:label1\" content=\"Written by\">\n\t<meta name=\"twitter:data1\" content=\"gkoutsopoulos\">\n\t<meta name=\"twitter:label2\" content=\"Est. reading time\">\n\t<meta name=\"twitter:data2\" content=\"5\u00a0Minuten\">\n<script type=\"application\/ld+json\" class=\"yoast-schema-graph\">{\"@context\":\"https:\/\/schema.org\",\"@graph\":[{\"@type\":\"WebSite\",\"@id\":\"https:\/\/oasis-apartments.gr\/en\/#website\",\"url\":\"https:\/\/oasis-apartments.gr\/en\/\",\"name\":\"Oasis Apartments | Tolo Argolis\",\"description\":\"Seaside resort in Tolo, Nafplion Greece\",\"potentialAction\":[{\"@type\":\"SearchAction\",\"target\":\"https:\/\/oasis-apartments.gr\/en\/?s={search_term_string}\",\"query-input\":\"required name=search_term_string\"}],\"inLanguage\":\"de\"},{\"@type\":\"WebPage\",\"@id\":\"https:\/\/oasis-apartments.gr\/de\/area-php\/#webpage\",\"url\":\"https:\/\/oasis-apartments.gr\/de\/area-php\/\",\"name\":\"LAGE - Oasis Apartments | Tolo Argolis\",\"isPartOf\":{\"@id\":\"https:\/\/oasis-apartments.gr\/en\/#website\"},\"datePublished\":\"2016-07-19T08:16:52+00:00\",\"dateModified\":\"2017-05-02T13:18:55+00:00\",\"inLanguage\":\"de\",\"potentialAction\":[{\"@type\":\"ReadAction\",\"target\":[\"https:\/\/oasis-apartments.gr\/de\/area-php\/\"]}]}]}<\/script>\n<!-- \/ Yoast SEO plugin. -->","_links":{"self":[{"href":"https:\/\/oasis-apartments.gr\/de\/wp-json\/wp\/v2\/pages\/1219"}],"collection":[{"href":"https:\/\/oasis-apartments.gr\/de\/wp-json\/wp\/v2\/pages"}],"about":[{"href":"https:\/\/oasis-apartments.gr\/de\/wp-json\/wp\/v2\/types\/page"}],"author":[{"embeddable":true,"href":"https:\/\/oasis-apartments.gr\/de\/wp-json\/wp\/v2\/users\/1"}],"replies":[{"embeddable":true,"href":"https:\/\/oasis-apartments.gr\/de\/wp-json\/wp\/v2\/comments?post=1219"}],"version-history":[{"count":0,"href":"https:\/\/oasis-apartments.gr\/de\/wp-json\/wp\/v2\/pages\/1219\/revisions"}],"wp:attachment":[{"href":"https:\/\/oasis-apartments.gr\/de\/wp-json\/wp\/v2\/media?parent=1219"}],"curies":[{"name":"wp","href":"https:\/\/api.w.org\/{rel}","templated":true}]}}