
{"id":1205,"date":"2016-08-24T16:33:51","date_gmt":"2016-08-24T13:33:51","guid":{"rendered":"http:\/\/oasis-apartments.gr\/experiences\/"},"modified":"2017-04-12T11:10:17","modified_gmt":"2017-04-12T08:10:17","slug":"experiences","status":"publish","type":"page","link":"https:\/\/oasis-apartments.gr\/de\/experiences\/","title":{"rendered":"AKTIVIT\u00c4TEN"},"content":{"rendered":"<p>[vc_row row_type=&#8221;row&#8221; use_row_as_full_screen_section=&#8221;no&#8221; type=&#8221;grid&#8221; angled_section=&#8221;no&#8221; text_align=&#8221;left&#8221; background_image_as_pattern=&#8221;without_pattern&#8221; background_color=&#8221;#ffffff&#8221; padding_top=&#8221;87&#8243; padding_bottom=&#8221;80&#8243; css_animation=&#8221;&#8221;][vc_column][vc_empty_space][vc_column_text]<\/p>\n<h2 style=\"text-align: center;\">AKTIVIT\u00c4TEN IN TOLO<\/h2>\n<p>[\/vc_column_text][vc_separator type=&#8221;small&#8221; position=&#8221;center&#8221; up=&#8221;7&#8243; down=&#8221;38&#8243;][vc_column_text]<\/p>\n<h4 style=\"text-align: center;\">Entscheiden Sie sich f\u00fcr einen Familienurlaub in einer gr\u00fcnen Umgebung am Meer.<\/h4>\n<p>[\/vc_column_text][vc_separator type=&#8221;transparent&#8221; up=&#8221;38&#8243; down=&#8221;19&#8243;][qode_circles columns=&#8221;five_columns&#8221; circle_line=&#8221;no_line&#8221;][qode_circle type=&#8221;icon_type&#8221; icon=&#8221;fa-users&#8221; size=&#8221;fa-3x&#8221; title_tag=&#8221;h4&#8243; title=&#8221;FISCHEN&#8221; text=&#8221;Sie k\u00f6nnen an vielen K\u00fcsten mit der Angel fischen. Hier finden Sie viele Fischer mit ihren Angeln.&#8221; icon_color=&#8221;#ffffff&#8221; border_color=&#8221;#ffffff&#8221; background_color=&#8221;rgba(118,154,191,0.88)&#8221;][qode_circle type=&#8221;icon_type&#8221; icon=&#8221;fa-safari&#8221; size=&#8221;fa-3x&#8221; title_tag=&#8221;h4&#8243; title=&#8221;FAHRRADFAHREN&#8221; text=&#8221;Entdecken Sie das sch\u00f6ne Tolo. Es gibt viele sch\u00f6ne Fahrradstrecken.&#8221; background_color=&#8221;rgba(118,154,191,0.88)&#8221; icon_color=&#8221;#ffffff&#8221;][qode_circle type=&#8221;icon_type&#8221; icon=&#8221;fa-heart&#8221; size=&#8221;fa-3x&#8221; title_tag=&#8221;h4&#8243; title=&#8221;WASSERSPORT&#8221; text=&#8221;Am Strand von Tolo haben Sie die Gelegenheit f\u00fcr alle m\u00f6glichen Arten an Wassersport. Wasserski, Windsurfing, Jet-Ski, Tauchen, Tretboot, Banane.<br \/>\n&#8221; background_color=&#8221;rgba(118,154,191,0.88)&#8221; icon_color=&#8221;#ffffff&#8221;][qode_circle type=&#8221;icon_type&#8221; icon=&#8221;fa-smile-o&#8221; size=&#8221;fa-3x&#8221; title_tag=&#8221;h4&#8243; title=&#8221;STR\u00c4NDE&#8221; text=&#8221;F\u00fcr diejenigen, die das warme Meer, den goldenen Sandstrand, malerischen Landschaften und das Gebirge lieben.&#8221; background_color=&#8221;rgba(118,154,191,0.88)&#8221; icon_color=&#8221;#ffffff&#8221;][qode_circle type=&#8221;icon_type&#8221; icon=&#8221;fa-eye&#8221; size=&#8221;fa-3x&#8221; title_tag=&#8221;h4&#8243; title=&#8221;TAUCHEN&#8221; text=&#8221;Entdecken Sie die K\u00fcsten von Tolo. Schwimmen Sie und erkunden Sie die einzigartige Unterwasserwelt.&#8221; background_color=&#8221;rgba(118,154,191,0.88)&#8221; icon_color=&#8221;#ffffff&#8221;][\/qode_circles][\/vc_column][\/vc_row][vc_row row_type=&#8221;row&#8221; use_row_as_full_screen_section=&#8221;no&#8221; type=&#8221;full_width&#8221; anchor=&#8221;gallery&#8221; angled_section=&#8221;no&#8221; text_align=&#8221;left&#8221; background_image_as_pattern=&#8221;without_pattern&#8221; css_animation=&#8221;&#8221;][vc_column][vc_empty_space height=&#8221;22px&#8221;][\/vc_column][\/vc_row][vc_row row_type=&#8221;row&#8221; use_row_as_full_screen_section=&#8221;no&#8221; type=&#8221;grid&#8221; angled_section=&#8221;no&#8221; text_align=&#8221;left&#8221; background_image_as_pattern=&#8221;without_pattern&#8221; padding_top=&#8221;87&#8243; css_animation=&#8221;&#8221;][vc_column width=&#8221;1\/3&#8243;][vc_separator type=&#8221;transparent&#8221; up=&#8221;7&#8243; down=&#8221;0&#8243;][vc_single_image image=&#8221;245&#8243; img_size=&#8221;full&#8221; qode_css_animation=&#8221;element_from_left&#8221; transition_delay=&#8221;0.3&#8243;][vc_separator type=&#8221;transparent&#8221; up=&#8221;15&#8243; down=&#8221;0&#8243;][\/vc_column][vc_column width=&#8221;2\/3&#8243;][vc_column_text]<\/p>\n<h3 style=\"text-align: left;\">WASSERSPORT<\/h3>\n<p>[\/vc_column_text][vc_separator type=&#8221;small&#8221; position=&#8221;left&#8221; up=&#8221;7&#8243; down=&#8221;34&#8243;][vc_column_text]Am Strand von Tolo haben Sie die Gelegenheit f\u00fcr alle m\u00f6glichen Arten an Wassersport, wie Wasserski, Windsurfing, Jet-Ski, Tauchen, Tretboot, Banane, Fischen und Kanufahrten. Probieren Sie ebenfalls ein Wassersport wie Seglen, Windsurfing, Kite-Surfing oder Tauchen. Mieten Sie ein Tretboot oder ein kleines Sportboot, gehen Sie Fischen oder entdecken Sie einfach die Inseln von Tolo.[\/vc_column_text][vc_separator type=&#8221;transparent&#8221; up=&#8221;20&#8243; down=&#8221;16&#8243;][\/vc_column][\/vc_row][vc_row row_type=&#8221;row&#8221; use_row_as_full_screen_section=&#8221;no&#8221; type=&#8221;full_width&#8221; angled_section=&#8221;no&#8221; text_align=&#8221;left&#8221; background_image_as_pattern=&#8221;without_pattern&#8221; css_animation=&#8221;&#8221;][vc_column][vc_separator type=&#8221;transparent&#8221; up=&#8221;25&#8243; down=&#8221;0&#8243;][\/vc_column][\/vc_row][vc_row row_type=&#8221;row&#8221; use_row_as_full_screen_section=&#8221;no&#8221; type=&#8221;grid&#8221; angled_section=&#8221;no&#8221; text_align=&#8221;left&#8221; background_image_as_pattern=&#8221;without_pattern&#8221; background_color=&#8221;#ffffff&#8221; padding_top=&#8221;87&#8243; css_animation=&#8221;&#8221;][vc_column width=&#8221;2\/3&#8243;][vc_column_text]<\/p>\n<h3 style=\"text-align: left;\">KITE-SURFING<\/h3>\n<p>[\/vc_column_text][vc_separator type=&#8221;small&#8221; position=&#8221;left&#8221; up=&#8221;7&#8243; down=&#8221;34&#8243;][vc_column_text]Am Strand von Nea Kios, neben Nafplio in Argolis, geben qualifizierte Schulen Kitesurfunterricht. Der erste Unterricht hat eine Dauer von 1:30 Stunden. Die erfahren Kite-Surfer werden vom flachen Wasser und den t\u00e4glich st\u00e4ndige thermischen Winden w\u00e4hrend des ganzen Sommers begeistert sein.[\/vc_column_text][vc_separator type=&#8221;transparent&#8221; up=&#8221;20&#8243; down=&#8221;16&#8243;][\/vc_column][vc_column width=&#8221;1\/3&#8243;][vc_separator type=&#8221;transparent&#8221; up=&#8221;7&#8243; down=&#8221;0&#8243;][vc_single_image image=&#8221;251&#8243; img_size=&#8221;full&#8221; qode_css_animation=&#8221;element_from_right&#8221; transition_delay=&#8221;0.3&#8243;][\/vc_column][\/vc_row][vc_row row_type=&#8221;row&#8221; use_row_as_full_screen_section=&#8221;no&#8221; type=&#8221;full_width&#8221; angled_section=&#8221;no&#8221; text_align=&#8221;left&#8221; background_image_as_pattern=&#8221;without_pattern&#8221; background_color=&#8221;#ffffff&#8221; css_animation=&#8221;&#8221;][vc_column][vc_separator type=&#8221;transparent&#8221; up=&#8221;25&#8243; down=&#8221;0&#8243;][\/vc_column][\/vc_row][vc_row row_type=&#8221;row&#8221; use_row_as_full_screen_section=&#8221;no&#8221; type=&#8221;grid&#8221; angled_section=&#8221;no&#8221; text_align=&#8221;left&#8221; background_image_as_pattern=&#8221;without_pattern&#8221; padding_top=&#8221;87&#8243; css_animation=&#8221;&#8221;][vc_column width=&#8221;1\/3&#8243;][vc_separator type=&#8221;transparent&#8221; up=&#8221;7&#8243; down=&#8221;0&#8243;][vc_single_image image=&#8221;259&#8243; img_size=&#8221;full&#8221; qode_css_animation=&#8221;element_from_left&#8221; transition_delay=&#8221;0.3&#8243;][vc_separator type=&#8221;transparent&#8221; up=&#8221;15&#8243; down=&#8221;0&#8243;][\/vc_column][vc_column width=&#8221;2\/3&#8243;][vc_column_text]<\/p>\n<h3 style=\"text-align: left;\">TAUCHEN<\/h3>\n<p>[\/vc_column_text][vc_separator type=&#8221;small&#8221; position=&#8221;left&#8221; up=&#8221;7&#8243; down=&#8221;34&#8243;][vc_column_text]Tolo hat ein modernes Tauchzentrum &#8211; Tauchschule geeignet sowohl f\u00fcr Freizeit- als auch professionelles Tauchen. Entdecken Sie die Meerwelt von Tolo und der benachbarten Inseln und erleben Sie eine einzigartiges Erfahrung. Fragen Sie bei der Rezeption um weitere Informationen.[\/vc_column_text][vc_separator type=&#8221;transparent&#8221; up=&#8221;20&#8243; down=&#8221;16&#8243;][\/vc_column][\/vc_row][vc_row row_type=&#8221;row&#8221; use_row_as_full_screen_section=&#8221;no&#8221; type=&#8221;full_width&#8221; angled_section=&#8221;no&#8221; text_align=&#8221;left&#8221; background_image_as_pattern=&#8221;without_pattern&#8221; css_animation=&#8221;&#8221;][vc_column][vc_separator type=&#8221;transparent&#8221; up=&#8221;25&#8243; down=&#8221;0&#8243;][\/vc_column][\/vc_row][vc_row row_type=&#8221;row&#8221; use_row_as_full_screen_section=&#8221;no&#8221; type=&#8221;grid&#8221; angled_section=&#8221;no&#8221; text_align=&#8221;left&#8221; background_image_as_pattern=&#8221;without_pattern&#8221; background_color=&#8221;#ffffff&#8221; padding_top=&#8221;87&#8243; css_animation=&#8221;&#8221;][vc_column width=&#8221;2\/3&#8243;][vc_column_text]<\/p>\n<h3 style=\"text-align: left;\">REITEN<\/h3>\n<p>[\/vc_column_text][vc_separator type=&#8221;small&#8221; position=&#8221;left&#8221; up=&#8221;7&#8243; down=&#8221;34&#8243;][vc_column_text]Reiten ist hinrei\u00dfend und l\u00f6st einen Sturm der Begeisterung aus, egal als Sport oder Hobby, oder einfach nur als eine Erfahrung. Jeder zuk\u00fcnftiger Reiter kann seine Reitf\u00e4higkeiten probieren und den ersten Kontakt mit dem Pferd haben. Hier kann er in einem sicheren und umz\u00e4unten Gel\u00e4nde seinen ersten Reitversuch machen. Eine einzigartiger Fluchtversuch, den man sich leisten kann!<\/p>\n<p>[\/vc_column_text][vc_separator type=&#8221;transparent&#8221; up=&#8221;20&#8243; down=&#8221;16&#8243;][\/vc_column][vc_column width=&#8221;1\/3&#8243;][vc_separator type=&#8221;transparent&#8221; up=&#8221;15&#8243; down=&#8221;0&#8243;][vc_single_image image=&#8221;260&#8243; img_size=&#8221;full&#8221; qode_css_animation=&#8221;element_from_right&#8221; transition_delay=&#8221;0.3&#8243;][\/vc_column][\/vc_row][vc_row row_type=&#8221;row&#8221; use_row_as_full_screen_section=&#8221;no&#8221; type=&#8221;full_width&#8221; angled_section=&#8221;no&#8221; text_align=&#8221;left&#8221; background_image_as_pattern=&#8221;without_pattern&#8221; background_color=&#8221;#ffffff&#8221; css_animation=&#8221;&#8221;][vc_column][vc_separator type=&#8221;transparent&#8221; up=&#8221;25&#8243; down=&#8221;0&#8243;][\/vc_column][\/vc_row][vc_row row_type=&#8221;row&#8221; use_row_as_full_screen_section=&#8221;no&#8221; type=&#8221;grid&#8221; angled_section=&#8221;no&#8221; text_align=&#8221;left&#8221; background_image_as_pattern=&#8221;without_pattern&#8221; padding_top=&#8221;87&#8243; css_animation=&#8221;&#8221;][vc_column width=&#8221;1\/3&#8243;][vc_separator type=&#8221;transparent&#8221; up=&#8221;7&#8243; down=&#8221;0&#8243;][vc_single_image image=&#8221;262&#8243; img_size=&#8221;full&#8221; qode_css_animation=&#8221;element_from_left&#8221; transition_delay=&#8221;0.3&#8243;][vc_separator type=&#8221;transparent&#8221; up=&#8221;15&#8243; down=&#8221;0&#8243;][\/vc_column][vc_column width=&#8221;2\/3&#8243;][vc_column_text]<\/p>\n<h3 style=\"text-align: left;\">OLIVENSAMMELN<\/h3>\n<p>[\/vc_column_text][vc_separator type=&#8221;small&#8221; position=&#8221;left&#8221; up=&#8221;7&#8243; down=&#8221;34&#8243;][vc_column_text]Alle Geheimnisse des heiligen Baumes von der Vorgeschichte bis heute. Wir gehen durch die Olivenhainen, sammeln die Oliven mit der traditionellen Art und Weise und machen daraus Oliven\u00f6l. Danach kochen wir griechische Gerichte mit Oliven\u00f6l. Die ideale Zeit f\u00fcr diese einzigartige Reise ist die Erntezeit, von Mitte Oktober bis Mitte Januar jedes Jahres. Eine unvergessliche Erfahrung, f\u00fcr jeden Teilnehmer.[\/vc_column_text][vc_separator type=&#8221;transparent&#8221; up=&#8221;20&#8243; down=&#8221;16&#8243;][\/vc_column][\/vc_row][vc_row row_type=&#8221;row&#8221; use_row_as_full_screen_section=&#8221;no&#8221; type=&#8221;full_width&#8221; angled_section=&#8221;no&#8221; text_align=&#8221;left&#8221; background_image_as_pattern=&#8221;without_pattern&#8221; css_animation=&#8221;&#8221;][vc_column][vc_separator type=&#8221;transparent&#8221; up=&#8221;25&#8243; down=&#8221;0&#8243;][\/vc_column][\/vc_row][vc_row row_type=&#8221;row&#8221; use_row_as_full_screen_section=&#8221;no&#8221; type=&#8221;grid&#8221; angled_section=&#8221;no&#8221; text_align=&#8221;left&#8221; background_image_as_pattern=&#8221;without_pattern&#8221; background_color=&#8221;#ffffff&#8221; padding_top=&#8221;87&#8243; css_animation=&#8221;&#8221;][vc_column width=&#8221;2\/3&#8243;][vc_column_text]<\/p>\n<h3 style=\"text-align: left;\">OSTERN IN TOLO<\/h3>\n<p>[\/vc_column_text][vc_separator type=&#8221;small&#8221; position=&#8221;left&#8221; up=&#8221;7&#8243; down=&#8221;34&#8243;][vc_column_text]Eine einzigartige Reise, voller Farben, Aromen und einzigartige Br\u00e4uche, wartet auf Sie w\u00e4hrend der Osternzeit in Tolo. Am Karfreitag geht die Prozession durch das ganze Dorf und betet das blaue Strandgew\u00e4sser an. Am Karsamstagmorgen erlebt der Besucher die Freude der ersten Auferstehung und genie\u00dft danach mit einem Sparziergang zur malerischen Bucht den einzigartigen Blick auf die zwei benachbarten Inseln von Tolo. Nach der Feier der Auferstehung wartet auf Sie das Aroma der hervorragenden warmen Suppe (Mageiritsa) aus lokalen, frischen Zutaten. In der gesamten Region von Tolo wird am Ostersonntag das traditionelle Lamm gebraten. Spie\u00dfe im Freien, Musik und viel Tanz werden Sie begeistern und diese Reise an dieses wundersch\u00f6ne Land von Argolis einzigartig machen.[\/vc_column_text][vc_separator type=&#8221;transparent&#8221; up=&#8221;20&#8243; down=&#8221;16&#8243;][\/vc_column][vc_column width=&#8221;1\/3&#8243;][vc_separator type=&#8221;transparent&#8221; up=&#8221;15&#8243; down=&#8221;0&#8243;][vc_single_image image=&#8221;263&#8243; img_size=&#8221;full&#8221; qode_css_animation=&#8221;element_from_right&#8221; transition_delay=&#8221;0.3&#8243;][vc_empty_space][\/vc_column][\/vc_row][vc_row row_type=&#8221;row&#8221; use_row_as_full_screen_section=&#8221;no&#8221; type=&#8221;full_width&#8221; angled_section=&#8221;no&#8221; text_align=&#8221;left&#8221; background_image_as_pattern=&#8221;without_pattern&#8221; css_animation=&#8221;&#8221;][vc_column][vc_separator type=&#8221;transparent&#8221; up=&#8221;25&#8243; down=&#8221;0&#8243;][\/vc_column][\/vc_row][vc_row row_type=&#8221;row&#8221; use_row_as_full_screen_section=&#8221;no&#8221; type=&#8221;grid&#8221; angled_section=&#8221;no&#8221; text_align=&#8221;left&#8221; background_image_as_pattern=&#8221;without_pattern&#8221; padding_top=&#8221;87&#8243; css_animation=&#8221;&#8221;][vc_column width=&#8221;1\/3&#8243;][vc_separator type=&#8221;transparent&#8221; up=&#8221;7&#8243; down=&#8221;0&#8243;][vc_single_image image=&#8221;264&#8243; img_size=&#8221;full&#8221; qode_css_animation=&#8221;element_from_left&#8221; transition_delay=&#8221;0.3&#8243;][vc_separator type=&#8221;transparent&#8221; up=&#8221;15&#8243; down=&#8221;0&#8243;][\/vc_column][vc_column width=&#8221;2\/3&#8243;][vc_column_text]<\/p>\n<h3>WEINERNTE<\/h3>\n<p>[\/vc_column_text][vc_separator type=&#8221;small&#8221; position=&#8221;left&#8221; up=&#8221;7&#8243; down=&#8221;34&#8243;][vc_column_text]Die Weinernte des Anwesens geschieht von Anfang August bis Mitte September. Die Ernte geschieht mit der Hand und immer am fr\u00fchen Morgen. Obwohl diese Methode h\u00f6here Kosten hat, hat sie signifikante Vorteile. Die Auswahl der Trauben geschieht direkt am Weinberg und nur die richtigen Trauben werden geerntet. Au\u00dferdem werden die Trauben bei der Sammlung nicht verletzt. Sie werden rasch zum Weingut gebracht, bevor ihre Temperatur steigt und somit werden sie l\u00e4nger Frisch erhalten.<\/p>\n<p>[\/vc_column_text][vc_separator type=&#8221;transparent&#8221; up=&#8221;20&#8243; down=&#8221;16&#8243;][\/vc_column][\/vc_row][vc_row row_type=&#8221;row&#8221; use_row_as_full_screen_section=&#8221;no&#8221; type=&#8221;grid&#8221; angled_section=&#8221;no&#8221; text_align=&#8221;left&#8221; background_image_as_pattern=&#8221;without_pattern&#8221; background_color=&#8221;#ffffff&#8221; padding_top=&#8221;87&#8243; css_animation=&#8221;&#8221;][vc_column][vc_empty_space][\/vc_column][\/vc_row][vc_row row_type=&#8221;row&#8221; use_row_as_full_screen_section=&#8221;no&#8221; type=&#8221;full_width&#8221; angled_section=&#8221;no&#8221; text_align=&#8221;left&#8221; background_image_as_pattern=&#8221;without_pattern&#8221; css_animation=&#8221;&#8221;][vc_column]<div class=\"call_to_action normal\" style=\"background-color: rgba(167,98,98,0.88);\"><div class=\"container_inner\"><div class=\"two_columns_75_25 clearfix\"><div class=\"text_wrapper column1\"><div class=\"call_to_action_text \" style=\"\"><\/p>\n<h3><span style=\"color: #ffffff;\">\u00dcBERNACHTEN SIE IN OASIS-APPARTEMENTS IN TOLO VON ARGOLIS<\/span><\/h3>\n<p><\/div><\/div><div class=\"button_wrapper column2\"><a itemprop=\"url\" href=\"https:\/\/oasisapatmentstolo.reserve-online.net\/\" class=\"qbutton white \" target=\"_self\" style=\"color: #000000;border-color: #000000;\"data-hover-border-color=#ffffff data-hover-color=#a2a2a2>BUCHEN SIE JETZT<\/a><\/div><\/div><\/div><\/div>[\/vc_column][\/vc_row]<\/p>\n","protected":false},"excerpt":{"rendered":"<p>[vc_row row_type=&#8221;row&#8221; use_row_as_full_screen_section=&#8221;no&#8221; type=&#8221;grid&#8221; angled_section=&#8221;no&#8221; text_align=&#8221;left&#8221; background_image_as_pattern=&#8221;without_pattern&#8221; background_color=&#8221;#ffffff&#8221; padding_top=&#8221;87&#8243; padding_bottom=&#8221;80&#8243; css_animation=&#8221;&#8221;][vc_column][vc_empty_space][vc_column_text] AKTIVIT\u00c4TEN IN TOLO [\/vc_column_text][vc_separator type=&#8221;small&#8221; position=&#8221;center&#8221; up=&#8221;7&#8243; down=&#8221;38&#8243;][vc_column_text] Entscheiden Sie sich f\u00fcr einen Familienurlaub in einer gr\u00fcnen Umgebung am Meer. [\/vc_column_text][vc_separator type=&#8221;transparent&#8221; up=&#8221;38&#8243; down=&#8221;19&#8243;][qode_circles columns=&#8221;five_columns&#8221; circle_line=&#8221;no_line&#8221;][qode_circle type=&#8221;icon_type&#8221; icon=&#8221;fa-users&#8221; size=&#8221;fa-3x&#8221; title_tag=&#8221;h4&#8243; title=&#8221;FISCHEN&#8221; text=&#8221;Sie k\u00f6nnen an&#8230;<\/p>\n","protected":false},"author":1,"featured_media":0,"parent":0,"menu_order":7,"comment_status":"closed","ping_status":"closed","template":"full_width.php","meta":[],"yoast_head":"<!-- This site is optimized with the Yoast SEO plugin v15.2.1 - https:\/\/yoast.com\/wordpress\/plugins\/seo\/ -->\n<meta name=\"robots\" content=\"index, follow, max-snippet:-1, max-image-preview:large, max-video-preview:-1\" \/>\n<link rel=\"canonical\" href=\"https:\/\/oasis-apartments.gr\/de\/experiences\/\" \/>\n<meta property=\"og:locale\" content=\"de_DE\" \/>\n<meta property=\"og:type\" content=\"article\" \/>\n<meta property=\"og:title\" content=\"AKTIVIT\u00c4TEN - Oasis Apartments | Tolo Argolis\" \/>\n<meta property=\"og:description\" content=\"[vc_row row_type=&#8221;row&#8221; use_row_as_full_screen_section=&#8221;no&#8221; type=&#8221;grid&#8221; angled_section=&#8221;no&#8221; text_align=&#8221;left&#8221; background_image_as_pattern=&#8221;without_pattern&#8221; background_color=&#8221;#ffffff&#8221; padding_top=&#8221;87&#8243; padding_bottom=&#8221;80&#8243; css_animation=&#8221;&#8221;][vc_column][vc_empty_space][vc_column_text] AKTIVIT\u00c4TEN IN TOLO [\/vc_column_text][vc_separator type=&#8221;small&#8221; position=&#8221;center&#8221; up=&#8221;7&#8243; down=&#8221;38&#8243;][vc_column_text] Entscheiden Sie sich f\u00fcr einen Familienurlaub in einer gr\u00fcnen Umgebung am Meer. [\/vc_column_text][vc_separator type=&#8221;transparent&#8221; up=&#8221;38&#8243; down=&#8221;19&#8243;][qode_circles columns=&#8221;five_columns&#8221; circle_line=&#8221;no_line&#8221;][qode_circle type=&#8221;icon_type&#8221; icon=&#8221;fa-users&#8221; size=&#8221;fa-3x&#8221; title_tag=&#8221;h4&#8243; title=&#8221;FISCHEN&#8221; text=&#8221;Sie k\u00f6nnen an...\" \/>\n<meta property=\"og:url\" content=\"https:\/\/oasis-apartments.gr\/de\/experiences\/\" \/>\n<meta property=\"og:site_name\" content=\"Oasis Apartments | Tolo Argolis\" \/>\n<meta property=\"article:modified_time\" content=\"2017-04-12T08:10:17+00:00\" \/>\n<meta name=\"twitter:card\" content=\"summary\" \/>\n<meta name=\"twitter:label1\" content=\"Written by\">\n\t<meta name=\"twitter:data1\" content=\"gkoutsopoulos\">\n\t<meta name=\"twitter:label2\" content=\"Est. reading time\">\n\t<meta name=\"twitter:data2\" content=\"7\u00a0Minuten\">\n<script type=\"application\/ld+json\" class=\"yoast-schema-graph\">{\"@context\":\"https:\/\/schema.org\",\"@graph\":[{\"@type\":\"WebSite\",\"@id\":\"https:\/\/oasis-apartments.gr\/en\/#website\",\"url\":\"https:\/\/oasis-apartments.gr\/en\/\",\"name\":\"Oasis Apartments | Tolo Argolis\",\"description\":\"Seaside resort in Tolo, Nafplion Greece\",\"potentialAction\":[{\"@type\":\"SearchAction\",\"target\":\"https:\/\/oasis-apartments.gr\/en\/?s={search_term_string}\",\"query-input\":\"required name=search_term_string\"}],\"inLanguage\":\"de\"},{\"@type\":\"WebPage\",\"@id\":\"https:\/\/oasis-apartments.gr\/de\/experiences\/#webpage\",\"url\":\"https:\/\/oasis-apartments.gr\/de\/experiences\/\",\"name\":\"AKTIVIT\\u00c4TEN - Oasis Apartments | Tolo Argolis\",\"isPartOf\":{\"@id\":\"https:\/\/oasis-apartments.gr\/en\/#website\"},\"datePublished\":\"2016-08-24T13:33:51+00:00\",\"dateModified\":\"2017-04-12T08:10:17+00:00\",\"inLanguage\":\"de\",\"potentialAction\":[{\"@type\":\"ReadAction\",\"target\":[\"https:\/\/oasis-apartments.gr\/de\/experiences\/\"]}]}]}<\/script>\n<!-- \/ Yoast SEO plugin. -->","_links":{"self":[{"href":"https:\/\/oasis-apartments.gr\/de\/wp-json\/wp\/v2\/pages\/1205"}],"collection":[{"href":"https:\/\/oasis-apartments.gr\/de\/wp-json\/wp\/v2\/pages"}],"about":[{"href":"https:\/\/oasis-apartments.gr\/de\/wp-json\/wp\/v2\/types\/page"}],"author":[{"embeddable":true,"href":"https:\/\/oasis-apartments.gr\/de\/wp-json\/wp\/v2\/users\/1"}],"replies":[{"embeddable":true,"href":"https:\/\/oasis-apartments.gr\/de\/wp-json\/wp\/v2\/comments?post=1205"}],"version-history":[{"count":0,"href":"https:\/\/oasis-apartments.gr\/de\/wp-json\/wp\/v2\/pages\/1205\/revisions"}],"wp:attachment":[{"href":"https:\/\/oasis-apartments.gr\/de\/wp-json\/wp\/v2\/media?parent=1205"}],"curies":[{"name":"wp","href":"https:\/\/api.w.org\/{rel}","templated":true}]}}