
{"id":1167,"date":"2016-07-19T12:48:44","date_gmt":"2016-07-19T09:48:44","guid":{"rendered":"http:\/\/oasis-apartments.gr\/philoshophy\/"},"modified":"2023-05-22T16:45:22","modified_gmt":"2023-05-22T13:45:22","slug":"about-php","status":"publish","type":"page","link":"https:\/\/oasis-apartments.gr\/de\/about-php\/","title":{"rendered":"UNSERE PHILOSOPHIE"},"content":{"rendered":"<p>[vc_row css_animation=&#8221;&#8221; row_type=&#8221;row&#8221; use_row_as_full_screen_section=&#8221;no&#8221; type=&#8221;full_width&#8221; angled_section=&#8221;no&#8221; text_align=&#8221;left&#8221; background_image_as_pattern=&#8221;without_pattern&#8221;][vc_column][vc_empty_space][\/vc_column][\/vc_row][vc_row css_animation=&#8221;&#8221; row_type=&#8221;row&#8221; use_row_as_full_screen_section=&#8221;no&#8221; type=&#8221;full_width&#8221; angled_section=&#8221;no&#8221; text_align=&#8221;left&#8221; background_image_as_pattern=&#8221;without_pattern&#8221;][vc_column][vc_column_text]<\/p>\n<h2 style=\"text-align: center;\">OASIS APPARTEMENTS<\/h2>\n<p>[\/vc_column_text][vc_separator type=&#8221;small&#8221; position=&#8221;center&#8221; up=&#8221;7&#8243; down=&#8221;38&#8243;][vc_column_text]<\/p>\n<h3 style=\"text-align: center;\">Die Oasis-Appartements befinden sich im beliebten K\u00fcstenferienort Tolo, kombinieren alle modernen Ausstattungen mit der warmen Gastfreundschaft und garantieren Ihnen Ruhe und Entspannung.<\/h3>\n<p>[\/vc_column_text][vc_empty_space][vc_row_inner row_type=&#8221;row&#8221; type=&#8221;full_width&#8221; text_align=&#8221;left&#8221; css_animation=&#8221;&#8221;][vc_column_inner width=&#8221;1\/4&#8243;][vc_single_image image=&#8221;2616&#8243; img_size=&#8221;large&#8221; qode_css_animation=&#8221;&#8221;][\/vc_column_inner][vc_column_inner width=&#8221;1\/4&#8243;][vc_single_image image=&#8221;2611&#8243; img_size=&#8221;large&#8221; qode_css_animation=&#8221;&#8221;][\/vc_column_inner][vc_column_inner width=&#8221;1\/4&#8243;][vc_single_image image=&#8221;2612&#8243; img_size=&#8221;large&#8221; qode_css_animation=&#8221;&#8221;][\/vc_column_inner][vc_column_inner width=&#8221;1\/4&#8243;][vc_single_image image=&#8221;2605&#8243; img_size=&#8221;large&#8221; qode_css_animation=&#8221;&#8221;][\/vc_column_inner][\/vc_row_inner][\/vc_column][\/vc_row][vc_row css_animation=&#8221;&#8221; row_type=&#8221;row&#8221; use_row_as_full_screen_section=&#8221;no&#8221; type=&#8221;full_width&#8221; angled_section=&#8221;no&#8221; text_align=&#8221;center&#8221; background_image_as_pattern=&#8221;without_pattern&#8221; css=&#8221;.vc_custom_1468932802545{padding-top: 108px !important;padding-bottom: 140px !important;}&#8221;][vc_column offset=&#8221;vc_col-lg-offset-2 vc_col-lg-8 vc_col-md-offset-1 vc_col-md-10&#8243;][vc_column_text]<\/p>\n<p style=\"text-align: left;\">Oasis befindet sich im beliebten K\u00fcstenferienort Tolo im Herzen von Argolis. Die N\u00e4he zum Strand, die freundliche Atmosph\u00e4re und die warme Gastfreundschaft machen Oasis-Appartements zum idealen Reiseziel f\u00fcr Familienurlaub in Tolo. Das Familienhotel Oasis befindet sich im Herzen von Tolo. Ganz in der N\u00e4he werden unsere G\u00e4ste Superm\u00e4rkte, Apotheken, Tavernen und Souvenir-Shops finden. Die Lage unseres Hotels ist ideal und wird besonders von Kunden mit Kindern bevorzugt. Die OASIS-Appartements sind die ideale Wahl f\u00fcr Familienurlaub in Tolo. Die Appartements mit Blick aufs Meer und den gr\u00fcnden Garten mit den Mandarinenb\u00e4umen und den aromatischen Kr\u00e4utern schenken Ruhe und W\u00e4rme und sichern f\u00fcr Ihre Entspannung w\u00e4hrend Ihrer Familienausfl\u00fcge.<\/p>\n<p style=\"text-align: left;\">Die OASIS-Appartements verf\u00fcgen \u00fcber elegant eingerichtete Badezimmer und Privatbalkon, mit allen modernen Komfort und Kochnischen mit voller Ausstattung. Unser privater Garten ist der gro\u00dfe Vorteil unserer Ferienwohnungen. Unser Garten, speziell gestaltet f\u00fcr den Komfort und den Genuss unserer G\u00e4ste, ist eine wahre Oase w\u00e4hrend den warmen Tagesstunden. Es gibt eine Grillecke f\u00fcr unsere Kunden, wo sie ihr eigenes beleibtes Abendessen zubereiten und ihren Abend in der privaten Atmosph\u00e4re in unserem magischen Garten genie\u00dfen k\u00f6nnen, indem sie auf diese Weise Ihren idyllischen Urlaubs in den Oasis-Appartements erg\u00e4nzen. OASIS als Familienhotel vergisst nicht unsere jungen G\u00e4ste und wir sind an ihre Bed\u00fcrfnisse angepasst. Ihre Kinder k\u00f6nnen ihr Bad in den kristallklaren flachen Gew\u00e4ssern des Argolischen Golfes genie\u00dfen und sich w\u00e4hrend ihres Aufenthaltes auf unserem privaten Spielplatz mit Schaukeln und Rutsche im Gras austoben.<\/p>\n<p style=\"text-align: left;\">Wenn Sie f\u00fcr Ihren Aufenthalt die Oasis-Appartements w\u00e4hlen, entscheiden Sie sich f\u00fcr einen ruhigen Familienurlaub in einer gr\u00fcnen Landschaft in der N\u00e4he des Strandes und f\u00fcr das unvergessliche Abenteuer, das Ihnen Peloponnes bietet. Tolo ist ein idealer Ausgangspunkt f\u00fcr Ausfl\u00fcge zu den ber\u00fchmten arch\u00e4ologischen St\u00e4tten in der N\u00e4he: Mykene, Epidaurus, Korinth, Tiryns, Argos, Sparta und die sch\u00f6ne Stadt Nafplion. All dies zusammen mit den g\u00fcnstigen Preisen machen die Oasis-Appartements die bessere Wahl f\u00fcr G\u00e4ste, die hohe Erwartungen von ihrer Unterkunft haben und Entspannung mit der Familie und einfachen Zugang zu touristischen und historischen Orten suchen. Wir freuen uns auf Sie!<\/p>\n<p>[\/vc_column_text][\/vc_column][\/vc_row][vc_row css_animation=&#8221;&#8221; row_type=&#8221;row&#8221; use_row_as_full_screen_section=&#8221;no&#8221; type=&#8221;full_width&#8221; angled_section=&#8221;no&#8221; text_align=&#8221;left&#8221; background_image_as_pattern=&#8221;without_pattern&#8221;][vc_column][vc_row_inner row_type=&#8221;row&#8221; type=&#8221;full_width&#8221; text_align=&#8221;left&#8221; css_animation=&#8221;&#8221;][vc_column_inner width=&#8221;1\/4&#8243;][vc_single_image image=&#8221;2588&#8243; img_size=&#8221;large&#8221; qode_css_animation=&#8221;&#8221;][\/vc_column_inner][vc_column_inner width=&#8221;1\/4&#8243;][vc_single_image image=&#8221;2578&#8243; img_size=&#8221;large&#8221; qode_css_animation=&#8221;&#8221;][\/vc_column_inner][vc_column_inner width=&#8221;1\/4&#8243;][vc_single_image image=&#8221;2591&#8243; img_size=&#8221;large&#8221; qode_css_animation=&#8221;&#8221;][\/vc_column_inner][vc_column_inner width=&#8221;1\/4&#8243;][vc_single_image image=&#8221;2565&#8243; img_size=&#8221;large&#8221; qode_css_animation=&#8221;&#8221;][\/vc_column_inner][\/vc_row_inner][\/vc_column][\/vc_row][vc_row css_animation=&#8221;&#8221; row_type=&#8221;row&#8221; use_row_as_full_screen_section=&#8221;no&#8221; type=&#8221;full_width&#8221; angled_section=&#8221;no&#8221; text_align=&#8221;center&#8221; background_image_as_pattern=&#8221;without_pattern&#8221; css=&#8221;.vc_custom_1468932802545{padding-top: 108px !important;padding-bottom: 140px !important;}&#8221;][vc_column offset=&#8221;vc_col-lg-offset-2 vc_col-lg-8 vc_col-md-offset-1 vc_col-md-10&#8243;][vc_column_text]<\/p>\n<h4 style=\"text-align: center;\">SEHE SIE DAS VIDEO DER OASIS-APPARTEMENTS<\/h4>\n<p>[\/vc_column_text][vc_empty_space][vc_video link=&#8221;https:\/\/youtu.be\/cbRSijposJM&#8221; el_width=&#8221;60&#8243; align=&#8221;center&#8221;][vc_empty_space][vc_column_text]<\/p>\n<p style=\"text-align: left;\">Hallo, mein Name ist Michalina und aus Touristin bin ich Hotelierin geworden. Mein Leben ist das Management dieses kleinen niedlichen Familienhotels am Strand des Argolischen Golfes. Gleichzeitig bin ich Mutter von zwei h\u00fcbschen kleinen \u201eHobits\u201c und verheiratet mit einem Landsmann aus Griechenland. Ich habe emotionale Beziehungen zu meiner Heimat, Polen, befinde mich legal in Griechenland und liebe die griechische Geschichte, Musik und traditionelle T\u00e4nze.<\/p>\n<p style=\"text-align: left;\">Ich bin bereit ihren Urlaub in Griechenland in eine unterhaltsame und hinrei\u00dfende Erfahrung umzuwandeln. Fragen Sie mich nur! Leider kann ich nicht singen noch Musik spielen: jedoch kann ich Ihnen mit Sicherheit helfen Ihren Urlaub auf Peloponnes zu planen und Ihnen angenehme und h\u00e4usliche Ferienappartements anbieten.<\/p>\n<p style=\"text-align: left;\">Genug jedoch \u00fcber mich \u2013 gehen wir zu Ihnen \u00fcber. Egal ob Sie Unternehmer oder Angestellter, Mutter, die Ihre Kinder erzieht oder Unternehmerin, die t\u00e4glich hohe Abs\u00e4tze tr\u00e4gt und immer am Computer ist, egal ob Sie Student, Friseur oder Fahrer sind \u2013 auch Sie m\u00fcssen Urlaub machen, sich von ihren t\u00e4glichen Aufgaben ausruhen und entspannen.<\/p>\n<p style=\"text-align: left;\">Wir bieten Ihnen viel mehr als einen einfachen Aufenthalt an &#8230;.<\/p>\n<p>[\/vc_column_text][vc_empty_space height=&#8221;30px&#8221;][\/vc_column][\/vc_row][vc_row css_animation=&#8221;&#8221; row_type=&#8221;row&#8221; use_row_as_full_screen_section=&#8221;no&#8221; type=&#8221;full_width&#8221; angled_section=&#8221;no&#8221; text_align=&#8221;left&#8221; background_image_as_pattern=&#8221;without_pattern&#8221;][vc_column]<div class=\"call_to_action normal\" style=\"background-color: rgba(167,98,98,0.88);\"><div class=\"container_inner\"><div class=\"two_columns_75_25 clearfix\"><div class=\"text_wrapper column1\"><div class=\"call_to_action_text \" style=\"\"><\/p>\n<h3><span style=\"color: #ffffff;\">\u00dcBERNACHTEN SIE IN OASIS-APPARTEMENTS IN TOLO VON ARGOLIS<\/span><\/h3>\n<p><\/div><\/div><div class=\"button_wrapper column2\"><a itemprop=\"url\" href=\"https:\/\/oasisapatmentstolo.reserve-online.net\/\" class=\"qbutton white \" target=\"_self\" style=\"color: #000000;border-color: #000000;\"data-hover-border-color=#ffffff data-hover-color=#a2a2a2>BUCHEN SIE JETZT<\/a><\/div><\/div><\/div><\/div>[\/vc_column][\/vc_row]<\/p>\n","protected":false},"excerpt":{"rendered":"<p>[vc_row css_animation=&#8221;&#8221; row_type=&#8221;row&#8221; use_row_as_full_screen_section=&#8221;no&#8221; type=&#8221;full_width&#8221; angled_section=&#8221;no&#8221; text_align=&#8221;left&#8221; background_image_as_pattern=&#8221;without_pattern&#8221;][vc_column][vc_empty_space][\/vc_column][\/vc_row][vc_row css_animation=&#8221;&#8221; row_type=&#8221;row&#8221; use_row_as_full_screen_section=&#8221;no&#8221; type=&#8221;full_width&#8221; angled_section=&#8221;no&#8221; text_align=&#8221;left&#8221; background_image_as_pattern=&#8221;without_pattern&#8221;][vc_column][vc_column_text] OASIS APPARTEMENTS [\/vc_column_text][vc_separator type=&#8221;small&#8221; position=&#8221;center&#8221; up=&#8221;7&#8243; down=&#8221;38&#8243;][vc_column_text] Die Oasis-Appartements befinden sich im beliebten K\u00fcstenferienort Tolo, kombinieren alle modernen Ausstattungen mit der warmen Gastfreundschaft und garantieren Ihnen Ruhe und Entspannung. [\/vc_column_text][vc_empty_space][vc_row_inner&#8230;<\/p>\n","protected":false},"author":1,"featured_media":0,"parent":0,"menu_order":55,"comment_status":"closed","ping_status":"closed","template":"full_width.php","meta":[],"yoast_head":"<!-- This site is optimized with the Yoast SEO plugin v15.2.1 - https:\/\/yoast.com\/wordpress\/plugins\/seo\/ -->\n<meta name=\"robots\" content=\"index, follow, max-snippet:-1, max-image-preview:large, max-video-preview:-1\" \/>\n<link rel=\"canonical\" href=\"https:\/\/oasis-apartments.gr\/de\/about-php\/\" \/>\n<meta property=\"og:locale\" content=\"de_DE\" \/>\n<meta property=\"og:type\" content=\"article\" \/>\n<meta property=\"og:title\" content=\"UNSERE PHILOSOPHIE - Oasis Apartments | Tolo Argolis\" \/>\n<meta property=\"og:description\" content=\"[vc_row css_animation=&#8221;&#8221; row_type=&#8221;row&#8221; use_row_as_full_screen_section=&#8221;no&#8221; type=&#8221;full_width&#8221; angled_section=&#8221;no&#8221; text_align=&#8221;left&#8221; background_image_as_pattern=&#8221;without_pattern&#8221;][vc_column][vc_empty_space][\/vc_column][\/vc_row][vc_row css_animation=&#8221;&#8221; row_type=&#8221;row&#8221; use_row_as_full_screen_section=&#8221;no&#8221; type=&#8221;full_width&#8221; angled_section=&#8221;no&#8221; text_align=&#8221;left&#8221; background_image_as_pattern=&#8221;without_pattern&#8221;][vc_column][vc_column_text] OASIS APPARTEMENTS [\/vc_column_text][vc_separator type=&#8221;small&#8221; position=&#8221;center&#8221; up=&#8221;7&#8243; down=&#8221;38&#8243;][vc_column_text] Die Oasis-Appartements befinden sich im beliebten K\u00fcstenferienort Tolo, kombinieren alle modernen Ausstattungen mit der warmen Gastfreundschaft und garantieren Ihnen Ruhe und Entspannung. [\/vc_column_text][vc_empty_space][vc_row_inner...\" \/>\n<meta property=\"og:url\" content=\"https:\/\/oasis-apartments.gr\/de\/about-php\/\" \/>\n<meta property=\"og:site_name\" content=\"Oasis Apartments | Tolo Argolis\" \/>\n<meta property=\"article:modified_time\" content=\"2023-05-22T13:45:22+00:00\" \/>\n<meta name=\"twitter:card\" content=\"summary\" \/>\n<meta name=\"twitter:label1\" content=\"Written by\">\n\t<meta name=\"twitter:data1\" content=\"gkoutsopoulos\">\n\t<meta name=\"twitter:label2\" content=\"Est. reading time\">\n\t<meta name=\"twitter:data2\" content=\"5\u00a0Minuten\">\n<script type=\"application\/ld+json\" class=\"yoast-schema-graph\">{\"@context\":\"https:\/\/schema.org\",\"@graph\":[{\"@type\":\"WebSite\",\"@id\":\"https:\/\/oasis-apartments.gr\/en\/#website\",\"url\":\"https:\/\/oasis-apartments.gr\/en\/\",\"name\":\"Oasis Apartments | Tolo Argolis\",\"description\":\"Seaside resort in Tolo, Nafplion Greece\",\"potentialAction\":[{\"@type\":\"SearchAction\",\"target\":\"https:\/\/oasis-apartments.gr\/en\/?s={search_term_string}\",\"query-input\":\"required name=search_term_string\"}],\"inLanguage\":\"de\"},{\"@type\":\"WebPage\",\"@id\":\"https:\/\/oasis-apartments.gr\/de\/about-php\/#webpage\",\"url\":\"https:\/\/oasis-apartments.gr\/de\/about-php\/\",\"name\":\"UNSERE PHILOSOPHIE - Oasis Apartments | Tolo Argolis\",\"isPartOf\":{\"@id\":\"https:\/\/oasis-apartments.gr\/en\/#website\"},\"datePublished\":\"2016-07-19T09:48:44+00:00\",\"dateModified\":\"2023-05-22T13:45:22+00:00\",\"inLanguage\":\"de\",\"potentialAction\":[{\"@type\":\"ReadAction\",\"target\":[\"https:\/\/oasis-apartments.gr\/de\/about-php\/\"]}]}]}<\/script>\n<!-- \/ Yoast SEO plugin. -->","_links":{"self":[{"href":"https:\/\/oasis-apartments.gr\/de\/wp-json\/wp\/v2\/pages\/1167"}],"collection":[{"href":"https:\/\/oasis-apartments.gr\/de\/wp-json\/wp\/v2\/pages"}],"about":[{"href":"https:\/\/oasis-apartments.gr\/de\/wp-json\/wp\/v2\/types\/page"}],"author":[{"embeddable":true,"href":"https:\/\/oasis-apartments.gr\/de\/wp-json\/wp\/v2\/users\/1"}],"replies":[{"embeddable":true,"href":"https:\/\/oasis-apartments.gr\/de\/wp-json\/wp\/v2\/comments?post=1167"}],"version-history":[{"count":2,"href":"https:\/\/oasis-apartments.gr\/de\/wp-json\/wp\/v2\/pages\/1167\/revisions"}],"predecessor-version":[{"id":2648,"href":"https:\/\/oasis-apartments.gr\/de\/wp-json\/wp\/v2\/pages\/1167\/revisions\/2648"}],"wp:attachment":[{"href":"https:\/\/oasis-apartments.gr\/de\/wp-json\/wp\/v2\/media?parent=1167"}],"curies":[{"name":"wp","href":"https:\/\/api.w.org\/{rel}","templated":true}]}}