
{"id":1155,"date":"2016-07-19T07:41:58","date_gmt":"2016-07-19T07:41:58","guid":{"rendered":"http:\/\/oasis-apartments.gr\/home\/"},"modified":"2023-05-22T15:51:06","modified_gmt":"2023-05-22T12:51:06","slug":"home","status":"publish","type":"page","link":"https:\/\/oasis-apartments.gr\/de\/","title":{"rendered":"Home"},"content":{"rendered":"<p>[vc_row css_animation=&#8221;&#8221; row_type=&#8221;row&#8221; use_row_as_full_screen_section=&#8221;no&#8221; type=&#8221;full_width&#8221; angled_section=&#8221;no&#8221; text_align=&#8221;left&#8221; background_image_as_pattern=&#8221;without_pattern&#8221;][vc_column][rev_slider_vc alias=&#8221;slider-de&#8221;][\/vc_column][\/vc_row][vc_row css_animation=&#8221;&#8221; row_type=&#8221;row&#8221; use_row_as_full_screen_section=&#8221;no&#8221; type=&#8221;full_width&#8221; angled_section=&#8221;no&#8221; text_align=&#8221;left&#8221; background_image_as_pattern=&#8221;without_pattern&#8221; css=&#8221;.vc_custom_1488815223177{margin-right: 97px !important;margin-left: 97px !important;}&#8221;][vc_column][vc_empty_space][vc_column_text]<\/p>\n<h3 style=\"text-align: center;\">Herzlich willkommen bei Oasis Apartment in Tolo<\/h3>\n<p>[\/vc_column_text][vc_empty_space height=&#8221;38px&#8221;][\/vc_column][\/vc_row][vc_row css_animation=&#8221;&#8221; row_type=&#8221;row&#8221; use_row_as_full_screen_section=&#8221;no&#8221; type=&#8221;grid&#8221; angled_section=&#8221;no&#8221; text_align=&#8221;left&#8221; background_image_as_pattern=&#8221;without_pattern&#8221; css=&#8221;.vc_custom_1468916434502{padding-bottom: 65px !important;}&#8221;][vc_column offset=&#8221;vc_col-lg-4 vc_col-md-4&#8243;][vc_single_image image=&#8221;2195&#8243; img_size=&#8221;full&#8221; qode_css_animation=&#8221;&#8221;][vc_empty_space height=&#8221;38px&#8221;][vc_column_text]<\/p>\n<h4>Appartements<\/h4>\n<p>[\/vc_column_text][vc_empty_space height=&#8221;19px&#8221;][vc_column_text]Die OASIS-Apartments befinden sich nur 200 m vom Strand von Tolo entfernt, im Herzen des Dorfes. Dank seiner Lage genie\u00dfen unsere G\u00e4ste die entspannende Atmosph\u00e4re.[\/vc_column_text][vc_empty_space height=&#8221;19px&#8221;]<a  itemprop=\"url\" href=\"http:\/\/oasis-apartments.gr\/de\/apartments-php\/\" target=\"_self\"  class=\"qbutton  default\" style=\"\">MEHR<\/a>[vc_empty_space height=&#8221;65px&#8221;][\/vc_column][vc_column offset=&#8221;vc_col-lg-4 vc_col-md-4&#8243;][vc_single_image image=&#8221;145&#8243; img_size=&#8221;full&#8221; qode_css_animation=&#8221;&#8221;][vc_empty_space height=&#8221;38px&#8221;][vc_column_text]<\/p>\n<h4>Angebote<\/h4>\n<p>[\/vc_column_text][vc_empty_space height=&#8221;19px&#8221;][vc_column_text]Buchen Sie eines unserer Zimmer. Nutzen Sie unsere Spezialangebote. Genie\u00dfen Sie Ihren Urlaub im sch\u00f6nen Tolo von Argolis zu g\u00fcnstigen Preisen und erholen Sie sich.[\/vc_column_text][vc_empty_space height=&#8221;19px&#8221;]<a  itemprop=\"url\" href=\"http:\/\/oasis-apartments.gr\/de\/offers-php\/\" target=\"_self\"  class=\"qbutton  default\" style=\"\">MEHR<\/a>[vc_empty_space height=&#8221;65px&#8221;][\/vc_column][vc_column offset=&#8221;vc_col-lg-4 vc_col-md-4&#8243;][vc_single_image image=&#8221;882&#8243; img_size=&#8221;full&#8221; qode_css_animation=&#8221;&#8221;][vc_empty_space height=&#8221;38px&#8221;][vc_column_text]<\/p>\n<h4>Aktivit\u00e4ten<\/h4>\n<p>[\/vc_column_text][vc_empty_space height=&#8221;19px&#8221;][vc_column_text]Lieben Sie das warme Meer, den Sandstrand, die malerischen Landschaften und das Gebirge, die sch\u00f6nen und malerischen H\u00e4fen? Dann ist Tolo das ideale Reiseziel f\u00fcr Sie.[\/vc_column_text][vc_empty_space height=&#8221;19px&#8221;]<a  itemprop=\"url\" href=\"http:\/\/oasis-apartments.gr\/de\/experiences\/\" target=\"_self\"  class=\"qbutton  default\" style=\"\">MEHR<\/a>[vc_empty_space height=&#8221;65px&#8221;][\/vc_column][\/vc_row][vc_row row_type=&#8221;parallax&#8221; parallax_content_width=&#8221;in_grid&#8221; text_align=&#8221;center&#8221; background_image=&#8221;884&#8243; full_screen_section_height=&#8221;no&#8221;][vc_column css=&#8221;.vc_custom_1468925562913{padding-top: 118px !important;padding-bottom: 112px !important;}&#8221;][vc_column_text]<\/p>\n<h2>Kommentare unserer G\u00e4ste<\/h2>\n<p>[\/vc_column_text][vc_empty_space height=&#8221;78px&#8221;]<div class='testimonials_holder clearfix dark'><div class=\"testimonials testimonials_carousel\" data-show-navigation=\"yes\" data-animation-type=\"slide\" data-animation-speed=\"\" data-auto-rotate-slides=\"5\" data-number-per-slide=\"3\"><ul class=\"slides\"><li id=\"testimonials1161\" class=\"testimonial_content\"><div class=\"testimonial_content_inner\"><div class=\"testimonial_image_holder\"><img itemprop=\"image\" src=\"\" \/><\/div><div class=\"testimonial_text_holder\"><div class=\"testimonial_text_inner\" style=\"color: #292929;\"><p style='font-size:14px;color:#292929;'>Wundersch\u00f6ne Zimmer, sauber, sehr preiswert. Michalina ist besonders hilfsbereit und freundlich. Direkt neben dem Strand und im Ortszentrum. Ich empfehle es Ihnen w\u00e4rmstens. Es ist das zweite Mal hier f\u00fcr mich. Ideal f\u00fcr Familien.<\/p><p class=\"testimonial_author\" style=\"color: #292929;font-weight: 500;color: #303030;font-size: 18px;\">facaros<\/p><\/div><\/div><\/div><\/li><li id=\"testimonials1160\" class=\"testimonial_content\"><div class=\"testimonial_content_inner\"><div class=\"testimonial_image_holder\"><img itemprop=\"image\" src=\"\" \/><\/div><div class=\"testimonial_text_holder\"><div class=\"testimonial_text_inner\" style=\"color: #292929;\"><p style='font-size:14px;color:#292929;'>Appartements w\u00e4rmstens. Sehr nah zum Strand, mit kristallklarem Wasser. Die Besitzer sind sehr freundlich und hilfsbereit und es gibt viele gute Restaurants in der Region. Die Appartements sind sauber und recht gro\u00df. Die herrliche Stadt von Nafplio ist sehr nah, sowie die viele arch\u00e4ologische St\u00e4tten.<\/p><p class=\"testimonial_author\" style=\"color: #292929;font-weight: 500;color: #303030;font-size: 18px;\">Martijn B<\/p><\/div><\/div><\/div><\/li><li id=\"testimonials1162\" class=\"testimonial_content\"><div class=\"testimonial_content_inner\"><div class=\"testimonial_image_holder\"><img itemprop=\"image\" src=\"\" \/><\/div><div class=\"testimonial_text_holder\"><div class=\"testimonial_text_inner\" style=\"color: #292929;\"><p style='font-size:14px;color:#292929;'>Obwohl wir zum letzten Moment buchten und ein Baby dabei hatten, war alles wie erwartet und wie in den Bildern abgebildet. Besitzer sehr h\u00f6flich und hilfsbereit. Wir empfehlen es w\u00e4rmstens. Es gab sogar ein Babybett.<\/p><p class=\"testimonial_author\" style=\"color: #292929;font-weight: 500;color: #303030;font-size: 18px;\">Dhmhtrios<\/p><\/div><\/div><\/div><\/li><\/ul><\/div><\/div>[\/vc_column][\/vc_row][vc_row css_animation=&#8221;&#8221; row_type=&#8221;row&#8221; use_row_as_full_screen_section=&#8221;no&#8221; type=&#8221;grid&#8221; angled_section=&#8221;no&#8221; text_align=&#8221;center&#8221; background_image_as_pattern=&#8221;without_pattern&#8221; css=&#8221;.vc_custom_1468918372956{padding-top: 100px !important;padding-bottom: 125px !important;}&#8221;][vc_column][qode_elements_holder number_of_columns=&#8221;two_columns&#8221;][qode_elements_holder_item vertical_alignment=&#8221;middle&#8221; advanced_animations=&#8221;no&#8221; item_padding_600_768=&#8221;0 0 70px 0&#8243; item_padding_480_600=&#8221;0 0 70px 0&#8243; item_padding_480=&#8221;0 0 70px 0&#8243;][vc_empty_space height=&#8221;19px&#8221;][vc_single_image image=&#8221;2603&#8243; img_size=&#8221;large&#8221; qode_css_animation=&#8221;&#8221;][\/qode_elements_holder_item][qode_elements_holder_item item_padding=&#8221;0 5%&#8221; vertical_alignment=&#8221;middle&#8221; advanced_animations=&#8221;no&#8221; item_padding_1024_1280=&#8221;0 0 0 0&#8243; item_padding_768_1024=&#8221;0 0 0 0&#8243; item_padding_600_768=&#8221;0 0 0 0&#8243; item_padding_480_600=&#8221;0 0 0 0&#8243; item_padding_480=&#8221;0 0 0 0&#8243;][vc_column_text]<\/p>\n<h2>Familienurlaub in Tolo<\/h2>\n<p>[\/vc_column_text][vc_empty_space height=&#8221;46px&#8221;][vc_column_text]OASIS als Familienhotel vergisst nicht seine kleinen Besucher. Ihre Sorge ist unser Grundprinzip. Ihre Kinder k\u00f6nnen ihr Bad im flachen kristallklaren Wasser der Bucht von Argolis genie\u00dfen und Spa\u00df auf unserem privaten Spielplatz mit den Schaukeln und der Rutschbahn im Garten haben. Wenn Sie die Oasis-Appartements f\u00fcr Ihren Urlaub w\u00e4hlen, dann entscheiden Sie sich f\u00fcr einen ruhigen Familienurlaub in einer gr\u00fcnen Umgebung in der N\u00e4he des Strandes und f\u00fcr das unvergessliche Abenteuer von Peloponnes.[\/vc_column_text][vc_empty_space height=&#8221;49px&#8221;]<a  itemprop=\"url\" href=\"https:\/\/oasisapatmentstolo.reserve-online.net\/\" target=\"_self\"  class=\"qbutton  default\" style=\"\">BUCHEN SIE JETZT<\/a>[\/qode_elements_holder_item][\/qode_elements_holder][\/vc_column][\/vc_row][vc_row css_animation=&#8221;&#8221; row_type=&#8221;row&#8221; use_row_as_full_screen_section=&#8221;no&#8221; type=&#8221;full_width&#8221; angled_section=&#8221;no&#8221; text_align=&#8221;left&#8221; background_image_as_pattern=&#8221;without_pattern&#8221;][vc_column width=&#8221;1\/4&#8243;][vc_single_image image=&#8221;1508&#8243; img_size=&#8221;full&#8221; alignment=&#8221;center&#8221; onclick=&#8221;custom_link&#8221; qode_css_animation=&#8221;&#8221; link=&#8221;https:\/\/www.tripadvisor.com.gr\/Hotel_Review-g1007321-d1733968-Reviews-Oasis_Apartments-Tolon_Argolis_Region_Peloponnese.html&#8221;][\/vc_column][vc_column width=&#8221;1\/4&#8243;][vc_single_image image=&#8221;1511&#8243; img_size=&#8221;full&#8221; alignment=&#8221;center&#8221; onclick=&#8221;custom_link&#8221; qode_css_animation=&#8221;&#8221; link=&#8221;https:\/\/oasisapatmentstolo.reserve-online.net\/&#8221;][\/vc_column][vc_column width=&#8221;1\/4&#8243;][vc_single_image image=&#8221;1510&#8243; img_size=&#8221;full&#8221; alignment=&#8221;center&#8221; onclick=&#8221;custom_link&#8221; qode_css_animation=&#8221;&#8221; link=&#8221;#&#8221;][\/vc_column][vc_column width=&#8221;1\/4&#8243;][vc_single_image image=&#8221;1509&#8243; img_size=&#8221;full&#8221; alignment=&#8221;center&#8221; onclick=&#8221;custom_link&#8221; qode_css_animation=&#8221;&#8221; link=&#8221;http:\/\/clickargolis.guide\/&#8221;][\/vc_column][\/vc_row][vc_row css_animation=&#8221;&#8221; row_type=&#8221;row&#8221; use_row_as_full_screen_section=&#8221;no&#8221; type=&#8221;full_width&#8221; angled_section=&#8221;no&#8221; text_align=&#8221;left&#8221; background_image_as_pattern=&#8221;without_pattern&#8221;][vc_column][vc_gmaps link=&#8221;#E-8_JTNDaWZyYW1lJTIwc3JjJTNEJTIyaHR0cHMlM0ElMkYlMkZ3d3cuZ29vZ2xlLmNvbSUyRm1hcHMlMkZlbWJlZCUzRnBiJTNEJTIxMW0xOCUyMTFtMTIlMjExbTMlMjExZDMxNjQuNDU2Nzg1ODg3MjAzMyUyMTJkMjIuODU0NzY0MzE1NTM1ODUzJTIxM2QzNy41MjA3MjgyMzQ1MDc1NyUyMTJtMyUyMTFmMCUyMTJmMCUyMTNmMCUyMTNtMiUyMTFpMTAyNCUyMTJpNzY4JTIxNGYxMy4xJTIxM20zJTIxMW0yJTIxMXMweDE0OWZlZTMyYTVjOWM1ZmQlMjUzQTB4YmE3MTEzNDZhNmY4OGEwNCUyMTJzT2FzaXMlMkJBcGFydG1lbnRzJTJCJTI1MjYlMkJTdHVkaW9zJTIxNWUwJTIxM20yJTIxMXNlbCUyMTJzZ3IlMjE0djE0NzIwMzY3MzQyMDYlMjIlMjB3aWR0aCUzRCUyMjYwMCUyMiUyMGhlaWdodCUzRCUyMjQ1MCUyMiUyMGZyYW1lYm9yZGVyJTNEJTIyMCUyMiUyMHN0eWxlJTNEJTIyYm9yZGVyJTNBMCUyMiUyMGFsbG93ZnVsbHNjcmVlbiUzRSUzQyUyRmlmcmFtZSUzRQ==&#8221;][\/vc_column][\/vc_row][vc_row css_animation=&#8221;&#8221; row_type=&#8221;row&#8221; use_row_as_full_screen_section=&#8221;no&#8221; type=&#8221;full_width&#8221; angled_section=&#8221;no&#8221; text_align=&#8221;left&#8221; background_image_as_pattern=&#8221;without_pattern&#8221;][vc_column]<div class=\"call_to_action normal\" style=\"background-color: rgba(167,98,98,0.88);\"><div class=\"container_inner\"><div class=\"two_columns_75_25 clearfix\"><div class=\"text_wrapper column1\"><div class=\"call_to_action_text \" style=\"\"><\/p>\n<h3><span style=\"color: #ffffff;\">\u00dcBERNACHTEN SIE IN OASIS-APPARTEMENTS IN TOLO VON ARGOLIS<\/span><\/h3>\n<p><\/div><\/div><div class=\"button_wrapper column2\"><a itemprop=\"url\" href=\"https:\/\/oasisapatmentstolo.reserve-online.net\/\" class=\"qbutton white \" target=\"_self\" style=\"color: #000000;border-color: #000000;\"data-hover-border-color=#ffffff data-hover-color=#a2a2a2>BUCHEN SIE JETZT<\/a><\/div><\/div><\/div><\/div>[\/vc_column][\/vc_row]<\/p>\n","protected":false},"excerpt":{"rendered":"<p>[vc_row css_animation=&#8221;&#8221; row_type=&#8221;row&#8221; use_row_as_full_screen_section=&#8221;no&#8221; type=&#8221;full_width&#8221; angled_section=&#8221;no&#8221; text_align=&#8221;left&#8221; background_image_as_pattern=&#8221;without_pattern&#8221;][vc_column][rev_slider_vc alias=&#8221;slider-de&#8221;][\/vc_column][\/vc_row][vc_row css_animation=&#8221;&#8221; row_type=&#8221;row&#8221; use_row_as_full_screen_section=&#8221;no&#8221; type=&#8221;full_width&#8221; angled_section=&#8221;no&#8221; text_align=&#8221;left&#8221; background_image_as_pattern=&#8221;without_pattern&#8221; css=&#8221;.vc_custom_1488815223177{margin-right: 97px !important;margin-left: 97px !important;}&#8221;][vc_column][vc_empty_space][vc_column_text] Herzlich willkommen bei Oasis Apartment in Tolo [\/vc_column_text][vc_empty_space height=&#8221;38px&#8221;][\/vc_column][\/vc_row][vc_row css_animation=&#8221;&#8221; row_type=&#8221;row&#8221; use_row_as_full_screen_section=&#8221;no&#8221; type=&#8221;grid&#8221; angled_section=&#8221;no&#8221; text_align=&#8221;left&#8221; background_image_as_pattern=&#8221;without_pattern&#8221; css=&#8221;.vc_custom_1468916434502{padding-bottom: 65px !important;}&#8221;][vc_column offset=&#8221;vc_col-lg-4 vc_col-md-4&#8243;][vc_single_image image=&#8221;2195&#8243; img_size=&#8221;full&#8221; qode_css_animation=&#8221;&#8221;][vc_empty_space&#8230;<\/p>\n","protected":false},"author":1,"featured_media":0,"parent":0,"menu_order":30,"comment_status":"closed","ping_status":"closed","template":"full_width.php","meta":[],"yoast_head":"<!-- This site is optimized with the Yoast SEO plugin v15.2.1 - https:\/\/yoast.com\/wordpress\/plugins\/seo\/ -->\n<meta name=\"description\" content=\"Herzlich willkommen bei Oasis Apartment in Tolo. Die OASIS-Apartments befinden sich nur 200 m vom Strand von Tolo entfernt, im Herzen des Dorfes.\" \/>\n<meta name=\"robots\" content=\"index, follow, max-snippet:-1, max-image-preview:large, max-video-preview:-1\" \/>\n<link rel=\"canonical\" href=\"https:\/\/oasis-apartments.gr\/de\/\" \/>\n<meta property=\"og:locale\" content=\"de_DE\" \/>\n<meta property=\"og:type\" content=\"article\" \/>\n<meta property=\"og:title\" content=\"Home - Oasis Apartment in Tolo Argolis | Family hotel in Tolo Greece\" \/>\n<meta property=\"og:description\" content=\"Herzlich willkommen bei Oasis Apartment in Tolo. Die OASIS-Apartments befinden sich nur 200 m vom Strand von Tolo entfernt, im Herzen des Dorfes.\" \/>\n<meta property=\"og:url\" content=\"https:\/\/oasis-apartments.gr\/de\/\" \/>\n<meta property=\"og:site_name\" content=\"Oasis Apartments | Tolo Argolis\" \/>\n<meta property=\"article:modified_time\" content=\"2023-05-22T12:51:06+00:00\" \/>\n<meta name=\"twitter:card\" content=\"summary\" \/>\n<meta name=\"twitter:label1\" content=\"Written by\">\n\t<meta name=\"twitter:data1\" content=\"gkoutsopoulos\">\n\t<meta name=\"twitter:label2\" content=\"Est. reading time\">\n\t<meta name=\"twitter:data2\" content=\"4\u00a0Minuten\">\n<script type=\"application\/ld+json\" class=\"yoast-schema-graph\">{\"@context\":\"https:\/\/schema.org\",\"@graph\":[{\"@type\":\"WebSite\",\"@id\":\"https:\/\/oasis-apartments.gr\/en\/#website\",\"url\":\"https:\/\/oasis-apartments.gr\/en\/\",\"name\":\"Oasis Apartments | Tolo Argolis\",\"description\":\"Seaside resort in Tolo, Nafplion Greece\",\"potentialAction\":[{\"@type\":\"SearchAction\",\"target\":\"https:\/\/oasis-apartments.gr\/en\/?s={search_term_string}\",\"query-input\":\"required name=search_term_string\"}],\"inLanguage\":\"de\"},{\"@type\":\"WebPage\",\"@id\":\"https:\/\/oasis-apartments.gr\/de\/#webpage\",\"url\":\"https:\/\/oasis-apartments.gr\/de\/\",\"name\":\"Home - Oasis Apartment in Tolo Argolis | Family hotel in Tolo Greece\",\"isPartOf\":{\"@id\":\"https:\/\/oasis-apartments.gr\/en\/#website\"},\"datePublished\":\"2016-07-19T07:41:58+00:00\",\"dateModified\":\"2023-05-22T12:51:06+00:00\",\"description\":\"Herzlich willkommen bei Oasis Apartment in Tolo. Die OASIS-Apartments befinden sich nur 200 m vom Strand von Tolo entfernt, im Herzen des Dorfes.\",\"inLanguage\":\"de\",\"potentialAction\":[{\"@type\":\"ReadAction\",\"target\":[\"https:\/\/oasis-apartments.gr\/de\/\"]}]}]}<\/script>\n<!-- \/ Yoast SEO plugin. -->","_links":{"self":[{"href":"https:\/\/oasis-apartments.gr\/de\/wp-json\/wp\/v2\/pages\/1155"}],"collection":[{"href":"https:\/\/oasis-apartments.gr\/de\/wp-json\/wp\/v2\/pages"}],"about":[{"href":"https:\/\/oasis-apartments.gr\/de\/wp-json\/wp\/v2\/types\/page"}],"author":[{"embeddable":true,"href":"https:\/\/oasis-apartments.gr\/de\/wp-json\/wp\/v2\/users\/1"}],"replies":[{"embeddable":true,"href":"https:\/\/oasis-apartments.gr\/de\/wp-json\/wp\/v2\/comments?post=1155"}],"version-history":[{"count":4,"href":"https:\/\/oasis-apartments.gr\/de\/wp-json\/wp\/v2\/pages\/1155\/revisions"}],"predecessor-version":[{"id":2629,"href":"https:\/\/oasis-apartments.gr\/de\/wp-json\/wp\/v2\/pages\/1155\/revisions\/2629"}],"wp:attachment":[{"href":"https:\/\/oasis-apartments.gr\/de\/wp-json\/wp\/v2\/media?parent=1155"}],"curies":[{"name":"wp","href":"https:\/\/api.w.org\/{rel}","templated":true}]}}