
{"id":1128,"date":"2016-08-30T13:02:06","date_gmt":"2016-08-30T10:02:06","guid":{"rendered":"http:\/\/oasis-apartments.gr\/frequently-asked-questions\/"},"modified":"2020-06-16T14:52:13","modified_gmt":"2020-06-16T11:52:13","slug":"frequently-asked-questions","status":"publish","type":"page","link":"https:\/\/oasis-apartments.gr\/de\/frequently-asked-questions\/","title":{"rendered":"H\u00c4UFIGE KUNDENFRAGEN"},"content":{"rendered":"<p>[vc_row row_type=&#8221;row&#8221; use_row_as_full_screen_section=&#8221;no&#8221; type=&#8221;full_width&#8221; angled_section=&#8221;no&#8221; text_align=&#8221;left&#8221; background_image_as_pattern=&#8221;without_pattern&#8221; css_animation=&#8221;&#8221;][vc_column][vc_empty_space][vc_column_text]<\/p>\n<h2 style=\"text-align: center;\">H\u00c4UFIGE KUNDENFRAGEN<\/h2>\n<p>[\/vc_column_text][vc_separator type=&#8221;small&#8221; position=&#8221;center&#8221; up=&#8221;7&#8243; down=&#8221;38&#8243;][vc_row_inner row_type=&#8221;row&#8221; type=&#8221;full_width&#8221; text_align=&#8221;left&#8221; css_animation=&#8221;&#8221;][vc_column_inner width=&#8221;1\/6&#8243;][\/vc_column_inner][vc_column_inner width=&#8221;2\/3&#8243;][vc_column_text]<\/p>\n<h4 style=\"text-align: center;\">Das Personal der Oasis-Appartements ist immer bereit Ihnen Informationen zu geben!<\/h4>\n<p>[\/vc_column_text][\/vc_column_inner][vc_column_inner width=&#8221;1\/6&#8243;][\/vc_column_inner][\/vc_row_inner][\/vc_column][\/vc_row][vc_row row_type=&#8221;row&#8221; use_row_as_full_screen_section=&#8221;no&#8221; type=&#8221;full_width&#8221; angled_section=&#8221;no&#8221; text_align=&#8221;left&#8221; background_image_as_pattern=&#8221;without_pattern&#8221; css_animation=&#8221;&#8221;][vc_column width=&#8221;1\/6&#8243;][\/vc_column][vc_column width=&#8221;2\/3&#8243;][vc_empty_space height=&#8221;50px&#8221;][vc_empty_space height=&#8221;50px&#8221;][vc_accordion active_tab=&#8221;1&#8243; style=&#8221;accordion&#8221;][vc_accordion_tab title=&#8221;WIE WERDE ICH ZU DEN OASIS-APPARTEMENTS KOMMEN?&#8221;][vc_column_text]Die \u201eOASIS-Apartments\u201c sind nur 200 m vom Strand von Tolo entfernt, im Herzen des Dorfes. Dank seiner Lage genie\u00dfen unsere G\u00e4ste die entspannende Atmosph\u00e4re und den erstaunlichen Blick von Ihren Balkonen. Wenn Sie aus Athen kommen, nehmen Sie die Nationalstra\u00dfe Korinth \u2013 Tripolis und folgen Sie die Tabellen nach Nafplio. Vor Nafplio finden Sie Tabellen nach Tolo. Vor Tolo finden Sie unsere Tabellen, die sie von der Regionalstra\u00dfe direkt zu unserem Hotel bringen.<br \/>\nWenn Sie per Bus kommen, m\u00fcssen Sie den Bus von der Busstation von Kifisos (Athen) nach Nafplio nehmen (2,5 Stunden). Von Nafplio geht ein Bus jede Stunde nach Tolo.<br \/>\nEntfernung von Tolo (ungef\u00e4hr):<br \/>\n\u2022 Athen: 2 Stunden<br \/>\n\u2022 Patras: 2,5 Stunden<br \/>\n\u2022 Mykines: 30 Minuten<br \/>\n\u2022 Antikes Theater von Epidauros: 30 Minuten<br \/>\n\u2022 Korinth: 45 Minuten<br \/>\n\u2022 Olympia: 3 Stunden<br \/>\n\u2022 Nafplio: 10 Minuten<br \/>\n\u2022 Argos: 20 Minuten<br \/>\n\u2022 Ydra (per Boot): 3 Stunden<br \/>\n\u2022 Spetses (per Boot): 1,5 Stunden[\/vc_column_text][\/vc_accordion_tab][vc_accordion_tab title=&#8221;WIE SIEHT TOLO AUS?&#8221;][vc_column_text]Tolo ist ein touristische Fischerdorf in Argolis, 11 km von Nafplio und 159 km von Athen entfernt, gebaut entlang der K\u00fcste des Argolischen Golfes. Ein gro\u00dfer Wiederaufbau der Region geschah in den 60-ger und 70-ger Jahren, jedoch war dieser chaotisch und geschmacklos, wie jeder w\u00e4hrend dieser Periode. Dank seines Strandes (Psili Ammos) erlebt Tolo eine gro\u00dfe Tourismusentwicklung.[\/vc_column_text][\/vc_accordion_tab][vc_accordion_tab title=&#8221;WAS SOLLTE MAN W\u00c4HREND SEINES AUFENTHALTES IN TOLO UNBEDINGT SEHEN?&#8221;][vc_column_text]Strand, Sonne, Kinder, die im Sand spielen, Spazierg\u00e4nge am Nachmittag mit dem Eis in der Hand in Bouboulina und Sekeri&#8230;. Die Erinnerungen an die Ferien in Tolo, obwohl s\u00fc\u00df, haben immer das Aroma des Meeressalzes.<br \/>\nUnd dies nicht unberechtigt. Die Region bietet alles an, was sich jemand w\u00fcnschen kann. Traditionelle Gastfreundschaft (die wir alle suchen), nat\u00fcrliche Sch\u00f6nheit, ideale geographische Lage f\u00fcr Ausfl\u00fcge in die benachbarten arch\u00e4ologischen St\u00e4tte, und nat\u00fcrlich wundersch\u00f6nes kristallklares Meer!<br \/>\nUnd was Ihren Aufenthalt betrifft, hier finden sie eine Vielfalt von Hotels, Appartements und Zimmern. Und was geschieht mit dem Essen? Eine dumme Frage! Hier gibt es ebenfalls eine gro\u00dfe Vielfalt zum ausw\u00e4hlen (frischen Fisch, lokales Fleisch, Fast-Food) und diejenigen, die eine Nachtunterhaltung suchen, bleiben einfach hier in Tolo \u2013 denn die Caf\u00e9s und Bars von Tolo sind ber\u00fchmt.<br \/>\nVon Tolo aus k\u00f6nnen sie Asine, Epidauros, Tiryns, Mykene und Nafplio besuchen, w\u00e4hrend Kreuzfahrtschiffe sie nach Spetses, Ydra, Poros und Monemvasia bringen werden.<br \/>\n&#8211; Obwohl die moderne Geschichte von Tolo im Jahr 1830 mit der Schaffung der Gemeinde von Minoas beginnt, wird der Golf von Tolo bereits im Homer erw\u00e4hnt!<br \/>\n&#8211; Psili Ammos, der Strand von Tolo, ist einer der beliebtesten in Nafplio. Au\u00dfer seinem goldenen Sandstrand, kann man hier Wassersport treiben.<br \/>\n&#8211; Mit dem Boot kann man andere Str\u00e4nde, wie Plaka und Kondyli, besuchen.<br \/>\n[\/vc_column_text][\/vc_accordion_tab][vc_accordion_tab title=&#8221;WANN KANN ICH CHECK IN \/ CHECK OUT MACHEN?&#8221;][vc_column_text]Das check in geschieht zwischen 15:00\u00a0 Uhr und das check out bis 11:00 Uhr.<br \/>\n\u00dcbernachten Sie 3 aufeinander folgende Tage und wir gew\u00e4hren Die M\u00f6glichkeit eines late check-out bis zum Nachmittag (je nach Verf\u00fcgbarkeit).<\/p>\n<p>Entdecken Sie weitere Angebote![\/vc_column_text][\/vc_accordion_tab][vc_accordion_tab title=&#8221;WO KANN MAN SICH IN TOLO UNTERHALTEN?&#8221;][vc_column_text]Erkunden Sie die Region und probieren Sie die lokale K\u00fcche in den malerischen Tavernen oder genie\u00dfen Sie ein Drink in einem Bar. Sie k\u00f6nnen einfach hier in Tolo bleiben \u2013 die Caf\u00e9s und Bars von Tolo sind ber\u00fchmt.[\/vc_column_text][\/vc_accordion_tab][vc_accordion_tab title=&#8221;WELCHE AKTIVIT\u00c4TEN WERDEN IN DER REGION VON TOLO ANGEBOTEN?&#8221;][vc_column_text]Tolo, im Herzen von Argolis, Peloponnes, ist ideal f\u00fcr eine Vielzahl von Outdoor-Aktivit\u00e4ten. Spezialisierte Unternehmen mit Outdoor-Aktivit\u00e4ten warten auf Sie damit Sie ihren beliebten Sport oder Aktivit\u00e4t treiben.<\/p>\n<p>Entdecken Sie die Outdoor-Aktivit\u00e4ten in Tolo und genie\u00dfen Sie einen warmen oder kalten Kaffee an der K\u00fcste von Nafplio und wenn Sie noch nicht Fan von Winter- oder Sommeraktivit\u00e4ten sind, w\u00e4hlen Sie eine Schule von Tolo f\u00fcr:<br \/>\nKreuzfahrten<br \/>\nTauchen<br \/>\nWandern<br \/>\nReiten<br \/>\nRadfahren usw.<\/p>\n<p>Das Personal des Oasis-Hotels ist immer bereit Ihnen bei der Organisation der gew\u00fcnschten Aktivit\u00e4ten zu helfen.<\/p>\n<p>Sehen Sie die Aktivit\u00e4ten in Tolo!<br \/>\n[\/vc_column_text][\/vc_accordion_tab][vc_accordion_tab title=&#8221;SIND OASIS-APPARTEMENTS GEEIGNET F\u00dcR FAMILIEN?&#8221;][vc_column_text]OASIS als Familienhotel vergisst nicht unsere jungen G\u00e4ste und wir sind an ihre Bed\u00fcrfnisse angepasst. Ihre Kinder k\u00f6nnen ihr Bad in den kristallklaren flachen Gew\u00e4ssern des Argolischen Golfes genie\u00dfen und sich w\u00e4hrend ihres Aufenthaltes auf unserem privaten Spielplatz mit Schaukeln und Rutsche im Gras austoben. Wenn Sie f\u00fcr Ihren Aufenthalt die Oasis-Appartements w\u00e4hlen, entscheiden Sie sich f\u00fcr einen ruhigen Familienurlaub in einer gr\u00fcnen Landschaft in der N\u00e4he des Strandes und f\u00fcr das unvergessliche Abenteuer, das Ihnen Peloponnes bietet.<\/p>\n<p>Hier finden Sie ausf\u00fchrlich die Dienstleistungen unseres Hotels!<br \/>\n[\/vc_column_text][\/vc_accordion_tab][\/vc_accordion][\/vc_column][vc_column width=&#8221;1\/6&#8243;][\/vc_column][\/vc_row][vc_row row_type=&#8221;row&#8221; use_row_as_full_screen_section=&#8221;no&#8221; type=&#8221;full_width&#8221; angled_section=&#8221;no&#8221; text_align=&#8221;left&#8221; background_image_as_pattern=&#8221;without_pattern&#8221; css_animation=&#8221;&#8221;][vc_column][vc_empty_space]<div class=\"call_to_action normal\" style=\"background-color: rgba(167,98,98,0.88);\"><div class=\"container_inner\"><div class=\"two_columns_75_25 clearfix\"><div class=\"text_wrapper column1\"><div class=\"call_to_action_text \" style=\"\"><\/p>\n<h3><span style=\"color: #ffffff;\">\u00dcBERNACHTEN SIE IN OASIS-APPARTEMENTS IN TOLO VON ARGOLIS<\/span><\/h3>\n<p><\/div><\/div><div class=\"button_wrapper column2\"><a itemprop=\"url\" href=\"https:\/\/oasisapatmentstolo.reserve-online.net\/\" class=\"qbutton white \" target=\"_self\" style=\"color: #000000;border-color: #000000;\"data-hover-border-color=#ffffff data-hover-color=#a2a2a2>BUCHEN SIE JETZT<\/a><\/div><\/div><\/div><\/div>[\/vc_column][\/vc_row]<\/p>\n","protected":false},"excerpt":{"rendered":"<p>[vc_row row_type=&#8221;row&#8221; use_row_as_full_screen_section=&#8221;no&#8221; type=&#8221;full_width&#8221; angled_section=&#8221;no&#8221; text_align=&#8221;left&#8221; background_image_as_pattern=&#8221;without_pattern&#8221; css_animation=&#8221;&#8221;][vc_column][vc_empty_space][vc_column_text] H\u00c4UFIGE KUNDENFRAGEN [\/vc_column_text][vc_separator type=&#8221;small&#8221; position=&#8221;center&#8221; up=&#8221;7&#8243; down=&#8221;38&#8243;][vc_row_inner row_type=&#8221;row&#8221; type=&#8221;full_width&#8221; text_align=&#8221;left&#8221; css_animation=&#8221;&#8221;][vc_column_inner width=&#8221;1\/6&#8243;][\/vc_column_inner][vc_column_inner width=&#8221;2\/3&#8243;][vc_column_text] Das Personal der Oasis-Appartements ist immer bereit Ihnen Informationen zu geben! [\/vc_column_text][\/vc_column_inner][vc_column_inner width=&#8221;1\/6&#8243;][\/vc_column_inner][\/vc_row_inner][\/vc_column][\/vc_row][vc_row row_type=&#8221;row&#8221; use_row_as_full_screen_section=&#8221;no&#8221; type=&#8221;full_width&#8221; angled_section=&#8221;no&#8221; text_align=&#8221;left&#8221; background_image_as_pattern=&#8221;without_pattern&#8221; css_animation=&#8221;&#8221;][vc_column width=&#8221;1\/6&#8243;][\/vc_column][vc_column width=&#8221;2\/3&#8243;][vc_empty_space height=&#8221;50px&#8221;][vc_empty_space height=&#8221;50px&#8221;][vc_accordion&#8230;<\/p>\n","protected":false},"author":1,"featured_media":0,"parent":0,"menu_order":27,"comment_status":"closed","ping_status":"closed","template":"full_width.php","meta":[],"yoast_head":"<!-- This site is optimized with the Yoast SEO plugin v15.2.1 - https:\/\/yoast.com\/wordpress\/plugins\/seo\/ -->\n<meta name=\"robots\" content=\"index, follow, max-snippet:-1, max-image-preview:large, max-video-preview:-1\" \/>\n<link rel=\"canonical\" href=\"https:\/\/oasis-apartments.gr\/de\/frequently-asked-questions\/\" \/>\n<meta property=\"og:locale\" content=\"de_DE\" \/>\n<meta property=\"og:type\" content=\"article\" \/>\n<meta property=\"og:title\" content=\"H\u00c4UFIGE KUNDENFRAGEN - Oasis Apartments | Tolo Argolis\" \/>\n<meta property=\"og:description\" content=\"[vc_row row_type=&#8221;row&#8221; use_row_as_full_screen_section=&#8221;no&#8221; type=&#8221;full_width&#8221; angled_section=&#8221;no&#8221; text_align=&#8221;left&#8221; background_image_as_pattern=&#8221;without_pattern&#8221; css_animation=&#8221;&#8221;][vc_column][vc_empty_space][vc_column_text] H\u00c4UFIGE KUNDENFRAGEN [\/vc_column_text][vc_separator type=&#8221;small&#8221; position=&#8221;center&#8221; up=&#8221;7&#8243; down=&#8221;38&#8243;][vc_row_inner row_type=&#8221;row&#8221; type=&#8221;full_width&#8221; text_align=&#8221;left&#8221; css_animation=&#8221;&#8221;][vc_column_inner width=&#8221;1\/6&#8243;][\/vc_column_inner][vc_column_inner width=&#8221;2\/3&#8243;][vc_column_text] Das Personal der Oasis-Appartements ist immer bereit Ihnen Informationen zu geben! [\/vc_column_text][\/vc_column_inner][vc_column_inner width=&#8221;1\/6&#8243;][\/vc_column_inner][\/vc_row_inner][\/vc_column][\/vc_row][vc_row row_type=&#8221;row&#8221; use_row_as_full_screen_section=&#8221;no&#8221; type=&#8221;full_width&#8221; angled_section=&#8221;no&#8221; text_align=&#8221;left&#8221; background_image_as_pattern=&#8221;without_pattern&#8221; css_animation=&#8221;&#8221;][vc_column width=&#8221;1\/6&#8243;][\/vc_column][vc_column width=&#8221;2\/3&#8243;][vc_empty_space height=&#8221;50px&#8221;][vc_empty_space height=&#8221;50px&#8221;][vc_accordion...\" \/>\n<meta property=\"og:url\" content=\"https:\/\/oasis-apartments.gr\/de\/frequently-asked-questions\/\" \/>\n<meta property=\"og:site_name\" content=\"Oasis Apartments | Tolo Argolis\" \/>\n<meta property=\"article:modified_time\" content=\"2020-06-16T11:52:13+00:00\" \/>\n<meta name=\"twitter:card\" content=\"summary\" \/>\n<meta name=\"twitter:label1\" content=\"Written by\">\n\t<meta name=\"twitter:data1\" content=\"gkoutsopoulos\">\n\t<meta name=\"twitter:label2\" content=\"Est. reading time\">\n\t<meta name=\"twitter:data2\" content=\"5\u00a0Minuten\">\n<script type=\"application\/ld+json\" class=\"yoast-schema-graph\">{\"@context\":\"https:\/\/schema.org\",\"@graph\":[{\"@type\":\"WebSite\",\"@id\":\"https:\/\/oasis-apartments.gr\/en\/#website\",\"url\":\"https:\/\/oasis-apartments.gr\/en\/\",\"name\":\"Oasis Apartments | Tolo Argolis\",\"description\":\"Seaside resort in Tolo, Nafplion Greece\",\"potentialAction\":[{\"@type\":\"SearchAction\",\"target\":\"https:\/\/oasis-apartments.gr\/en\/?s={search_term_string}\",\"query-input\":\"required name=search_term_string\"}],\"inLanguage\":\"de\"},{\"@type\":\"WebPage\",\"@id\":\"https:\/\/oasis-apartments.gr\/de\/frequently-asked-questions\/#webpage\",\"url\":\"https:\/\/oasis-apartments.gr\/de\/frequently-asked-questions\/\",\"name\":\"H\\u00c4UFIGE KUNDENFRAGEN - Oasis Apartments | Tolo Argolis\",\"isPartOf\":{\"@id\":\"https:\/\/oasis-apartments.gr\/en\/#website\"},\"datePublished\":\"2016-08-30T10:02:06+00:00\",\"dateModified\":\"2020-06-16T11:52:13+00:00\",\"inLanguage\":\"de\",\"potentialAction\":[{\"@type\":\"ReadAction\",\"target\":[\"https:\/\/oasis-apartments.gr\/de\/frequently-asked-questions\/\"]}]}]}<\/script>\n<!-- \/ Yoast SEO plugin. -->","_links":{"self":[{"href":"https:\/\/oasis-apartments.gr\/de\/wp-json\/wp\/v2\/pages\/1128"}],"collection":[{"href":"https:\/\/oasis-apartments.gr\/de\/wp-json\/wp\/v2\/pages"}],"about":[{"href":"https:\/\/oasis-apartments.gr\/de\/wp-json\/wp\/v2\/types\/page"}],"author":[{"embeddable":true,"href":"https:\/\/oasis-apartments.gr\/de\/wp-json\/wp\/v2\/users\/1"}],"replies":[{"embeddable":true,"href":"https:\/\/oasis-apartments.gr\/de\/wp-json\/wp\/v2\/comments?post=1128"}],"version-history":[{"count":0,"href":"https:\/\/oasis-apartments.gr\/de\/wp-json\/wp\/v2\/pages\/1128\/revisions"}],"wp:attachment":[{"href":"https:\/\/oasis-apartments.gr\/de\/wp-json\/wp\/v2\/media?parent=1128"}],"curies":[{"name":"wp","href":"https:\/\/api.w.org\/{rel}","templated":true}]}}